{"id":3701,"date":"2025-03-09T13:14:42","date_gmt":"2025-03-09T13:14:42","guid":{"rendered":"https:\/\/artstella-elixirs-floraux.com\/product\/being-present-blue-spray\/"},"modified":"2025-08-28T17:07:37","modified_gmt":"2025-08-28T17:07:37","slug":"being-present-blue-spray","status":"publish","type":"product","link":"https:\/\/artstella-elixirs-floraux.com\/fr_fr\/produit\/being-present-blue-spray\/","title":{"rendered":"BEING PRESENT BLUE SPRAY"},"content":{"rendered":"<p><strong><em>Being Present spray (Etre Pr\u00e9sent)<\/em><\/strong><\/p>\n<p>Permet de se r\u00e9harmoniser apr\u00e8s un long voyage en avion (pour un effet accru utiliser \u00e9galement Being Present ou Being in time en gouttes) Permet d&rsquo;\u00eatre compl\u00e8tement pr\u00e9sent apr\u00e8s un long voyage (avion, train, voiture ou bateau). Favorise aussi la d\u00e9tente au cours d\u2019un voyage. Il peut s&rsquo;av\u00e9rer pr\u00e9cieux au d\u00e9but d\u2019une consultation pour aider le client de m\u00eame que le th\u00e9rapeute \u00e0 \u00eatre bien pr\u00e9sent<\/p>\n<p><em>\u00ab\u00a0bleu\u00a0\u00bb avec les huiles essentielles de Bois de Santal et orange <\/em><\/p>\n","protected":false},"excerpt":{"rendered":"<p><strong><em>Being Present (Etre Pr\u00e9sent)<\/em><\/strong><\/p>\n<p>Permet de se r\u00e9harmoniser apr\u00e8s un long voyage en avion (pour un effet accru utiliser \u00e9galement Being Present ou Being in time en gouttes)<\/p>\n<p><em><strong>\u00ab\u00a0bleu\u00bb<\/strong> avec des huiles essentielles de Bois de Santal, Rose bulgare et lavande<\/em><\/p>\n","protected":false},"featured_media":3702,"template":"","meta":[],"product_brand":[],"product_cat":[133],"product_tag":[],"class_list":{"0":"post-3701","1":"product","2":"type-product","3":"status-publish","4":"has-post-thumbnail","6":"product_cat-les-sprays-bleus","8":"first","9":"instock","10":"taxable","11":"shipping-taxable","12":"purchasable","13":"product-type-variable"},"etheme_brands":{"errors":{"invalid_taxonomy":["Taxonomie non valide."]},"error_data":[]},"jetpack_sharing_enabled":true,"jetpack-related-posts":[{"id":3479,"url":"https:\/\/artstella-elixirs-floraux.com\/fr_fr\/produit\/being-present-ltoe-15-ml\/","url_meta":{"origin":3701,"position":0},"title":"BEING PRESENT LTOE 15 ML","author":"eveapprill","date":"9 mars 2025","format":false,"excerpt":"Pr\u00e9sence attentive\/Being Present Compos\u00e9 de Pieds sur terre et de Harmonisation horaire, ce complexe aide \u00e0 \u00eatre totalement pr\u00e9sent l\u00e0 o\u00f9 on se trouve. Tr\u00e8s b\u00e9n\u00e9fique apr\u00e8s un long voyage, il invite toutes les parties du corps et de l\u2019esprit \u00e0 arriver \u00e0 destination. De plus, il apporte courage pour\u2026","rel":"","context":"Article similaire","block_context":{"text":"Article similaire","link":""},"img":{"alt_text":"","src":"https:\/\/i0.wp.com\/artstella-elixirs-floraux.com\/wp-content\/uploads\/2025\/03\/3f568360-2413-47a3-8175-c6c4ab682b96.jpg?resize=350%2C200&ssl=1","width":350,"height":200,"srcset":"https:\/\/i0.wp.com\/artstella-elixirs-floraux.com\/wp-content\/uploads\/2025\/03\/3f568360-2413-47a3-8175-c6c4ab682b96.jpg?resize=350%2C200&ssl=1 1x, https:\/\/i0.wp.com\/artstella-elixirs-floraux.com\/wp-content\/uploads\/2025\/03\/3f568360-2413-47a3-8175-c6c4ab682b96.jpg?resize=525%2C300&ssl=1 1.5x, https:\/\/i0.wp.com\/artstella-elixirs-floraux.com\/wp-content\/uploads\/2025\/03\/3f568360-2413-47a3-8175-c6c4ab682b96.jpg?resize=700%2C400&ssl=1 2x"},"classes":[]},{"id":6086,"url":"https:\/\/artstella-elixirs-floraux.com\/fr_fr\/produit\/gentle-sleep-spray-ltoe-100ml\/","url_meta":{"origin":3701,"position":1},"title":"Gentle sleep spray LTOE","author":"eveapprill","date":"9 mars 2025","format":false,"excerpt":"Gentle sleep\u00a0 (Bon sommeil) De nos jours, les troubles du sommeil touchent un grand nombre de personnes. Pollution \u00e9lectromagn\u00e9tique, t\u00e9l\u00e9phones portables, t\u00e9l\u00e9phones sans fils, le WIFI peuvent alt\u00e9rer le sommeil. Ce spray a \u00e9t\u00e9 cr\u00e9\u00e9 pour prot\u00e9ger le sommeil de ces diff\u00e9rents stress.","rel":"","context":"Article similaire","block_context":{"text":"Article similaire","link":""},"img":{"alt_text":"","src":"https:\/\/i0.wp.com\/artstella-elixirs-floraux.com\/wp-content\/uploads\/2025\/03\/wp-image2120.png?resize=350%2C200&ssl=1","width":350,"height":200},"classes":[]},{"id":3548,"url":"https:\/\/artstella-elixirs-floraux.com\/fr_fr\/produit\/6-being-in-time-ltoe-15-ml\/","url_meta":{"origin":3701,"position":2},"title":"6. BEING IN TIME LTOE 15 ML","author":"eveapprill","date":"9 mars 2025","format":false,"excerpt":"Harmonisation horaire\/Being in Time (Phragmipedium Ainsworthii) Cet \u00e9lixir ram\u00e8ne le corps dans les 3 dimensions du moment pr\u00e9sent. Il s\u2019av\u00e8re \u00eatre un excellent outil th\u00e9rapeutique, invitant la personne \u00e0 prendre contact avec la partie inf\u00e9rieure de son corps et \u00e0 y habiter","rel":"","context":"Article similaire","block_context":{"text":"Article similaire","link":""},"img":{"alt_text":"","src":"https:\/\/i0.wp.com\/artstella-elixirs-floraux.com\/wp-content\/uploads\/2025\/03\/1a7b9608-2c6d-4c38-8343-d074457b4e40.jpg?resize=350%2C200&ssl=1","width":350,"height":200,"srcset":"https:\/\/i0.wp.com\/artstella-elixirs-floraux.com\/wp-content\/uploads\/2025\/03\/1a7b9608-2c6d-4c38-8343-d074457b4e40.jpg?resize=350%2C200&ssl=1 1x, https:\/\/i0.wp.com\/artstella-elixirs-floraux.com\/wp-content\/uploads\/2025\/03\/1a7b9608-2c6d-4c38-8343-d074457b4e40.jpg?resize=525%2C300&ssl=1 1.5x, https:\/\/i0.wp.com\/artstella-elixirs-floraux.com\/wp-content\/uploads\/2025\/03\/1a7b9608-2c6d-4c38-8343-d074457b4e40.jpg?resize=700%2C400&ssl=1 2x"},"classes":[]},{"id":3713,"url":"https:\/\/artstella-elixirs-floraux.com\/fr_fr\/produit\/defender-from-the-dark-spray\/","url_meta":{"origin":3701,"position":3},"title":"DEFENDER from the DARK SPRAY","author":"eveapprill","date":"9 mars 2025","format":false,"excerpt":"Defender from the Dark (Protection de l\u2019obscurit\u00e9) En r\u00e9ponse aux d\u00e9fis dus au changement \u00e9nerg\u00e9tique global, cette orchid\u00e9e a demand\u00e9 \u00e0 \u00eatre pr\u00e9par\u00e9e en \u00e9lixir, en octobre 2010. Elle rappelle les images de Tolkien. Ainsi, bien que connaissant l\u2019ombre, elle n\u2019est pas de l\u2019ombre. \"Bleu\" : avec les huiles essentielles\u2026","rel":"","context":"Article similaire","block_context":{"text":"Article similaire","link":""},"img":{"alt_text":"sprays d\u00e9fense","src":"https:\/\/i0.wp.com\/artstella-elixirs-floraux.com\/wp-content\/uploads\/2025\/03\/wp-image1735.png?resize=350%2C200&ssl=1","width":350,"height":200},"classes":[]},{"id":3566,"url":"https:\/\/artstella-elixirs-floraux.com\/fr_fr\/produit\/12-core-of-being-ltoe-15-ml\/","url_meta":{"origin":3701,"position":4},"title":"12. CORE OF BEING LTOE 15 ML","author":"eveapprill","date":"9 mars 2025","format":false,"excerpt":"Tr\u00e9fonds de l\u2019\u00eatre\/Core of Being (Nanodes medusae\u00a0\u00a0 (\u00c9quateur) Voici un \u00e9lixir tr\u00e8s efficace pour se r\u00e9aligner sur son axe spirituel. Il p\u00e9n\u00e8tre le corps causal (lumi\u00e8re blanche spirituelle).","rel":"","context":"Article similaire","block_context":{"text":"Article similaire","link":""},"img":{"alt_text":"","src":"https:\/\/i0.wp.com\/artstella-elixirs-floraux.com\/wp-content\/uploads\/2025\/03\/68ad64f9-1ba6-47fd-af78-70df93f47b98.jpg?resize=350%2C200&ssl=1","width":350,"height":200,"srcset":"https:\/\/i0.wp.com\/artstella-elixirs-floraux.com\/wp-content\/uploads\/2025\/03\/68ad64f9-1ba6-47fd-af78-70df93f47b98.jpg?resize=350%2C200&ssl=1 1x, https:\/\/i0.wp.com\/artstella-elixirs-floraux.com\/wp-content\/uploads\/2025\/03\/68ad64f9-1ba6-47fd-af78-70df93f47b98.jpg?resize=525%2C300&ssl=1 1.5x, https:\/\/i0.wp.com\/artstella-elixirs-floraux.com\/wp-content\/uploads\/2025\/03\/68ad64f9-1ba6-47fd-af78-70df93f47b98.jpg?resize=700%2C400&ssl=1 2x"},"classes":[]},{"id":2714,"url":"https:\/\/artstella-elixirs-floraux.com\/fr_fr\/produit\/travel-ease-alaska\/","url_meta":{"origin":3701,"position":5},"title":"TRAVEL EASE ALASKA","author":"eveapprill","date":"9 mars 2025","format":false,"excerpt":"Travel ease : Existe en gouttes et en spray Contient : black tourmaline- covellite - smocky quartz - white violet - yarrow La combinaison Travel Ease est sp\u00e9cifiquement pr\u00e9vue pour apaiser les effets n\u00e9gatifs des voyages en avion, particuli\u00e8rement pour le d\u00e9calage horaire.","rel":"","context":"Article similaire","block_context":{"text":"Article similaire","link":""},"img":{"alt_text":"","src":"https:\/\/i0.wp.com\/artstella-elixirs-floraux.com\/wp-content\/uploads\/2025\/03\/3d14cf3e-7658-4bf8-aee8-1b9a9f2b737a.jpg?resize=350%2C200&ssl=1","width":350,"height":200,"srcset":"https:\/\/i0.wp.com\/artstella-elixirs-floraux.com\/wp-content\/uploads\/2025\/03\/3d14cf3e-7658-4bf8-aee8-1b9a9f2b737a.jpg?resize=350%2C200&ssl=1 1x, https:\/\/i0.wp.com\/artstella-elixirs-floraux.com\/wp-content\/uploads\/2025\/03\/3d14cf3e-7658-4bf8-aee8-1b9a9f2b737a.jpg?resize=525%2C300&ssl=1 1.5x, https:\/\/i0.wp.com\/artstella-elixirs-floraux.com\/wp-content\/uploads\/2025\/03\/3d14cf3e-7658-4bf8-aee8-1b9a9f2b737a.jpg?resize=700%2C400&ssl=1 2x"},"classes":[]}],"_links":{"self":[{"href":"https:\/\/artstella-elixirs-floraux.com\/fr_fr\/wp-json\/wp\/v2\/product\/3701","targetHints":{"allow":["GET"]}}],"collection":[{"href":"https:\/\/artstella-elixirs-floraux.com\/fr_fr\/wp-json\/wp\/v2\/product"}],"about":[{"href":"https:\/\/artstella-elixirs-floraux.com\/fr_fr\/wp-json\/wp\/v2\/types\/product"}],"version-history":[{"count":1,"href":"https:\/\/artstella-elixirs-floraux.com\/fr_fr\/wp-json\/wp\/v2\/product\/3701\/revisions"}],"predecessor-version":[{"id":11298,"href":"https:\/\/artstella-elixirs-floraux.com\/fr_fr\/wp-json\/wp\/v2\/product\/3701\/revisions\/11298"}],"wp:featuredmedia":[{"embeddable":true,"href":"https:\/\/artstella-elixirs-floraux.com\/fr_fr\/wp-json\/wp\/v2\/media\/3702"}],"wp:attachment":[{"href":"https:\/\/artstella-elixirs-floraux.com\/fr_fr\/wp-json\/wp\/v2\/media?parent=3701"}],"wp:term":[{"taxonomy":"product_brand","embeddable":true,"href":"https:\/\/artstella-elixirs-floraux.com\/fr_fr\/wp-json\/wp\/v2\/product_brand?post=3701"},{"taxonomy":"product_cat","embeddable":true,"href":"https:\/\/artstella-elixirs-floraux.com\/fr_fr\/wp-json\/wp\/v2\/product_cat?post=3701"},{"taxonomy":"product_tag","embeddable":true,"href":"https:\/\/artstella-elixirs-floraux.com\/fr_fr\/wp-json\/wp\/v2\/product_tag?post=3701"}],"curies":[{"name":"wp","href":"https:\/\/api.w.org\/{rel}","templated":true}]}}