{"id":3733,"date":"2025-03-09T13:15:13","date_gmt":"2025-03-09T13:15:13","guid":{"rendered":"https:\/\/artstella-elixirs-floraux.com\/product\/white-beauty-spray\/"},"modified":"2025-08-28T17:02:01","modified_gmt":"2025-08-28T17:02:01","slug":"white-beauty-spray","status":"publish","type":"product","link":"https:\/\/artstella-elixirs-floraux.com\/fr_fr\/produit\/white-beauty-spray\/","title":{"rendered":"WHITE BEAUTY SPRAY"},"content":{"rendered":"<p><strong><em>White beauty (Blanche beaut\u00e9)<\/em><\/strong><\/p>\n<p>Une \u00e9nergie nourrissante et aimante descend sur le chakra coronal quand on le pulv\u00e9rise au dessus de la t\u00eate. Permet de rel\u00e2che les tensions apr\u00e8s une journ\u00e9e de travail, ramenant une exp\u00e9rience d\u2019amour inconditionnel. Un spray relaxant, destressant, qui \u00e9l\u00e8ve l\u2019\u00e9nergie.<\/p>\n<p><em>\u00ab\u00a0<strong>bleu\u00a0<\/strong>\u00bb avec les huiles essentielles de Rose Bulgare <\/em><\/p>\n","protected":false},"excerpt":{"rendered":"<p><strong><em>White beauty (Blanche beaut\u00e9)<\/em><\/strong><\/p>\n<p>Une \u00e9nergie nourrissante et aimante descend sur le chakra coronal quand on le pulv\u00e9rise au dessus de la t\u00eate.<\/p>\n<p><em><strong>\u00ab\u00a0bleu\u00a0\u00bb<\/strong> avec les huiles essentielles de Rose Bulgare<\/em><\/p>\n","protected":false},"featured_media":3734,"template":"","meta":[],"product_brand":[],"product_cat":[133],"product_tag":[],"class_list":{"0":"post-3733","1":"product","2":"type-product","3":"status-publish","4":"has-post-thumbnail","6":"product_cat-les-sprays-bleus","8":"first","9":"instock","10":"taxable","11":"shipping-taxable","12":"purchasable","13":"product-type-variable"},"etheme_brands":{"errors":{"invalid_taxonomy":["Taxonomie non valide."]},"error_data":[]},"jetpack_sharing_enabled":true,"jetpack-related-posts":[{"id":3726,"url":"https:\/\/artstella-elixirs-floraux.com\/fr_fr\/produit\/temple-of-light-blue-spray\/","url_meta":{"origin":3733,"position":0},"title":"TEMPLE OF LIGHT BLUE SPRAY","author":"eveapprill","date":"9 mars 2025","format":false,"excerpt":"Temple of light (Temple de lumi\u00e8re) Ce spray a \u00e9t\u00e9 cr\u00e9\u00e9 pour harmoniser un d\u00e9s\u00e9quilibre entre le point Ba-Hui qui gouverne les principaux m\u00e9ridiens d'acupuncture et la chambre int\u00e9rieure du chakra... \u00ab\u00a0bleu\u00a0\u00bb avec les huiles essentielles de rose Bulgare.","rel":"","context":"Article similaire","block_context":{"text":"Article similaire","link":""},"img":{"alt_text":"","src":"","width":0,"height":0},"classes":[]},{"id":5322,"url":"https:\/\/artstella-elixirs-floraux.com\/fr_fr\/produit\/true-beauty-spray\/","url_meta":{"origin":3733,"position":1},"title":"TRUE BEAUTY SPRAY","author":"eveapprill","date":"9 mars 2025","format":false,"excerpt":"True Beauty Aura Spray \u2013 \u201cVraie Beaut\u00e9\u201d \u00a0aide \u00e0 voir la beaut\u00e9 de l\u2019Esprit et de l\u2019Etre qui se trouve en chacun de nous et \u00e0 pouvoir incarner cette gr\u00e2ce c\u00e9leste. \"Bleu\" avec Rose Otto","rel":"","context":"Article similaire","block_context":{"text":"Article similaire","link":""},"img":{"alt_text":"","src":"","width":0,"height":0},"classes":[]},{"id":3627,"url":"https:\/\/artstella-elixirs-floraux.com\/fr_fr\/produit\/39-necklace-of-beauty-15-ml\/","url_meta":{"origin":3733,"position":2},"title":"39. NECKLACE OF BEAUTY 15 ML","author":"eveapprill","date":"9 mars 2025","format":false,"excerpt":"Necklace of beauty \/ Collier de beaut\u00e9 : apporte une magnifique \u00e9nergie d'amour dans le chakra sup\u00e9rieur du c\u0153ur, nous permettant de nous sentir aim\u00e9, \u00e9lev\u00e9 et en paix.","rel":"","context":"Article similaire","block_context":{"text":"Article similaire","link":""},"img":{"alt_text":"","src":"https:\/\/i0.wp.com\/artstella-elixirs-floraux.com\/wp-content\/uploads\/2025\/03\/0c3a666b-f328-482a-86c7-cbea44b63d1e.jpg?resize=350%2C200&ssl=1","width":350,"height":200,"srcset":"https:\/\/i0.wp.com\/artstella-elixirs-floraux.com\/wp-content\/uploads\/2025\/03\/0c3a666b-f328-482a-86c7-cbea44b63d1e.jpg?resize=350%2C200&ssl=1 1x, https:\/\/i0.wp.com\/artstella-elixirs-floraux.com\/wp-content\/uploads\/2025\/03\/0c3a666b-f328-482a-86c7-cbea44b63d1e.jpg?resize=525%2C300&ssl=1 1.5x, https:\/\/i0.wp.com\/artstella-elixirs-floraux.com\/wp-content\/uploads\/2025\/03\/0c3a666b-f328-482a-86c7-cbea44b63d1e.jpg?resize=700%2C400&ssl=1 2x"},"classes":[]},{"id":5199,"url":"https:\/\/artstella-elixirs-floraux.com\/fr_fr\/produit\/immediate-reflief\/","url_meta":{"origin":3733,"position":3},"title":"IMMEDIATE REFLIEF SPRAY","author":"eveapprill","date":"9 mars 2025","format":false,"excerpt":"Immediate Relief Aura Spray (Soulagement imm\u00e9diat) Le spray est efficace dans les situations d\u2019urgence et les moments de stress intenses. Dans des situations traumatisantes ou simplement stressantes. \u00ab\u00a0bleu\u00a0\u00bb avec des huiles essentielles de poivre noir Encens, Bois de Santal","rel":"","context":"Article similaire","block_context":{"text":"Article similaire","link":""},"img":{"alt_text":"","src":"","width":0,"height":0},"classes":[]},{"id":3699,"url":"https:\/\/artstella-elixirs-floraux.com\/fr_fr\/produit\/angelic-canopy-blue-spray\/","url_meta":{"origin":3733,"position":4},"title":"ANGELIC CANOPY BLUE SPRAY","author":"eveapprill","date":"5 septembre 2025","format":false,"excerpt":"Angelic canopy (La canop\u00e9e des Anges) Un spray tr\u00e8s puissant pour nettoyer l\u2019aura, mais aussi les espaces de vie et de travail. Profond\u00e9ment rassurant, il agit comme un baume pour l\u2019\u00e2me troubl\u00e9e. Nourrit ceux qui sont en grande peine, ont perdu l\u2019espoir. Peut \u00eatre donn\u00e9 aux animaux. Permet de mieux\u2026","rel":"","context":"Article similaire","block_context":{"text":"Article similaire","link":""},"img":{"alt_text":"","src":"https:\/\/i0.wp.com\/artstella-elixirs-floraux.com\/wp-content\/uploads\/2025\/03\/Angelic-Canopy-Blue-500.jpg?resize=350%2C200&ssl=1","width":350,"height":200},"classes":[]},{"id":3691,"url":"https:\/\/artstella-elixirs-floraux.com\/fr_fr\/produit\/72-white-beauty-ltoe-15-ml\/","url_meta":{"origin":3733,"position":5},"title":"72. WHITE BEAUTY LTOE 15 ML","author":"eveapprill","date":"9 mars 2025","format":false,"excerpt":"White Beauty\/ Aphrodite Apaisant et rassurant, il favorise la d\u00e9tente. Il enveloppe l\u2019aura d\u2019amour inconditionnel, tel celui d\u2019une m\u00e8re pour son nouveau-n\u00e9. Le spray est utile en situation post-traumatique, aussi bien pour les animaux que pour les humains. \u00a0","rel":"","context":"Article similaire","block_context":{"text":"Article similaire","link":""},"img":{"alt_text":"","src":"https:\/\/i0.wp.com\/artstella-elixirs-floraux.com\/wp-content\/uploads\/2025\/03\/81f4063b-b90d-4256-b433-aefc9f5edc88.jpg?resize=350%2C200&ssl=1","width":350,"height":200,"srcset":"https:\/\/i0.wp.com\/artstella-elixirs-floraux.com\/wp-content\/uploads\/2025\/03\/81f4063b-b90d-4256-b433-aefc9f5edc88.jpg?resize=350%2C200&ssl=1 1x, https:\/\/i0.wp.com\/artstella-elixirs-floraux.com\/wp-content\/uploads\/2025\/03\/81f4063b-b90d-4256-b433-aefc9f5edc88.jpg?resize=525%2C300&ssl=1 1.5x, https:\/\/i0.wp.com\/artstella-elixirs-floraux.com\/wp-content\/uploads\/2025\/03\/81f4063b-b90d-4256-b433-aefc9f5edc88.jpg?resize=700%2C400&ssl=1 2x"},"classes":[]}],"_links":{"self":[{"href":"https:\/\/artstella-elixirs-floraux.com\/fr_fr\/wp-json\/wp\/v2\/product\/3733","targetHints":{"allow":["GET"]}}],"collection":[{"href":"https:\/\/artstella-elixirs-floraux.com\/fr_fr\/wp-json\/wp\/v2\/product"}],"about":[{"href":"https:\/\/artstella-elixirs-floraux.com\/fr_fr\/wp-json\/wp\/v2\/types\/product"}],"version-history":[{"count":0,"href":"https:\/\/artstella-elixirs-floraux.com\/fr_fr\/wp-json\/wp\/v2\/product\/3733\/revisions"}],"wp:featuredmedia":[{"embeddable":true,"href":"https:\/\/artstella-elixirs-floraux.com\/fr_fr\/wp-json\/wp\/v2\/media\/3734"}],"wp:attachment":[{"href":"https:\/\/artstella-elixirs-floraux.com\/fr_fr\/wp-json\/wp\/v2\/media?parent=3733"}],"wp:term":[{"taxonomy":"product_brand","embeddable":true,"href":"https:\/\/artstella-elixirs-floraux.com\/fr_fr\/wp-json\/wp\/v2\/product_brand?post=3733"},{"taxonomy":"product_cat","embeddable":true,"href":"https:\/\/artstella-elixirs-floraux.com\/fr_fr\/wp-json\/wp\/v2\/product_cat?post=3733"},{"taxonomy":"product_tag","embeddable":true,"href":"https:\/\/artstella-elixirs-floraux.com\/fr_fr\/wp-json\/wp\/v2\/product_tag?post=3733"}],"curies":[{"name":"wp","href":"https:\/\/api.w.org\/{rel}","templated":true}]}}