{"id":3744,"date":"2025-03-09T13:15:22","date_gmt":"2025-03-09T13:15:22","guid":{"rendered":"https:\/\/artstella-elixirs-floraux.com\/product\/phantom-orchid-cuba-15-ml-phi\/"},"modified":"2025-06-17T09:44:39","modified_gmt":"2025-06-17T09:44:39","slug":"phantom-orchid-cuba-15-ml-phi","status":"publish","type":"product","link":"https:\/\/artstella-elixirs-floraux.com\/fr_fr\/produit\/phantom-orchid-cuba-15-ml-phi\/","title":{"rendered":"PHANTOM ORCHID (CUBA) 15 ML PHI"},"content":{"rendered":"<p><span style=\"color: #008000\"><strong>PHANTOM ORCHID<\/strong> <\/span><br \/><em>Dendrophyllax varius<\/em>\u00a0<strong>Orchid\u00e9e Fant\u00f4me<\/strong><br \/>\u00a0Est une orchid\u00e9e miniature sans feuilles. D\u2019un entrelacs de racines pos\u00e9 directement sur du bois la petite orchid\u00e9e blanche pousse sur une tige fin. C\u2019est une plante end\u00e9mique. L\u2019Elixir\u00a0: Son action est calmante et permet de se recentrer. Il soutient le d\u00e9veloppement de l\u2019humilit\u00e9, de la modestie. Il aide aussi \u00e0 se satisfaire de peu. Sur le plan physique\u00a0: aide dans les cas de douleurs de \u00ab\u00a0membres fant\u00f4mes\u00a0\u00bb (membres amput\u00e9s) et de douleurs dont on ne trouve pas la cause. Chakra 10 et 11<\/p>\n","protected":false},"excerpt":{"rendered":"<p><span style=\"color: #008000\"><strong>PHANTOM ORCHID<\/strong><\/span><br \/>\u00a0<em>Dendrophyllax varius<\/em>\u00a0<strong>Orchid\u00e9e Fant\u00f4me<\/strong><br \/>\u00a0Est une orchid\u00e9e miniature sans feuilles. D\u2019un entrelacs de racines pos\u00e9 directement sur du bois la petite orchid\u00e9e blanche pousse sur une tige fin.<\/p>\n","protected":false},"featured_media":3745,"template":"","meta":[],"product_brand":[],"product_cat":[135],"product_tag":[],"class_list":{"0":"post-3744","1":"product","2":"type-product","3":"status-publish","4":"has-post-thumbnail","6":"product_cat-cuba","8":"first","9":"instock","10":"taxable","11":"shipping-taxable","12":"purchasable","13":"product-type-simple"},"etheme_brands":{"errors":{"invalid_taxonomy":["Taxonomie non valide."]},"error_data":[]},"jetpack_sharing_enabled":true,"jetpack-related-posts":[{"id":3750,"url":"https:\/\/artstella-elixirs-floraux.com\/fr_fr\/produit\/green-orchid-cuba-15ml-phi\/","url_meta":{"origin":3744,"position":0},"title":"GREEN ORCHID (CUBA) 15ML PHI","author":"eveapprill","date":"9 mars 2025","format":false,"excerpt":"GREEN ORCHIDEpidendrum umbellatum\u00a0\u00ab\u00a0Orchid\u00e9e verte\u00a0\u00bb\u00a0Les p\u00e9tales de la fleur contiennent de la chlorophylle comme les feuilles et peuvent de ce fait \u00e9galement r\u00e9aliser la photosynth\u00e8se.","rel":"","context":"Article similaire","block_context":{"text":"Article similaire","link":""},"img":{"alt_text":"","src":"","width":0,"height":0},"classes":[]},{"id":3752,"url":"https:\/\/artstella-elixirs-floraux.com\/fr_fr\/produit\/power-orchid-cuba-15ml-phi\/","url_meta":{"origin":3744,"position":1},"title":"POWER ORCHID (CUBA) 15ML PHI","author":"eveapprill","date":"9 mars 2025","format":false,"excerpt":"POWER ORCHID Cirrhopetalum ornatissimum\u00a0\u00ab\u00a0Orchid\u00e9e de pouvoir\u00a0\u00bb\u00a0Cette orchid\u00e9e est originaire d\u2019Asie. L\u2019\u00e9lixir\u00a0: quand dans notre vie, nous sommes arriv\u00e9s \u00e0 un point o\u00f9 nous d\u00e9sirons nous d\u00e9velopper int\u00e9rieurement.","rel":"","context":"Article similaire","block_context":{"text":"Article similaire","link":""},"img":{"alt_text":"","src":"","width":0,"height":0},"classes":[]},{"id":3770,"url":"https:\/\/artstella-elixirs-floraux.com\/fr_fr\/produit\/channeling-orchid-phi\/","url_meta":{"origin":3744,"position":2},"title":"CHANNELING ORCHID PHI","author":"eveapprill","date":"9 mars 2025","format":false,"excerpt":"Channeling Orchid (Oncidium Incurvum) Nous aide \u00e0 entrer en contact direct avec la conscience sup\u00e9rieure et \u00e0 mieux entendre notre voix int\u00e9rieure.","rel":"","context":"Article similaire","block_context":{"text":"Article similaire","link":""},"img":{"alt_text":"","src":"https:\/\/i0.wp.com\/artstella-elixirs-floraux.com\/wp-content\/uploads\/2025\/03\/wp-image503.png?resize=350%2C200&ssl=1","width":350,"height":200},"classes":[]},{"id":3782,"url":"https:\/\/artstella-elixirs-floraux.com\/fr_fr\/produit\/coordination-orchid-phi\/","url_meta":{"origin":3744,"position":3},"title":"COORDINATION ORCHID PHI","author":"eveapprill","date":"9 mars 2025","format":false,"excerpt":"Coordination Orchid (Cymbidium lowianum) Aide \u00e0 habiter le plan physique avec notre conscience cellulaire et \u00e0 stimuler nos forces d'auto gu\u00e9rison.","rel":"","context":"Article similaire","block_context":{"text":"Article similaire","link":""},"img":{"alt_text":"","src":"https:\/\/i0.wp.com\/artstella-elixirs-floraux.com\/wp-content\/uploads\/2025\/03\/wp-image506.png?resize=350%2C200&ssl=1","width":350,"height":200},"classes":[]},{"id":3819,"url":"https:\/\/artstella-elixirs-floraux.com\/fr_fr\/produit\/psyche-orchid-phi\/","url_meta":{"origin":3744,"position":4},"title":"PSYCHE ORCHID PHI","author":"eveapprill","date":"9 mars 2025","format":false,"excerpt":"Psyche orchid (Paphiopedilum insigne) Nous aide \u00e0 voir profond\u00e9ment en nous-m\u00eames, jusqu'\u00e0 l'inconscient pour trouver des r\u00e9ponses aux questions de notre vie. L'\u00e9lixir nous aide \u00e0 reconna\u00eetre la t\u00e2che de notre vie.","rel":"","context":"Article similaire","block_context":{"text":"Article similaire","link":""},"img":{"alt_text":"","src":"https:\/\/i0.wp.com\/artstella-elixirs-floraux.com\/wp-content\/uploads\/2025\/03\/wp-image516.png?resize=350%2C200&ssl=1","width":350,"height":200},"classes":[]},{"id":3778,"url":"https:\/\/artstella-elixirs-floraux.com\/fr_fr\/produit\/colour-orchid-phi\/","url_meta":{"origin":3744,"position":5},"title":"COLOUR ORCHID PHI","author":"eveapprill","date":"9 mars 2025","format":false,"excerpt":"Colour orchid (Oncidium lanceanum) Aide \u00e0 reconna\u00eetre que ce sont nos propres pens\u00e9es qui font la couleur de la vie. L'\u00e9lixir facilite une attitude positive envers la vie. \u00a0","rel":"","context":"Article similaire","block_context":{"text":"Article similaire","link":""},"img":{"alt_text":"","src":"https:\/\/i0.wp.com\/artstella-elixirs-floraux.com\/wp-content\/uploads\/2025\/03\/wp-image505.png?resize=350%2C200&ssl=1","width":350,"height":200},"classes":[]}],"_links":{"self":[{"href":"https:\/\/artstella-elixirs-floraux.com\/fr_fr\/wp-json\/wp\/v2\/product\/3744","targetHints":{"allow":["GET"]}}],"collection":[{"href":"https:\/\/artstella-elixirs-floraux.com\/fr_fr\/wp-json\/wp\/v2\/product"}],"about":[{"href":"https:\/\/artstella-elixirs-floraux.com\/fr_fr\/wp-json\/wp\/v2\/types\/product"}],"version-history":[{"count":1,"href":"https:\/\/artstella-elixirs-floraux.com\/fr_fr\/wp-json\/wp\/v2\/product\/3744\/revisions"}],"predecessor-version":[{"id":10796,"href":"https:\/\/artstella-elixirs-floraux.com\/fr_fr\/wp-json\/wp\/v2\/product\/3744\/revisions\/10796"}],"wp:featuredmedia":[{"embeddable":true,"href":"https:\/\/artstella-elixirs-floraux.com\/fr_fr\/wp-json\/wp\/v2\/media\/3745"}],"wp:attachment":[{"href":"https:\/\/artstella-elixirs-floraux.com\/fr_fr\/wp-json\/wp\/v2\/media?parent=3744"}],"wp:term":[{"taxonomy":"product_brand","embeddable":true,"href":"https:\/\/artstella-elixirs-floraux.com\/fr_fr\/wp-json\/wp\/v2\/product_brand?post=3744"},{"taxonomy":"product_cat","embeddable":true,"href":"https:\/\/artstella-elixirs-floraux.com\/fr_fr\/wp-json\/wp\/v2\/product_cat?post=3744"},{"taxonomy":"product_tag","embeddable":true,"href":"https:\/\/artstella-elixirs-floraux.com\/fr_fr\/wp-json\/wp\/v2\/product_tag?post=3744"}],"curies":[{"name":"wp","href":"https:\/\/api.w.org\/{rel}","templated":true}]}}