{"id":3746,"date":"2025-03-09T13:15:35","date_gmt":"2025-03-09T13:15:35","guid":{"rendered":"https:\/\/artstella-elixirs-floraux.com\/product\/lady-butterfly-cuba-15-ml-phi\/"},"modified":"2025-06-17T09:44:35","modified_gmt":"2025-06-17T09:44:35","slug":"lady-butterfly-cuba-15-ml-phi","status":"publish","type":"product","link":"https:\/\/artstella-elixirs-floraux.com\/fr_fr\/produit\/lady-butterfly-cuba-15-ml-phi\/","title":{"rendered":"LADY BUTTERFLY (CUBA) 15 ML PHI"},"content":{"rendered":"<p><span style=\"color: #008000\"><strong>LADY BUTTERFLY<\/strong> <\/span><br \/><em>Psichosys papilo<\/em>\u00a0<strong>\u00ab\u00a0Mademoiselle Papillon\u00a0\u00bb<\/strong>\u00a0<br \/>\u00a0Est une tr\u00e8s belle orchid\u00e9e color\u00e9e, dont la forme rappelle un papillon. Elle est originaire d\u2019Am\u00e9rique du Sud. L\u2019\u00e9lixir\u00a0: Aide \u00e0 pouvoir exprimer sa beaut\u00e9 int\u00e9rieure, \u00e0 prendre les choses plus \u00e0 la l\u00e9g\u00e8re, \u00e0 traverser la vie avec plus d\u2019assurance. Il nous aide \u00e0 reconna\u00eetre que la vraie joie et la beaut\u00e9 viennent de notre for int\u00e9rieur, de notre conscience. I l peut aider les personnes prises dans des situations tr\u00e8s lourdes \u00e0 prendre les choses avec plus de l\u00e9g\u00e8ret\u00e9. Sur le plan physique\u00a0: agit comme soutien dans le processus d\u2019accompagnement des mourants. Chakra 10 et 11<\/p>\n","protected":false},"excerpt":{"rendered":"<p><strong><span style=\"color: #008000\">LADY BUTTERFLY<\/span><\/strong><br \/><em>Psichosys papilo<\/em>\u00a0<strong>\u00ab\u00a0Mademoiselle Papillon\u00a0\u00bb<\/strong>\u00a0<br \/>\u00a0Est une tr\u00e8s belle orchid\u00e9e color\u00e9e, dont la forme rappelle un papillon. Elle est originaire d\u2019Am\u00e9rique du Sud. L\u2019\u00e9lixir\u00a0: Aide \u00e0 pouvoir exprimer sa beaut\u00e9 int\u00e9rieure, \u00e0 prendre les choses plus \u00e0 la l\u00e9g\u00e8re, \u00e0 traverser la vie avec plus d\u2019assurance.<\/p>\n","protected":false},"featured_media":3747,"template":"","meta":[],"product_brand":[],"product_cat":[135],"product_tag":[],"class_list":{"0":"post-3746","1":"product","2":"type-product","3":"status-publish","4":"has-post-thumbnail","6":"product_cat-cuba","8":"first","9":"instock","10":"taxable","11":"shipping-taxable","12":"purchasable","13":"product-type-simple"},"etheme_brands":{"errors":{"invalid_taxonomy":["Taxonomie non valide."]},"error_data":[]},"jetpack_sharing_enabled":true,"jetpack-related-posts":[{"id":3752,"url":"https:\/\/artstella-elixirs-floraux.com\/fr_fr\/produit\/power-orchid-cuba-15ml-phi\/","url_meta":{"origin":3746,"position":0},"title":"POWER ORCHID (CUBA) 15ML PHI","author":"eveapprill","date":"9 mars 2025","format":false,"excerpt":"POWER ORCHID Cirrhopetalum ornatissimum\u00a0\u00ab\u00a0Orchid\u00e9e de pouvoir\u00a0\u00bb\u00a0Cette orchid\u00e9e est originaire d\u2019Asie. L\u2019\u00e9lixir\u00a0: quand dans notre vie, nous sommes arriv\u00e9s \u00e0 un point o\u00f9 nous d\u00e9sirons nous d\u00e9velopper int\u00e9rieurement.","rel":"","context":"Article similaire","block_context":{"text":"Article similaire","link":""},"img":{"alt_text":"","src":"","width":0,"height":0},"classes":[]},{"id":3609,"url":"https:\/\/artstella-elixirs-floraux.com\/fr_fr\/produit\/papillons-rieurs-ltoe-15-ml\/","url_meta":{"origin":3746,"position":1},"title":"Papillons rieurs LTOE 15 ml","author":"eveapprill","date":"9 mars 2025","format":false,"excerpt":"Papillons rieurs \/ Laughing Butterflies\u00a0 Un \u00e9lixir, tr\u00e8s enjou\u00e9 qui favorise le pardon, tel un gros rire du Bouddha heureux. Aide \u00e0 se d\u00e9faire des pr\u00e9occupations, qui s\u2019\u00e9vaporent sans effort.","rel":"","context":"Article similaire","block_context":{"text":"Article similaire","link":""},"img":{"alt_text":"","src":"https:\/\/i0.wp.com\/artstella-elixirs-floraux.com\/wp-content\/uploads\/2025\/03\/12f7cb6a-ba10-4402-ab26-fd2f78bc80e0.jpg?resize=350%2C200&ssl=1","width":350,"height":200,"srcset":"https:\/\/i0.wp.com\/artstella-elixirs-floraux.com\/wp-content\/uploads\/2025\/03\/12f7cb6a-ba10-4402-ab26-fd2f78bc80e0.jpg?resize=350%2C200&ssl=1 1x, https:\/\/i0.wp.com\/artstella-elixirs-floraux.com\/wp-content\/uploads\/2025\/03\/12f7cb6a-ba10-4402-ab26-fd2f78bc80e0.jpg?resize=525%2C300&ssl=1 1.5x, https:\/\/i0.wp.com\/artstella-elixirs-floraux.com\/wp-content\/uploads\/2025\/03\/12f7cb6a-ba10-4402-ab26-fd2f78bc80e0.jpg?resize=700%2C400&ssl=1 2x"},"classes":[]},{"id":4088,"url":"https:\/\/artstella-elixirs-floraux.com\/fr_fr\/produit\/arbol-de-mariposa-fleur-sylfos-15ml\/","url_meta":{"origin":3746,"position":2},"title":"ARBOL DE MARIPOSA FLEUR SYLFOS 15ML","author":"eveapprill","date":"9 mars 2025","format":false,"excerpt":"ARBRE\u00a0 AUX PAPILLONS \/ ARBOL DE MARIPOSAS Butterfly-Bush\u00a0\u00a0\u00a0\u00a0Buddleja davidii Pour ceux qui ont besoin de faire un changement dans leur vie et qui reconnaissent avoir besoin d\u2019une aide spirituelle. Recommand\u00e9 pour les personnes qui n\u2019arrivent pas \u00e0 avancer \u00e0 cause de l\u2019orgueil ou qui r\u00e9agissent de fa\u00e7on n\u00e9gative face aux\u2026","rel":"","context":"Article similaire","block_context":{"text":"Article similaire","link":""},"img":{"alt_text":"","src":"","width":0,"height":0},"classes":[]},{"id":4117,"url":"https:\/\/artstella-elixirs-floraux.com\/fr_fr\/produit\/afrodite-papillons-sylfos-15ml\/","url_meta":{"origin":3746,"position":3},"title":"AFRODITE PAPILLONS SYLFOS 15ML","author":"eveapprill","date":"9 mars 2025","format":false,"excerpt":"AFRODITA Speyeria aphrodite Auto valorisation \u2013 Communication - Beaut\u00e9 Un \u00e9lixir pour augmenter le charisme. Il nous permet de d\u00e9couvrir, d\u2019appr\u00e9cier, d\u2019augmenter la beaut\u00e9 tant int\u00e9rieure qu\u2019ext\u00e9rieure. Pour profiter de notre capacit\u00e9 d\u2019attraction envers les autres, mais d\u2019une fa\u00e7on positive et constructive","rel":"","context":"Article similaire","block_context":{"text":"Article similaire","link":""},"img":{"alt_text":"","src":"https:\/\/i0.wp.com\/artstella-elixirs-floraux.com\/wp-content\/uploads\/2025\/03\/2e30d79f-a059-4ce2-b867-da60d3bfb22d.jpg?resize=350%2C200&ssl=1","width":350,"height":200,"srcset":"https:\/\/i0.wp.com\/artstella-elixirs-floraux.com\/wp-content\/uploads\/2025\/03\/2e30d79f-a059-4ce2-b867-da60d3bfb22d.jpg?resize=350%2C200&ssl=1 1x, https:\/\/i0.wp.com\/artstella-elixirs-floraux.com\/wp-content\/uploads\/2025\/03\/2e30d79f-a059-4ce2-b867-da60d3bfb22d.jpg?resize=525%2C300&ssl=1 1.5x, https:\/\/i0.wp.com\/artstella-elixirs-floraux.com\/wp-content\/uploads\/2025\/03\/2e30d79f-a059-4ce2-b867-da60d3bfb22d.jpg?resize=700%2C400&ssl=1 2x"},"classes":[]},{"id":5396,"url":"https:\/\/artstella-elixirs-floraux.com\/fr_fr\/produit\/ojo-de-macho-sylfos-15ml-pap\/","url_meta":{"origin":3746,"position":4},"title":"OJO DE MACHO SYLFOS 15ML PAP","author":"eveapprill","date":"9 mars 2025","format":false,"excerpt":"34 - OJO DE MACHO\/ PAPILLON OCELL\u00c9 Junonia coenia\u00a0\u00a0 Vision - Conscience- Evolution Cet \u00e9lixir nous permet de transformer la n\u00e9gativit\u00e9 afin de pouvoir voire la v\u00e9rit\u00e9. Il nous permet de voire plus clairement la situation afin de nous aider \u00e0 voire et \u00e0 aller directement au centre du probl\u00e8me","rel":"","context":"Article similaire","block_context":{"text":"Article similaire","link":""},"img":{"alt_text":"","src":"https:\/\/i0.wp.com\/artstella-elixirs-floraux.com\/wp-content\/uploads\/2025\/03\/599dbec6-a0ba-4dd0-b4c6-380b343e864f.jpg?resize=350%2C200&ssl=1","width":350,"height":200,"srcset":"https:\/\/i0.wp.com\/artstella-elixirs-floraux.com\/wp-content\/uploads\/2025\/03\/599dbec6-a0ba-4dd0-b4c6-380b343e864f.jpg?resize=350%2C200&ssl=1 1x, https:\/\/i0.wp.com\/artstella-elixirs-floraux.com\/wp-content\/uploads\/2025\/03\/599dbec6-a0ba-4dd0-b4c6-380b343e864f.jpg?resize=525%2C300&ssl=1 1.5x, https:\/\/i0.wp.com\/artstella-elixirs-floraux.com\/wp-content\/uploads\/2025\/03\/599dbec6-a0ba-4dd0-b4c6-380b343e864f.jpg?resize=700%2C400&ssl=1 2x"},"classes":[]},{"id":4207,"url":"https:\/\/artstella-elixirs-floraux.com\/fr_fr\/produit\/butterfly-papillon-wea-30-ml\/","url_meta":{"origin":3746,"position":5},"title":"BUTTERFLY\/PAPILLON WEA 30 ML","author":"eveapprill","date":"9 mars 2025","format":false,"excerpt":"Butterfly (papillon) Catalyseur de transformation, cet \u00e9lixir apporte le soutien dans les moments de transition \u00e9motionnelle et spirituelle. Pour l\u00e2cher prise et aller de l\u2019avant. D\u00e9veloppe la l\u00e9g\u00e8ret\u00e9, la gr\u00e2ce, et l\u2019\u00e9quilibre entre la vuln\u00e9rabilit\u00e9 et la force.","rel":"","context":"Article similaire","block_context":{"text":"Article similaire","link":""},"img":{"alt_text":"","src":"","width":0,"height":0},"classes":[]}],"_links":{"self":[{"href":"https:\/\/artstella-elixirs-floraux.com\/fr_fr\/wp-json\/wp\/v2\/product\/3746","targetHints":{"allow":["GET"]}}],"collection":[{"href":"https:\/\/artstella-elixirs-floraux.com\/fr_fr\/wp-json\/wp\/v2\/product"}],"about":[{"href":"https:\/\/artstella-elixirs-floraux.com\/fr_fr\/wp-json\/wp\/v2\/types\/product"}],"version-history":[{"count":1,"href":"https:\/\/artstella-elixirs-floraux.com\/fr_fr\/wp-json\/wp\/v2\/product\/3746\/revisions"}],"predecessor-version":[{"id":10794,"href":"https:\/\/artstella-elixirs-floraux.com\/fr_fr\/wp-json\/wp\/v2\/product\/3746\/revisions\/10794"}],"wp:featuredmedia":[{"embeddable":true,"href":"https:\/\/artstella-elixirs-floraux.com\/fr_fr\/wp-json\/wp\/v2\/media\/3747"}],"wp:attachment":[{"href":"https:\/\/artstella-elixirs-floraux.com\/fr_fr\/wp-json\/wp\/v2\/media?parent=3746"}],"wp:term":[{"taxonomy":"product_brand","embeddable":true,"href":"https:\/\/artstella-elixirs-floraux.com\/fr_fr\/wp-json\/wp\/v2\/product_brand?post=3746"},{"taxonomy":"product_cat","embeddable":true,"href":"https:\/\/artstella-elixirs-floraux.com\/fr_fr\/wp-json\/wp\/v2\/product_cat?post=3746"},{"taxonomy":"product_tag","embeddable":true,"href":"https:\/\/artstella-elixirs-floraux.com\/fr_fr\/wp-json\/wp\/v2\/product_tag?post=3746"}],"curies":[{"name":"wp","href":"https:\/\/api.w.org\/{rel}","templated":true}]}}