{"id":3750,"date":"2025-03-09T13:15:38","date_gmt":"2025-03-09T13:15:38","guid":{"rendered":"https:\/\/artstella-elixirs-floraux.com\/product\/green-orchid-cuba-15ml-phi\/"},"modified":"2025-06-17T09:44:33","modified_gmt":"2025-06-17T09:44:33","slug":"green-orchid-cuba-15ml-phi","status":"publish","type":"product","link":"https:\/\/artstella-elixirs-floraux.com\/fr_fr\/produit\/green-orchid-cuba-15ml-phi\/","title":{"rendered":"GREEN ORCHID (CUBA) 15ML PHI"},"content":{"rendered":"<p><span style=\"color: #008000\"><strong>GREEN ORCHID<\/strong><\/span><br \/><em>Epidendrum umbellatum<\/em>\u00a0<strong>\u00ab\u00a0Orchid\u00e9e verte\u00a0\u00bb\u00a0<\/strong><br \/>\u00a0Les p\u00e9tales de la fleur contiennent de la chlorophylle comme les feuilles et peuvent de ce fait \u00e9galement r\u00e9aliser la photosynth\u00e8se. C\u2019est une orchid\u00e9e end\u00e9mique de Cuba. L\u2019\u00e9lixir\u00a0: il peut \u00eatre utilis\u00e9 en agriculture ou dans le jardin pour soutenir la croissance des plantes et leur r\u00e9sistance. Aide les gens \u00e0 d\u00e9velopper \u00ab\u00a0la main verte\u00a0\u00bb. Il soutient la communication avec le monde v\u00e9g\u00e9tal, et nous aide \u00e0 d\u00e9velopper des sentiments d\u2019amour envers les plantes et les autres formes de vie. Nous apporte patience et endurance. Nous relie avec le plan de l\u2019esprit. Relie l\u2019intuition et la logique et nous aide \u00e0 prendre les bonnes d\u00e9cisions. Chakra 8 et 9<\/p>\n","protected":false},"excerpt":{"rendered":"<p><span style=\"color: #008000\"><strong>GREEN ORCHID<\/strong><\/span><br \/><em>Epidendrum umbellatum<\/em>\u00a0<strong>\u00ab\u00a0Orchid\u00e9e verte\u00a0\u00bb\u00a0<\/strong><br \/>Les p\u00e9tales de la fleur contiennent de la chlorophylle comme les feuilles et peuvent de ce fait \u00e9galement r\u00e9aliser la photosynth\u00e8se.<\/p>\n","protected":false},"featured_media":3751,"template":"","meta":[],"product_brand":[],"product_cat":[135],"product_tag":[],"class_list":{"0":"post-3750","1":"product","2":"type-product","3":"status-publish","4":"has-post-thumbnail","6":"product_cat-cuba","8":"first","9":"instock","10":"taxable","11":"shipping-taxable","12":"purchasable","13":"product-type-simple"},"etheme_brands":{"errors":{"invalid_taxonomy":["Taxonomie non valide."]},"error_data":[]},"jetpack_sharing_enabled":true,"jetpack-related-posts":[{"id":3744,"url":"https:\/\/artstella-elixirs-floraux.com\/fr_fr\/produit\/phantom-orchid-cuba-15-ml-phi\/","url_meta":{"origin":3750,"position":0},"title":"PHANTOM ORCHID (CUBA) 15 ML PHI","author":"eveapprill","date":"9 mars 2025","format":false,"excerpt":"PHANTOM ORCHID\u00a0Dendrophyllax varius\u00a0Orchid\u00e9e Fant\u00f4me\u00a0Est une orchid\u00e9e miniature sans feuilles. D\u2019un entrelacs de racines pos\u00e9 directement sur du bois la petite orchid\u00e9e blanche pousse sur une tige fin.","rel":"","context":"Article similaire","block_context":{"text":"Article similaire","link":""},"img":{"alt_text":"","src":"https:\/\/i0.wp.com\/artstella-elixirs-floraux.com\/wp-content\/uploads\/2025\/03\/wp-image1786.png?resize=350%2C200&ssl=1","width":350,"height":200},"classes":[]},{"id":3752,"url":"https:\/\/artstella-elixirs-floraux.com\/fr_fr\/produit\/power-orchid-cuba-15ml-phi\/","url_meta":{"origin":3750,"position":1},"title":"POWER ORCHID (CUBA) 15ML PHI","author":"eveapprill","date":"9 mars 2025","format":false,"excerpt":"POWER ORCHID Cirrhopetalum ornatissimum\u00a0\u00ab\u00a0Orchid\u00e9e de pouvoir\u00a0\u00bb\u00a0Cette orchid\u00e9e est originaire d\u2019Asie. L\u2019\u00e9lixir\u00a0: quand dans notre vie, nous sommes arriv\u00e9s \u00e0 un point o\u00f9 nous d\u00e9sirons nous d\u00e9velopper int\u00e9rieurement.","rel":"","context":"Article similaire","block_context":{"text":"Article similaire","link":""},"img":{"alt_text":"","src":"","width":0,"height":0},"classes":[]},{"id":3748,"url":"https:\/\/artstella-elixirs-floraux.com\/fr_fr\/produit\/nuns-dome-coiffe-cuba-15ml-phi\/","url_meta":{"origin":3750,"position":2},"title":"NUNS DOME COIFFE (CUBA) 15ML PHI","author":"eveapprill","date":"9 mars 2025","format":false,"excerpt":"NONNENHAUBE Prosthechea cochleata\u00a0\u00ab\u00a0Voilette de nonne\u00a0\u00bbOrchid\u00e9e en forme d\u2019ange avec une voilette sur la t\u00eate. C\u2019est une esp\u00e8ce end\u00e9mique des Cara\u00efbes.","rel":"","context":"Article similaire","block_context":{"text":"Article similaire","link":""},"img":{"alt_text":"","src":"","width":0,"height":0},"classes":[]},{"id":3746,"url":"https:\/\/artstella-elixirs-floraux.com\/fr_fr\/produit\/lady-butterfly-cuba-15-ml-phi\/","url_meta":{"origin":3750,"position":3},"title":"LADY BUTTERFLY (CUBA) 15 ML PHI","author":"eveapprill","date":"9 mars 2025","format":false,"excerpt":"LADY BUTTERFLYPsichosys papilo\u00a0\u00ab\u00a0Mademoiselle Papillon\u00a0\u00bb\u00a0\u00a0Est une tr\u00e8s belle orchid\u00e9e color\u00e9e, dont la forme rappelle un papillon. Elle est originaire d\u2019Am\u00e9rique du Sud. L\u2019\u00e9lixir\u00a0: Aide \u00e0 pouvoir exprimer sa beaut\u00e9 int\u00e9rieure, \u00e0 prendre les choses plus \u00e0 la l\u00e9g\u00e8re, \u00e0 traverser la vie avec plus d\u2019assurance.","rel":"","context":"Article similaire","block_context":{"text":"Article similaire","link":""},"img":{"alt_text":"","src":"","width":0,"height":0},"classes":[]},{"id":5558,"url":"https:\/\/artstella-elixirs-floraux.com\/fr_fr\/produit\/orchidee-red-helmet-15ml-corybas-dilatatus\/","url_meta":{"origin":3750,"position":4},"title":"Orchid\u00e9e RED HELMET 15ml Corybas dilatatus","author":"eveapprill","date":"9 mars 2025","format":false,"excerpt":"Orchid\u00e9e RED HELMET Corybas dilatatus \u00a0 \u00a0 Pour les personnes rebelles, \u00e9go\u00efstes, ayant des probl\u00e8mes avec la figure de l\u2019autorit\u00e9 provenant d\u2019une mauvaise relation avec leur propre p\u00e8re.\u00a0","rel":"","context":"Article similaire","block_context":{"text":"Article similaire","link":""},"img":{"alt_text":"","src":"","width":0,"height":0},"classes":[]},{"id":3177,"url":"https:\/\/artstella-elixirs-floraux.com\/fr_fr\/produit\/rose-verte-phi-15-ml-green-rose\/","url_meta":{"origin":3750,"position":5},"title":"ROSE VERTE PHI 15 ML Green rose","author":"eveapprill","date":"9 mars 2025","format":false,"excerpt":"Rose verte (Rosa chinensis viridiflora) (Gr\u00fcne Rose) Green rose Quand nous nous sentons \u00e0 l'\u00e9troit et sous pression, l'\u00e9lixir nous aide \u00e0 nous d\u00e9tendre et \u00e0 retrouver la paix. Il agit en lib\u00e9rant et en \u00e9largissant le c\u0153ur.","rel":"","context":"Article similaire","block_context":{"text":"Article similaire","link":""},"img":{"alt_text":"","src":"https:\/\/i0.wp.com\/artstella-elixirs-floraux.com\/wp-content\/uploads\/2025\/03\/wp-image405.png?resize=350%2C200&ssl=1","width":350,"height":200},"classes":[]}],"_links":{"self":[{"href":"https:\/\/artstella-elixirs-floraux.com\/fr_fr\/wp-json\/wp\/v2\/product\/3750","targetHints":{"allow":["GET"]}}],"collection":[{"href":"https:\/\/artstella-elixirs-floraux.com\/fr_fr\/wp-json\/wp\/v2\/product"}],"about":[{"href":"https:\/\/artstella-elixirs-floraux.com\/fr_fr\/wp-json\/wp\/v2\/types\/product"}],"version-history":[{"count":1,"href":"https:\/\/artstella-elixirs-floraux.com\/fr_fr\/wp-json\/wp\/v2\/product\/3750\/revisions"}],"predecessor-version":[{"id":10793,"href":"https:\/\/artstella-elixirs-floraux.com\/fr_fr\/wp-json\/wp\/v2\/product\/3750\/revisions\/10793"}],"wp:featuredmedia":[{"embeddable":true,"href":"https:\/\/artstella-elixirs-floraux.com\/fr_fr\/wp-json\/wp\/v2\/media\/3751"}],"wp:attachment":[{"href":"https:\/\/artstella-elixirs-floraux.com\/fr_fr\/wp-json\/wp\/v2\/media?parent=3750"}],"wp:term":[{"taxonomy":"product_brand","embeddable":true,"href":"https:\/\/artstella-elixirs-floraux.com\/fr_fr\/wp-json\/wp\/v2\/product_brand?post=3750"},{"taxonomy":"product_cat","embeddable":true,"href":"https:\/\/artstella-elixirs-floraux.com\/fr_fr\/wp-json\/wp\/v2\/product_cat?post=3750"},{"taxonomy":"product_tag","embeddable":true,"href":"https:\/\/artstella-elixirs-floraux.com\/fr_fr\/wp-json\/wp\/v2\/product_tag?post=3750"}],"curies":[{"name":"wp","href":"https:\/\/api.w.org\/{rel}","templated":true}]}}