{"id":3766,"date":"2025-03-09T13:15:51","date_gmt":"2025-03-09T13:15:51","guid":{"rendered":"https:\/\/artstella-elixirs-floraux.com\/product\/angel-of-protection-orch-15ml-phi\/"},"modified":"2025-06-04T11:40:07","modified_gmt":"2025-06-04T11:40:07","slug":"angel-of-protection-orch-phiphi","status":"publish","type":"product","link":"https:\/\/artstella-elixirs-floraux.com\/fr_fr\/produit\/angel-of-protection-orch-phiphi\/","title":{"rendered":"ANGEL OF PROTECTION ORCH PHI"},"content":{"rendered":"","protected":false},"excerpt":{"rendered":"<p><strong><em><span style=\"color: #008000;\">Angel of protection orchid (Miltonia phalaenopsis)<\/span><br \/>\n<\/em><\/strong>Pour les \u00eatres fins et sensibles, expos\u00e9s aux hostilit\u00e9s d&rsquo;un environnement difficile et qui ont besoin de mani\u00e8re urgente d&rsquo;un \u00e9cran protecteur. L&rsquo;\u00e9lixir am\u00e9liore la communication avec nos anges gardiens.<\/p>\n","protected":false},"featured_media":3767,"template":"","meta":[],"product_brand":[],"product_cat":[97],"product_tag":[],"class_list":{"0":"post-3766","1":"product","2":"type-product","3":"status-publish","4":"has-post-thumbnail","6":"product_cat-amazonie","8":"first","9":"instock","10":"taxable","11":"shipping-taxable","12":"purchasable","13":"product-type-variable"},"etheme_brands":{"errors":{"invalid_taxonomy":["Taxonomie non valide."]},"error_data":[]},"jetpack_sharing_enabled":true,"jetpack-related-posts":[{"id":5420,"url":"https:\/\/artstella-elixirs-floraux.com\/fr_fr\/produit\/angelique-engelwortel-10ml\/","url_meta":{"origin":3766,"position":0},"title":"Ang\u00e9lique ENGELWORTEL 10ML","author":"eveapprill","date":"9 mars 2025","format":false,"excerpt":"Angelica archangelica(Ang\u00e9lique)\u00a0Engelwortel Apporte la protection des royaumes spirituels et l\u2019aide des forces b\u00e9n\u00e9fiques d\u2019en haut, la protection des \u201canges\u201d, et notamment dans des situations o\u00f9 l\u2019on traverse la s\u00e9paration avec \u00ab\u00a0l\u2019autre c\u00f4t\u00e9\u00a0\u00bb","rel":"","context":"Article similaire","block_context":{"text":"Article similaire","link":""},"img":{"alt_text":"","src":"","width":0,"height":0},"classes":[]},{"id":2684,"url":"https:\/\/artstella-elixirs-floraux.com\/fr_fr\/produit\/calling-all-angels\/","url_meta":{"origin":3766,"position":1},"title":"CALLING ALL ANGELS","author":"eveapprill","date":"9 mars 2025","format":false,"excerpt":"Calling all angels (Appeler tous les anges) existe en gouttes et en\u00a0 spray.\u00a0 Contient: Angelica . Chalice Well Chiming Bells\u00a0 Permet d\u2019entrer en contact avec l\u2019amour, la guidance et la protection du royaume ang\u00e9lique. Elle apporte une \u00e9nergie tr\u00e8s douce, d\u2019amour et de s\u00e9r\u00e9nit\u00e9 dans le c\u0153ur, mais aussi au\u2026","rel":"","context":"Article similaire","block_context":{"text":"Article similaire","link":""},"img":{"alt_text":"","src":"https:\/\/i0.wp.com\/artstella-elixirs-floraux.com\/wp-content\/uploads\/2025\/03\/7e939754-d789-483b-a32f-953a566601f4.jpg?resize=350%2C200&ssl=1","width":350,"height":200,"srcset":"https:\/\/i0.wp.com\/artstella-elixirs-floraux.com\/wp-content\/uploads\/2025\/03\/7e939754-d789-483b-a32f-953a566601f4.jpg?resize=350%2C200&ssl=1 1x, https:\/\/i0.wp.com\/artstella-elixirs-floraux.com\/wp-content\/uploads\/2025\/03\/7e939754-d789-483b-a32f-953a566601f4.jpg?resize=525%2C300&ssl=1 1.5x, https:\/\/i0.wp.com\/artstella-elixirs-floraux.com\/wp-content\/uploads\/2025\/03\/7e939754-d789-483b-a32f-953a566601f4.jpg?resize=700%2C400&ssl=1 2x"},"classes":[]},{"id":5625,"url":"https:\/\/artstella-elixirs-floraux.com\/fr_fr\/produit\/angelique-15-ml-deva\/","url_meta":{"origin":3766,"position":2},"title":"Ang\u00e9lique 15 ML Deva","author":"eveapprill","date":"9 mars 2025","format":false,"excerpt":"Ang\u00e9lique Protection spirituelle. Elixir majeur conseill\u00e9 dans les situations de crise et chaque fois que la vie est en jeu. Renforce la confiance en la vie et apporte force et vigueur morale lorsque l\u2019avenir est incertain.","rel":"","context":"Article similaire","block_context":{"text":"Article similaire","link":""},"img":{"alt_text":"","src":"https:\/\/i0.wp.com\/artstella-elixirs-floraux.com\/wp-content\/uploads\/2025\/03\/wp-image1815.png?resize=350%2C200&ssl=1","width":350,"height":200},"classes":[]},{"id":6199,"url":"https:\/\/artstella-elixirs-floraux.com\/fr_fr\/produit\/collier-angel-phi\/","url_meta":{"origin":3766,"position":3},"title":"Collier \u00ab\u00a0ANGEL\u00a0\u00bb PHI","author":"eveapprill","date":"9 mars 2025","format":false,"excerpt":"NOUVEAU PENDENTIF ! Il allie l'\u00e9nergie du cercle de bl\u00e9 n\u00b0215 Angel et du nouvel \u00e9lixir Oc\u00e9an n\u00b031. Il aide au niveau \u00e9nerg\u00e9tique \u00e0 traverser les p\u00e9riodes difficiles. Il apporte un sentiment de protection.","rel":"","context":"Article similaire","block_context":{"text":"Article similaire","link":""},"img":{"alt_text":"","src":"https:\/\/i0.wp.com\/artstella-elixirs-floraux.com\/wp-content\/uploads\/2025\/03\/wp-image2194.png?resize=350%2C200&ssl=1","width":350,"height":200},"classes":[]},{"id":11308,"url":"https:\/\/artstella-elixirs-floraux.com\/fr_fr\/produit\/calling-all-angels-appeler-tous-les-anges-spray\/","url_meta":{"origin":3766,"position":4},"title":"Calling All Angels &#8211; Appeler tous les Anges-  Spray","author":"eveapprill","date":"31 ao\u00fbt 2025","format":false,"excerpt":"Le spray Calling All Angels apporte une \u00e9nergie sacr\u00e9e et paisible \u00e0 notre environnement, o\u00f9 que nous nous trouvions. Les enfants adorent en vaporiser leur chambre avant de dormir, pour cr\u00e9er un sentiment de protection et s'assurer un sommeil profond et r\u00e9parateur.","rel":"","context":"Article similaire","block_context":{"text":"Article similaire","link":""},"img":{"alt_text":"","src":"https:\/\/i0.wp.com\/artstella-elixirs-floraux.com\/wp-content\/uploads\/2025\/08\/calling.jpg?resize=350%2C200&ssl=1","width":350,"height":200},"classes":[]},{"id":5283,"url":"https:\/\/artstella-elixirs-floraux.com\/fr_fr\/produit\/complexe-n4-protection-emotionelle-deva-30ml\/","url_meta":{"origin":3766,"position":5},"title":"COMPLEXE N\u00b04 Protection \u00e9motionelle DEVA 30ml","author":"eveapprill","date":"9 mars 2025","format":false,"excerpt":"COMPLEXE N\u00b04 PROTECTION \u00c9MOTIONNELLE est conseill\u00e9 \u00e0 ceux qui se sentent vuln\u00e9rables, fragiles, en ins\u00e9curit\u00e9 face aux autres et \u00e0 leur environnement. Recommand\u00e9 aux personnes \u00e9motives, sensibles ou facilement influen\u00e7ables. Il aide \u00e0 se prot\u00e9ger de le n\u00e9gativit\u00e9 ambiante.","rel":"","context":"Article similaire","block_context":{"text":"Article similaire","link":""},"img":{"alt_text":"","src":"https:\/\/i0.wp.com\/artstella-elixirs-floraux.com\/wp-content\/uploads\/2025\/03\/cb8ab318-97e5-4fe9-8283-e7796df4bc23.jpg?resize=350%2C200&ssl=1","width":350,"height":200,"srcset":"https:\/\/i0.wp.com\/artstella-elixirs-floraux.com\/wp-content\/uploads\/2025\/03\/cb8ab318-97e5-4fe9-8283-e7796df4bc23.jpg?resize=350%2C200&ssl=1 1x, https:\/\/i0.wp.com\/artstella-elixirs-floraux.com\/wp-content\/uploads\/2025\/03\/cb8ab318-97e5-4fe9-8283-e7796df4bc23.jpg?resize=525%2C300&ssl=1 1.5x, https:\/\/i0.wp.com\/artstella-elixirs-floraux.com\/wp-content\/uploads\/2025\/03\/cb8ab318-97e5-4fe9-8283-e7796df4bc23.jpg?resize=700%2C400&ssl=1 2x"},"classes":[]}],"_links":{"self":[{"href":"https:\/\/artstella-elixirs-floraux.com\/fr_fr\/wp-json\/wp\/v2\/product\/3766","targetHints":{"allow":["GET"]}}],"collection":[{"href":"https:\/\/artstella-elixirs-floraux.com\/fr_fr\/wp-json\/wp\/v2\/product"}],"about":[{"href":"https:\/\/artstella-elixirs-floraux.com\/fr_fr\/wp-json\/wp\/v2\/types\/product"}],"version-history":[{"count":0,"href":"https:\/\/artstella-elixirs-floraux.com\/fr_fr\/wp-json\/wp\/v2\/product\/3766\/revisions"}],"wp:featuredmedia":[{"embeddable":true,"href":"https:\/\/artstella-elixirs-floraux.com\/fr_fr\/wp-json\/wp\/v2\/media\/3767"}],"wp:attachment":[{"href":"https:\/\/artstella-elixirs-floraux.com\/fr_fr\/wp-json\/wp\/v2\/media?parent=3766"}],"wp:term":[{"taxonomy":"product_brand","embeddable":true,"href":"https:\/\/artstella-elixirs-floraux.com\/fr_fr\/wp-json\/wp\/v2\/product_brand?post=3766"},{"taxonomy":"product_cat","embeddable":true,"href":"https:\/\/artstella-elixirs-floraux.com\/fr_fr\/wp-json\/wp\/v2\/product_cat?post=3766"},{"taxonomy":"product_tag","embeddable":true,"href":"https:\/\/artstella-elixirs-floraux.com\/fr_fr\/wp-json\/wp\/v2\/product_tag?post=3766"}],"curies":[{"name":"wp","href":"https:\/\/api.w.org\/{rel}","templated":true}]}}