{"id":3774,"date":"2025-03-09T13:15:58","date_gmt":"2025-03-09T13:15:58","guid":{"rendered":"https:\/\/artstella-elixirs-floraux.com\/product\/chocolat-orchid-15-ml-phi\/"},"modified":"2025-06-04T11:37:51","modified_gmt":"2025-06-04T11:37:51","slug":"chocolat-orchid-phi","status":"publish","type":"product","link":"https:\/\/artstella-elixirs-floraux.com\/fr_fr\/produit\/chocolat-orchid-phi\/","title":{"rendered":"CHOCOLAT ORCHID PHI"},"content":{"rendered":"","protected":false},"excerpt":{"rendered":"<p><strong><em><span style=\"color: #008000;\">Chocolate orchid (Stanhorpea wardii)<\/span><br \/>\n<\/em><\/strong>Pour s&rsquo;ouvrir aux plaisirs de la vie. Pour reconna\u00eetre que la vie est un chemin de joie. L&rsquo;\u00e9lixir lib\u00e8re de sch\u00e9mas mentaux \u00e9troits.<\/p>\n","protected":false},"featured_media":3775,"template":"","meta":[],"product_brand":[],"product_cat":[97],"product_tag":[],"class_list":{"0":"post-3774","1":"product","2":"type-product","3":"status-publish","4":"has-post-thumbnail","6":"product_cat-amazonie","8":"first","9":"instock","10":"taxable","11":"shipping-taxable","12":"purchasable","13":"product-type-variable"},"etheme_brands":{"errors":{"invalid_taxonomy":["Taxonomie non valide."]},"error_data":[]},"jetpack_sharing_enabled":true,"jetpack-related-posts":[{"id":3778,"url":"https:\/\/artstella-elixirs-floraux.com\/fr_fr\/produit\/colour-orchid-phi\/","url_meta":{"origin":3774,"position":0},"title":"COLOUR ORCHID PHI","author":"eveapprill","date":"9 mars 2025","format":false,"excerpt":"Colour orchid (Oncidium lanceanum) Aide \u00e0 reconna\u00eetre que ce sont nos propres pens\u00e9es qui font la couleur de la vie. L'\u00e9lixir facilite une attitude positive envers la vie. \u00a0","rel":"","context":"Article similaire","block_context":{"text":"Article similaire","link":""},"img":{"alt_text":"","src":"https:\/\/i0.wp.com\/artstella-elixirs-floraux.com\/wp-content\/uploads\/2025\/03\/wp-image505.png?resize=350%2C200&ssl=1","width":350,"height":200},"classes":[]},{"id":3819,"url":"https:\/\/artstella-elixirs-floraux.com\/fr_fr\/produit\/psyche-orchid-phi\/","url_meta":{"origin":3774,"position":1},"title":"PSYCHE ORCHID PHI","author":"eveapprill","date":"9 mars 2025","format":false,"excerpt":"Psyche orchid (Paphiopedilum insigne) Nous aide \u00e0 voir profond\u00e9ment en nous-m\u00eames, jusqu'\u00e0 l'inconscient pour trouver des r\u00e9ponses aux questions de notre vie. L'\u00e9lixir nous aide \u00e0 reconna\u00eetre la t\u00e2che de notre vie.","rel":"","context":"Article similaire","block_context":{"text":"Article similaire","link":""},"img":{"alt_text":"","src":"https:\/\/i0.wp.com\/artstella-elixirs-floraux.com\/wp-content\/uploads\/2025\/03\/wp-image516.png?resize=350%2C200&ssl=1","width":350,"height":200},"classes":[]},{"id":4416,"url":"https:\/\/artstella-elixirs-floraux.com\/fr_fr\/produit\/green-spider-orchid-15-ml-bush\/","url_meta":{"origin":3774,"position":2},"title":"GREEN SPIDER ORCHID 15 ML BUSH","author":"eveapprill","date":"9 mars 2025","format":false,"excerpt":"Green Spider orchid Cauchemars et phobies dus aux vies ant\u00e9rieures, ne pas supporter la vie du sang. Apprendre \u00e0 ne pas divulguer certaines informations, communication t\u00e9l\u00e9pathique, \u00eatre en harmonie.","rel":"","context":"Article similaire","block_context":{"text":"Article similaire","link":""},"img":{"alt_text":"","src":"https:\/\/i0.wp.com\/artstella-elixirs-floraux.com\/wp-content\/uploads\/2025\/03\/wp-image1029.png?resize=350%2C200&ssl=1","width":350,"height":200},"classes":[]},{"id":3752,"url":"https:\/\/artstella-elixirs-floraux.com\/fr_fr\/produit\/power-orchid-cuba-15ml-phi\/","url_meta":{"origin":3774,"position":3},"title":"POWER ORCHID (CUBA) 15ML PHI","author":"eveapprill","date":"9 mars 2025","format":false,"excerpt":"POWER ORCHID Cirrhopetalum ornatissimum\u00a0\u00ab\u00a0Orchid\u00e9e de pouvoir\u00a0\u00bb\u00a0Cette orchid\u00e9e est originaire d\u2019Asie. L\u2019\u00e9lixir\u00a0: quand dans notre vie, nous sommes arriv\u00e9s \u00e0 un point o\u00f9 nous d\u00e9sirons nous d\u00e9velopper int\u00e9rieurement.","rel":"","context":"Article similaire","block_context":{"text":"Article similaire","link":""},"img":{"alt_text":"","src":"","width":0,"height":0},"classes":[]},{"id":3750,"url":"https:\/\/artstella-elixirs-floraux.com\/fr_fr\/produit\/green-orchid-cuba-15ml-phi\/","url_meta":{"origin":3774,"position":4},"title":"GREEN ORCHID (CUBA) 15ML PHI","author":"eveapprill","date":"9 mars 2025","format":false,"excerpt":"GREEN ORCHIDEpidendrum umbellatum\u00a0\u00ab\u00a0Orchid\u00e9e verte\u00a0\u00bb\u00a0Les p\u00e9tales de la fleur contiennent de la chlorophylle comme les feuilles et peuvent de ce fait \u00e9galement r\u00e9aliser la photosynth\u00e8se.","rel":"","context":"Article similaire","block_context":{"text":"Article similaire","link":""},"img":{"alt_text":"","src":"","width":0,"height":0},"classes":[]},{"id":5235,"url":"https:\/\/artstella-elixirs-floraux.com\/fr_fr\/produit\/creme-de-venus-orchid\/","url_meta":{"origin":3774,"position":5},"title":"Cr\u00e8me de Venus orchid","author":"eveapprill","date":"9 mars 2025","format":false,"excerpt":"Cr\u00e8me Venus Orchid La Cr\u00e8me de V\u00e9nus-Orchid est r\u00e9alis\u00e9e avec l\u2019\u00e9nergie de l\u2019orchid\u00e9e Anguloa Cliftonii. Elle est particuli\u00e8rement recommand\u00e9e pour les soins quotidiens de la peau du visage et du corps. Son action profond\u00e9ment relaxante stimule la partie f\u00e9minine de notre \u00eatre et adoucit la peau.","rel":"","context":"Article similaire","block_context":{"text":"Article similaire","link":""},"img":{"alt_text":"Cr\u00e8mes aux Elixirs","src":"https:\/\/i0.wp.com\/artstella-elixirs-floraux.com\/wp-content\/uploads\/2025\/03\/4eca510c-6209-4de4-bcce-2a270758fe96.jpg?resize=350%2C200&ssl=1","width":350,"height":200,"srcset":"https:\/\/i0.wp.com\/artstella-elixirs-floraux.com\/wp-content\/uploads\/2025\/03\/4eca510c-6209-4de4-bcce-2a270758fe96.jpg?resize=350%2C200&ssl=1 1x, https:\/\/i0.wp.com\/artstella-elixirs-floraux.com\/wp-content\/uploads\/2025\/03\/4eca510c-6209-4de4-bcce-2a270758fe96.jpg?resize=525%2C300&ssl=1 1.5x, https:\/\/i0.wp.com\/artstella-elixirs-floraux.com\/wp-content\/uploads\/2025\/03\/4eca510c-6209-4de4-bcce-2a270758fe96.jpg?resize=700%2C400&ssl=1 2x"},"classes":[]}],"_links":{"self":[{"href":"https:\/\/artstella-elixirs-floraux.com\/fr_fr\/wp-json\/wp\/v2\/product\/3774","targetHints":{"allow":["GET"]}}],"collection":[{"href":"https:\/\/artstella-elixirs-floraux.com\/fr_fr\/wp-json\/wp\/v2\/product"}],"about":[{"href":"https:\/\/artstella-elixirs-floraux.com\/fr_fr\/wp-json\/wp\/v2\/types\/product"}],"version-history":[{"count":0,"href":"https:\/\/artstella-elixirs-floraux.com\/fr_fr\/wp-json\/wp\/v2\/product\/3774\/revisions"}],"wp:featuredmedia":[{"embeddable":true,"href":"https:\/\/artstella-elixirs-floraux.com\/fr_fr\/wp-json\/wp\/v2\/media\/3775"}],"wp:attachment":[{"href":"https:\/\/artstella-elixirs-floraux.com\/fr_fr\/wp-json\/wp\/v2\/media?parent=3774"}],"wp:term":[{"taxonomy":"product_brand","embeddable":true,"href":"https:\/\/artstella-elixirs-floraux.com\/fr_fr\/wp-json\/wp\/v2\/product_brand?post=3774"},{"taxonomy":"product_cat","embeddable":true,"href":"https:\/\/artstella-elixirs-floraux.com\/fr_fr\/wp-json\/wp\/v2\/product_cat?post=3774"},{"taxonomy":"product_tag","embeddable":true,"href":"https:\/\/artstella-elixirs-floraux.com\/fr_fr\/wp-json\/wp\/v2\/product_tag?post=3774"}],"curies":[{"name":"wp","href":"https:\/\/api.w.org\/{rel}","templated":true}]}}