{"id":3790,"date":"2025-03-09T13:16:13","date_gmt":"2025-03-09T13:16:13","guid":{"rendered":"https:\/\/artstella-elixirs-floraux.com\/product\/fullhorn-cattleya-15-ml-phi\/"},"modified":"2025-06-04T11:34:02","modified_gmt":"2025-06-04T11:34:02","slug":"fullhorn-cattleya-phi","status":"publish","type":"product","link":"https:\/\/artstella-elixirs-floraux.com\/fr_fr\/produit\/fullhorn-cattleya-phi\/","title":{"rendered":"FULLHORN CATTLEYA PHI"},"content":{"rendered":"","protected":false},"excerpt":{"rendered":"<p><strong><em><span style=\"color: #008000;\">F\u00fcllhorn cattleya (Cattleya warscewiczii)<\/span><br \/>\n<\/em><\/strong>Nous apprenons \u00e0 devenir comme une corne d&rsquo;abondance : \u00e0 donner et \u00e0 recevoir. Nous apprenons \u00e0 faire l&rsquo;exp\u00e9rience de l&rsquo;amour universel et \u00e0 reconna\u00eetre qu&rsquo;il n&rsquo;existe aucune s\u00e9paration.<\/p>\n","protected":false},"featured_media":3791,"template":"","meta":[],"product_brand":[],"product_cat":[97],"product_tag":[],"class_list":{"0":"post-3790","1":"product","2":"type-product","3":"status-publish","4":"has-post-thumbnail","6":"product_cat-amazonie","8":"first","9":"instock","10":"taxable","11":"shipping-taxable","12":"purchasable","13":"product-type-variable"},"etheme_brands":{"errors":{"invalid_taxonomy":["Taxonomie non valide."]},"error_data":[]},"jetpack_sharing_enabled":true,"jetpack-related-posts":[{"id":3808,"url":"https:\/\/artstella-elixirs-floraux.com\/fr_fr\/produit\/inspiration-orchid-phi\/","url_meta":{"origin":3790,"position":0},"title":"INSPIRATION ORCHID PHI","author":"eveapprill","date":"9 mars 2025","format":false,"excerpt":"Inspiration orchid (Cattleya trianaei) Ouvre \u00e0 l'inspiration pour nos \u0153uvres et actions. Nous nous connectons avec le point de force de la cr\u00e9ativit\u00e9 dans les plans de l'esprit et pouvons manifester ce potentiel dans notre action.","rel":"","context":"Article similaire","block_context":{"text":"Article similaire","link":""},"img":{"alt_text":"","src":"https:\/\/i0.wp.com\/artstella-elixirs-floraux.com\/wp-content\/uploads\/2025\/03\/wp-image513.png?resize=350%2C200&ssl=1","width":350,"height":200},"classes":[]},{"id":3952,"url":"https:\/\/artstella-elixirs-floraux.com\/fr_fr\/produit\/leopard-phi-15-ml\/","url_meta":{"origin":3790,"position":1},"title":"LEOPARD PHI 15 ML","author":"eveapprill","date":"9 mars 2025","format":false,"excerpt":"L\u00e9opard (Panthera pardus) am\u00e9liore la vitesse, la rapidit\u00e9 et l\u2019\u00e9l\u00e9gance. Nous apprenons \u00e0 porter nos efforts o\u00f9 c\u2019est utile. Nous apprenons la prudence et le recul.","rel":"","context":"Article similaire","block_context":{"text":"Article similaire","link":""},"img":{"alt_text":"","src":"","width":0,"height":0},"classes":[]},{"id":5822,"url":"https:\/\/artstella-elixirs-floraux.com\/fr_fr\/produit\/gibbon-gibbon-hylobates-pileatus-15-ml-phi\/","url_meta":{"origin":3790,"position":2},"title":"Gibbon &#8211; Gibbon (Hylobates pileatus 15 ml PHI","author":"eveapprill","date":"9 mars 2025","format":false,"excerpt":"Gibbon - Gibbon (Hylobates pileatus) Cet \u00e9lixir nous apporte une sensation d\u2019harmonie aussi bien dans un groupe que dans notre famille. Nous apprenons \u00e0 communiquer clairement et dissoudre stress et conflits. Nous apprenons que la vie peut \u00eatre merveilleuse et facile.","rel":"","context":"Article similaire","block_context":{"text":"Article similaire","link":""},"img":{"alt_text":"","src":"","width":0,"height":0},"classes":[]},{"id":2947,"url":"https:\/\/artstella-elixirs-floraux.com\/fr_fr\/produit\/quartz-fume-phi-15-ml\/","url_meta":{"origin":3790,"position":3},"title":"QUARTZ FUME PHI 15 ML","author":"eveapprill","date":"9 mars 2025","format":false,"excerpt":"Quartz fum\u00e9 (Rauchquarz) Aide \u00e0 voir les parties sombres de l'\u00e2me et \u00e0 les admettre. Nous apprenons ainsi \u00e0 nous accepter tels que nous sommes.","rel":"","context":"Article similaire","block_context":{"text":"Article similaire","link":""},"img":{"alt_text":"","src":"https:\/\/i0.wp.com\/artstella-elixirs-floraux.com\/wp-content\/uploads\/2025\/03\/wp-image302.png?resize=350%2C200&ssl=1","width":350,"height":200},"classes":[]},{"id":3229,"url":"https:\/\/artstella-elixirs-floraux.com\/fr_fr\/produit\/violette-15-ml-phi\/","url_meta":{"origin":3790,"position":4},"title":"VIOLETTE 15 ML PHI","author":"eveapprill","date":"9 mars 2025","format":false,"excerpt":"Violette (Viola Hirta) (Veilchen) Pour les personnes qui se sentent isol\u00e9es dans un groupe. Nous apprenons \u00e0 nous ouvrir davantage aux autres et \u00e0 d\u00e9velopper chaleur et confiance dans nos rapports avec autrui. Facilite l'acc\u00e8s \u00e0 nos souvenirs.","rel":"","context":"Article similaire","block_context":{"text":"Article similaire","link":""},"img":{"alt_text":"","src":"https:\/\/i0.wp.com\/artstella-elixirs-floraux.com\/wp-content\/uploads\/2025\/03\/wp-image395.png?resize=350%2C200&ssl=1","width":350,"height":200},"classes":[]},{"id":3823,"url":"https:\/\/artstella-elixirs-floraux.com\/fr_fr\/produit\/sun-orchid-phi\/","url_meta":{"origin":3790,"position":5},"title":"SUN ORCHID PHI","author":"eveapprill","date":"9 mars 2025","format":false,"excerpt":"Sun orchid (Epidendrum chioneum) Relie le plexus solaire aux plans sup\u00e9rieurs. Nous apprenons \u00e0 ne pas voir seulement \u00e0 travers nos propres besoins, mais d'une fa\u00e7on plus large.","rel":"","context":"Article similaire","block_context":{"text":"Article similaire","link":""},"img":{"alt_text":"","src":"https:\/\/i0.wp.com\/artstella-elixirs-floraux.com\/wp-content\/uploads\/2025\/03\/wp-image517.png?resize=350%2C200&ssl=1","width":350,"height":200},"classes":[]}],"_links":{"self":[{"href":"https:\/\/artstella-elixirs-floraux.com\/fr_fr\/wp-json\/wp\/v2\/product\/3790","targetHints":{"allow":["GET"]}}],"collection":[{"href":"https:\/\/artstella-elixirs-floraux.com\/fr_fr\/wp-json\/wp\/v2\/product"}],"about":[{"href":"https:\/\/artstella-elixirs-floraux.com\/fr_fr\/wp-json\/wp\/v2\/types\/product"}],"version-history":[{"count":0,"href":"https:\/\/artstella-elixirs-floraux.com\/fr_fr\/wp-json\/wp\/v2\/product\/3790\/revisions"}],"wp:featuredmedia":[{"embeddable":true,"href":"https:\/\/artstella-elixirs-floraux.com\/fr_fr\/wp-json\/wp\/v2\/media\/3791"}],"wp:attachment":[{"href":"https:\/\/artstella-elixirs-floraux.com\/fr_fr\/wp-json\/wp\/v2\/media?parent=3790"}],"wp:term":[{"taxonomy":"product_brand","embeddable":true,"href":"https:\/\/artstella-elixirs-floraux.com\/fr_fr\/wp-json\/wp\/v2\/product_brand?post=3790"},{"taxonomy":"product_cat","embeddable":true,"href":"https:\/\/artstella-elixirs-floraux.com\/fr_fr\/wp-json\/wp\/v2\/product_cat?post=3790"},{"taxonomy":"product_tag","embeddable":true,"href":"https:\/\/artstella-elixirs-floraux.com\/fr_fr\/wp-json\/wp\/v2\/product_tag?post=3790"}],"curies":[{"name":"wp","href":"https:\/\/api.w.org\/{rel}","templated":true}]}}