{"id":3827,"date":"2025-03-09T13:16:46","date_gmt":"2025-03-09T13:16:46","guid":{"rendered":"https:\/\/artstella-elixirs-floraux.com\/product\/venus-orchid-phi-15-ml\/"},"modified":"2025-06-04T11:16:55","modified_gmt":"2025-06-04T11:16:55","slug":"venus-orchid-phi","status":"publish","type":"product","link":"https:\/\/artstella-elixirs-floraux.com\/fr_fr\/produit\/venus-orchid-phi\/","title":{"rendered":"VENUS ORCHID PHI"},"content":{"rendered":"","protected":false},"excerpt":{"rendered":"<p><strong><em><span style=\"color: #008080;\">Venus orchid (Anguloa clowesii)<\/span><br \/>\n<\/em><\/strong>Stimule notre part r\u00e9ceptive \u00ab\u00a0yin\u00a0\u00bb. D\u00e9veloppe des qualit\u00e9s telles que l&rsquo;\u00e9coute attentive, la compr\u00e9hension, la douceur et l&rsquo;amour. Cet \u00e9lixir est aussi disponible sous forme de cr\u00e8me pour la peau.<\/p>\n","protected":false},"featured_media":3828,"template":"","meta":[],"product_brand":[],"product_cat":[97],"product_tag":[],"class_list":{"0":"post-3827","1":"product","2":"type-product","3":"status-publish","4":"has-post-thumbnail","6":"product_cat-amazonie","8":"first","9":"instock","10":"taxable","11":"shipping-taxable","12":"purchasable","13":"product-type-variable"},"etheme_brands":{"errors":{"invalid_taxonomy":["Taxonomie non valide."]},"error_data":[]},"jetpack_sharing_enabled":true,"jetpack-related-posts":[{"id":5235,"url":"https:\/\/artstella-elixirs-floraux.com\/fr_fr\/produit\/creme-de-venus-orchid\/","url_meta":{"origin":3827,"position":0},"title":"Cr\u00e8me de Venus orchid","author":"eveapprill","date":"9 mars 2025","format":false,"excerpt":"Cr\u00e8me Venus Orchid La Cr\u00e8me de V\u00e9nus-Orchid est r\u00e9alis\u00e9e avec l\u2019\u00e9nergie de l\u2019orchid\u00e9e Anguloa Cliftonii. Elle est particuli\u00e8rement recommand\u00e9e pour les soins quotidiens de la peau du visage et du corps. Son action profond\u00e9ment relaxante stimule la partie f\u00e9minine de notre \u00eatre et adoucit la peau.","rel":"","context":"Article similaire","block_context":{"text":"Article similaire","link":""},"img":{"alt_text":"Cr\u00e8mes aux Elixirs","src":"https:\/\/i0.wp.com\/artstella-elixirs-floraux.com\/wp-content\/uploads\/2025\/03\/4eca510c-6209-4de4-bcce-2a270758fe96.jpg?resize=350%2C200&ssl=1","width":350,"height":200,"srcset":"https:\/\/i0.wp.com\/artstella-elixirs-floraux.com\/wp-content\/uploads\/2025\/03\/4eca510c-6209-4de4-bcce-2a270758fe96.jpg?resize=350%2C200&ssl=1 1x, https:\/\/i0.wp.com\/artstella-elixirs-floraux.com\/wp-content\/uploads\/2025\/03\/4eca510c-6209-4de4-bcce-2a270758fe96.jpg?resize=525%2C300&ssl=1 1.5x, https:\/\/i0.wp.com\/artstella-elixirs-floraux.com\/wp-content\/uploads\/2025\/03\/4eca510c-6209-4de4-bcce-2a270758fe96.jpg?resize=700%2C400&ssl=1 2x"},"classes":[]},{"id":3836,"url":"https:\/\/artstella-elixirs-floraux.com\/fr_fr\/produit\/attrape-mouche-de-venus-15ml-phi\/","url_meta":{"origin":3827,"position":1},"title":"ATTRAPE MOUCHE DE VENUS 15ML PHI","author":"eveapprill","date":"9 mars 2025","format":false,"excerpt":"Attrape mouche de V\u00e9nus (Dionaea muscipula) (Venus Fliegen Falle) Quand nous nous sentons prisonniers de situations dont nous ne voyons pas d'issue, il nous aide \u00e0 prendre du recul et \u00e0 reconna\u00eetre la relativit\u00e9 des circonstances.","rel":"","context":"Article similaire","block_context":{"text":"Article similaire","link":""},"img":{"alt_text":"","src":"","width":0,"height":0},"classes":[]},{"id":3082,"url":"https:\/\/artstella-elixirs-floraux.com\/fr_fr\/produit\/venus-planete-15-ml-phi\/","url_meta":{"origin":3827,"position":2},"title":"VENUS PLANETE 15 ML PHI","author":"eveapprill","date":"9 mars 2025","format":false,"excerpt":"Venus Correspond au principe f\u00e9minin, cet \u00e9lixir nous aide \u00e0 reconna\u00eetre notre composante f\u00e9minine, \u00e0 l'\u00e9quilibrer et \u00e0 laisser rayonner notre beaut\u00e9 int\u00e9rieure","rel":"","context":"Article similaire","block_context":{"text":"Article similaire","link":""},"img":{"alt_text":"","src":"https:\/\/i0.wp.com\/artstella-elixirs-floraux.com\/wp-content\/uploads\/2025\/03\/wp-image530.png?resize=350%2C200&ssl=1","width":350,"height":200},"classes":[]},{"id":3762,"url":"https:\/\/artstella-elixirs-floraux.com\/fr_fr\/produit\/angel-orchid-phi\/","url_meta":{"origin":3827,"position":3},"title":"ANGEL ORCHID PHI","author":"eveapprill","date":"9 mars 2025","format":false,"excerpt":"Angel Orchid (Epidendrum secundum) Nous ouvre \u00e0 la communication avec les plans d'\u00e9nergies sup\u00e9rieurs. Cet \u00e9lixir nous all\u00e8ge et il accro\u00eet ainsi notre sentiment de s\u00e9curit\u00e9.","rel":"","context":"Article similaire","block_context":{"text":"Article similaire","link":""},"img":{"alt_text":"","src":"https:\/\/i0.wp.com\/artstella-elixirs-floraux.com\/wp-content\/uploads\/2025\/03\/wp-image501.png?resize=350%2C200&ssl=1","width":350,"height":200},"classes":[]},{"id":3770,"url":"https:\/\/artstella-elixirs-floraux.com\/fr_fr\/produit\/channeling-orchid-phi\/","url_meta":{"origin":3827,"position":4},"title":"CHANNELING ORCHID PHI","author":"eveapprill","date":"9 mars 2025","format":false,"excerpt":"Channeling Orchid (Oncidium Incurvum) Nous aide \u00e0 entrer en contact direct avec la conscience sup\u00e9rieure et \u00e0 mieux entendre notre voix int\u00e9rieure.","rel":"","context":"Article similaire","block_context":{"text":"Article similaire","link":""},"img":{"alt_text":"","src":"https:\/\/i0.wp.com\/artstella-elixirs-floraux.com\/wp-content\/uploads\/2025\/03\/wp-image503.png?resize=350%2C200&ssl=1","width":350,"height":200},"classes":[]},{"id":3798,"url":"https:\/\/artstella-elixirs-floraux.com\/fr_fr\/produit\/heart-orchid-phi\/","url_meta":{"origin":3827,"position":5},"title":"HEART ORCHID PHI","author":"eveapprill","date":"9 mars 2025","format":false,"excerpt":"Heart orchid (Laeliocattleya hybride) Cet \u00e9lixir \u00e9quilibre les \u00e9nergies au niveau du plexus solaire et les qualit\u00e9s du c\u0153ur. Il soutient et harmonise le chakra du c\u0153ur.","rel":"","context":"Article similaire","block_context":{"text":"Article similaire","link":""},"img":{"alt_text":"","src":"https:\/\/i0.wp.com\/artstella-elixirs-floraux.com\/wp-content\/uploads\/2025\/03\/wp-image510.png?resize=350%2C200&ssl=1","width":350,"height":200},"classes":[]}],"_links":{"self":[{"href":"https:\/\/artstella-elixirs-floraux.com\/fr_fr\/wp-json\/wp\/v2\/product\/3827","targetHints":{"allow":["GET"]}}],"collection":[{"href":"https:\/\/artstella-elixirs-floraux.com\/fr_fr\/wp-json\/wp\/v2\/product"}],"about":[{"href":"https:\/\/artstella-elixirs-floraux.com\/fr_fr\/wp-json\/wp\/v2\/types\/product"}],"version-history":[{"count":0,"href":"https:\/\/artstella-elixirs-floraux.com\/fr_fr\/wp-json\/wp\/v2\/product\/3827\/revisions"}],"wp:featuredmedia":[{"embeddable":true,"href":"https:\/\/artstella-elixirs-floraux.com\/fr_fr\/wp-json\/wp\/v2\/media\/3828"}],"wp:attachment":[{"href":"https:\/\/artstella-elixirs-floraux.com\/fr_fr\/wp-json\/wp\/v2\/media?parent=3827"}],"wp:term":[{"taxonomy":"product_brand","embeddable":true,"href":"https:\/\/artstella-elixirs-floraux.com\/fr_fr\/wp-json\/wp\/v2\/product_brand?post=3827"},{"taxonomy":"product_cat","embeddable":true,"href":"https:\/\/artstella-elixirs-floraux.com\/fr_fr\/wp-json\/wp\/v2\/product_cat?post=3827"},{"taxonomy":"product_tag","embeddable":true,"href":"https:\/\/artstella-elixirs-floraux.com\/fr_fr\/wp-json\/wp\/v2\/product_tag?post=3827"}],"curies":[{"name":"wp","href":"https:\/\/api.w.org\/{rel}","templated":true}]}}