{"id":3855,"date":"2025-03-09T13:17:10","date_gmt":"2025-03-09T13:17:10","guid":{"rendered":"https:\/\/artstella-elixirs-floraux.com\/product\/blennie-15-ml-phi\/"},"modified":"2025-04-23T12:17:13","modified_gmt":"2025-04-23T12:17:13","slug":"blennie-15-ml-phi","status":"publish","type":"product","link":"https:\/\/artstella-elixirs-floraux.com\/fr_fr\/produit\/blennie-15-ml-phi\/","title":{"rendered":"BLENNIE 15 ML PHI"},"content":{"rendered":"<p><strong>Blennie<\/strong><br \/>\n(Blennius sanguinolentus) Schleimfish L\u2019\u00e9lixir aide \u00e0 l\u00e2cher les tensions qui proviennent de nos sentiments. Il nous aide \u00e0 couler avec le flot de la vie et \u00e0 l\u2019appr\u00e9cier, pour pouvoir plonger dans nos sentiments et nous y \u201cbaigner\u201d. L\u2019\u00e9lixir convient aux personnes qui ont des difficult\u00e9s \u00e0 accepter et \u00e0 vivre avec leurs sentiments.<\/p>\n","protected":false},"excerpt":{"rendered":"<p><strong>Blennie<\/strong>\u00a0(Blennius sanguinolentus) Schleimfish L\u2019\u00e9lixir aide \u00e0 l\u00e2cher les tensions qui proviennent de nos sentiments.<\/p>\n","protected":false},"featured_media":3856,"template":"","meta":[],"product_brand":[],"product_cat":[99],"product_tag":[],"class_list":{"0":"post-3855","1":"product","2":"type-product","3":"status-publish","4":"has-post-thumbnail","6":"product_cat-les-elixirs-de-la-mer","8":"first","9":"instock","10":"taxable","11":"shipping-taxable","12":"purchasable","13":"product-type-variable"},"etheme_brands":{"errors":{"invalid_taxonomy":["Taxonomie non valide."]},"error_data":[]},"jetpack_sharing_enabled":true,"jetpack-related-posts":[{"id":6044,"url":"https:\/\/artstella-elixirs-floraux.com\/fr_fr\/produit\/elixir-ocean-n08-phi-15ml\/","url_meta":{"origin":3855,"position":0},"title":"ELIXIR OCEAN N\u00b008 PHI 15ML","author":"eveapprill","date":"9 mars 2025","format":false,"excerpt":"L\u2019\u00e9lixir nous aide \u00e0 rester ouverts au nouveau, \u00e0 de nouvelles situations, \u00e0 une nouvelle relation et \u00e0 pouvoir s\u2019engager. L\u2019engagement est facilit\u00e9 \u00e9nerg\u00e9tiquement mais aussi les processus de r\u00e9solution des probl\u00e8mes. Il devient possible de l\u00e2cher prise de ce qui ne nous correspond plus (\u00e9galement l\u2019information de souffrance). Nous\u2026","rel":"","context":"Article similaire","block_context":{"text":"Article similaire","link":""},"img":{"alt_text":"","src":"https:\/\/i0.wp.com\/artstella-elixirs-floraux.com\/wp-content\/uploads\/2025\/03\/wp-image2046.png?resize=350%2C200&ssl=1","width":350,"height":200},"classes":[]},{"id":6062,"url":"https:\/\/artstella-elixirs-floraux.com\/fr_fr\/produit\/elixir-ocean-n17-phi-15ml\/","url_meta":{"origin":3855,"position":1},"title":"ELIXIR OCEAN N\u00b017 PHI 15ML","author":"eveapprill","date":"9 mars 2025","format":false,"excerpt":"L\u2019\u00e9lixir agit sur les blocages tr\u00e8s profond\u00e9ment ancr\u00e9s dans le subconscient. Les sentiments tels la peur et la honte peuvent \u00eatre lib\u00e9r\u00e9s. Il aide \u00e0 d\u00e9velopper une clart\u00e9 int\u00e9rieure et am\u00e9liore l\u2019estime de soi.e.","rel":"","context":"Article similaire","block_context":{"text":"Article similaire","link":""},"img":{"alt_text":"","src":"","width":0,"height":0},"classes":[]},{"id":3322,"url":"https:\/\/artstella-elixirs-floraux.com\/fr_fr\/produit\/aubepine-15-ml-phi\/","url_meta":{"origin":3855,"position":2},"title":"AUBEPINE 15 ML PHI","author":"eveapprill","date":"9 mars 2025","format":false,"excerpt":"Aub\u00e9pine (Crataegus oxyacantha) (Weissdorn) L'\u00e9lixir dissout les profonds sentiments de tristesse et apporte une d\u00e9tente \u00e9motionnelle. Il aide \u00e0 l\u00e2cher prise et permet \u00e0 la vie de se r\u00e9animer en nous.","rel":"","context":"Article similaire","block_context":{"text":"Article similaire","link":""},"img":{"alt_text":"","src":"https:\/\/i0.wp.com\/artstella-elixirs-floraux.com\/wp-content\/uploads\/2025\/03\/wp-image701.png?resize=350%2C200&ssl=1","width":350,"height":200},"classes":[]},{"id":6066,"url":"https:\/\/artstella-elixirs-floraux.com\/fr_fr\/produit\/elixir-ocean-n19-phi-15ml\/","url_meta":{"origin":3855,"position":3},"title":"ELIXIR OCEAN N\u00b019 PHI 15ML","author":"eveapprill","date":"9 mars 2025","format":false,"excerpt":"L\u2019\u00e9lixir stimule \u00e9nerg\u00e9tiquement le m\u00e9tabolisme et les processus internes. Sur le plan \u00e9motionnel, l\u2019\u00e9lixir apporte une lib\u00e9ration int\u00e9rieure, il aide \u00e0 l\u00e2cher consciemment l\u2019ancien et des \u00e9motions de fa\u00e7on \u00e0 laisser la place \u00e0 de nouvelles id\u00e9es et suggestions.","rel":"","context":"Article similaire","block_context":{"text":"Article similaire","link":""},"img":{"alt_text":"","src":"https:\/\/i0.wp.com\/artstella-elixirs-floraux.com\/wp-content\/uploads\/2025\/03\/wp-image2057.png?resize=350%2C200&ssl=1","width":350,"height":200},"classes":[]},{"id":6054,"url":"https:\/\/artstella-elixirs-floraux.com\/fr_fr\/produit\/elixir-ocean-n13-phi-15ml\/","url_meta":{"origin":3855,"position":4},"title":"ELIXIR OCEAN N\u00b013 PHI 15ML","author":"eveapprill","date":"9 mars 2025","format":false,"excerpt":"Cet \u00e9lixir aide \u00e9motionnellement les personnes sensibles, facilement bless\u00e9es qui se trouvent invisibles au contact des autres. Il les aide \u00e0 se renforcer et \u00e0 devenir plus souples. Pour se sentir plus l\u00e9gitime et avancer plus surement.","rel":"","context":"Article similaire","block_context":{"text":"Article similaire","link":""},"img":{"alt_text":"","src":"https:\/\/i0.wp.com\/artstella-elixirs-floraux.com\/wp-content\/uploads\/2025\/03\/wp-image2051.png?resize=350%2C200&ssl=1","width":350,"height":200},"classes":[]},{"id":4132,"url":"https:\/\/artstella-elixirs-floraux.com\/fr_fr\/produit\/cobre-azulado-sylfos-15ml-pap\/","url_meta":{"origin":3855,"position":5},"title":"COBRE AZULADO SYLFOS 15ML PAP","author":"eveapprill","date":"9 mars 2025","format":false,"excerpt":"COBRE AZULADO Lycaena heteronea L\u00e2cher prise \u2013 Amour inconditionnel - R\u00e9alisation Lors des tensions fortes et \u00e9crasantes. Cet \u00e9lixir permet de rel\u00e2cher les tensions n\u00e9gatives et de r\u00e9cup\u00e9rer la l\u00e9g\u00e8ret\u00e9 et la joie.","rel":"","context":"Article similaire","block_context":{"text":"Article similaire","link":""},"img":{"alt_text":"","src":"https:\/\/i0.wp.com\/artstella-elixirs-floraux.com\/wp-content\/uploads\/2025\/03\/60bbb6c5-cedf-4b1f-a5a8-b6743e80c5b0.jpg?resize=350%2C200&ssl=1","width":350,"height":200,"srcset":"https:\/\/i0.wp.com\/artstella-elixirs-floraux.com\/wp-content\/uploads\/2025\/03\/60bbb6c5-cedf-4b1f-a5a8-b6743e80c5b0.jpg?resize=350%2C200&ssl=1 1x, https:\/\/i0.wp.com\/artstella-elixirs-floraux.com\/wp-content\/uploads\/2025\/03\/60bbb6c5-cedf-4b1f-a5a8-b6743e80c5b0.jpg?resize=525%2C300&ssl=1 1.5x, https:\/\/i0.wp.com\/artstella-elixirs-floraux.com\/wp-content\/uploads\/2025\/03\/60bbb6c5-cedf-4b1f-a5a8-b6743e80c5b0.jpg?resize=700%2C400&ssl=1 2x"},"classes":[]}],"_links":{"self":[{"href":"https:\/\/artstella-elixirs-floraux.com\/fr_fr\/wp-json\/wp\/v2\/product\/3855","targetHints":{"allow":["GET"]}}],"collection":[{"href":"https:\/\/artstella-elixirs-floraux.com\/fr_fr\/wp-json\/wp\/v2\/product"}],"about":[{"href":"https:\/\/artstella-elixirs-floraux.com\/fr_fr\/wp-json\/wp\/v2\/types\/product"}],"version-history":[{"count":0,"href":"https:\/\/artstella-elixirs-floraux.com\/fr_fr\/wp-json\/wp\/v2\/product\/3855\/revisions"}],"wp:featuredmedia":[{"embeddable":true,"href":"https:\/\/artstella-elixirs-floraux.com\/fr_fr\/wp-json\/wp\/v2\/media\/3856"}],"wp:attachment":[{"href":"https:\/\/artstella-elixirs-floraux.com\/fr_fr\/wp-json\/wp\/v2\/media?parent=3855"}],"wp:term":[{"taxonomy":"product_brand","embeddable":true,"href":"https:\/\/artstella-elixirs-floraux.com\/fr_fr\/wp-json\/wp\/v2\/product_brand?post=3855"},{"taxonomy":"product_cat","embeddable":true,"href":"https:\/\/artstella-elixirs-floraux.com\/fr_fr\/wp-json\/wp\/v2\/product_cat?post=3855"},{"taxonomy":"product_tag","embeddable":true,"href":"https:\/\/artstella-elixirs-floraux.com\/fr_fr\/wp-json\/wp\/v2\/product_tag?post=3855"}],"curies":[{"name":"wp","href":"https:\/\/api.w.org\/{rel}","templated":true}]}}