{"id":3879,"date":"2025-03-09T13:17:35","date_gmt":"2025-03-09T13:17:35","guid":{"rendered":"https:\/\/artstella-elixirs-floraux.com\/product\/dauphin-rose-15-ml-phi\/"},"modified":"2025-04-23T11:52:30","modified_gmt":"2025-04-23T11:52:30","slug":"dauphin-rose-15-ml-phi","status":"publish","type":"product","link":"https:\/\/artstella-elixirs-floraux.com\/fr_fr\/produit\/dauphin-rose-15-ml-phi\/","title":{"rendered":"DAUPHIN ROSE 15 ML PHI"},"content":{"rendered":"<p><strong>Le dauphin rose de l\u2019Amazone<\/strong>\u00a0: le plus grand des dauphins de fleuve est tr\u00e8s rare. Sa peau est si fine que les petites veinules roses transparaissent. Il vit dans l\u2019ensemble fluvial de l\u2019Amazone et l\u2019Orenoke, en Am\u00e9rique du Sud. Sa grande souplesse vert\u00e9brale lui permet \u00e0 la saison des crues de se faufiler entre les troncs et les racines de la for\u00eat inond\u00e9e. Il chasse dans l\u2019eau boueuse gr\u00e2ce \u00e0 son sonar tr\u00e8s d\u00e9velopp\u00e9. L\u2019\u00e9lixir de Dauphin rose (15ml et 30ml) relie le c\u0153ur avec la nature. Il connecte avec la sagesse profonde, qui nous permet de comprendre que nous sommes reli\u00e9s avec tous les \u00eatres. Son \u00e9nergie tr\u00e8s douce et tranquille contribue \u00e0 trouver un chemin joyeux d\u2019amour et de tendresse dans la vie.<\/p>\n","protected":false},"excerpt":{"rendered":"<p><strong>Le dauphin rose de l\u2019Amazone<\/strong>\u00a0: <br \/>Le plus grand des dauphins de fleuve est tr\u00e8s rare. Sa peau est si fine que les petites veinules roses transparaissent. Il vit dans l\u2019ensemble fluvial de l\u2019Amazone et l\u2019Orenoke, en Am\u00e9rique du Sud.<\/p>\n","protected":false},"featured_media":3880,"template":"","meta":[],"product_brand":[],"product_cat":[99],"product_tag":[],"class_list":{"0":"post-3879","1":"product","2":"type-product","3":"status-publish","4":"has-post-thumbnail","6":"product_cat-les-elixirs-de-la-mer","8":"first","9":"instock","10":"taxable","11":"shipping-taxable","12":"purchasable","13":"product-type-variable"},"etheme_brands":{"errors":{"invalid_taxonomy":["Taxonomie non valide."]},"error_data":[]},"jetpack_sharing_enabled":true,"jetpack-related-posts":[{"id":5844,"url":"https:\/\/artstella-elixirs-floraux.com\/fr_fr\/produit\/dauphin-de-lamazone-amazone-dolphin-inia-geoffrensis-15ml-phi\/","url_meta":{"origin":3879,"position":0},"title":"Dauphin de l\u2019Amazone (Amazone Dolphin) (Inia geoffrensis) 15ml PHI","author":"eveapprill","date":"9 mars 2025","format":false,"excerpt":"Dauphin de l\u2019Amazone (Amazone Dolphin) (Inia geoffrensis) Cet \u00e9lixir nous aide \u00e0 nous connecter \u00e0 notre coeur et \u00e0 pouvoir \u201cvoir\u201d ainsi par le coeur. Il nous met en relation avec la Nature et la sagesse profonde que tout est connect\u00e9. Le Mananti nous apprend \u00e0 mettre de la joie\u2026","rel":"","context":"Article similaire","block_context":{"text":"Article similaire","link":""},"img":{"alt_text":"","src":"","width":0,"height":0},"classes":[]},{"id":4525,"url":"https:\/\/artstella-elixirs-floraux.com\/fr_fr\/produit\/collier-dauphin-rose-phi\/","url_meta":{"origin":3879,"position":1},"title":"COLLIER DAUPHIN ROSE PHI","author":"eveapprill","date":"9 mars 2025","format":false,"excerpt":"Le pendentif \"Dauphin Rose\" En verre souffl\u00e9 rouge.Apporte une \u00e9nergie de douceur et de tendresse envers soi-m\u00eame. Harmonise les blessures \u00e9motionnelles en soutenant l\u2019\u00e9nergie f\u00e9minine. Il am\u00e9liore le contact avec la nature.","rel":"","context":"Article similaire","block_context":{"text":"Article similaire","link":""},"img":{"alt_text":"","src":"https:\/\/i0.wp.com\/artstella-elixirs-floraux.com\/wp-content\/uploads\/2025\/03\/wp-image1146.png?resize=350%2C200&ssl=1","width":350,"height":200},"classes":[]},{"id":3843,"url":"https:\/\/artstella-elixirs-floraux.com\/fr_fr\/produit\/delph-dauphin-15-ml-phi\/","url_meta":{"origin":3879,"position":2},"title":"DELPH Elixir des Dauphins PHI","author":"eveapprill","date":"9 mars 2025","format":false,"excerpt":"Delph (Tursiops truncatus) Delph est un \u00e9lixir \u00e0 part. Il a pu \u00eatre r\u00e9alis\u00e9 avec l\u2019aide des dauphins dans la mer. existe aussi en spray, en cr\u00e8me et en pendentif","rel":"","context":"Article similaire","block_context":{"text":"Article similaire","link":""},"img":{"alt_text":"","src":"","width":0,"height":0},"classes":[]},{"id":1902,"url":"https:\/\/artstella-elixirs-floraux.com\/fr_fr\/produit\/dauphin-rose-30-ml-phi\/","url_meta":{"origin":3879,"position":3},"title":"DAUPHIN ROSE 30 ML PHI","author":"eveapprill","date":"23 avril 2025","format":false,"excerpt":"","rel":"","context":"Article similaire","block_context":{"text":"Article similaire","link":""},"img":{"alt_text":"","src":"","width":0,"height":0},"classes":[]},{"id":5237,"url":"https:\/\/artstella-elixirs-floraux.com\/fr_fr\/produit\/creme-delph-a-lenergie-des-dauphins\/","url_meta":{"origin":3879,"position":4},"title":"Cr\u00e8me DELPH, \u00e0 l&rsquo;\u00e9nergie des dauphins","author":"eveapprill","date":"9 mars 2025","format":false,"excerpt":"Cr\u00e8me DELPH, \u00e0 l'\u00e9nergie des dauphins La Cr\u00e8me DELPH, \u00e0 l\u2019\u00e9nergie des dauphins. Elle \u00e9quilibre \u00e9nerg\u00e9tiquement la peau et, par son action d\u2019ouverture du c\u0153ur, favorise le bien-\u00eatre. Elle est particuli\u00e8rement recommand\u00e9e pour appliquer un choix d\u2019\u00e9lixirs personnel ou d\u2019huiles essentielles, et comme cr\u00e8me de massage pendant la grossesse.","rel":"","context":"Article similaire","block_context":{"text":"Article similaire","link":""},"img":{"alt_text":"","src":"https:\/\/i0.wp.com\/artstella-elixirs-floraux.com\/wp-content\/uploads\/2025\/03\/cf5e58c7-45d9-4f51-9ba7-60a61f4188bd.jpg?resize=350%2C200&ssl=1","width":350,"height":200,"srcset":"https:\/\/i0.wp.com\/artstella-elixirs-floraux.com\/wp-content\/uploads\/2025\/03\/cf5e58c7-45d9-4f51-9ba7-60a61f4188bd.jpg?resize=350%2C200&ssl=1 1x, https:\/\/i0.wp.com\/artstella-elixirs-floraux.com\/wp-content\/uploads\/2025\/03\/cf5e58c7-45d9-4f51-9ba7-60a61f4188bd.jpg?resize=525%2C300&ssl=1 1.5x, https:\/\/i0.wp.com\/artstella-elixirs-floraux.com\/wp-content\/uploads\/2025\/03\/cf5e58c7-45d9-4f51-9ba7-60a61f4188bd.jpg?resize=700%2C400&ssl=1 2x"},"classes":[]},{"id":6081,"url":"https:\/\/artstella-elixirs-floraux.com\/fr_fr\/produit\/dauphin-de-patagonie\/","url_meta":{"origin":3879,"position":5},"title":"DAUPHIN DE PATAGONIE","author":"eveapprill","date":"9 mars 2025","format":false,"excerpt":"ELIXIR DE DAUPHIN DE PATAGONIE\u00a0: Il est un Ma\u00eetre accompagnant notre cheminement spirituel. Il permet de voir le chemin parcouru. Avec compassion, mais de fa\u00e7on implacable, il met face \u00e0 la r\u00e9alit\u00e9, nous \u00f4tant nos illusions. Lorsque l\u2019on est sinc\u00e8rement dans l\u2019accomplissement et la r\u00e9solution, il nous permet d\u2019\u00e9quilibrer la\u2026","rel":"","context":"Article similaire","block_context":{"text":"Article similaire","link":""},"img":{"alt_text":"","src":"","width":0,"height":0},"classes":[]}],"_links":{"self":[{"href":"https:\/\/artstella-elixirs-floraux.com\/fr_fr\/wp-json\/wp\/v2\/product\/3879","targetHints":{"allow":["GET"]}}],"collection":[{"href":"https:\/\/artstella-elixirs-floraux.com\/fr_fr\/wp-json\/wp\/v2\/product"}],"about":[{"href":"https:\/\/artstella-elixirs-floraux.com\/fr_fr\/wp-json\/wp\/v2\/types\/product"}],"version-history":[{"count":0,"href":"https:\/\/artstella-elixirs-floraux.com\/fr_fr\/wp-json\/wp\/v2\/product\/3879\/revisions"}],"wp:featuredmedia":[{"embeddable":true,"href":"https:\/\/artstella-elixirs-floraux.com\/fr_fr\/wp-json\/wp\/v2\/media\/3880"}],"wp:attachment":[{"href":"https:\/\/artstella-elixirs-floraux.com\/fr_fr\/wp-json\/wp\/v2\/media?parent=3879"}],"wp:term":[{"taxonomy":"product_brand","embeddable":true,"href":"https:\/\/artstella-elixirs-floraux.com\/fr_fr\/wp-json\/wp\/v2\/product_brand?post=3879"},{"taxonomy":"product_cat","embeddable":true,"href":"https:\/\/artstella-elixirs-floraux.com\/fr_fr\/wp-json\/wp\/v2\/product_cat?post=3879"},{"taxonomy":"product_tag","embeddable":true,"href":"https:\/\/artstella-elixirs-floraux.com\/fr_fr\/wp-json\/wp\/v2\/product_tag?post=3879"}],"curies":[{"name":"wp","href":"https:\/\/api.w.org\/{rel}","templated":true}]}}