{"id":3908,"date":"2025-03-09T13:18:02","date_gmt":"2025-03-09T13:18:02","guid":{"rendered":"https:\/\/artstella-elixirs-floraux.com\/product\/ours-a-e-15-ml-phi\/"},"modified":"2025-04-23T11:49:57","modified_gmt":"2025-04-23T11:49:57","slug":"ours-a-e-15-ml-phi","status":"publish","type":"product","link":"https:\/\/artstella-elixirs-floraux.com\/fr_fr\/produit\/ours-a-e-15-ml-phi\/","title":{"rendered":"OURS A.E 15 ML PHI"},"content":{"rendered":"","protected":false},"excerpt":{"rendered":"<p><strong><em>Ours (Ursus arctos) B\u00e4r <\/em><\/strong>apporte force et bont\u00e9. Il renforce de telles pens\u00e9es et am\u00e9liore la communication comme la tendresse. Gr\u00e2ce \u00e0 la sensation de s\u00e9curit\u00e9, nous nous sentons prot\u00e9g\u00e9s.<strong><em><\/em><\/strong><\/p>\n","protected":false},"featured_media":3909,"template":"","meta":[],"product_brand":[],"product_cat":[137],"product_tag":[],"class_list":{"0":"post-3908","1":"product","2":"type-product","3":"status-publish","4":"has-post-thumbnail","6":"product_cat-les-elixirs-d-animlaux-europeens","8":"first","9":"instock","10":"taxable","11":"shipping-taxable","12":"purchasable","13":"product-type-simple"},"etheme_brands":{"errors":{"invalid_taxonomy":["Taxonomie non valide."]},"error_data":[]},"jetpack_sharing_enabled":true,"jetpack-related-posts":[{"id":3285,"url":"https:\/\/artstella-elixirs-floraux.com\/fr_fr\/produit\/ail-des-ours-15-ml-phi\/","url_meta":{"origin":3908,"position":0},"title":"AIL DES OURS 15 ML PHI","author":"eveapprill","date":"9 mars 2025","format":false,"excerpt":"Ail des ours (Allium ursinum (B\u00e4rlauch) Stimule \u00e9nerg\u00e9tiquement la digestion. Il aide \u00e0 nous d\u00e9barrasser des surcharges et \u00e0 sortir de l'inertie avec une force vitale renouvel\u00e9e.","rel":"","context":"Article similaire","block_context":{"text":"Article similaire","link":""},"img":{"alt_text":"","src":"https:\/\/i0.wp.com\/artstella-elixirs-floraux.com\/wp-content\/uploads\/2025\/03\/wp-image682.png?resize=350%2C200&ssl=1","width":350,"height":200},"classes":[]},{"id":4201,"url":"https:\/\/artstella-elixirs-floraux.com\/fr_fr\/produit\/bear-ours-wea-30-ml\/","url_meta":{"origin":3908,"position":1},"title":"BEAR\/OURS WEA 30 ML","author":"eveapprill","date":"9 mars 2025","format":false,"excerpt":"Bear (ours) Aide \u00e0 incuber les id\u00e9es, plans et r\u00eaves et \u00e0 les concr\u00e9tiser. Pour se mettre en contact avec le pouvoir de son propre inconscient et cultiver la force, l\u2019ancrage et le pouvoir.","rel":"","context":"Article similaire","block_context":{"text":"Article similaire","link":""},"img":{"alt_text":"","src":"https:\/\/i0.wp.com\/artstella-elixirs-floraux.com\/wp-content\/uploads\/2025\/03\/wp-image2247.png?resize=350%2C200&ssl=1","width":350,"height":200,"srcset":"https:\/\/i0.wp.com\/artstella-elixirs-floraux.com\/wp-content\/uploads\/2025\/03\/wp-image2247.png?resize=350%2C200&ssl=1 1x, https:\/\/i0.wp.com\/artstella-elixirs-floraux.com\/wp-content\/uploads\/2025\/03\/wp-image2247.png?resize=525%2C300&ssl=1 1.5x, https:\/\/i0.wp.com\/artstella-elixirs-floraux.com\/wp-content\/uploads\/2025\/03\/wp-image2247.png?resize=700%2C400&ssl=1 2x, https:\/\/i0.wp.com\/artstella-elixirs-floraux.com\/wp-content\/uploads\/2025\/03\/wp-image2247.png?resize=1050%2C600&ssl=1 3x"},"classes":[]},{"id":1936,"url":"https:\/\/artstella-elixirs-floraux.com\/fr_fr\/produit\/ours-a-lunette-15ml-phi\/","url_meta":{"origin":3908,"position":2},"title":"OURS A LUNETTE 15ML PHI","author":"eveapprill","date":"27 mai 2025","format":false,"excerpt":"","rel":"","context":"Article similaire","block_context":{"text":"Article similaire","link":""},"img":{"alt_text":"","src":"","width":0,"height":0},"classes":[]},{"id":4253,"url":"https:\/\/artstella-elixirs-floraux.com\/fr_fr\/produit\/polar-bear-ours-polaire-wea-30-ml\/","url_meta":{"origin":3908,"position":3},"title":"POLAR BEAR\/OURS POLAIRE WEA 30 ML","author":"eveapprill","date":"9 mars 2025","format":false,"excerpt":"Polar Bear (ours polaire) Nous aide \u00e0 aller de l\u2019avant de fa\u00e7on tr\u00e8s ancr\u00e9e. Favorise l\u2019int\u00e9gration de l\u2019ancrage et de l\u2019action. Pour renforcer notre exp\u00e9rience de l\u2019ancrage et du pouvoir au long de notre qu\u00eate et chemin spirituels.","rel":"","context":"Article similaire","block_context":{"text":"Article similaire","link":""},"img":{"alt_text":"","src":"https:\/\/i0.wp.com\/artstella-elixirs-floraux.com\/wp-content\/uploads\/2025\/03\/wp-image2270.png?resize=350%2C200&ssl=1","width":350,"height":200,"srcset":"https:\/\/i0.wp.com\/artstella-elixirs-floraux.com\/wp-content\/uploads\/2025\/03\/wp-image2270.png?resize=350%2C200&ssl=1 1x, https:\/\/i0.wp.com\/artstella-elixirs-floraux.com\/wp-content\/uploads\/2025\/03\/wp-image2270.png?resize=525%2C300&ssl=1 1.5x, https:\/\/i0.wp.com\/artstella-elixirs-floraux.com\/wp-content\/uploads\/2025\/03\/wp-image2270.png?resize=700%2C400&ssl=1 2x"},"classes":[]},{"id":5824,"url":"https:\/\/artstella-elixirs-floraux.com\/fr_fr\/produit\/ours-a-lunettes-spectacled-bear-tremarctos-ornatus15-ml-phi\/","url_meta":{"origin":3908,"position":4},"title":"Ours \u00e0 lunettes &#8211; Spectacled Bear (Tremarctos ornatus)15 ml PHI","author":"eveapprill","date":"9 mars 2025","format":false,"excerpt":"Ours \u00e0 lunettes - Spectacled Bear\u00a0(Tremarctos ornatus) Cet \u00e9lixir renforce et ouvre le c\u0153ur. Nous apprenons \u00e0 donner et \u00e0 recevoir de fa\u00e7on inconditionnelle. Nous pouvons \u00e9galement d\u00e9velopper plus de confiance en nous et ainsi faire face plus facilement aux situations nouvelles, aux changements dans nos vies en nous sentant\u2026","rel":"","context":"Article similaire","block_context":{"text":"Article similaire","link":""},"img":{"alt_text":"","src":"","width":0,"height":0},"classes":[]},{"id":4880,"url":"https:\/\/artstella-elixirs-floraux.com\/fr_fr\/produit\/blue-poppy-alaskan-sup\/","url_meta":{"origin":3908,"position":5},"title":"BLUE POPPY ALASKAN SUP","author":"eveapprill","date":"9 mars 2025","format":false,"excerpt":"BLUE POPPY Indications: weak or dysfunctional connection between the spiritual and sexual aspects of self; lack of balance between the inner male and female.","rel":"","context":"Article similaire","block_context":{"text":"Article similaire","link":""},"img":{"alt_text":"","src":"https:\/\/i0.wp.com\/artstella-elixirs-floraux.com\/wp-content\/uploads\/2025\/03\/wp-image1375.png?resize=350%2C200&ssl=1","width":350,"height":200},"classes":[]}],"_links":{"self":[{"href":"https:\/\/artstella-elixirs-floraux.com\/fr_fr\/wp-json\/wp\/v2\/product\/3908","targetHints":{"allow":["GET"]}}],"collection":[{"href":"https:\/\/artstella-elixirs-floraux.com\/fr_fr\/wp-json\/wp\/v2\/product"}],"about":[{"href":"https:\/\/artstella-elixirs-floraux.com\/fr_fr\/wp-json\/wp\/v2\/types\/product"}],"version-history":[{"count":0,"href":"https:\/\/artstella-elixirs-floraux.com\/fr_fr\/wp-json\/wp\/v2\/product\/3908\/revisions"}],"wp:featuredmedia":[{"embeddable":true,"href":"https:\/\/artstella-elixirs-floraux.com\/fr_fr\/wp-json\/wp\/v2\/media\/3909"}],"wp:attachment":[{"href":"https:\/\/artstella-elixirs-floraux.com\/fr_fr\/wp-json\/wp\/v2\/media?parent=3908"}],"wp:term":[{"taxonomy":"product_brand","embeddable":true,"href":"https:\/\/artstella-elixirs-floraux.com\/fr_fr\/wp-json\/wp\/v2\/product_brand?post=3908"},{"taxonomy":"product_cat","embeddable":true,"href":"https:\/\/artstella-elixirs-floraux.com\/fr_fr\/wp-json\/wp\/v2\/product_cat?post=3908"},{"taxonomy":"product_tag","embeddable":true,"href":"https:\/\/artstella-elixirs-floraux.com\/fr_fr\/wp-json\/wp\/v2\/product_tag?post=3908"}],"curies":[{"name":"wp","href":"https:\/\/api.w.org\/{rel}","templated":true}]}}