{"id":3928,"date":"2025-03-09T13:18:29","date_gmt":"2025-03-09T13:18:29","guid":{"rendered":"https:\/\/artstella-elixirs-floraux.com\/product\/bouquetin-a-e-phi-15-ml\/"},"modified":"2025-04-23T11:48:57","modified_gmt":"2025-04-23T11:48:57","slug":"bouquetin-a-e-phi-15-ml","status":"publish","type":"product","link":"https:\/\/artstella-elixirs-floraux.com\/fr_fr\/produit\/bouquetin-a-e-phi-15-ml\/","title":{"rendered":"BOUQUETIN A.E PHI 15 ML"},"content":{"rendered":"<p><strong><em>Bouquetin (Carpa ibex) Steinbock <\/em><\/strong>aide \u00e0 se regarder et \u00e0 d\u00e9velopper la chaleur du c\u0153ur. Pour ne pas se laisser diriger seulement par le plexus solaire et pour r\u00e9ussir \u00e0 voir, si cela n\u2019est pas encore le cas, que tout est donn\u00e9 en abondance. Il d\u00e9veloppe douceur et tendresse. Il nous aide, quand nous nous sentons trop rapidement bless\u00e9s \u00e0 \u00eatre plus large d\u2019esprit et tol\u00e9rant. <strong><em><\/em><\/strong><\/p>\n","protected":false},"excerpt":{"rendered":"<p><strong><em>Bouquetin (Carpa ibex) Steinbock <\/em><\/strong>aide \u00e0 se regarder et \u00e0 d\u00e9velopper la chaleur du c\u0153ur.<\/p>\n","protected":false},"featured_media":3929,"template":"","meta":[],"product_brand":[],"product_cat":[137],"product_tag":[],"class_list":{"0":"post-3928","1":"product","2":"type-product","3":"status-publish","4":"has-post-thumbnail","6":"product_cat-les-elixirs-d-animlaux-europeens","8":"first","9":"instock","10":"taxable","11":"shipping-taxable","12":"purchasable","13":"product-type-simple"},"etheme_brands":{"errors":{"invalid_taxonomy":["Taxonomie non valide."]},"error_data":[]},"jetpack_sharing_enabled":true,"jetpack-related-posts":[{"id":4561,"url":"https:\/\/artstella-elixirs-floraux.com\/fr_fr\/produit\/coffret-20-elixirs-danimaux-europeens\/","url_meta":{"origin":3928,"position":0},"title":"COFFRET 20 \u00e9lixirs d&rsquo;ANIMAUX EUROPEENS","author":"eveapprill","date":"9 mars 2025","format":false,"excerpt":"Contient 20 \u00e9lixirs d'animaux europ\u00e9ens. Ours, Salamandre, Grenouille, Lapin, Libellule, Papillon de Nuit, Paon, Cheval, Chevreuil, Boeuf, Mouton, Papillon, Cygne, Phoque, Araign\u00e9e, Bouquetin, Cigogne, Grand duc, Bison, Loup","rel":"","context":"Article similaire","block_context":{"text":"Article similaire","link":""},"img":{"alt_text":"","src":"https:\/\/i0.wp.com\/artstella-elixirs-floraux.com\/wp-content\/uploads\/2025\/03\/wp-image1163.png?resize=350%2C200&ssl=1","width":350,"height":200,"srcset":"https:\/\/i0.wp.com\/artstella-elixirs-floraux.com\/wp-content\/uploads\/2025\/03\/wp-image1163.png?resize=350%2C200&ssl=1 1x, https:\/\/i0.wp.com\/artstella-elixirs-floraux.com\/wp-content\/uploads\/2025\/03\/wp-image1163.png?resize=525%2C300&ssl=1 1.5x, https:\/\/i0.wp.com\/artstella-elixirs-floraux.com\/wp-content\/uploads\/2025\/03\/wp-image1163.png?resize=700%2C400&ssl=1 2x"},"classes":[]},{"id":5112,"url":"https:\/\/artstella-elixirs-floraux.com\/fr_fr\/produit\/vesuvianite-7-5-ml-alas-gem-sup\/","url_meta":{"origin":3928,"position":1},"title":"VESUVIANITE 7.5 ML ALAS GEM SUP","author":"eveapprill","date":"9 mars 2025","format":false,"excerpt":"Vesuvianite - V\u00e9suvianite Indications: d\u00e9sincarn\u00e9; solitaire; difficult\u00e9 \u00e0 maintenir des relations amoureuses positives et centr\u00e9es dans le c\u0153ur; manque de confiance \u00e0 se croire capable de cr\u00e9er la vie que l\u2019on d\u00e9sire.","rel":"","context":"Article similaire","block_context":{"text":"Article similaire","link":""},"img":{"alt_text":"Les Elixirs de gemmes","src":"https:\/\/i0.wp.com\/artstella-elixirs-floraux.com\/wp-content\/uploads\/2025\/03\/wp-image1421.png?resize=350%2C200&ssl=1","width":350,"height":200},"classes":[]},{"id":5160,"url":"https:\/\/artstella-elixirs-floraux.com\/fr_fr\/produit\/corail-de-feu-millepora-dichotoma-feuerkoralle\/","url_meta":{"origin":3928,"position":2},"title":"Corail de feu (Millepora dichotoma) Feuerkoralle","author":"eveapprill","date":"9 mars 2025","format":false,"excerpt":"Corail de feu\u00a0\u00a0 (Millepora dichotoma) Feuerkoralle\u00a0\u00a0 Cet \u00e9lixir exerce une action \u00e9nerg\u00e9tique sur la peau. Il soutient en cas d\u2019hypersensibilit\u00e9, de r\u00e9actions conditionn\u00e9es ou de r\u00e9pulsions.","rel":"","context":"Article similaire","block_context":{"text":"Article similaire","link":""},"img":{"alt_text":"","src":"","width":0,"height":0},"classes":[]},{"id":5452,"url":"https:\/\/artstella-elixirs-floraux.com\/fr_fr\/produit\/digitale-foxglove-vingerhoedskruid-10ml\/","url_meta":{"origin":3928,"position":3},"title":"Digitale &#8211; Foxglove- VINGERHOEDSKRUID 10ml","author":"eveapprill","date":"9 mars 2025","format":false,"excerpt":"Digitale \/ Digitalis purpurea (foxglove) Pour d\u00e9passer le mental. Facilite les processus mentaux et permet de recontacter le c\u0153ur. Nous aide \u00e0 nous lib\u00e9rer de sch\u00e9mas de comportements que nous pensons devoir avoir.","rel":"","context":"Article similaire","block_context":{"text":"Article similaire","link":""},"img":{"alt_text":"","src":"","width":0,"height":0},"classes":[]},{"id":4412,"url":"https:\/\/artstella-elixirs-floraux.com\/fr_fr\/produit\/loving-child-lamour-enfantin\/","url_meta":{"origin":3928,"position":4},"title":"Loving Child &#8211; L&rsquo;amour enfantin WEAE 30ml","author":"eveapprill","date":"9 mars 2025","format":false,"excerpt":"Loving Child (l'amour enfantin) L'amour Enfantin est une ressource unique con\u00e7ue pour aider les enfants \u00e0 ressentir et \u00e0 exprimer l'amour dans tous les aspects de leur vie.","rel":"","context":"Article similaire","block_context":{"text":"Article similaire","link":""},"img":{"alt_text":"","src":"https:\/\/i0.wp.com\/artstella-elixirs-floraux.com\/wp-content\/uploads\/2025\/03\/092b058c-0517-4bc8-8049-d757b3d14f3e.webp?resize=350%2C200&ssl=1","width":350,"height":200,"srcset":"https:\/\/i0.wp.com\/artstella-elixirs-floraux.com\/wp-content\/uploads\/2025\/03\/092b058c-0517-4bc8-8049-d757b3d14f3e.webp?resize=350%2C200&ssl=1 1x, https:\/\/i0.wp.com\/artstella-elixirs-floraux.com\/wp-content\/uploads\/2025\/03\/092b058c-0517-4bc8-8049-d757b3d14f3e.webp?resize=525%2C300&ssl=1 1.5x, https:\/\/i0.wp.com\/artstella-elixirs-floraux.com\/wp-content\/uploads\/2025\/03\/092b058c-0517-4bc8-8049-d757b3d14f3e.webp?resize=700%2C400&ssl=1 2x"},"classes":[]},{"id":3157,"url":"https:\/\/artstella-elixirs-floraux.com\/fr_fr\/produit\/rose-pimprenelle-phi-15-ml\/","url_meta":{"origin":3928,"position":5},"title":"ROSE PIMPRENELLE PHI 15 ML","author":"eveapprill","date":"9 mars 2025","format":false,"excerpt":"Rose Pimprenelle (Rosa spinosissima) Agit de mani\u00e8re harmonisante au niveau du plexus solaire et du chakra du c\u0153ur. Nous apprenons \u00e0 prendre de la distance et \u00e0 \u00eatre plus d\u00e9tendus. Cette rose permet au c\u0153ur de ressentir, mais non de se d\u00e9velopper. Elle apporte la chaleur du c\u0153ur et la\u2026","rel":"","context":"Article similaire","block_context":{"text":"Article similaire","link":""},"img":{"alt_text":"","src":"https:\/\/i0.wp.com\/artstella-elixirs-floraux.com\/wp-content\/uploads\/2025\/03\/wp-image400.png?resize=350%2C200&ssl=1","width":350,"height":200},"classes":[]}],"_links":{"self":[{"href":"https:\/\/artstella-elixirs-floraux.com\/fr_fr\/wp-json\/wp\/v2\/product\/3928","targetHints":{"allow":["GET"]}}],"collection":[{"href":"https:\/\/artstella-elixirs-floraux.com\/fr_fr\/wp-json\/wp\/v2\/product"}],"about":[{"href":"https:\/\/artstella-elixirs-floraux.com\/fr_fr\/wp-json\/wp\/v2\/types\/product"}],"version-history":[{"count":0,"href":"https:\/\/artstella-elixirs-floraux.com\/fr_fr\/wp-json\/wp\/v2\/product\/3928\/revisions"}],"wp:featuredmedia":[{"embeddable":true,"href":"https:\/\/artstella-elixirs-floraux.com\/fr_fr\/wp-json\/wp\/v2\/media\/3929"}],"wp:attachment":[{"href":"https:\/\/artstella-elixirs-floraux.com\/fr_fr\/wp-json\/wp\/v2\/media?parent=3928"}],"wp:term":[{"taxonomy":"product_brand","embeddable":true,"href":"https:\/\/artstella-elixirs-floraux.com\/fr_fr\/wp-json\/wp\/v2\/product_brand?post=3928"},{"taxonomy":"product_cat","embeddable":true,"href":"https:\/\/artstella-elixirs-floraux.com\/fr_fr\/wp-json\/wp\/v2\/product_cat?post=3928"},{"taxonomy":"product_tag","embeddable":true,"href":"https:\/\/artstella-elixirs-floraux.com\/fr_fr\/wp-json\/wp\/v2\/product_tag?post=3928"}],"curies":[{"name":"wp","href":"https:\/\/api.w.org\/{rel}","templated":true}]}}