{"id":3930,"date":"2025-03-09T13:18:30","date_gmt":"2025-03-09T13:18:30","guid":{"rendered":"https:\/\/artstella-elixirs-floraux.com\/product\/cigogne-a-e-phi-15-ml\/"},"modified":"2025-04-23T11:48:57","modified_gmt":"2025-04-23T11:48:57","slug":"cigogne-a-e-phi-15-ml","status":"publish","type":"product","link":"https:\/\/artstella-elixirs-floraux.com\/fr_fr\/produit\/cigogne-a-e-phi-15-ml\/","title":{"rendered":"CIGOGNE A.E PHI 15 ML"},"content":{"rendered":"<p><strong><em>Cigogne (Ciconia ciconia) Storch <\/em><\/strong>convient aux personnes stress\u00e9es et dispers\u00e9es, qui ont besoin de calme. Il aide au recentrage et \u00e0 l\u2019apaisement. Il nous donne la possibilit\u00e9 d\u2019activer notre enfant int\u00e9rieur et \u00e0 red\u00e9velopper la joie et l\u2019attente joyeuse. Nous apprenons \u00e0 voir les choses autrement, avec des yeux neufs.<\/p>\n","protected":false},"excerpt":{"rendered":"<p><strong><em>Cigogne (Ciconia ciconia) Storch <\/em><\/strong>convient aux personnes stress\u00e9es et dispers\u00e9es, qui ont besoin de calme.<\/p>\n","protected":false},"featured_media":3931,"template":"","meta":[],"product_brand":[],"product_cat":[137],"product_tag":[],"class_list":{"0":"post-3930","1":"product","2":"type-product","3":"status-publish","4":"has-post-thumbnail","6":"product_cat-les-elixirs-d-animlaux-europeens","8":"first","9":"instock","10":"taxable","11":"shipping-taxable","12":"purchasable","13":"product-type-simple"},"etheme_brands":{"errors":{"invalid_taxonomy":["Taxonomie non valide."]},"error_data":[]},"jetpack_sharing_enabled":true,"jetpack-related-posts":[{"id":3942,"url":"https:\/\/artstella-elixirs-floraux.com\/fr_fr\/produit\/singe-phi-15-ml\/","url_meta":{"origin":3930,"position":0},"title":"SINGE PHI 15 ML","author":"eveapprill","date":"9 mars 2025","format":false,"excerpt":"Singe (Ceropithecus aethiops) aide les personnes dispers\u00e9es qui ont du mal \u00e0 se concentrer. Il convient \u00e0 des personnes qui ont des probl\u00e8mes avec le groupe pour int\u00e9grer les r\u00e8gles de comportement.","rel":"","context":"Article similaire","block_context":{"text":"Article similaire","link":""},"img":{"alt_text":"","src":"","width":0,"height":0},"classes":[]},{"id":3940,"url":"https:\/\/artstella-elixirs-floraux.com\/fr_fr\/produit\/lamantin-15-ml-phi\/","url_meta":{"origin":3930,"position":1},"title":"LAMANTIN 15 ML PHI","author":"eveapprill","date":"27 mai 2025","format":false,"excerpt":"Lamantin Amazonas-Seekuh (Trichechus inunguis) Leur faci\u00e8s large leur vaut parfois le surnom de \u00ab\u00a0vaches de mer\u00a0\u00bb ou \u00ab\u00a0vaches marines\u00a0\u00bb.","rel":"","context":"Article similaire","block_context":{"text":"Article similaire","link":""},"img":{"alt_text":"","src":"","width":0,"height":0},"classes":[]},{"id":5864,"url":"https:\/\/artstella-elixirs-floraux.com\/fr_fr\/produit\/lamantin-de-lamazonie-amazone-manati-trichechus-inunguis-15ml-phi\/","url_meta":{"origin":3930,"position":2},"title":"Lamantin de l\u2019Amazonie &#8211; Amazone Manati (Trichechus inunguis) 15ml PHI","author":"eveapprill","date":"9 mars 2025","format":false,"excerpt":"Lamantin de l\u2019Amazonie - Amazone Manati (Trichechus inunguis)\u00a0 Cet \u00e9lixir nous apporte calme et repos. Il est recommand\u00e9 aux personn\u00e9es stress\u00e9es pour retrouver le calme et l\u2019harmonie int\u00e9rieure. Nous pouvons trouver \u00e9quilibre et harmonie avec la nature.","rel":"","context":"Article similaire","block_context":{"text":"Article similaire","link":""},"img":{"alt_text":"","src":"","width":0,"height":0},"classes":[]},{"id":6359,"url":"https:\/\/artstella-elixirs-floraux.com\/fr_fr\/produit\/creme-ocean-par-phi\/","url_meta":{"origin":3930,"position":3},"title":"Cr\u00e8me \u00ab\u00a0Oc\u00e9an\u00a0\u00bb par PHI","author":"eveapprill","date":"9 mars 2025","format":false,"excerpt":"Pour les peaux stress\u00e9es. Cette cr\u00e8me aide la peau \u00e0 se r\u00e9g\u00e9n\u00e9rer. Elle est produite en Europe, ne contient pas de parab\u00e8nes, et est trait\u00e9e par luminoth\u00e9rapie holistique lors de la production. 60 grammes.","rel":"","context":"Article similaire","block_context":{"text":"Article similaire","link":""},"img":{"alt_text":"","src":"https:\/\/i0.wp.com\/artstella-elixirs-floraux.com\/wp-content\/uploads\/2025\/03\/wp-image2365.png?resize=350%2C200&ssl=1","width":350,"height":200,"srcset":"https:\/\/i0.wp.com\/artstella-elixirs-floraux.com\/wp-content\/uploads\/2025\/03\/wp-image2365.png?resize=350%2C200&ssl=1 1x, https:\/\/i0.wp.com\/artstella-elixirs-floraux.com\/wp-content\/uploads\/2025\/03\/wp-image2365.png?resize=525%2C300&ssl=1 1.5x, https:\/\/i0.wp.com\/artstella-elixirs-floraux.com\/wp-content\/uploads\/2025\/03\/wp-image2365.png?resize=700%2C400&ssl=1 2x"},"classes":[]},{"id":4979,"url":"https:\/\/artstella-elixirs-floraux.com\/fr_fr\/produit\/red-elder-alaskan-f-sup\/","url_meta":{"origin":3930,"position":4},"title":"RED ELDER ALASKAN F SUP","author":"eveapprill","date":"9 mars 2025","format":false,"excerpt":"Red Elder Sambucus racemosa Sureau de montagne Indications\u00a0: sensation de manque d\u2019enracinement et de soutien dans le monde physique\u00a0; concentration troubl\u00e9e et dispers\u00e9e.","rel":"","context":"Article similaire","block_context":{"text":"Article similaire","link":""},"img":{"alt_text":"","src":"","width":0,"height":0},"classes":[]},{"id":3958,"url":"https:\/\/artstella-elixirs-floraux.com\/fr_fr\/produit\/autruche-15-ml-phi\/","url_meta":{"origin":3930,"position":5},"title":"AUTRUCHE 15 ML PHI","author":"eveapprill","date":"9 mars 2025","format":false,"excerpt":"Autruche (Struthius camelus) Cet \u00e9lixir convient aux personnes qui ont tendance \u00e0 ne jamais faire les choses directement.","rel":"","context":"Article similaire","block_context":{"text":"Article similaire","link":""},"img":{"alt_text":"","src":"","width":0,"height":0},"classes":[]}],"_links":{"self":[{"href":"https:\/\/artstella-elixirs-floraux.com\/fr_fr\/wp-json\/wp\/v2\/product\/3930","targetHints":{"allow":["GET"]}}],"collection":[{"href":"https:\/\/artstella-elixirs-floraux.com\/fr_fr\/wp-json\/wp\/v2\/product"}],"about":[{"href":"https:\/\/artstella-elixirs-floraux.com\/fr_fr\/wp-json\/wp\/v2\/types\/product"}],"version-history":[{"count":0,"href":"https:\/\/artstella-elixirs-floraux.com\/fr_fr\/wp-json\/wp\/v2\/product\/3930\/revisions"}],"wp:featuredmedia":[{"embeddable":true,"href":"https:\/\/artstella-elixirs-floraux.com\/fr_fr\/wp-json\/wp\/v2\/media\/3931"}],"wp:attachment":[{"href":"https:\/\/artstella-elixirs-floraux.com\/fr_fr\/wp-json\/wp\/v2\/media?parent=3930"}],"wp:term":[{"taxonomy":"product_brand","embeddable":true,"href":"https:\/\/artstella-elixirs-floraux.com\/fr_fr\/wp-json\/wp\/v2\/product_brand?post=3930"},{"taxonomy":"product_cat","embeddable":true,"href":"https:\/\/artstella-elixirs-floraux.com\/fr_fr\/wp-json\/wp\/v2\/product_cat?post=3930"},{"taxonomy":"product_tag","embeddable":true,"href":"https:\/\/artstella-elixirs-floraux.com\/fr_fr\/wp-json\/wp\/v2\/product_tag?post=3930"}],"curies":[{"name":"wp","href":"https:\/\/api.w.org\/{rel}","templated":true}]}}