{"id":3934,"date":"2025-03-09T13:18:32","date_gmt":"2025-03-09T13:18:32","guid":{"rendered":"https:\/\/artstella-elixirs-floraux.com\/product\/bison-a-e-15-ml-phi\/"},"modified":"2025-04-23T11:48:54","modified_gmt":"2025-04-23T11:48:54","slug":"bison-a-e-15-ml-phi","status":"publish","type":"product","link":"https:\/\/artstella-elixirs-floraux.com\/fr_fr\/produit\/bison-a-e-15-ml-phi\/","title":{"rendered":"BISON A.E 15 ML PHI"},"content":{"rendered":"<p><strong><em>Bison (Bison bonasus) Bisent <\/em><\/strong>contient une grande sagesse. Il nous aide \u00e0 tirer des le\u00e7ons de nos exp\u00e9riences pour l\u2019avenir. Il nous aide \u00e0 comprendre qu\u2019il est pr\u00e9f\u00e9rable d\u2019agir avec prudence et r\u00e9flexion, de voir d\u2019abord les choses de loin, plut\u00f4t que de s\u2019y cogner la t\u00eate.<\/p>\n","protected":false},"excerpt":{"rendered":"<p><strong><em>Bison (Bison bonasus) Bisent <\/em><\/strong>contient une grande sagesse. Il nous aide \u00e0 tirer des le\u00e7ons de nos exp\u00e9riences pour l\u2019avenir.<\/p>\n","protected":false},"featured_media":3935,"template":"","meta":[],"product_brand":[],"product_cat":[137],"product_tag":[],"class_list":{"0":"post-3934","1":"product","2":"type-product","3":"status-publish","4":"has-post-thumbnail","6":"product_cat-les-elixirs-d-animlaux-europeens","8":"first","9":"instock","10":"taxable","11":"shipping-taxable","12":"purchasable","13":"product-type-simple"},"etheme_brands":{"errors":{"invalid_taxonomy":["Taxonomie non valide."]},"error_data":[]},"jetpack_sharing_enabled":true,"jetpack-related-posts":[{"id":4561,"url":"https:\/\/artstella-elixirs-floraux.com\/fr_fr\/produit\/coffret-20-elixirs-danimaux-europeens\/","url_meta":{"origin":3934,"position":0},"title":"COFFRET 20 \u00e9lixirs d&rsquo;ANIMAUX EUROPEENS","author":"eveapprill","date":"9 mars 2025","format":false,"excerpt":"Contient 20 \u00e9lixirs d'animaux europ\u00e9ens. Ours, Salamandre, Grenouille, Lapin, Libellule, Papillon de Nuit, Paon, Cheval, Chevreuil, Boeuf, Mouton, Papillon, Cygne, Phoque, Araign\u00e9e, Bouquetin, Cigogne, Grand duc, Bison, Loup","rel":"","context":"Article similaire","block_context":{"text":"Article similaire","link":""},"img":{"alt_text":"","src":"https:\/\/i0.wp.com\/artstella-elixirs-floraux.com\/wp-content\/uploads\/2025\/03\/wp-image1163.png?resize=350%2C200&ssl=1","width":350,"height":200,"srcset":"https:\/\/i0.wp.com\/artstella-elixirs-floraux.com\/wp-content\/uploads\/2025\/03\/wp-image1163.png?resize=350%2C200&ssl=1 1x, https:\/\/i0.wp.com\/artstella-elixirs-floraux.com\/wp-content\/uploads\/2025\/03\/wp-image1163.png?resize=525%2C300&ssl=1 1.5x, https:\/\/i0.wp.com\/artstella-elixirs-floraux.com\/wp-content\/uploads\/2025\/03\/wp-image1163.png?resize=700%2C400&ssl=1 2x"},"classes":[]},{"id":2082,"url":"https:\/\/artstella-elixirs-floraux.com\/fr_fr\/produit\/black-spruce-alaskan\/","url_meta":{"origin":3934,"position":1},"title":"Black Spruce Alaskan","author":"eveapprill","date":"9 mars 2025","format":false,"excerpt":"BLACK SPRUCE ALASKA Conceptions \u00e9troites de la vie ; tendance \u00e0 oublier les le\u00e7ons des exp\u00e9riences pass\u00e9es. Permet une int\u00e9gration de l'information cl\u00e9s mais le son y exp\u00e9rience du pass\u00e9. Pour acc\u00e9der \u00e0 la sagesse \u00e9ternelle et arch\u00e9type de la conscience collective de la terre.","rel":"","context":"Article similaire","block_context":{"text":"Article similaire","link":""},"img":{"alt_text":"","src":"https:\/\/i0.wp.com\/artstella-elixirs-floraux.com\/wp-content\/uploads\/2025\/03\/wp-image40-1.webp?resize=350%2C200&ssl=1","width":350,"height":200},"classes":[]},{"id":12277,"url":"https:\/\/artstella-elixirs-floraux.com\/fr_fr\/produit\/12-orchidee-de-la-sagesse-lycaste-longipetala-sylfos\/","url_meta":{"origin":3934,"position":2},"title":"12. ORCHID\u00c9E DE LA SAGESSE Lycaste longipetala Sylfos","author":"eveapprill","date":"13 mars 2026","format":false,"excerpt":"\u00c9lixir de\u00a0discernement sup\u00e9rieur et de compr\u00e9hension spirituelle. Aide \u00e0 d\u00e9couvrir le but de l\u2019\u00e2me, clarifie l\u2019esprit et ouvre l\u2019acc\u00e8s \u00e0 la sagesse int\u00e9rieure.","rel":"","context":"Article similaire","block_context":{"text":"Article similaire","link":""},"img":{"alt_text":"","src":"https:\/\/i0.wp.com\/artstella-elixirs-floraux.com\/wp-content\/uploads\/2026\/03\/12_sabiduria_-WEB.png?resize=350%2C200&ssl=1","width":350,"height":200},"classes":[]},{"id":2418,"url":"https:\/\/artstella-elixirs-floraux.com\/fr_fr\/produit\/augustine-volcano\/","url_meta":{"origin":3934,"position":3},"title":"AUGUSTINE VOLCANO &#8211; Volcan Augustine","author":"eveapprill","date":"9 mars 2025","format":false,"excerpt":"AUGUSTINE VOLCANO - Volcan Augustine L\u2019\u00e9lixir nous aide \u00e0 lib\u00e9rer de fa\u00e7on positive nos \u00e9nergies bloqu\u00e9es ainsi que nos \u00e9motions non exprim\u00e9es.\u00a0 Il peut nous aider \u00e0 prendre contact avec ce qui n\u2019est pas encore r\u00e9solu en nous afin de l\u2019exprimer. La principale le\u00e7on de cette essence est de consid\u00e9rer\u2026","rel":"","context":"Article similaire","block_context":{"text":"Article similaire","link":""},"img":{"alt_text":"","src":"https:\/\/i0.wp.com\/artstella-elixirs-floraux.com\/wp-content\/uploads\/2025\/03\/Augustine_Volcano_1024x1024.jpg?resize=350%2C200&ssl=1","width":350,"height":200},"classes":[]},{"id":12241,"url":"https:\/\/artstella-elixirs-floraux.com\/fr_fr\/produit\/3-orchidee-de-la-connaissance-arundina-graminifolia-sylfos\/","url_meta":{"origin":3934,"position":4},"title":"03. ORCHID\u00c9E DE LA CONNAISSANCE Arundina graminifolia Sylfos","author":"eveapprill","date":"13 mars 2026","format":false,"excerpt":"\u00c9lixir de\u00a0discernement et de compr\u00e9hension profonde. Clarifie l\u2019esprit, renforce la s\u00e9curit\u00e9 int\u00e9rieure et aide \u00e0 transformer les exp\u00e9riences en sagesse. Favorise coh\u00e9rence, courage et direction claire.","rel":"","context":"Article similaire","block_context":{"text":"Article similaire","link":""},"img":{"alt_text":"","src":"https:\/\/i0.wp.com\/artstella-elixirs-floraux.com\/wp-content\/uploads\/2026\/03\/3_CONOCIMIENTO_-WEB.png?resize=350%2C200&ssl=1","width":350,"height":200},"classes":[]},{"id":5356,"url":"https:\/\/artstella-elixirs-floraux.com\/fr_fr\/produit\/cartes-du-chemin-de-guerison\/","url_meta":{"origin":3934,"position":5},"title":"CARTES DU CHEMIN DE GUERISON","author":"eveapprill","date":"9 mars 2025","format":false,"excerpt":"Les cartes du chemin de Gu\u00e9rison par Daniel Mapel cr\u00e9ateur des \u00e9lixirs Wild Earth Animals ! Ce livre et les cartes des animaux vous permettent d'acc\u00e9der au coeur de l'enseignement de Daniel et des animaux!!!","rel":"","context":"Article similaire","block_context":{"text":"Article similaire","link":""},"img":{"alt_text":"","src":"https:\/\/i0.wp.com\/artstella-elixirs-floraux.com\/wp-content\/uploads\/2025\/03\/contenu-3D.png?resize=350%2C200&ssl=1","width":350,"height":200,"srcset":"https:\/\/i0.wp.com\/artstella-elixirs-floraux.com\/wp-content\/uploads\/2025\/03\/contenu-3D.png?resize=350%2C200&ssl=1 1x, https:\/\/i0.wp.com\/artstella-elixirs-floraux.com\/wp-content\/uploads\/2025\/03\/contenu-3D.png?resize=525%2C300&ssl=1 1.5x, https:\/\/i0.wp.com\/artstella-elixirs-floraux.com\/wp-content\/uploads\/2025\/03\/contenu-3D.png?resize=700%2C400&ssl=1 2x, https:\/\/i0.wp.com\/artstella-elixirs-floraux.com\/wp-content\/uploads\/2025\/03\/contenu-3D.png?resize=1050%2C600&ssl=1 3x, https:\/\/i0.wp.com\/artstella-elixirs-floraux.com\/wp-content\/uploads\/2025\/03\/contenu-3D.png?resize=1400%2C800&ssl=1 4x"},"classes":[]}],"_links":{"self":[{"href":"https:\/\/artstella-elixirs-floraux.com\/fr_fr\/wp-json\/wp\/v2\/product\/3934","targetHints":{"allow":["GET"]}}],"collection":[{"href":"https:\/\/artstella-elixirs-floraux.com\/fr_fr\/wp-json\/wp\/v2\/product"}],"about":[{"href":"https:\/\/artstella-elixirs-floraux.com\/fr_fr\/wp-json\/wp\/v2\/types\/product"}],"version-history":[{"count":0,"href":"https:\/\/artstella-elixirs-floraux.com\/fr_fr\/wp-json\/wp\/v2\/product\/3934\/revisions"}],"wp:featuredmedia":[{"embeddable":true,"href":"https:\/\/artstella-elixirs-floraux.com\/fr_fr\/wp-json\/wp\/v2\/media\/3935"}],"wp:attachment":[{"href":"https:\/\/artstella-elixirs-floraux.com\/fr_fr\/wp-json\/wp\/v2\/media?parent=3934"}],"wp:term":[{"taxonomy":"product_brand","embeddable":true,"href":"https:\/\/artstella-elixirs-floraux.com\/fr_fr\/wp-json\/wp\/v2\/product_brand?post=3934"},{"taxonomy":"product_cat","embeddable":true,"href":"https:\/\/artstella-elixirs-floraux.com\/fr_fr\/wp-json\/wp\/v2\/product_cat?post=3934"},{"taxonomy":"product_tag","embeddable":true,"href":"https:\/\/artstella-elixirs-floraux.com\/fr_fr\/wp-json\/wp\/v2\/product_tag?post=3934"}],"curies":[{"name":"wp","href":"https:\/\/api.w.org\/{rel}","templated":true}]}}