{"id":3936,"date":"2025-03-09T13:18:34","date_gmt":"2025-03-09T13:18:34","guid":{"rendered":"https:\/\/artstella-elixirs-floraux.com\/product\/loup-a-e-15-ml-phi\/"},"modified":"2025-04-23T11:48:52","modified_gmt":"2025-04-23T11:48:52","slug":"loup-a-e-15-ml-phi","status":"publish","type":"product","link":"https:\/\/artstella-elixirs-floraux.com\/fr_fr\/produit\/loup-a-e-15-ml-phi\/","title":{"rendered":"LOUP A.E 15 ML PHI"},"content":{"rendered":"","protected":false},"excerpt":{"rendered":"<p><strong><em>Loup (Canis lupus) Wolf\u00a0 <\/em><\/strong>renforce les perceptions de nos sens et notre vigilance. Il renforce notre conscience du groupe et de sa dynamique.<strong> <\/strong><\/p>\n","protected":false},"featured_media":3937,"template":"","meta":[],"product_brand":[],"product_cat":[137],"product_tag":[],"class_list":{"0":"post-3936","1":"product","2":"type-product","3":"status-publish","4":"has-post-thumbnail","6":"product_cat-les-elixirs-d-animlaux-europeens","8":"first","9":"instock","10":"taxable","11":"shipping-taxable","12":"purchasable","13":"product-type-simple"},"etheme_brands":{"errors":{"invalid_taxonomy":["Taxonomie non valide."]},"error_data":[]},"jetpack_sharing_enabled":true,"jetpack-related-posts":[{"id":5700,"url":"https:\/\/artstella-elixirs-floraux.com\/fr_fr\/produit\/gueule-de-loup-15ml-deva\/","url_meta":{"origin":3936,"position":0},"title":"Gueule de Loup 15ml DEVA","author":"eveapprill","date":"9 mars 2025","format":false,"excerpt":"Gueule de Loup Expression de la parole vraie, l\u00e2cher-prise. Permet de se lib\u00e9rer des \u00e9motions r\u00e9prim\u00e9es et favorise le l\u00e2cher-prise \u00e0 travers l\u2019expression verbale.","rel":"","context":"Article similaire","block_context":{"text":"Article similaire","link":""},"img":{"alt_text":"","src":"https:\/\/i0.wp.com\/artstella-elixirs-floraux.com\/wp-content\/uploads\/2025\/03\/wp-image2407.png?resize=350%2C200&ssl=1","width":350,"height":200},"classes":[]},{"id":3300,"url":"https:\/\/artstella-elixirs-floraux.com\/fr_fr\/produit\/gueule-de-loup-15-ml-phi\/","url_meta":{"origin":3936,"position":1},"title":"GUEULE DE LOUP 15 ML PHI","author":"eveapprill","date":"9 mars 2025","format":false,"excerpt":"Gueule de loup (Antirrhium majus) (L\u00f6wenmaul) Favorise l'expression juste. En harmonisant le chakra laryng\u00e9, il permet de trouver le \u00ab\u00a0ton juste\u00a0\u00bb.","rel":"","context":"Article similaire","block_context":{"text":"Article similaire","link":""},"img":{"alt_text":"","src":"https:\/\/i0.wp.com\/artstella-elixirs-floraux.com\/wp-content\/uploads\/2025\/03\/wp-image690.png?resize=350%2C200&ssl=1","width":350,"height":200},"classes":[]},{"id":4285,"url":"https:\/\/artstella-elixirs-floraux.com\/fr_fr\/produit\/wolf-loup-wea-30-ml\/","url_meta":{"origin":3936,"position":2},"title":"WOLF\/LOUP WEA 30 ML","author":"eveapprill","date":"9 mars 2025","format":false,"excerpt":"Wolf (loup) Aide \u00e0 d\u00e9finir les relations et \u00e0 fixer des limites saines avec autrui. Favorise la sociabilit\u00e9 et la communaut\u00e9. Pour conna\u00eetre et agir selon la v\u00e9rit\u00e9. D\u00e9veloppe l\u2019int\u00e9grit\u00e9 et le respect des engagements de la vie.","rel":"","context":"Article similaire","block_context":{"text":"Article similaire","link":""},"img":{"alt_text":"","src":"","width":0,"height":0},"classes":[]},{"id":3424,"url":"https:\/\/artstella-elixirs-floraux.com\/fr_fr\/produit\/vesse-de-loup-15-ml-phi\/","url_meta":{"origin":3936,"position":3},"title":"VESSE DE LOUP 15 ML PHI","author":"eveapprill","date":"9 mars 2025","format":false,"excerpt":"Vesse de loup \u00e0 pierreries (Lycoperdon perlatum) (Flaschen-Sta\u00fcbling) L\u2019\u00e9lixir agit sur la fontanelle : ouverture du 7\u00e8me chakra. Il favorise une liaison avec les plans sup\u00e9rieurs et permet de rester calme et centr\u00e9 quoiqu'il arrive. Relativisation des probl\u00e8mes, permet de rester calme et centr\u00e9","rel":"","context":"Article similaire","block_context":{"text":"Article similaire","link":""},"img":{"alt_text":"","src":"https:\/\/i0.wp.com\/artstella-elixirs-floraux.com\/wp-content\/uploads\/2025\/03\/wp-image315.png?resize=350%2C200&ssl=1","width":350,"height":200},"classes":[]},{"id":5584,"url":"https:\/\/artstella-elixirs-floraux.com\/fr_fr\/produit\/wolf-dog-hybrid-hybride-loup-chien-30ml\/","url_meta":{"origin":3936,"position":4},"title":"Wolf-dog Hybrid (Hybride loup-chien) 30ML","author":"eveapprill","date":"9 mars 2025","format":false,"excerpt":"Wolf-dog Hybrid (Hybride loup-chien) \/ sauvagerie saine Pour rester connect\u00e9 avec la nature dans la vie moderne. Apporte un \u00e9quilibre entre le sauvage et l\u2019apprivois\u00e9 en nous. Pour rester en contact avec son c\u00f4t\u00e9 sauvage mais sain. Pour se sentir une appartenance sociale avec sa \u00ab meute \u00bb et le\u2026","rel":"","context":"Article similaire","block_context":{"text":"Article similaire","link":""},"img":{"alt_text":"","src":"https:\/\/i0.wp.com\/artstella-elixirs-floraux.com\/wp-content\/uploads\/2025\/03\/e5130010-8c56-43f9-acf4-6dee43f9f3c1.jpg?resize=350%2C200&ssl=1","width":350,"height":200,"srcset":"https:\/\/i0.wp.com\/artstella-elixirs-floraux.com\/wp-content\/uploads\/2025\/03\/e5130010-8c56-43f9-acf4-6dee43f9f3c1.jpg?resize=350%2C200&ssl=1 1x, https:\/\/i0.wp.com\/artstella-elixirs-floraux.com\/wp-content\/uploads\/2025\/03\/e5130010-8c56-43f9-acf4-6dee43f9f3c1.jpg?resize=525%2C300&ssl=1 1.5x, https:\/\/i0.wp.com\/artstella-elixirs-floraux.com\/wp-content\/uploads\/2025\/03\/e5130010-8c56-43f9-acf4-6dee43f9f3c1.jpg?resize=700%2C400&ssl=1 2x"},"classes":[]},{"id":6321,"url":"https:\/\/artstella-elixirs-floraux.com\/fr_fr\/produit\/cinquieme-chakra-weae-30ml\/","url_meta":{"origin":3936,"position":5},"title":"CINQUIEME CHAKRA WEAE 30ML","author":"eveapprill","date":"9 mars 2025","format":false,"excerpt":"Fifth Chakra Essence fournit un soutien pour recevoir les dons du cinqui\u00e8me chakra, y compris: la communication, l\u2019expression de soi confiante, l\u2019expression cr\u00e9ative, dire la v\u00e9rit\u00e9. \u00a0 \u00a0","rel":"","context":"Article similaire","block_context":{"text":"Article similaire","link":""},"img":{"alt_text":"","src":"https:\/\/i0.wp.com\/artstella-elixirs-floraux.com\/wp-content\/uploads\/2025\/03\/61805dda-b41e-4abe-9b1e-b0483d6e4efb.jpg?resize=350%2C200&ssl=1","width":350,"height":200,"srcset":"https:\/\/i0.wp.com\/artstella-elixirs-floraux.com\/wp-content\/uploads\/2025\/03\/61805dda-b41e-4abe-9b1e-b0483d6e4efb.jpg?resize=350%2C200&ssl=1 1x, https:\/\/i0.wp.com\/artstella-elixirs-floraux.com\/wp-content\/uploads\/2025\/03\/61805dda-b41e-4abe-9b1e-b0483d6e4efb.jpg?resize=525%2C300&ssl=1 1.5x, https:\/\/i0.wp.com\/artstella-elixirs-floraux.com\/wp-content\/uploads\/2025\/03\/61805dda-b41e-4abe-9b1e-b0483d6e4efb.jpg?resize=700%2C400&ssl=1 2x"},"classes":[]}],"_links":{"self":[{"href":"https:\/\/artstella-elixirs-floraux.com\/fr_fr\/wp-json\/wp\/v2\/product\/3936","targetHints":{"allow":["GET"]}}],"collection":[{"href":"https:\/\/artstella-elixirs-floraux.com\/fr_fr\/wp-json\/wp\/v2\/product"}],"about":[{"href":"https:\/\/artstella-elixirs-floraux.com\/fr_fr\/wp-json\/wp\/v2\/types\/product"}],"version-history":[{"count":0,"href":"https:\/\/artstella-elixirs-floraux.com\/fr_fr\/wp-json\/wp\/v2\/product\/3936\/revisions"}],"wp:featuredmedia":[{"embeddable":true,"href":"https:\/\/artstella-elixirs-floraux.com\/fr_fr\/wp-json\/wp\/v2\/media\/3937"}],"wp:attachment":[{"href":"https:\/\/artstella-elixirs-floraux.com\/fr_fr\/wp-json\/wp\/v2\/media?parent=3936"}],"wp:term":[{"taxonomy":"product_brand","embeddable":true,"href":"https:\/\/artstella-elixirs-floraux.com\/fr_fr\/wp-json\/wp\/v2\/product_brand?post=3936"},{"taxonomy":"product_cat","embeddable":true,"href":"https:\/\/artstella-elixirs-floraux.com\/fr_fr\/wp-json\/wp\/v2\/product_cat?post=3936"},{"taxonomy":"product_tag","embeddable":true,"href":"https:\/\/artstella-elixirs-floraux.com\/fr_fr\/wp-json\/wp\/v2\/product_tag?post=3936"}],"curies":[{"name":"wp","href":"https:\/\/api.w.org\/{rel}","templated":true}]}}