{"id":3942,"date":"2025-03-09T13:18:37","date_gmt":"2025-03-09T13:18:37","guid":{"rendered":"https:\/\/artstella-elixirs-floraux.com\/product\/singe-phi-15-ml\/"},"modified":"2025-04-23T11:38:10","modified_gmt":"2025-04-23T11:38:10","slug":"singe-phi-15-ml","status":"publish","type":"product","link":"https:\/\/artstella-elixirs-floraux.com\/fr_fr\/produit\/singe-phi-15-ml\/","title":{"rendered":"SINGE PHI 15 ML"},"content":{"rendered":"","protected":false},"excerpt":{"rendered":"<p><strong><em>Singe (Ceropithecus aethiops) <\/em><\/strong>aide les personnes dispers\u00e9es qui ont du mal \u00e0 se concentrer. Il convient \u00e0 des personnes qui ont des probl\u00e8mes avec le groupe pour int\u00e9grer les r\u00e8gles de comportement.<strong><em><\/em><\/strong><\/p>\n","protected":false},"featured_media":3943,"template":"","meta":[],"product_brand":[],"product_cat":[102],"product_tag":[],"class_list":{"0":"post-3942","1":"product","2":"type-product","3":"status-publish","4":"has-post-thumbnail","6":"product_cat-les-elixirs-d-animaux-d-afrique","8":"first","9":"instock","10":"taxable","11":"shipping-taxable","12":"purchasable","13":"product-type-simple"},"etheme_brands":{"errors":{"invalid_taxonomy":["Taxonomie non valide."]},"error_data":[]},"jetpack_sharing_enabled":true,"jetpack-related-posts":[{"id":4563,"url":"https:\/\/artstella-elixirs-floraux.com\/fr_fr\/produit\/coffret-10-elixirs-danimaux-dafrique\/","url_meta":{"origin":3942,"position":0},"title":"COFFRET 10 \u00e9lixirs d&rsquo;ANIMAUX D&rsquo;AFRIQUE","author":"eveapprill","date":"9 mars 2025","format":false,"excerpt":"Contient 10 flacon d'\u00e9liixirs d'animaux d'Afrique : Singe, El\u00e9phant, Hippopotame, Gnou, L\u00e9opard, Lion, Rhinoc\u00e9ros, Autruche, Aigle \u00e0 t\u00ebte blanche, Serpent.","rel":"","context":"Article similaire","block_context":{"text":"Article similaire","link":""},"img":{"alt_text":"","src":"https:\/\/i0.wp.com\/artstella-elixirs-floraux.com\/wp-content\/uploads\/2025\/03\/wp-image1164.png?resize=350%2C200&ssl=1","width":350,"height":200,"srcset":"https:\/\/i0.wp.com\/artstella-elixirs-floraux.com\/wp-content\/uploads\/2025\/03\/wp-image1164.png?resize=350%2C200&ssl=1 1x, https:\/\/i0.wp.com\/artstella-elixirs-floraux.com\/wp-content\/uploads\/2025\/03\/wp-image1164.png?resize=525%2C300&ssl=1 1.5x, https:\/\/i0.wp.com\/artstella-elixirs-floraux.com\/wp-content\/uploads\/2025\/03\/wp-image1164.png?resize=700%2C400&ssl=1 2x"},"classes":[]},{"id":6319,"url":"https:\/\/artstella-elixirs-floraux.com\/fr_fr\/produit\/quatrieme-chakra-weae-30ml\/","url_meta":{"origin":3942,"position":1},"title":"QUATRIEME CHAKRA WEAE 30ML","author":"eveapprill","date":"9 mars 2025","format":false,"excerpt":"Fourth Chakra Essence fournit un soutien pour recevoir les cadeaux du quatri\u00e8me chakra, notamment: ressentir et exprimer l'amour et la compassion, la paix, l'amour divin, la gu\u00e9rison du c\u0153ur. \u00a0 \u00a0","rel":"","context":"Article similaire","block_context":{"text":"Article similaire","link":""},"img":{"alt_text":"","src":"https:\/\/i0.wp.com\/artstella-elixirs-floraux.com\/wp-content\/uploads\/2025\/03\/07c03158-dfd3-4f57-9f61-011751f60e74.jpg?resize=350%2C200&ssl=1","width":350,"height":200,"srcset":"https:\/\/i0.wp.com\/artstella-elixirs-floraux.com\/wp-content\/uploads\/2025\/03\/07c03158-dfd3-4f57-9f61-011751f60e74.jpg?resize=350%2C200&ssl=1 1x, https:\/\/i0.wp.com\/artstella-elixirs-floraux.com\/wp-content\/uploads\/2025\/03\/07c03158-dfd3-4f57-9f61-011751f60e74.jpg?resize=525%2C300&ssl=1 1.5x, https:\/\/i0.wp.com\/artstella-elixirs-floraux.com\/wp-content\/uploads\/2025\/03\/07c03158-dfd3-4f57-9f61-011751f60e74.jpg?resize=700%2C400&ssl=1 2x"},"classes":[]},{"id":5570,"url":"https:\/\/artstella-elixirs-floraux.com\/fr_fr\/produit\/saguaro-15-ml-sylfos\/","url_meta":{"origin":3942,"position":2},"title":"SAGUARO 15 ML SYLFOS","author":"eveapprill","date":"9 mars 2025","format":false,"excerpt":"SAGUARO Carnegiea giganta \u00a0 \u00a0 Repr\u00e9sente le pouvoir et l\u2019autorit\u00e9. Pour les personnes en conflit avec les figures d\u2019autorit\u00e9. Ces personnes ont du mal \u00e0 distinguer les aspects positifs de l\u2019autorit\u00e9,","rel":"","context":"Article similaire","block_context":{"text":"Article similaire","link":""},"img":{"alt_text":"","src":"","width":0,"height":0},"classes":[]},{"id":5552,"url":"https:\/\/artstella-elixirs-floraux.com\/fr_fr\/produit\/madia-15-ml-sylfos\/","url_meta":{"origin":3942,"position":3},"title":"MADIA 15 ML SYLFOS","author":"eveapprill","date":"9 mars 2025","format":false,"excerpt":"MADIA\u00a0 Madia elegans\u00a0\u00a0 Concentration, pens\u00e9e pr\u00e9cise \u00a0L\u2019\u00e2me \u00e0 besoin d\u2019apprendre \u00e0 s\u2019\u00e9tendre mais aussi \u00e0 se contracter; de limiter l\u2019exp\u00e9rience.","rel":"","context":"Article similaire","block_context":{"text":"Article similaire","link":""},"img":{"alt_text":"","src":"","width":0,"height":0},"classes":[]},{"id":4142,"url":"https:\/\/artstella-elixirs-floraux.com\/fr_fr\/produit\/icaro-sylfos-15ml-pap\/","url_meta":{"origin":3942,"position":4},"title":"ICARO SYLFOS 15ML PAP","author":"eveapprill","date":"9 mars 2025","format":false,"excerpt":"ICARO Polymmatus icarus Auto valorisation \u2013 Cr\u00e9ativit\u00e9 positive. Cet \u00e9lixir est particuli\u00e8rement adapt\u00e9 aux personnes qui croient que les autres ont plus de talent, ont plus \u00e0 offrir et \u00e0 donner, sont plus \u00e9l\u00e9gants, plus cr\u00e9atifs, mieux lotis qu\u2019eux...","rel":"","context":"Article similaire","block_context":{"text":"Article similaire","link":""},"img":{"alt_text":"","src":"","width":0,"height":0},"classes":[]},{"id":3356,"url":"https:\/\/artstella-elixirs-floraux.com\/fr_fr\/produit\/golden-barrel-cactus-15-ml-phi\/","url_meta":{"origin":3942,"position":5},"title":"GOLDEN BARREL CACTUS 15 ML PHI","author":"eveapprill","date":"9 mars 2025","format":false,"excerpt":"Golden barrel cactus dit \u00ab\u00a0coussin de belle m\u00e8re\u00a0\u00bb. (Echinocactus grusonii) Quand nous sommes soumis \u00e0 de trop nombreuses influences et facteurs perturbateurs, l'\u00e9lixir favorise le recentrage, et notamment des personnes qui ont tendance \u00e0 se laisser influencer trop facilement.","rel":"","context":"Article similaire","block_context":{"text":"Article similaire","link":""},"img":{"alt_text":"","src":"https:\/\/i0.wp.com\/artstella-elixirs-floraux.com\/wp-content\/uploads\/2025\/03\/wp-image360.png?resize=350%2C200&ssl=1","width":350,"height":200},"classes":[]}],"_links":{"self":[{"href":"https:\/\/artstella-elixirs-floraux.com\/fr_fr\/wp-json\/wp\/v2\/product\/3942","targetHints":{"allow":["GET"]}}],"collection":[{"href":"https:\/\/artstella-elixirs-floraux.com\/fr_fr\/wp-json\/wp\/v2\/product"}],"about":[{"href":"https:\/\/artstella-elixirs-floraux.com\/fr_fr\/wp-json\/wp\/v2\/types\/product"}],"version-history":[{"count":0,"href":"https:\/\/artstella-elixirs-floraux.com\/fr_fr\/wp-json\/wp\/v2\/product\/3942\/revisions"}],"wp:featuredmedia":[{"embeddable":true,"href":"https:\/\/artstella-elixirs-floraux.com\/fr_fr\/wp-json\/wp\/v2\/media\/3943"}],"wp:attachment":[{"href":"https:\/\/artstella-elixirs-floraux.com\/fr_fr\/wp-json\/wp\/v2\/media?parent=3942"}],"wp:term":[{"taxonomy":"product_brand","embeddable":true,"href":"https:\/\/artstella-elixirs-floraux.com\/fr_fr\/wp-json\/wp\/v2\/product_brand?post=3942"},{"taxonomy":"product_cat","embeddable":true,"href":"https:\/\/artstella-elixirs-floraux.com\/fr_fr\/wp-json\/wp\/v2\/product_cat?post=3942"},{"taxonomy":"product_tag","embeddable":true,"href":"https:\/\/artstella-elixirs-floraux.com\/fr_fr\/wp-json\/wp\/v2\/product_tag?post=3942"}],"curies":[{"name":"wp","href":"https:\/\/api.w.org\/{rel}","templated":true}]}}