{"id":3952,"date":"2025-03-09T13:18:44","date_gmt":"2025-03-09T13:18:44","guid":{"rendered":"https:\/\/artstella-elixirs-floraux.com\/product\/leopard-phi-15-ml\/"},"modified":"2025-04-23T11:38:10","modified_gmt":"2025-04-23T11:38:10","slug":"leopard-phi-15-ml","status":"publish","type":"product","link":"https:\/\/artstella-elixirs-floraux.com\/fr_fr\/produit\/leopard-phi-15-ml\/","title":{"rendered":"LEOPARD PHI 15 ML"},"content":{"rendered":"","protected":false},"excerpt":{"rendered":"<p><strong><em>L\u00e9opard (Panthera pardus) <\/em><\/strong>am\u00e9liore la vitesse, la rapidit\u00e9 et l\u2019\u00e9l\u00e9gance. Nous apprenons \u00e0 porter nos efforts o\u00f9 c\u2019est utile. Nous apprenons la prudence et le recul.<strong><em><\/em><\/strong><\/p>\n","protected":false},"featured_media":3953,"template":"","meta":[],"product_brand":[],"product_cat":[102],"product_tag":[],"class_list":{"0":"post-3952","1":"product","2":"type-product","3":"status-publish","4":"has-post-thumbnail","6":"product_cat-les-elixirs-d-animaux-d-afrique","8":"first","9":"instock","10":"taxable","11":"shipping-taxable","12":"purchasable","13":"product-type-simple"},"etheme_brands":{"errors":{"invalid_taxonomy":["Taxonomie non valide."]},"error_data":[]},"jetpack_sharing_enabled":true,"jetpack-related-posts":[{"id":5842,"url":"https:\/\/artstella-elixirs-floraux.com\/fr_fr\/produit\/leopard-des-neiges-snow-leopard-15-ml-phi\/","url_meta":{"origin":3952,"position":0},"title":"L\u00e9opard des neiges &#8211; Snow Leopard 15 ml PHI","author":"eveapprill","date":"9 mars 2025","format":false,"excerpt":"L\u00e9opard des neiges - Snow Leopard (Panthera unica)\u00a0 C\u2019est l\u2019\u00e9lixir qui accfro\u00eet le sentiment de s\u00e9curit\u00e9 et d\u2019\u00e9quilibre. Nous apprenons \u00e0 une vision d\u2019ensemble de nos vies tout en developpant gentillesse et d\u00e9termination","rel":"","context":"Article similaire","block_context":{"text":"Article similaire","link":""},"img":{"alt_text":"","src":"","width":0,"height":0},"classes":[]},{"id":3790,"url":"https:\/\/artstella-elixirs-floraux.com\/fr_fr\/produit\/fullhorn-cattleya-phi\/","url_meta":{"origin":3952,"position":1},"title":"FULLHORN CATTLEYA PHI","author":"eveapprill","date":"9 mars 2025","format":false,"excerpt":"F\u00fcllhorn cattleya (Cattleya warscewiczii) Nous apprenons \u00e0 devenir comme une corne d'abondance : \u00e0 donner et \u00e0 recevoir. Nous apprenons \u00e0 faire l'exp\u00e9rience de l'amour universel et \u00e0 reconna\u00eetre qu'il n'existe aucune s\u00e9paration.","rel":"","context":"Article similaire","block_context":{"text":"Article similaire","link":""},"img":{"alt_text":"","src":"https:\/\/i0.wp.com\/artstella-elixirs-floraux.com\/wp-content\/uploads\/2025\/03\/wp-image508.png?resize=350%2C200&ssl=1","width":350,"height":200},"classes":[]},{"id":5822,"url":"https:\/\/artstella-elixirs-floraux.com\/fr_fr\/produit\/gibbon-gibbon-hylobates-pileatus-15-ml-phi\/","url_meta":{"origin":3952,"position":2},"title":"Gibbon &#8211; Gibbon (Hylobates pileatus 15 ml PHI","author":"eveapprill","date":"9 mars 2025","format":false,"excerpt":"Gibbon - Gibbon (Hylobates pileatus) Cet \u00e9lixir nous apporte une sensation d\u2019harmonie aussi bien dans un groupe que dans notre famille. Nous apprenons \u00e0 communiquer clairement et dissoudre stress et conflits. Nous apprenons que la vie peut \u00eatre merveilleuse et facile.","rel":"","context":"Article similaire","block_context":{"text":"Article similaire","link":""},"img":{"alt_text":"","src":"","width":0,"height":0},"classes":[]},{"id":3823,"url":"https:\/\/artstella-elixirs-floraux.com\/fr_fr\/produit\/sun-orchid-phi\/","url_meta":{"origin":3952,"position":3},"title":"SUN ORCHID PHI","author":"eveapprill","date":"9 mars 2025","format":false,"excerpt":"Sun orchid (Epidendrum chioneum) Relie le plexus solaire aux plans sup\u00e9rieurs. Nous apprenons \u00e0 ne pas voir seulement \u00e0 travers nos propres besoins, mais d'une fa\u00e7on plus large.","rel":"","context":"Article similaire","block_context":{"text":"Article similaire","link":""},"img":{"alt_text":"","src":"https:\/\/i0.wp.com\/artstella-elixirs-floraux.com\/wp-content\/uploads\/2025\/03\/wp-image517.png?resize=350%2C200&ssl=1","width":350,"height":200},"classes":[]},{"id":3867,"url":"https:\/\/artstella-elixirs-floraux.com\/fr_fr\/produit\/aplysie-phi-15-ml\/","url_meta":{"origin":3952,"position":4},"title":"APLYSIE PHI 15 ML","author":"eveapprill","date":"9 mars 2025","format":false,"excerpt":"Aplysie\u00a0(Aplysia dactylomela) Seeschnecke Elle tire sa s\u00e9curit\u00e9 de la confiance. Notre propre confiance est ainsi renforc\u00e9e. Nous apprenons \u00e9galement \u00e0 faire confiance \u00e0 notre protection permanente.","rel":"","context":"Article similaire","block_context":{"text":"Article similaire","link":""},"img":{"alt_text":"","src":"","width":0,"height":0},"classes":[]},{"id":4352,"url":"https:\/\/artstella-elixirs-floraux.com\/fr_fr\/produit\/snow-leopard-leopard-des-neiges-wea\/","url_meta":{"origin":3952,"position":5},"title":"SNOW LEOPARD\/LEOPARD DES NEIGES WEA","author":"eveapprill","date":"9 mars 2025","format":false,"excerpt":"Snow Leopard (l\u00e9opard des neiges) Sagesse de l\u2019Himalaya\u00a0; centrage et connexion spirituelle\u00a0; conscience tib\u00e9taine\u00a0; mysticisme oriental.","rel":"","context":"Article similaire","block_context":{"text":"Article similaire","link":""},"img":{"alt_text":"","src":"https:\/\/i0.wp.com\/artstella-elixirs-floraux.com\/wp-content\/uploads\/2025\/03\/wp-image2313.png?resize=350%2C200&ssl=1","width":350,"height":200,"srcset":"https:\/\/i0.wp.com\/artstella-elixirs-floraux.com\/wp-content\/uploads\/2025\/03\/wp-image2313.png?resize=350%2C200&ssl=1 1x, https:\/\/i0.wp.com\/artstella-elixirs-floraux.com\/wp-content\/uploads\/2025\/03\/wp-image2313.png?resize=525%2C300&ssl=1 1.5x, https:\/\/i0.wp.com\/artstella-elixirs-floraux.com\/wp-content\/uploads\/2025\/03\/wp-image2313.png?resize=700%2C400&ssl=1 2x, https:\/\/i0.wp.com\/artstella-elixirs-floraux.com\/wp-content\/uploads\/2025\/03\/wp-image2313.png?resize=1050%2C600&ssl=1 3x"},"classes":[]}],"_links":{"self":[{"href":"https:\/\/artstella-elixirs-floraux.com\/fr_fr\/wp-json\/wp\/v2\/product\/3952","targetHints":{"allow":["GET"]}}],"collection":[{"href":"https:\/\/artstella-elixirs-floraux.com\/fr_fr\/wp-json\/wp\/v2\/product"}],"about":[{"href":"https:\/\/artstella-elixirs-floraux.com\/fr_fr\/wp-json\/wp\/v2\/types\/product"}],"version-history":[{"count":0,"href":"https:\/\/artstella-elixirs-floraux.com\/fr_fr\/wp-json\/wp\/v2\/product\/3952\/revisions"}],"wp:featuredmedia":[{"embeddable":true,"href":"https:\/\/artstella-elixirs-floraux.com\/fr_fr\/wp-json\/wp\/v2\/media\/3953"}],"wp:attachment":[{"href":"https:\/\/artstella-elixirs-floraux.com\/fr_fr\/wp-json\/wp\/v2\/media?parent=3952"}],"wp:term":[{"taxonomy":"product_brand","embeddable":true,"href":"https:\/\/artstella-elixirs-floraux.com\/fr_fr\/wp-json\/wp\/v2\/product_brand?post=3952"},{"taxonomy":"product_cat","embeddable":true,"href":"https:\/\/artstella-elixirs-floraux.com\/fr_fr\/wp-json\/wp\/v2\/product_cat?post=3952"},{"taxonomy":"product_tag","embeddable":true,"href":"https:\/\/artstella-elixirs-floraux.com\/fr_fr\/wp-json\/wp\/v2\/product_tag?post=3952"}],"curies":[{"name":"wp","href":"https:\/\/api.w.org\/{rel}","templated":true}]}}