{"id":3964,"date":"2025-03-09T13:18:53","date_gmt":"2025-03-09T13:18:53","guid":{"rendered":"https:\/\/artstella-elixirs-floraux.com\/product\/serpent-15ml-phi\/"},"modified":"2025-04-23T11:38:08","modified_gmt":"2025-04-23T11:38:08","slug":"serpent-15ml-phi","status":"publish","type":"product","link":"https:\/\/artstella-elixirs-floraux.com\/fr_fr\/produit\/serpent-15ml-phi\/","title":{"rendered":"SERPENT 15ML PHI"},"content":{"rendered":"","protected":false},"excerpt":{"rendered":"<p><strong><em>Serpent (Dendroaspis) (Schlange)<\/em><\/strong><\/p>\n<p>Active nos forces d\u2019autogu\u00e9rison et apporte de l\u2019harmonie dans les situations \u00e9motionnelles empoisonn\u00e9es.<\/p>\n","protected":false},"featured_media":3965,"template":"","meta":[],"product_brand":[],"product_cat":[102],"product_tag":[],"class_list":{"0":"post-3964","1":"product","2":"type-product","3":"status-publish","4":"has-post-thumbnail","6":"product_cat-les-elixirs-d-animaux-d-afrique","8":"first","9":"instock","10":"taxable","11":"shipping-taxable","12":"purchasable","13":"product-type-simple"},"etheme_brands":{"errors":{"invalid_taxonomy":["Taxonomie non valide."]},"error_data":[]},"jetpack_sharing_enabled":true,"jetpack-related-posts":[{"id":4101,"url":"https:\/\/artstella-elixirs-floraux.com\/fr_fr\/produit\/serpiente-serpent-transmutation-15ml\/","url_meta":{"origin":3964,"position":0},"title":"SERPIENTE \/ SERPENT Transmutation 15ML","author":"eveapprill","date":"9 mars 2025","format":false,"excerpt":"SERPIENTE \/ SERPENT Transmutation \u2013 Force de Vie \u2013 R\u00e9g\u00e9n\u00e9ration. Le Serpent accompagne les mues r\u00e9guli\u00e8res n\u00e9cessaires, mais aussi les grandes transformations qui impliquent de laisser le \u00ab\u00a0vieux\u00a0\u00bb pour acc\u00e9der au \u00ab\u00a0nouveau\u00a0\u00bb.","rel":"","context":"Article similaire","block_context":{"text":"Article similaire","link":""},"img":{"alt_text":"","src":"","width":0,"height":0},"classes":[]},{"id":4269,"url":"https:\/\/artstella-elixirs-floraux.com\/fr_fr\/produit\/snake-serpent-wea-30-ml\/","url_meta":{"origin":3964,"position":1},"title":"SNAKE\/SERPENT WEA 30 ML","author":"eveapprill","date":"9 mars 2025","format":false,"excerpt":"Snake (serpent) En Ma\u00eetre chamanique, Snake facilite l\u2019initiation aux royaumes les plus profonds et transpersonnels de la psych\u00e9. Il est un puissant soutien pour la transformation aux niveaux les plus profonds. Pour s\u2019\u00e9veiller aux myst\u00e8res les plus profonds. Spider (araign\u00e9e)","rel":"","context":"Article similaire","block_context":{"text":"Article similaire","link":""},"img":{"alt_text":"","src":"https:\/\/i0.wp.com\/artstella-elixirs-floraux.com\/wp-content\/uploads\/2025\/03\/wp-image2275.png?resize=350%2C200&ssl=1","width":350,"height":200,"srcset":"https:\/\/i0.wp.com\/artstella-elixirs-floraux.com\/wp-content\/uploads\/2025\/03\/wp-image2275.png?resize=350%2C200&ssl=1 1x, https:\/\/i0.wp.com\/artstella-elixirs-floraux.com\/wp-content\/uploads\/2025\/03\/wp-image2275.png?resize=525%2C300&ssl=1 1.5x, https:\/\/i0.wp.com\/artstella-elixirs-floraux.com\/wp-content\/uploads\/2025\/03\/wp-image2275.png?resize=700%2C400&ssl=1 2x, https:\/\/i0.wp.com\/artstella-elixirs-floraux.com\/wp-content\/uploads\/2025\/03\/wp-image2275.png?resize=1050%2C600&ssl=1 3x"},"classes":[]},{"id":4563,"url":"https:\/\/artstella-elixirs-floraux.com\/fr_fr\/produit\/coffret-10-elixirs-danimaux-dafrique\/","url_meta":{"origin":3964,"position":2},"title":"COFFRET 10 \u00e9lixirs d&rsquo;ANIMAUX D&rsquo;AFRIQUE","author":"eveapprill","date":"9 mars 2025","format":false,"excerpt":"Contient 10 flacon d'\u00e9liixirs d'animaux d'Afrique : Singe, El\u00e9phant, Hippopotame, Gnou, L\u00e9opard, Lion, Rhinoc\u00e9ros, Autruche, Aigle \u00e0 t\u00ebte blanche, Serpent.","rel":"","context":"Article similaire","block_context":{"text":"Article similaire","link":""},"img":{"alt_text":"","src":"https:\/\/i0.wp.com\/artstella-elixirs-floraux.com\/wp-content\/uploads\/2025\/03\/wp-image1164.png?resize=350%2C200&ssl=1","width":350,"height":200,"srcset":"https:\/\/i0.wp.com\/artstella-elixirs-floraux.com\/wp-content\/uploads\/2025\/03\/wp-image1164.png?resize=350%2C200&ssl=1 1x, https:\/\/i0.wp.com\/artstella-elixirs-floraux.com\/wp-content\/uploads\/2025\/03\/wp-image1164.png?resize=525%2C300&ssl=1 1.5x, https:\/\/i0.wp.com\/artstella-elixirs-floraux.com\/wp-content\/uploads\/2025\/03\/wp-image1164.png?resize=700%2C400&ssl=1 2x"},"classes":[]},{"id":5816,"url":"https:\/\/artstella-elixirs-floraux.com\/fr_fr\/produit\/anaconda-eunectes-murinus-15ml-phi\/","url_meta":{"origin":3964,"position":3},"title":"Anaconda (Eunectes murinus) 15ml PHI","author":"eveapprill","date":"9 mars 2025","format":false,"excerpt":"Anaconda (Eunectes murinus)\u00a0 L\u2019\u00e9lixir de ce serpent gigantesque nous apporte force et flexibilit\u00e9. Il est en relation avec notre \u00e9nergie Kundalini. L\u2019anaconda est un animal de haute spiritualit\u00e9 qui peut nous mettre en relation avec la sagesse int\u00e9rieure profonde et la spiritualit\u00e9.","rel":"","context":"Article similaire","block_context":{"text":"Article similaire","link":""},"img":{"alt_text":"","src":"","width":0,"height":0},"classes":[]}],"_links":{"self":[{"href":"https:\/\/artstella-elixirs-floraux.com\/fr_fr\/wp-json\/wp\/v2\/product\/3964","targetHints":{"allow":["GET"]}}],"collection":[{"href":"https:\/\/artstella-elixirs-floraux.com\/fr_fr\/wp-json\/wp\/v2\/product"}],"about":[{"href":"https:\/\/artstella-elixirs-floraux.com\/fr_fr\/wp-json\/wp\/v2\/types\/product"}],"version-history":[{"count":0,"href":"https:\/\/artstella-elixirs-floraux.com\/fr_fr\/wp-json\/wp\/v2\/product\/3964\/revisions"}],"wp:featuredmedia":[{"embeddable":true,"href":"https:\/\/artstella-elixirs-floraux.com\/fr_fr\/wp-json\/wp\/v2\/media\/3965"}],"wp:attachment":[{"href":"https:\/\/artstella-elixirs-floraux.com\/fr_fr\/wp-json\/wp\/v2\/media?parent=3964"}],"wp:term":[{"taxonomy":"product_brand","embeddable":true,"href":"https:\/\/artstella-elixirs-floraux.com\/fr_fr\/wp-json\/wp\/v2\/product_brand?post=3964"},{"taxonomy":"product_cat","embeddable":true,"href":"https:\/\/artstella-elixirs-floraux.com\/fr_fr\/wp-json\/wp\/v2\/product_cat?post=3964"},{"taxonomy":"product_tag","embeddable":true,"href":"https:\/\/artstella-elixirs-floraux.com\/fr_fr\/wp-json\/wp\/v2\/product_tag?post=3964"}],"curies":[{"name":"wp","href":"https:\/\/api.w.org\/{rel}","templated":true}]}}