{"id":3984,"date":"2025-03-09T13:19:06","date_gmt":"2025-03-09T13:19:06","guid":{"rendered":"https:\/\/artstella-elixirs-floraux.com\/product\/amancay-15-ml-sylfos\/"},"modified":"2025-08-07T08:06:42","modified_gmt":"2025-08-07T08:06:42","slug":"amancay-15-ml-sylfos","status":"publish","type":"product","link":"https:\/\/artstella-elixirs-floraux.com\/fr_fr\/produit\/amancay-15-ml-sylfos\/","title":{"rendered":"AMANCAY \/ LYS DES INCAS SYLFOS"},"content":{"rendered":"<p><strong>AMANCAY \/ LYS DES INCAS <\/strong>Alstroemeria ligtu ssp. Simsii<\/p>\n<p>Lib\u00e9ration des croyances anciennes et des conflits non r\u00e9solu. Elixir de purification favorisant la communication entre les deux h\u00e9misph\u00e8res c\u00e9r\u00e9braux. Aide \u00e0 surmonter l\u2019instinct de protection lorsque celui-ci est trop pr\u00e9dominant. Aide \u00e0 surmonter les croyances limitantes qui freinent la capacit\u00e9 intuitive. Facilite la lib\u00e9ration des situations bloqu\u00e9es et des conflits non r\u00e9solus. Aide \u00e0 relacher les tensions musculaires.<\/p>\n","protected":false},"excerpt":{"rendered":"<p><strong>AMANCAY <\/strong>Alstroemeria ligtu ssp. Simsii<\/p>\n<p>Lib\u00e9ration des croyances anciennes et des conflits non r\u00e9solu.<\/p>\n","protected":false},"featured_media":3985,"template":"","meta":[],"product_brand":[],"product_cat":[104],"product_tag":[],"class_list":{"0":"post-3984","1":"product","2":"type-product","3":"status-publish","4":"has-post-thumbnail","6":"product_cat-les-fleurs-andines","8":"first","9":"instock","10":"taxable","11":"shipping-taxable","12":"purchasable","13":"product-type-variable"},"etheme_brands":{"errors":{"invalid_taxonomy":["Taxonomie non valide."]},"error_data":[]},"jetpack_sharing_enabled":true,"jetpack-related-posts":[{"id":4068,"url":"https:\/\/artstella-elixirs-floraux.com\/fr_fr\/produit\/quintral-gui-15-ml-sylfos\/","url_meta":{"origin":3984,"position":0},"title":"QUINTRAL \/ GUI A FLEURS ROUGES SYLFOS","author":"eveapprill","date":"9 mars 2025","format":false,"excerpt":"QUINTRAL Tristerix tetrandrus Peurs ancestrales, acceptation et compr\u00e9hension de nos croyances. Aide \u00e0 surmonter les peurs archa\u00efques, profondes et ancestrales, qui sont ancr\u00e9es dans le corps et qui influencent nos croyances profondes","rel":"","context":"Article similaire","block_context":{"text":"Article similaire","link":""},"img":{"alt_text":"","src":"","width":0,"height":0},"classes":[]},{"id":4119,"url":"https:\/\/artstella-elixirs-floraux.com\/fr_fr\/produit\/almirante-rojo-sylfos-15-ml\/","url_meta":{"origin":3984,"position":1},"title":"ALMIRANTE ROJO SYLFOS 15 ML","author":"eveapprill","date":"9 mars 2025","format":false,"excerpt":"ALMIRANTE ROJO Vanessa atalanta Autorit\u00e9 \u2013 Fermet\u00e9 . Un \u00e9lixir qui nous permet de nous affirmer sur nos propres croyances et nos objectifs de vie.","rel":"","context":"Article similaire","block_context":{"text":"Article similaire","link":""},"img":{"alt_text":"","src":"","width":0,"height":0},"classes":[]},{"id":3647,"url":"https:\/\/artstella-elixirs-floraux.com\/fr_fr\/produit\/48-releasing-karmic-patterns-ltoe-15-ml\/","url_meta":{"origin":3984,"position":2},"title":"48. RELEASING KARMIC PATTERNS LTOE 15 ML","author":"eveapprill","date":"9 mars 2025","format":false,"excerpt":"Releasing Karmic Patterns\/ Lib\u00e9ration des sch\u00e9mas karmiques Lib\u00e8re les sch\u00e9mas karmiques, croyances rigides et id\u00e9es pr\u00e9con\u00e7ues, du 8e chakra, l\u00e0 o\u00f9 sont enregistr\u00e9s les abus pass\u00e9s du savoir et du pouvoir spirituels","rel":"","context":"Article similaire","block_context":{"text":"Article similaire","link":""},"img":{"alt_text":"","src":"https:\/\/i0.wp.com\/artstella-elixirs-floraux.com\/wp-content\/uploads\/2025\/03\/b3b9ee13-a2d2-42ad-8495-cd83129b6f34.jpg?resize=350%2C200&ssl=1","width":350,"height":200,"srcset":"https:\/\/i0.wp.com\/artstella-elixirs-floraux.com\/wp-content\/uploads\/2025\/03\/b3b9ee13-a2d2-42ad-8495-cd83129b6f34.jpg?resize=350%2C200&ssl=1 1x, https:\/\/i0.wp.com\/artstella-elixirs-floraux.com\/wp-content\/uploads\/2025\/03\/b3b9ee13-a2d2-42ad-8495-cd83129b6f34.jpg?resize=525%2C300&ssl=1 1.5x, https:\/\/i0.wp.com\/artstella-elixirs-floraux.com\/wp-content\/uploads\/2025\/03\/b3b9ee13-a2d2-42ad-8495-cd83129b6f34.jpg?resize=700%2C400&ssl=1 2x"},"classes":[]},{"id":5172,"url":"https:\/\/artstella-elixirs-floraux.com\/fr_fr\/produit\/rascasse-volante-15-ml-phi\/","url_meta":{"origin":3984,"position":3},"title":"RASCASSE VOLANTE 15 ML PHI","author":"eveapprill","date":"9 mars 2025","format":false,"excerpt":"Rascasse volante\u00a0\u00a0 (Pterois miles) Rotfeuerfisch\u00a0\u00a0 Ce poisson venimeux peut parfois s\u2019av\u00e9rer mortel pour les humains. L\u2019\u00e9lixir soutient \u00e9nerg\u00e9tiquement la d\u00e9toxification de tout l\u2019organisme, en soutenant notamment les reins et le foie.","rel":"","context":"Article similaire","block_context":{"text":"Article similaire","link":""},"img":{"alt_text":"","src":"","width":0,"height":0},"classes":[]},{"id":4189,"url":"https:\/\/artstella-elixirs-floraux.com\/fr_fr\/produit\/letting-go-wea-30-ml\/","url_meta":{"origin":3984,"position":4},"title":"LETTING GO WEA 30 ML","author":"eveapprill","date":"9 mars 2025","format":false,"excerpt":"Letting Go (l\u00e2cher-prise) Aide \u00e0 se lib\u00e9rer des sentiments, croyances et actions devenus inutiles ; \u00e0 remettre le contr\u00f4le de sa vie au Divin.","rel":"","context":"Article similaire","block_context":{"text":"Article similaire","link":""},"img":{"alt_text":"","src":"https:\/\/i0.wp.com\/artstella-elixirs-floraux.com\/wp-content\/uploads\/2025\/03\/wp-image1013.png?resize=350%2C200&ssl=1","width":350,"height":200},"classes":[]},{"id":3320,"url":"https:\/\/artstella-elixirs-floraux.com\/fr_fr\/produit\/lys-martagon-15-ml-phi\/","url_meta":{"origin":3984,"position":5},"title":"LYS MARTAGON 15 ML PHI","author":"eveapprill","date":"9 mars 2025","format":false,"excerpt":"Lys martagon (Lilium martagon) (T\u00fcrkenbundlilie) Pour se lib\u00e9rer du sentiment d'ins\u00e9curit\u00e9, dont la cause peut remonter \u00e0 l'enfance. La confiance peut alors se d\u00e9velopper.","rel":"","context":"Article similaire","block_context":{"text":"Article similaire","link":""},"img":{"alt_text":"","src":"https:\/\/i0.wp.com\/artstella-elixirs-floraux.com\/wp-content\/uploads\/2025\/03\/wp-image700.png?resize=350%2C200&ssl=1","width":350,"height":200},"classes":[]}],"_links":{"self":[{"href":"https:\/\/artstella-elixirs-floraux.com\/fr_fr\/wp-json\/wp\/v2\/product\/3984","targetHints":{"allow":["GET"]}}],"collection":[{"href":"https:\/\/artstella-elixirs-floraux.com\/fr_fr\/wp-json\/wp\/v2\/product"}],"about":[{"href":"https:\/\/artstella-elixirs-floraux.com\/fr_fr\/wp-json\/wp\/v2\/types\/product"}],"version-history":[{"count":1,"href":"https:\/\/artstella-elixirs-floraux.com\/fr_fr\/wp-json\/wp\/v2\/product\/3984\/revisions"}],"predecessor-version":[{"id":11170,"href":"https:\/\/artstella-elixirs-floraux.com\/fr_fr\/wp-json\/wp\/v2\/product\/3984\/revisions\/11170"}],"wp:featuredmedia":[{"embeddable":true,"href":"https:\/\/artstella-elixirs-floraux.com\/fr_fr\/wp-json\/wp\/v2\/media\/3985"}],"wp:attachment":[{"href":"https:\/\/artstella-elixirs-floraux.com\/fr_fr\/wp-json\/wp\/v2\/media?parent=3984"}],"wp:term":[{"taxonomy":"product_brand","embeddable":true,"href":"https:\/\/artstella-elixirs-floraux.com\/fr_fr\/wp-json\/wp\/v2\/product_brand?post=3984"},{"taxonomy":"product_cat","embeddable":true,"href":"https:\/\/artstella-elixirs-floraux.com\/fr_fr\/wp-json\/wp\/v2\/product_cat?post=3984"},{"taxonomy":"product_tag","embeddable":true,"href":"https:\/\/artstella-elixirs-floraux.com\/fr_fr\/wp-json\/wp\/v2\/product_tag?post=3984"}],"curies":[{"name":"wp","href":"https:\/\/api.w.org\/{rel}","templated":true}]}}