{"id":3989,"date":"2025-03-09T13:19:10","date_gmt":"2025-03-09T13:19:10","guid":{"rendered":"https:\/\/artstella-elixirs-floraux.com\/product\/araucaria-10ml-sylfos\/"},"modified":"2025-08-07T07:49:35","modified_gmt":"2025-08-07T07:49:35","slug":"araucaria-10ml-sylfos","status":"publish","type":"product","link":"https:\/\/artstella-elixirs-floraux.com\/fr_fr\/produit\/araucaria-10ml-sylfos\/","title":{"rendered":"ARAUCARIA \/ ARAUCARIA DU CHILI SYLFOS"},"content":{"rendered":"<p><strong>ARAUCARIA du Chili <\/strong>Araucaria araucana<\/p>\n<p>Ancrage, compassion, vitalit\u00e9. Favorise l\u2019ancrage \u00e1 la Terre et aide \u00e0 se recentrer en retrouvant l\u2019harmonie des rythmes naturels. Dynamise l\u2019organisme dans sa totalit\u00e9. Redonne le go\u00fbt pour jouir de la vie, en profiter pleinement et sinc\u00e8rement. Sur le plan physique, am\u00e9liore la posture en favorisant le redressement de la colonne vert\u00e9brale.<\/p>\n<p><strong>\u00a0<\/strong><\/p>\n","protected":false},"excerpt":{"rendered":"<p><strong>ARAUCARIA <\/strong>Araucaria araucana<\/p>\n<p>Ancrage, compassion, vitalit\u00e9. Favorise l\u2019ancrage \u00e1 la Terre et aide \u00e0 se recentrer en retrouvant l\u2019harmonie des rythmes naturels.<\/p>\n","protected":false},"featured_media":3990,"template":"","meta":[],"product_brand":[],"product_cat":[104],"product_tag":[],"class_list":{"0":"post-3989","1":"product","2":"type-product","3":"status-publish","4":"has-post-thumbnail","6":"product_cat-les-fleurs-andines","8":"first","9":"instock","10":"taxable","11":"shipping-taxable","12":"purchasable","13":"product-type-variable"},"etheme_brands":{"errors":{"invalid_taxonomy":["Taxonomie non valide."]},"error_data":[]},"jetpack_sharing_enabled":true,"jetpack-related-posts":[{"id":6197,"url":"https:\/\/artstella-elixirs-floraux.com\/fr_fr\/produit\/orchidee-habenella-15ml-sylfos\/","url_meta":{"origin":3989,"position":0},"title":"Orchid\u00e9e HABENELLA 15ml Sylfos","author":"eveapprill","date":"9 mars 2025","format":false,"excerpt":"Orchid\u00e9e Habenalla ex\u00a0EQUILIBRE & STABILIT\u00c9 (Habenella petalodes) Harmonie, stabilit\u00e9, ancrage Elixir \u00e0 large spectre qui nous aide \u00e0 nous sentir \u00e9quilibr\u00e9 dans notre environnement","rel":"","context":"Article similaire","block_context":{"text":"Article similaire","link":""},"img":{"alt_text":"","src":"https:\/\/i0.wp.com\/artstella-elixirs-floraux.com\/wp-content\/uploads\/2025\/03\/wp-image2193.png?resize=350%2C200&ssl=1","width":350,"height":200},"classes":[]},{"id":3260,"url":"https:\/\/artstella-elixirs-floraux.com\/fr_fr\/produit\/mais-15-ml-phi\/","url_meta":{"origin":3989,"position":1},"title":"MAIS 15 ML PHI","author":"eveapprill","date":"9 mars 2025","format":false,"excerpt":"Ma\u00efs (Zea Mays) (Mais) Il favorise notre lien au vivant et nous aide \u00e0 \u00eatre en harmonie avec les rythmes de la nature. Il relie la pens\u00e9e verticale \u00e0 la pens\u00e9e horizontale. Id\u00e9al pour les citadins qui ont besoin du contact avec la terre pour se recentrer.","rel":"","context":"Article similaire","block_context":{"text":"Article similaire","link":""},"img":{"alt_text":"","src":"https:\/\/i0.wp.com\/artstella-elixirs-floraux.com\/wp-content\/uploads\/2025\/03\/wp-image671.png?resize=350%2C200&ssl=1","width":350,"height":200},"classes":[]},{"id":4203,"url":"https:\/\/artstella-elixirs-floraux.com\/fr_fr\/produit\/buffalo-buffle-wea-30-ml\/","url_meta":{"origin":3989,"position":2},"title":"BUFFALO\/BUFFLE WEA 30 ML","author":"eveapprill","date":"9 mars 2025","format":false,"excerpt":"Buffalo (buffle) Pour ralentir, pour l\u2019ancrage et la connexion avec les rythmes dela Terre. D\u00e9veloppeun sens du sacr\u00e9 et de tranquillit\u00e9, et favorise le calme et la contemplation, ainsi que les sentiments de gratitude pour le cadeau de la vie.","rel":"","context":"Article similaire","block_context":{"text":"Article similaire","link":""},"img":{"alt_text":"","src":"https:\/\/i0.wp.com\/artstella-elixirs-floraux.com\/wp-content\/uploads\/2025\/03\/wp-image2248.png?resize=350%2C200&ssl=1","width":350,"height":200,"srcset":"https:\/\/i0.wp.com\/artstella-elixirs-floraux.com\/wp-content\/uploads\/2025\/03\/wp-image2248.png?resize=350%2C200&ssl=1 1x, https:\/\/i0.wp.com\/artstella-elixirs-floraux.com\/wp-content\/uploads\/2025\/03\/wp-image2248.png?resize=525%2C300&ssl=1 1.5x, https:\/\/i0.wp.com\/artstella-elixirs-floraux.com\/wp-content\/uploads\/2025\/03\/wp-image2248.png?resize=700%2C400&ssl=1 2x"},"classes":[]},{"id":4026,"url":"https:\/\/artstella-elixirs-floraux.com\/fr_fr\/produit\/copihue-lys-du-chili-15-ml-sylfos\/","url_meta":{"origin":3989,"position":3},"title":"COPIHUE \/ LYS DU CHILI SYLFOS","author":"eveapprill","date":"9 mars 2025","format":false,"excerpt":"COPIHUE\/ LYS DU CHILI\u00a0 Lapageria rosea Joie int\u00e9rieure. Aide \u00e0 retrouver la joie int\u00e9rieure. Elixir recommand\u00e9 aux temp\u00e9raments pessimistes,","rel":"","context":"Article similaire","block_context":{"text":"Article similaire","link":""},"img":{"alt_text":"","src":"","width":0,"height":0},"classes":[]},{"id":4253,"url":"https:\/\/artstella-elixirs-floraux.com\/fr_fr\/produit\/polar-bear-ours-polaire-wea-30-ml\/","url_meta":{"origin":3989,"position":4},"title":"POLAR BEAR\/OURS POLAIRE WEA 30 ML","author":"eveapprill","date":"9 mars 2025","format":false,"excerpt":"Polar Bear (ours polaire) Nous aide \u00e0 aller de l\u2019avant de fa\u00e7on tr\u00e8s ancr\u00e9e. Favorise l\u2019int\u00e9gration de l\u2019ancrage et de l\u2019action. Pour renforcer notre exp\u00e9rience de l\u2019ancrage et du pouvoir au long de notre qu\u00eate et chemin spirituels.","rel":"","context":"Article similaire","block_context":{"text":"Article similaire","link":""},"img":{"alt_text":"","src":"https:\/\/i0.wp.com\/artstella-elixirs-floraux.com\/wp-content\/uploads\/2025\/03\/wp-image2270.png?resize=350%2C200&ssl=1","width":350,"height":200,"srcset":"https:\/\/i0.wp.com\/artstella-elixirs-floraux.com\/wp-content\/uploads\/2025\/03\/wp-image2270.png?resize=350%2C200&ssl=1 1x, https:\/\/i0.wp.com\/artstella-elixirs-floraux.com\/wp-content\/uploads\/2025\/03\/wp-image2270.png?resize=525%2C300&ssl=1 1.5x, https:\/\/i0.wp.com\/artstella-elixirs-floraux.com\/wp-content\/uploads\/2025\/03\/wp-image2270.png?resize=700%2C400&ssl=1 2x"},"classes":[]},{"id":4051,"url":"https:\/\/artstella-elixirs-floraux.com\/fr_fr\/produit\/notro-arbre-de-feu-15-ml-sylfos\/","url_meta":{"origin":3989,"position":5},"title":"NOTRO \/ ARBRE DE FEU DU CHILI SYLFOS","author":"eveapprill","date":"9 mars 2025","format":false,"excerpt":"NOTRO Embothrium coccineum Paix int\u00e9rieure. Arbre sacr\u00e9 des indiens Mapuche favorisant l\u2019ouverture spirituelle. Aide \u00e0 prendre conscience et \u00e0 transmuter les \u00e9nergies de bas instincts,","rel":"","context":"Article similaire","block_context":{"text":"Article similaire","link":""},"img":{"alt_text":"","src":"","width":0,"height":0},"classes":[]}],"_links":{"self":[{"href":"https:\/\/artstella-elixirs-floraux.com\/fr_fr\/wp-json\/wp\/v2\/product\/3989","targetHints":{"allow":["GET"]}}],"collection":[{"href":"https:\/\/artstella-elixirs-floraux.com\/fr_fr\/wp-json\/wp\/v2\/product"}],"about":[{"href":"https:\/\/artstella-elixirs-floraux.com\/fr_fr\/wp-json\/wp\/v2\/types\/product"}],"version-history":[{"count":2,"href":"https:\/\/artstella-elixirs-floraux.com\/fr_fr\/wp-json\/wp\/v2\/product\/3989\/revisions"}],"predecessor-version":[{"id":11166,"href":"https:\/\/artstella-elixirs-floraux.com\/fr_fr\/wp-json\/wp\/v2\/product\/3989\/revisions\/11166"}],"wp:featuredmedia":[{"embeddable":true,"href":"https:\/\/artstella-elixirs-floraux.com\/fr_fr\/wp-json\/wp\/v2\/media\/3990"}],"wp:attachment":[{"href":"https:\/\/artstella-elixirs-floraux.com\/fr_fr\/wp-json\/wp\/v2\/media?parent=3989"}],"wp:term":[{"taxonomy":"product_brand","embeddable":true,"href":"https:\/\/artstella-elixirs-floraux.com\/fr_fr\/wp-json\/wp\/v2\/product_brand?post=3989"},{"taxonomy":"product_cat","embeddable":true,"href":"https:\/\/artstella-elixirs-floraux.com\/fr_fr\/wp-json\/wp\/v2\/product_cat?post=3989"},{"taxonomy":"product_tag","embeddable":true,"href":"https:\/\/artstella-elixirs-floraux.com\/fr_fr\/wp-json\/wp\/v2\/product_tag?post=3989"}],"curies":[{"name":"wp","href":"https:\/\/api.w.org\/{rel}","templated":true}]}}