{"id":4010,"date":"2025-03-09T13:19:31","date_gmt":"2025-03-09T13:19:31","guid":{"rendered":"https:\/\/artstella-elixirs-floraux.com\/product\/canelo-15-ml-sylfos\/"},"modified":"2025-08-06T17:39:33","modified_gmt":"2025-08-06T17:39:33","slug":"canelo-15-ml-sylfos","status":"publish","type":"product","link":"https:\/\/artstella-elixirs-floraux.com\/fr_fr\/produit\/canelo-15-ml-sylfos\/","title":{"rendered":"CANELO \/ CANELLE DE MAGELAN SYLFOS"},"content":{"rendered":"<p><strong>CANELO\/\u00a0 CANELLE DE MAGELAN <\/strong>Drimys chilensis<\/p>\n<p>Paix et bien-\u00eatre. Plante ma\u00eetresse des indiens Mapuches utilis\u00e9e pour acc\u00e9der \u00e1 un \u00e9tat de paix profonde, de s\u00e9r\u00e9nit\u00e9 et de confiance, apr\u00e8s une p\u00e9riode agit\u00e9e. Aide \u00e0 surmonter les \u00e9preuves et les chocs \u00e9motionnels qui nous font r\u00e9agir de mani\u00e8re rigide ou trop cat\u00e9gorique. Pour affronter la vie avec plus de flexibilit\u00e9 et en accord avec notre propre personnalit\u00e9.<\/p>\n","protected":false},"excerpt":{"rendered":"<p><strong>CANELO <\/strong>Drimys chilensis<\/p>\n<p>Paix et bien-\u00eatre. Plante ma\u00eetresse des indiens Mapuches utilis\u00e9e pour acc\u00e9der \u00e1 un \u00e9tat de paix profonde, de s\u00e9r\u00e9nit\u00e9 et de confiance, apr\u00e9s une p\u00e9riode agit\u00e9e.<\/p>\n","protected":false},"featured_media":4011,"template":"","meta":[],"product_brand":[],"product_cat":[104],"product_tag":[],"class_list":{"0":"post-4010","1":"product","2":"type-product","3":"status-publish","4":"has-post-thumbnail","6":"product_cat-les-fleurs-andines","8":"first","9":"instock","10":"taxable","11":"shipping-taxable","12":"purchasable","13":"product-type-variable"},"etheme_brands":{"errors":{"invalid_taxonomy":["Taxonomie non valide."]},"error_data":[]},"jetpack_sharing_enabled":true,"jetpack-related-posts":[{"id":4051,"url":"https:\/\/artstella-elixirs-floraux.com\/fr_fr\/produit\/notro-arbre-de-feu-15-ml-sylfos\/","url_meta":{"origin":4010,"position":0},"title":"NOTRO \/ ARBRE DE FEU DU CHILI SYLFOS","author":"eveapprill","date":"9 mars 2025","format":false,"excerpt":"NOTRO Embothrium coccineum Paix int\u00e9rieure. Arbre sacr\u00e9 des indiens Mapuche favorisant l\u2019ouverture spirituelle. Aide \u00e0 prendre conscience et \u00e0 transmuter les \u00e9nergies de bas instincts,","rel":"","context":"Article similaire","block_context":{"text":"Article similaire","link":""},"img":{"alt_text":"","src":"","width":0,"height":0},"classes":[]},{"id":6211,"url":"https:\/\/artstella-elixirs-floraux.com\/fr_fr\/produit\/elixir-ocean-n-26-phi-15ml\/","url_meta":{"origin":4010,"position":1},"title":"ELIXIR OCEAN N\u00b0 26 PHI 15ml","author":"eveapprill","date":"9 mars 2025","format":false,"excerpt":"ELIXIR OCEAN N\u00b0 26\u00a0 agit au niveau de l\u2019inconscient profond. Des sentiments profonds de peurs ou d\u2019ins\u00e9curit\u00e9 peuvent \u00eatre conscientis\u00e9s. Il am\u00e9liore et renforce la paix int\u00e9rieure et la confiance. Gr\u00e2ce \u00e0 cette confiance renouvel\u00e9e, il devient possible de se lib\u00e9rer des choses anciennes de fa\u00e7on \u00e0 pouvoir progresser int\u00e9rieurement.","rel":"","context":"Article similaire","block_context":{"text":"Article similaire","link":""},"img":{"alt_text":"","src":"","width":0,"height":0},"classes":[]},{"id":3920,"url":"https:\/\/artstella-elixirs-floraux.com\/fr_fr\/produit\/boeuf-a-e-15-ml-phi\/","url_meta":{"origin":4010,"position":2},"title":"BOEUF A.E 15 ML PHI","author":"eveapprill","date":"9 mars 2025","format":false,"excerpt":"B\u0153uf Rind Pour \u00e9tablir une liaison entre l\u2019animal et l\u2019\u00eatre humain, dans des aspects comme la paix et la confiance.","rel":"","context":"Article similaire","block_context":{"text":"Article similaire","link":""},"img":{"alt_text":"","src":"","width":0,"height":0},"classes":[]},{"id":2767,"url":"https:\/\/artstella-elixirs-floraux.com\/fr_fr\/produit\/antarctic-bush-lf\/","url_meta":{"origin":4010,"position":3},"title":"ANTARCTIC BUSH LF","author":"eveapprill","date":"9 mars 2025","format":false,"excerpt":"Antarctic Essence \u2013 Elixir de l'Antarctique Favorise le calme, la paix et le repos. Donne une meilleure vision de ce qui est n\u00e9cessaire et essentiel dans la vie. Antarctic Essence r\u00e9v\u00e8le et dissout les aspects profonds et cach\u00e9s de notre personnalit\u00e9.","rel":"","context":"Article similaire","block_context":{"text":"Article similaire","link":""},"img":{"alt_text":"","src":"https:\/\/i0.wp.com\/artstella-elixirs-floraux.com\/wp-content\/uploads\/2025\/03\/619e443f-a1e4-4582-9202-7ae7c3b159c7.jpg?resize=350%2C200&ssl=1","width":350,"height":200,"srcset":"https:\/\/i0.wp.com\/artstella-elixirs-floraux.com\/wp-content\/uploads\/2025\/03\/619e443f-a1e4-4582-9202-7ae7c3b159c7.jpg?resize=350%2C200&ssl=1 1x, https:\/\/i0.wp.com\/artstella-elixirs-floraux.com\/wp-content\/uploads\/2025\/03\/619e443f-a1e4-4582-9202-7ae7c3b159c7.jpg?resize=525%2C300&ssl=1 1.5x, https:\/\/i0.wp.com\/artstella-elixirs-floraux.com\/wp-content\/uploads\/2025\/03\/619e443f-a1e4-4582-9202-7ae7c3b159c7.jpg?resize=700%2C400&ssl=1 2x"},"classes":[]},{"id":3551,"url":"https:\/\/artstella-elixirs-floraux.com\/fr_fr\/produit\/7-boundless-peace-ltoe-15-ml\/","url_meta":{"origin":4010,"position":4},"title":"7. BOUNDLESS PEACE LTOE 15 ML","author":"eveapprill","date":"9 mars 2025","format":false,"excerpt":"Paix profonde\/Boundless Peace (Anguloa virginalis - P\u00e9rou) Tels les pulsations d\u2019une m\u00e9duse translucide ou des bulles de champagne qui remontent \u00e0 la surface, cet \u00e9lixir donne une sensation de l\u00e9g\u00e8ret\u00e9 et de bien-\u00eatre.","rel":"","context":"Article similaire","block_context":{"text":"Article similaire","link":""},"img":{"alt_text":"","src":"https:\/\/i0.wp.com\/artstella-elixirs-floraux.com\/wp-content\/uploads\/2025\/03\/db238c84-2b46-4cf9-bee4-d7afe8c8e27e.jpg?resize=350%2C200&ssl=1","width":350,"height":200,"srcset":"https:\/\/i0.wp.com\/artstella-elixirs-floraux.com\/wp-content\/uploads\/2025\/03\/db238c84-2b46-4cf9-bee4-d7afe8c8e27e.jpg?resize=350%2C200&ssl=1 1x, https:\/\/i0.wp.com\/artstella-elixirs-floraux.com\/wp-content\/uploads\/2025\/03\/db238c84-2b46-4cf9-bee4-d7afe8c8e27e.jpg?resize=525%2C300&ssl=1 1.5x, https:\/\/i0.wp.com\/artstella-elixirs-floraux.com\/wp-content\/uploads\/2025\/03\/db238c84-2b46-4cf9-bee4-d7afe8c8e27e.jpg?resize=700%2C400&ssl=1 2x"},"classes":[]},{"id":5877,"url":"https:\/\/artstella-elixirs-floraux.com\/fr_fr\/produit\/compose-n19-renaissance-deva-30ml\/","url_meta":{"origin":4010,"position":5},"title":"Compos\u00e9 n\u00b019 RENAISSANCE DEVA 30ml","author":"eveapprill","date":"9 mars 2025","format":false,"excerpt":"Compos\u00e9 n\u00b019 Renaissance DEVA 30ml Aide \u00e0 retrouver une paix profonde et sa pleine int\u00e9grit\u00e9 physique, mentale et \u00e9motionnelle apr\u00e8s une situation d'\u00e9puisement total.","rel":"","context":"Article similaire","block_context":{"text":"Article similaire","link":""},"img":{"alt_text":"","src":"https:\/\/i0.wp.com\/artstella-elixirs-floraux.com\/wp-content\/uploads\/2025\/03\/367f6051-abea-4271-a4de-e0b28fe2b56e.jpg?resize=350%2C200&ssl=1","width":350,"height":200,"srcset":"https:\/\/i0.wp.com\/artstella-elixirs-floraux.com\/wp-content\/uploads\/2025\/03\/367f6051-abea-4271-a4de-e0b28fe2b56e.jpg?resize=350%2C200&ssl=1 1x, https:\/\/i0.wp.com\/artstella-elixirs-floraux.com\/wp-content\/uploads\/2025\/03\/367f6051-abea-4271-a4de-e0b28fe2b56e.jpg?resize=525%2C300&ssl=1 1.5x, https:\/\/i0.wp.com\/artstella-elixirs-floraux.com\/wp-content\/uploads\/2025\/03\/367f6051-abea-4271-a4de-e0b28fe2b56e.jpg?resize=700%2C400&ssl=1 2x"},"classes":[]}],"_links":{"self":[{"href":"https:\/\/artstella-elixirs-floraux.com\/fr_fr\/wp-json\/wp\/v2\/product\/4010","targetHints":{"allow":["GET"]}}],"collection":[{"href":"https:\/\/artstella-elixirs-floraux.com\/fr_fr\/wp-json\/wp\/v2\/product"}],"about":[{"href":"https:\/\/artstella-elixirs-floraux.com\/fr_fr\/wp-json\/wp\/v2\/types\/product"}],"version-history":[{"count":2,"href":"https:\/\/artstella-elixirs-floraux.com\/fr_fr\/wp-json\/wp\/v2\/product\/4010\/revisions"}],"predecessor-version":[{"id":11151,"href":"https:\/\/artstella-elixirs-floraux.com\/fr_fr\/wp-json\/wp\/v2\/product\/4010\/revisions\/11151"}],"wp:featuredmedia":[{"embeddable":true,"href":"https:\/\/artstella-elixirs-floraux.com\/fr_fr\/wp-json\/wp\/v2\/media\/4011"}],"wp:attachment":[{"href":"https:\/\/artstella-elixirs-floraux.com\/fr_fr\/wp-json\/wp\/v2\/media?parent=4010"}],"wp:term":[{"taxonomy":"product_brand","embeddable":true,"href":"https:\/\/artstella-elixirs-floraux.com\/fr_fr\/wp-json\/wp\/v2\/product_brand?post=4010"},{"taxonomy":"product_cat","embeddable":true,"href":"https:\/\/artstella-elixirs-floraux.com\/fr_fr\/wp-json\/wp\/v2\/product_cat?post=4010"},{"taxonomy":"product_tag","embeddable":true,"href":"https:\/\/artstella-elixirs-floraux.com\/fr_fr\/wp-json\/wp\/v2\/product_tag?post=4010"}],"curies":[{"name":"wp","href":"https:\/\/api.w.org\/{rel}","templated":true}]}}