{"id":4018,"date":"2025-03-09T13:19:39","date_gmt":"2025-03-09T13:19:39","guid":{"rendered":"https:\/\/artstella-elixirs-floraux.com\/product\/ceibo-erythrine-15-ml-sylfos\/"},"modified":"2025-08-06T17:32:31","modified_gmt":"2025-08-06T17:32:31","slug":"ceibo-erythrine-15-ml-sylfos","status":"publish","type":"product","link":"https:\/\/artstella-elixirs-floraux.com\/fr_fr\/produit\/ceibo-erythrine-15-ml-sylfos\/","title":{"rendered":"CEIBO \/ ERYTHRINE CORAIL SYLFOS"},"content":{"rendered":"<p><strong>CEIBO \/ ERYTHRINE CORAIL\u00a0<\/strong>Eritrina cresta-galli<\/p>\n<p>Communion, voix int\u00e9rieure. Pour les probl\u00e8mes de communication au sein d\u2019un couple. Augmente la passion et le d\u00e9sir. Lib\u00e8re les blocages. Pour ceux qui se sentent diminu\u00e9s et qui cherchent \u00e0 dominer leur partenaire. Facilite la reconnexion avec son moi profond et permet de suivre son chemin de vie avec honn\u00eatet\u00e9 et solidarit\u00e9.<\/p>\n","protected":false},"excerpt":{"rendered":"<p><strong>CEIBO <\/strong>Eritrina cresta-galli Communion, voix int\u00e9rieure. Pour les probl\u00e8mes de communication au sein d\u2019un couple.<\/p>\n","protected":false},"featured_media":4019,"template":"","meta":[],"product_brand":[],"product_cat":[104],"product_tag":[],"class_list":{"0":"post-4018","1":"product","2":"type-product","3":"status-publish","4":"has-post-thumbnail","6":"product_cat-les-fleurs-andines","8":"first","9":"instock","10":"taxable","11":"shipping-taxable","12":"purchasable","13":"product-type-variable"},"etheme_brands":{"errors":{"invalid_taxonomy":["Taxonomie non valide."]},"error_data":[]},"jetpack_sharing_enabled":true,"jetpack-related-posts":[{"id":5162,"url":"https:\/\/artstella-elixirs-floraux.com\/fr_fr\/produit\/corail-digitiforme-15-ml-phi\/","url_meta":{"origin":4018,"position":0},"title":"CORAIL DIGITIFORME 15 ML PHI","author":"eveapprill","date":"27 mai 2025","format":false,"excerpt":"Corail digitiforme (Stylophora pistillata) Griffelkoralle Son \u00e9lixir agit \u00e9nerg\u00e9tiquement sur la structure et le squelette. Il renforce et permet d\u2019\u00e9tablir des structures. Il permet de se renforcer int\u00e9rieurement.","rel":"","context":"Article similaire","block_context":{"text":"Article similaire","link":""},"img":{"alt_text":"","src":"","width":0,"height":0},"classes":[]},{"id":5163,"url":"https:\/\/artstella-elixirs-floraux.com\/fr_fr\/produit\/corail-cervau-phi-15-ml\/","url_meta":{"origin":4018,"position":1},"title":"Corail Cervau PHI 15 ml","author":"eveapprill","date":"9 mars 2025","format":false,"excerpt":"Corail cerveau (Platygyra lamellia) Hirnkoralle\u00a0 Ce corail forme des colonies de plusieurs m\u00e8tres de hauteur. Sa structure montre une analogie avec le cerveau.","rel":"","context":"Article similaire","block_context":{"text":"Article similaire","link":""},"img":{"alt_text":"","src":"https:\/\/i0.wp.com\/artstella-elixirs-floraux.com\/wp-content\/uploads\/2025\/03\/808b3546-c9bc-4cf6-ab18-e0e8c809d5a0.jpg?resize=350%2C200&ssl=1","width":350,"height":200,"srcset":"https:\/\/i0.wp.com\/artstella-elixirs-floraux.com\/wp-content\/uploads\/2025\/03\/808b3546-c9bc-4cf6-ab18-e0e8c809d5a0.jpg?resize=350%2C200&ssl=1 1x, https:\/\/i0.wp.com\/artstella-elixirs-floraux.com\/wp-content\/uploads\/2025\/03\/808b3546-c9bc-4cf6-ab18-e0e8c809d5a0.jpg?resize=525%2C300&ssl=1 1.5x, https:\/\/i0.wp.com\/artstella-elixirs-floraux.com\/wp-content\/uploads\/2025\/03\/808b3546-c9bc-4cf6-ab18-e0e8c809d5a0.jpg?resize=700%2C400&ssl=1 2x"},"classes":[]},{"id":4191,"url":"https:\/\/artstella-elixirs-floraux.com\/fr_fr\/produit\/communion-with-god-wea-30-ml\/","url_meta":{"origin":4018,"position":2},"title":"COMMUNION WITH GOD WEA 30 ML","author":"eveapprill","date":"9 mars 2025","format":false,"excerpt":"\u00a0 Communion with God (communion avec Dieu) Pour ressentir l\u2019unit\u00e9 avec le Divin sa vie pleinement, avec libert\u00e9 et abandon.","rel":"","context":"Article similaire","block_context":{"text":"Article similaire","link":""},"img":{"alt_text":"","src":"https:\/\/i0.wp.com\/artstella-elixirs-floraux.com\/wp-content\/uploads\/2025\/03\/wp-image2374.png?resize=350%2C200&ssl=1","width":350,"height":200},"classes":[]},{"id":5530,"url":"https:\/\/artstella-elixirs-floraux.com\/fr_fr\/produit\/coffret-210-elixirs-de-la-mer-15ml-phi\/","url_meta":{"origin":4018,"position":3},"title":"COFFRET (2)10 Elixirs de la MER 15ML PHI","author":"eveapprill","date":"9 mars 2025","format":false,"excerpt":"Coffret (2) 10 \u00e9lixirs de la mer Contient : Corail de feu, Corail digitiforme, Corail cerveau, Poisson ange royal, Corail Sarcophyton, Benitier Tridacne, Spongiaires, Rascasse volante, Favite, Corail dendro","rel":"","context":"Article similaire","block_context":{"text":"Article similaire","link":""},"img":{"alt_text":"","src":"https:\/\/i0.wp.com\/artstella-elixirs-floraux.com\/wp-content\/uploads\/2025\/03\/wp-image1760.png?resize=350%2C200&ssl=1","width":350,"height":200},"classes":[]},{"id":5176,"url":"https:\/\/artstella-elixirs-floraux.com\/fr_fr\/produit\/corail-arbuscule-15-ml-phi\/","url_meta":{"origin":4018,"position":4},"title":"CORAIL ARBUSCULE 15 ML PHI","author":"eveapprill","date":"9 mars 2025","format":false,"excerpt":"Corail arbuscule (Dendrophyllia sp.) Z\u00e4pfchenkoralle\u00a0 L\u2019\u00e9lixir agit sur des zones sombres du corps et des organes, en les transformant et soutenant les processus de nettoyage.\u00a0","rel":"","context":"Article similaire","block_context":{"text":"Article similaire","link":""},"img":{"alt_text":"","src":"","width":0,"height":0},"classes":[]},{"id":5165,"url":"https:\/\/artstella-elixirs-floraux.com\/fr_fr\/produit\/poisson-ange-royal-15-ml-phi\/","url_meta":{"origin":4018,"position":5},"title":"POISSON ANGE ROYAL 15 ML PHI","author":"eveapprill","date":"9 mars 2025","format":false,"excerpt":"Poisson ange-royal (Pygoplites diacanthus) Kaiserfisch Ce poisson vit au milieu du corail en groupe. Son \u00e9lixir favorise la communication et le sentiment d\u2019appartenance.","rel":"","context":"Article similaire","block_context":{"text":"Article similaire","link":""},"img":{"alt_text":"","src":"","width":0,"height":0},"classes":[]}],"_links":{"self":[{"href":"https:\/\/artstella-elixirs-floraux.com\/fr_fr\/wp-json\/wp\/v2\/product\/4018","targetHints":{"allow":["GET"]}}],"collection":[{"href":"https:\/\/artstella-elixirs-floraux.com\/fr_fr\/wp-json\/wp\/v2\/product"}],"about":[{"href":"https:\/\/artstella-elixirs-floraux.com\/fr_fr\/wp-json\/wp\/v2\/types\/product"}],"version-history":[{"count":1,"href":"https:\/\/artstella-elixirs-floraux.com\/fr_fr\/wp-json\/wp\/v2\/product\/4018\/revisions"}],"predecessor-version":[{"id":11147,"href":"https:\/\/artstella-elixirs-floraux.com\/fr_fr\/wp-json\/wp\/v2\/product\/4018\/revisions\/11147"}],"wp:featuredmedia":[{"embeddable":true,"href":"https:\/\/artstella-elixirs-floraux.com\/fr_fr\/wp-json\/wp\/v2\/media\/4019"}],"wp:attachment":[{"href":"https:\/\/artstella-elixirs-floraux.com\/fr_fr\/wp-json\/wp\/v2\/media?parent=4018"}],"wp:term":[{"taxonomy":"product_brand","embeddable":true,"href":"https:\/\/artstella-elixirs-floraux.com\/fr_fr\/wp-json\/wp\/v2\/product_brand?post=4018"},{"taxonomy":"product_cat","embeddable":true,"href":"https:\/\/artstella-elixirs-floraux.com\/fr_fr\/wp-json\/wp\/v2\/product_cat?post=4018"},{"taxonomy":"product_tag","embeddable":true,"href":"https:\/\/artstella-elixirs-floraux.com\/fr_fr\/wp-json\/wp\/v2\/product_tag?post=4018"}],"curies":[{"name":"wp","href":"https:\/\/api.w.org\/{rel}","templated":true}]}}