{"id":4051,"date":"2025-03-09T13:20:22","date_gmt":"2025-03-09T13:20:22","guid":{"rendered":"https:\/\/artstella-elixirs-floraux.com\/product\/notro-arbre-de-feu-15-ml-sylfos\/"},"modified":"2025-08-06T16:59:19","modified_gmt":"2025-08-06T16:59:19","slug":"notro-arbre-de-feu-15-ml-sylfos","status":"publish","type":"product","link":"https:\/\/artstella-elixirs-floraux.com\/fr_fr\/produit\/notro-arbre-de-feu-15-ml-sylfos\/","title":{"rendered":"NOTRO \/ ARBRE DE FEU DU CHILI SYLFOS"},"content":{"rendered":"<p><strong>NOTRO Arbre de Feu du Chili <\/strong>Embothrium coccineum<\/p>\n<p>Paix int\u00e9rieure. Arbre sacr\u00e9 des indiens Mapuche favorisant l\u2019ouverture spirituelle. Aide \u00e0 prendre conscience et \u00e0 transmuter les \u00e9nergies de bas instincts, telles que la violence, la haine ou l\u2019agressivit\u00e9, en \u00e9nergies positives de paix, d\u2019harmonie et de respect mutuel. \u00c9lixir recommand\u00e9 aux personnes qui explosent d\u2019agressivit\u00e9 et qui n\u2019arrivent pas \u00e0 contr\u00f4ler cet exc\u00e8s d\u2019\u00e9nergie n\u00e9gative pouvant les entra\u00eener vers des \u00e9tats d\u2019angoisse, de d\u00e9pression et de grande fatigue.<\/p>\n<p class=\"MsoNormal\"><strong><span lang=\"fr\" style=\"font-size: 8pt; font-family: 'Book Antiqua';\" xml:lang=\"fr\">\u00a0<\/span><\/strong><\/p>\n","protected":false},"excerpt":{"rendered":"<p><strong>NOTRO <\/strong>Embothrium coccineum<\/p>\n<p>Paix int\u00e9rieure. Arbre sacr\u00e9 des indiens Mapuche favorisant l\u2019ouverture spirituelle. Aide \u00e0 prendre conscience et \u00e0 transmuter les \u00e9nergies de bas instincts,<\/p>\n","protected":false},"featured_media":4052,"template":"","meta":[],"product_brand":[],"product_cat":[104],"product_tag":[],"class_list":{"0":"post-4051","1":"product","2":"type-product","3":"status-publish","4":"has-post-thumbnail","6":"product_cat-les-fleurs-andines","8":"first","9":"instock","10":"taxable","11":"shipping-taxable","12":"purchasable","13":"product-type-variable"},"etheme_brands":{"errors":{"invalid_taxonomy":["Taxonomie non valide."]},"error_data":[]},"jetpack_sharing_enabled":true,"jetpack-related-posts":[{"id":3579,"url":"https:\/\/artstella-elixirs-floraux.com\/fr_fr\/produit\/17-fire-of-life-lto-15-ml\/","url_meta":{"origin":4051,"position":0},"title":"17. FIRE OF LIFE LTO 15 ML","author":"eveapprill","date":"9 mars 2025","format":false,"excerpt":"Fire of Life \/ Le feu de la vie : est le compl\u00e9ment masculin, Yang, de Furnace of Life. Son \u00e9nergie Yang aide les \u00e9nergies universelles les plus \u00e9lev\u00e9es \u00e0 s'incarner dans la conscience, et contribue \u00e0 ce que cette \u00e9nergie coule au centre de notre \u00eatre. Il donne le\u2026","rel":"","context":"Article similaire","block_context":{"text":"Article similaire","link":""},"img":{"alt_text":"","src":"https:\/\/i0.wp.com\/artstella-elixirs-floraux.com\/wp-content\/uploads\/2025\/03\/cffee8d9-4215-4261-9234-b57ae2c9070b.jpg?resize=350%2C200&ssl=1","width":350,"height":200,"srcset":"https:\/\/i0.wp.com\/artstella-elixirs-floraux.com\/wp-content\/uploads\/2025\/03\/cffee8d9-4215-4261-9234-b57ae2c9070b.jpg?resize=350%2C200&ssl=1 1x, https:\/\/i0.wp.com\/artstella-elixirs-floraux.com\/wp-content\/uploads\/2025\/03\/cffee8d9-4215-4261-9234-b57ae2c9070b.jpg?resize=525%2C300&ssl=1 1.5x, https:\/\/i0.wp.com\/artstella-elixirs-floraux.com\/wp-content\/uploads\/2025\/03\/cffee8d9-4215-4261-9234-b57ae2c9070b.jpg?resize=700%2C400&ssl=1 2x"},"classes":[]},{"id":2767,"url":"https:\/\/artstella-elixirs-floraux.com\/fr_fr\/produit\/antarctic-bush-lf\/","url_meta":{"origin":4051,"position":1},"title":"ANTARCTIC BUSH LF","author":"eveapprill","date":"9 mars 2025","format":false,"excerpt":"Antarctic Essence \u2013 Elixir de l'Antarctique Favorise le calme, la paix et le repos. Donne une meilleure vision de ce qui est n\u00e9cessaire et essentiel dans la vie. Antarctic Essence r\u00e9v\u00e8le et dissout les aspects profonds et cach\u00e9s de notre personnalit\u00e9.","rel":"","context":"Article similaire","block_context":{"text":"Article similaire","link":""},"img":{"alt_text":"","src":"https:\/\/i0.wp.com\/artstella-elixirs-floraux.com\/wp-content\/uploads\/2025\/03\/619e443f-a1e4-4582-9202-7ae7c3b159c7.jpg?resize=350%2C200&ssl=1","width":350,"height":200,"srcset":"https:\/\/i0.wp.com\/artstella-elixirs-floraux.com\/wp-content\/uploads\/2025\/03\/619e443f-a1e4-4582-9202-7ae7c3b159c7.jpg?resize=350%2C200&ssl=1 1x, https:\/\/i0.wp.com\/artstella-elixirs-floraux.com\/wp-content\/uploads\/2025\/03\/619e443f-a1e4-4582-9202-7ae7c3b159c7.jpg?resize=525%2C300&ssl=1 1.5x, https:\/\/i0.wp.com\/artstella-elixirs-floraux.com\/wp-content\/uploads\/2025\/03\/619e443f-a1e4-4582-9202-7ae7c3b159c7.jpg?resize=700%2C400&ssl=1 2x"},"classes":[]},{"id":4101,"url":"https:\/\/artstella-elixirs-floraux.com\/fr_fr\/produit\/serpiente-serpent-transmutation-15ml\/","url_meta":{"origin":4051,"position":2},"title":"SERPIENTE \/ SERPENT Transmutation 15ML","author":"eveapprill","date":"9 mars 2025","format":false,"excerpt":"SERPIENTE \/ SERPENT Transmutation \u2013 Force de Vie \u2013 R\u00e9g\u00e9n\u00e9ration. Le Serpent accompagne les mues r\u00e9guli\u00e8res n\u00e9cessaires, mais aussi les grandes transformations qui impliquent de laisser le \u00ab\u00a0vieux\u00a0\u00bb pour acc\u00e9der au \u00ab\u00a0nouveau\u00a0\u00bb.","rel":"","context":"Article similaire","block_context":{"text":"Article similaire","link":""},"img":{"alt_text":"","src":"","width":0,"height":0},"classes":[]},{"id":4026,"url":"https:\/\/artstella-elixirs-floraux.com\/fr_fr\/produit\/copihue-lys-du-chili-15-ml-sylfos\/","url_meta":{"origin":4051,"position":3},"title":"COPIHUE \/ LYS DU CHILI SYLFOS","author":"eveapprill","date":"9 mars 2025","format":false,"excerpt":"COPIHUE\/ LYS DU CHILI\u00a0 Lapageria rosea Joie int\u00e9rieure. Aide \u00e0 retrouver la joie int\u00e9rieure. Elixir recommand\u00e9 aux temp\u00e9raments pessimistes,","rel":"","context":"Article similaire","block_context":{"text":"Article similaire","link":""},"img":{"alt_text":"","src":"","width":0,"height":0},"classes":[]},{"id":3627,"url":"https:\/\/artstella-elixirs-floraux.com\/fr_fr\/produit\/39-necklace-of-beauty-15-ml\/","url_meta":{"origin":4051,"position":4},"title":"39. NECKLACE OF BEAUTY 15 ML","author":"eveapprill","date":"9 mars 2025","format":false,"excerpt":"Necklace of beauty \/ Collier de beaut\u00e9 : apporte une magnifique \u00e9nergie d'amour dans le chakra sup\u00e9rieur du c\u0153ur, nous permettant de nous sentir aim\u00e9, \u00e9lev\u00e9 et en paix.","rel":"","context":"Article similaire","block_context":{"text":"Article similaire","link":""},"img":{"alt_text":"","src":"https:\/\/i0.wp.com\/artstella-elixirs-floraux.com\/wp-content\/uploads\/2025\/03\/0c3a666b-f328-482a-86c7-cbea44b63d1e.jpg?resize=350%2C200&ssl=1","width":350,"height":200,"srcset":"https:\/\/i0.wp.com\/artstella-elixirs-floraux.com\/wp-content\/uploads\/2025\/03\/0c3a666b-f328-482a-86c7-cbea44b63d1e.jpg?resize=350%2C200&ssl=1 1x, https:\/\/i0.wp.com\/artstella-elixirs-floraux.com\/wp-content\/uploads\/2025\/03\/0c3a666b-f328-482a-86c7-cbea44b63d1e.jpg?resize=525%2C300&ssl=1 1.5x, https:\/\/i0.wp.com\/artstella-elixirs-floraux.com\/wp-content\/uploads\/2025\/03\/0c3a666b-f328-482a-86c7-cbea44b63d1e.jpg?resize=700%2C400&ssl=1 2x"},"classes":[]},{"id":6337,"url":"https:\/\/artstella-elixirs-floraux.com\/fr_fr\/produit\/espinillo-mimosa-du-chili-15-ml-sylfos\/","url_meta":{"origin":4051,"position":5},"title":"ESPINILLO \u2013 MIMOSA DU CHILI 15 ml SYLFOS","author":"eveapprill","date":"9 mars 2025","format":false,"excerpt":"ESPINILLO \u2013 MIMOSA DU CHILI\u00a0 Vachellia caven Amertume, vuln\u00e9rabilit\u00e9, incapacit\u00e9 \u00e0 se pardonner, sensibilit\u00e9 excessive. Le Mimosa du Chili agit comme un antid\u00e9presseur et poss\u00e8de une action \u00e9nergisante naturelle. Il sera recommand\u00e9 en cas d'incapacit\u00e9 \u00e0 se pardonner et lorsque la personne a besoin d'\u00eatre surla d\u00e9fensive face \u00e0 toute\u2026","rel":"","context":"Article similaire","block_context":{"text":"Article similaire","link":""},"img":{"alt_text":"","src":"https:\/\/i0.wp.com\/artstella-elixirs-floraux.com\/wp-content\/uploads\/2025\/03\/ESPINILLO.jpg?resize=350%2C200&ssl=1","width":350,"height":200},"classes":[]}],"_links":{"self":[{"href":"https:\/\/artstella-elixirs-floraux.com\/fr_fr\/wp-json\/wp\/v2\/product\/4051","targetHints":{"allow":["GET"]}}],"collection":[{"href":"https:\/\/artstella-elixirs-floraux.com\/fr_fr\/wp-json\/wp\/v2\/product"}],"about":[{"href":"https:\/\/artstella-elixirs-floraux.com\/fr_fr\/wp-json\/wp\/v2\/types\/product"}],"version-history":[{"count":2,"href":"https:\/\/artstella-elixirs-floraux.com\/fr_fr\/wp-json\/wp\/v2\/product\/4051\/revisions"}],"predecessor-version":[{"id":11128,"href":"https:\/\/artstella-elixirs-floraux.com\/fr_fr\/wp-json\/wp\/v2\/product\/4051\/revisions\/11128"}],"wp:featuredmedia":[{"embeddable":true,"href":"https:\/\/artstella-elixirs-floraux.com\/fr_fr\/wp-json\/wp\/v2\/media\/4052"}],"wp:attachment":[{"href":"https:\/\/artstella-elixirs-floraux.com\/fr_fr\/wp-json\/wp\/v2\/media?parent=4051"}],"wp:term":[{"taxonomy":"product_brand","embeddable":true,"href":"https:\/\/artstella-elixirs-floraux.com\/fr_fr\/wp-json\/wp\/v2\/product_brand?post=4051"},{"taxonomy":"product_cat","embeddable":true,"href":"https:\/\/artstella-elixirs-floraux.com\/fr_fr\/wp-json\/wp\/v2\/product_cat?post=4051"},{"taxonomy":"product_tag","embeddable":true,"href":"https:\/\/artstella-elixirs-floraux.com\/fr_fr\/wp-json\/wp\/v2\/product_tag?post=4051"}],"curies":[{"name":"wp","href":"https:\/\/api.w.org\/{rel}","templated":true}]}}