{"id":4056,"date":"2025-03-09T13:20:25","date_gmt":"2025-03-09T13:20:25","guid":{"rendered":"https:\/\/artstella-elixirs-floraux.com\/product\/ortiga-brava-pavot-15-ml-sylfos\/"},"modified":"2025-08-06T16:44:43","modified_gmt":"2025-08-06T16:44:43","slug":"ortiga-brava-pavot-15-ml-sylfos","status":"publish","type":"product","link":"https:\/\/artstella-elixirs-floraux.com\/fr_fr\/produit\/ortiga-brava-pavot-15-ml-sylfos\/","title":{"rendered":"ORTIGA BRAVA \/ PAVOT PIQUANT SYLFOS"},"content":{"rendered":"<p><strong>ORTIGA BRAVA \/ PAVOT PIQUANT<\/strong><\/p>\n<p>Loasa tricolor<\/p>\n<p>Vitalit\u00e9, capacit\u00e9 \u00e0 aller de l&rsquo;avant. Pour les p\u00e9riodes de stagnation et de r\u00e9tention d\u2019\u00e9nergie vitale. Pour ceux qui sont fermement attach\u00e9s \u00e0 des modes de fonctionnement fig\u00e9s ne correspondant plus \u00e0 leurs aspirations. Craignant de ne pouvoir s\u2019adapter aux changements n\u00e9cessaires \u00e0 leur \u00e9volution, ils se d\u00e9vitalisent et perdent tout enthousiasme en la vie. Elixir permettant d\u2019\u00e9tablir une nouvelle relation au monde, avec force, confiance et cr\u00e9ativit\u00e9.<\/p>\n","protected":false},"excerpt":{"rendered":"<p><strong>ORTIGA BRAVA <\/strong>Loasa tricolor<\/p>\n<p>Vitalit\u00e9, capacit\u00e9 \u00e0 aller de l&rsquo;avant. Pour les p\u00e9riodes de stagnation et de r\u00e9tention d\u2019\u00e9nergie vitale.<\/p>\n","protected":false},"featured_media":4057,"template":"","meta":[],"product_brand":[],"product_cat":[104],"product_tag":[],"class_list":{"0":"post-4056","1":"product","2":"type-product","3":"status-publish","4":"has-post-thumbnail","6":"product_cat-les-fleurs-andines","8":"first","9":"instock","10":"taxable","11":"shipping-taxable","12":"purchasable","13":"product-type-variable"},"etheme_brands":{"errors":{"invalid_taxonomy":["Taxonomie non valide."]},"error_data":[]},"jetpack_sharing_enabled":true,"jetpack-related-posts":[{"id":6215,"url":"https:\/\/artstella-elixirs-floraux.com\/fr_fr\/produit\/elixirs-ocean-n-28\/","url_meta":{"origin":4056,"position":0},"title":"ELIXIRS OCEAN N\u00b0 28","author":"eveapprill","date":"9 mars 2025","format":false,"excerpt":"ELIXIRS OCEAN N\u00b0 28\u00a0\u00a0 am\u00e9liore force vitale et vitalit\u00e9. Il agit positivement sur tout l\u2019organisme, apportant clart\u00e9, nettoyage int\u00e9rieur et dynamisme. Il soutient les processus de groupe et la capacit\u00e9 de collaborer. Il aide \u00e0 rassembler les \u00e9nergies, c'est-\u00e0-dire d\u2019aligner la force du groupe sur un but commun.","rel":"","context":"Article similaire","block_context":{"text":"Article similaire","link":""},"img":{"alt_text":"","src":"https:\/\/i0.wp.com\/artstella-elixirs-floraux.com\/wp-content\/uploads\/2025\/03\/wp-image2202.png?resize=350%2C200&ssl=1","width":350,"height":200},"classes":[]},{"id":12337,"url":"https:\/\/artstella-elixirs-floraux.com\/fr_fr\/produit\/cuivre-natif-cobre-nativo-15ml-sylfos\/","url_meta":{"origin":4056,"position":1},"title":"CUIVRE NATIF &#8211; COBRE NATIVO 15ml Sylfos","author":"eveapprill","date":"16 mars 2026","format":false,"excerpt":"Le cuivre natif r\u00e9active l'\u00e9nergie vitale en cas d'apathie ou de stagnation \u00e9motionnelle. Il facilite la transformation de l'\u00e9motion en action, redonnant fluidit\u00e9 et dynamisme. Il est utile en cas de d\u00e9connexion interne ou de manque de motivation. Son \u00e9nergie int\u00e8gre le sentiment, la pens\u00e9e et l'action.","rel":"","context":"Article similaire","block_context":{"text":"Article similaire","link":""},"img":{"alt_text":"","src":"https:\/\/i0.wp.com\/artstella-elixirs-floraux.com\/wp-content\/uploads\/2026\/03\/CobreNativo_1.png?resize=350%2C200&ssl=1","width":350,"height":200},"classes":[]},{"id":4983,"url":"https:\/\/artstella-elixirs-floraux.com\/fr_fr\/produit\/red-purple-poppy-alaskan-f-sup\/","url_meta":{"origin":4056,"position":2},"title":"RED PURPLE POPPY ALASKAN F SUP","author":"eveapprill","date":"9 mars 2025","format":false,"excerpt":"Red-Purple PoppyPapaver somniferum Pavot rouge Indications\u00a0: ind\u00e9cision; l\u00e9thargie; manque d\u2019inspiration; \u00e9nergie stagnante dans les chakras inf\u00e9rieurs\u00a0; ressentant un manque de guidance et de soutien des royaumes spirituels.","rel":"","context":"Article similaire","block_context":{"text":"Article similaire","link":""},"img":{"alt_text":"","src":"","width":0,"height":0},"classes":[]},{"id":12326,"url":"https:\/\/artstella-elixirs-floraux.com\/fr_fr\/produit\/ambre-ambar-15-ml-sylfos\/","url_meta":{"origin":4056,"position":3},"title":"AMBRE &#8211; AMBAR 15 ml Sylfos","author":"eveapprill","date":"16 mars 2026","format":false,"excerpt":"L'ambre lib\u00e8re les charges \u00e9motionnelles du pass\u00e9 qui g\u00e9n\u00e8rent une lourdeur ou une stagnation int\u00e9rieure. Il purifie le champ \u00e9nerg\u00e9tique et redonne vitalit\u00e9 et l\u00e9g\u00e8ret\u00e9. Il est particuli\u00e8rement utile dans les processus d'\u00e9puisement ou de purification \u00e9motionnelle profonde. Son \u00e9nergie transforme la densit\u00e9 en renouveau et en mouvement int\u00e9rieur.","rel":"","context":"Article similaire","block_context":{"text":"Article similaire","link":""},"img":{"alt_text":"","src":"https:\/\/i0.wp.com\/artstella-elixirs-floraux.com\/wp-content\/uploads\/2026\/03\/Ambar_1.png?resize=350%2C200&ssl=1","width":350,"height":200},"classes":[]},{"id":6076,"url":"https:\/\/artstella-elixirs-floraux.com\/fr_fr\/produit\/vital-light-15-ml-ltoe\/","url_meta":{"origin":4056,"position":4},"title":"Vital Light 15 ml LTOE","author":"eveapprill","date":"9 mars 2025","format":false,"excerpt":"Vital Light\u00a0- Cet \u00e9lixir cumule les effets de ces 3 composants, Vital core, Vital Clarity agisant sur les corps subtils inf\u00e9rieurs et Kuan Yin fluorite sur le chakra du c\u0153ur vers le haut. Invoquant un chariot mystique de l\u2019\u00e2me, le Merkabah. Vital Light est rafra\u00eechissant, apportant vitalit\u00e9 et \u00e9nergie.","rel":"","context":"Article similaire","block_context":{"text":"Article similaire","link":""},"img":{"alt_text":"","src":"https:\/\/i0.wp.com\/artstella-elixirs-floraux.com\/wp-content\/uploads\/2025\/03\/61681582-05e5-47ee-8b72-56d99fa23113.jpg?resize=350%2C200&ssl=1","width":350,"height":200,"srcset":"https:\/\/i0.wp.com\/artstella-elixirs-floraux.com\/wp-content\/uploads\/2025\/03\/61681582-05e5-47ee-8b72-56d99fa23113.jpg?resize=350%2C200&ssl=1 1x, https:\/\/i0.wp.com\/artstella-elixirs-floraux.com\/wp-content\/uploads\/2025\/03\/61681582-05e5-47ee-8b72-56d99fa23113.jpg?resize=525%2C300&ssl=1 1.5x, https:\/\/i0.wp.com\/artstella-elixirs-floraux.com\/wp-content\/uploads\/2025\/03\/61681582-05e5-47ee-8b72-56d99fa23113.jpg?resize=700%2C400&ssl=1 2x"},"classes":[]},{"id":3685,"url":"https:\/\/artstella-elixirs-floraux.com\/fr_fr\/produit\/69-vital-core-ltoe-15ml\/","url_meta":{"origin":4056,"position":5},"title":"69. VITAL CORE LTOE 15ML","author":"eveapprill","date":"9 mars 2025","format":false,"excerpt":"Vital core \/ Centre vital Apporte une forte \u00e9nergie d\u2019enracinement et au 2\u00e8me chakra de m\u00eame qu\u2019au m\u00e9ridien de la v\u00e9sicule biliaire. Tout en ayant une action sur le chakra coronal, laryng\u00e9 et du c\u0153ur, celle-ci est principalement remarquable","rel":"","context":"Article similaire","block_context":{"text":"Article similaire","link":""},"img":{"alt_text":"","src":"https:\/\/i0.wp.com\/artstella-elixirs-floraux.com\/wp-content\/uploads\/2025\/03\/b7fd20da-5fb4-4b7c-83f1-7cba0c405f2b.jpg?resize=350%2C200&ssl=1","width":350,"height":200,"srcset":"https:\/\/i0.wp.com\/artstella-elixirs-floraux.com\/wp-content\/uploads\/2025\/03\/b7fd20da-5fb4-4b7c-83f1-7cba0c405f2b.jpg?resize=350%2C200&ssl=1 1x, https:\/\/i0.wp.com\/artstella-elixirs-floraux.com\/wp-content\/uploads\/2025\/03\/b7fd20da-5fb4-4b7c-83f1-7cba0c405f2b.jpg?resize=525%2C300&ssl=1 1.5x, https:\/\/i0.wp.com\/artstella-elixirs-floraux.com\/wp-content\/uploads\/2025\/03\/b7fd20da-5fb4-4b7c-83f1-7cba0c405f2b.jpg?resize=700%2C400&ssl=1 2x"},"classes":[]}],"_links":{"self":[{"href":"https:\/\/artstella-elixirs-floraux.com\/fr_fr\/wp-json\/wp\/v2\/product\/4056","targetHints":{"allow":["GET"]}}],"collection":[{"href":"https:\/\/artstella-elixirs-floraux.com\/fr_fr\/wp-json\/wp\/v2\/product"}],"about":[{"href":"https:\/\/artstella-elixirs-floraux.com\/fr_fr\/wp-json\/wp\/v2\/types\/product"}],"version-history":[{"count":2,"href":"https:\/\/artstella-elixirs-floraux.com\/fr_fr\/wp-json\/wp\/v2\/product\/4056\/revisions"}],"predecessor-version":[{"id":11122,"href":"https:\/\/artstella-elixirs-floraux.com\/fr_fr\/wp-json\/wp\/v2\/product\/4056\/revisions\/11122"}],"wp:featuredmedia":[{"embeddable":true,"href":"https:\/\/artstella-elixirs-floraux.com\/fr_fr\/wp-json\/wp\/v2\/media\/4057"}],"wp:attachment":[{"href":"https:\/\/artstella-elixirs-floraux.com\/fr_fr\/wp-json\/wp\/v2\/media?parent=4056"}],"wp:term":[{"taxonomy":"product_brand","embeddable":true,"href":"https:\/\/artstella-elixirs-floraux.com\/fr_fr\/wp-json\/wp\/v2\/product_brand?post=4056"},{"taxonomy":"product_cat","embeddable":true,"href":"https:\/\/artstella-elixirs-floraux.com\/fr_fr\/wp-json\/wp\/v2\/product_cat?post=4056"},{"taxonomy":"product_tag","embeddable":true,"href":"https:\/\/artstella-elixirs-floraux.com\/fr_fr\/wp-json\/wp\/v2\/product_tag?post=4056"}],"curies":[{"name":"wp","href":"https:\/\/api.w.org\/{rel}","templated":true}]}}