{"id":4068,"date":"2025-03-09T13:20:38","date_gmt":"2025-03-09T13:20:38","guid":{"rendered":"https:\/\/artstella-elixirs-floraux.com\/product\/quintral-gui-15-ml-sylfos\/"},"modified":"2025-08-06T16:56:04","modified_gmt":"2025-08-06T16:56:04","slug":"quintral-gui-15-ml-sylfos","status":"publish","type":"product","link":"https:\/\/artstella-elixirs-floraux.com\/fr_fr\/produit\/quintral-gui-15-ml-sylfos\/","title":{"rendered":"QUINTRAL \/ GUI A FLEURS ROUGES SYLFOS"},"content":{"rendered":"<p><strong>QUINTRAL <\/strong>Tristerix tetrandrus<\/p>\n<p>Peurs ancestrales, acceptation et compr\u00e9hension de nos croyances. Aide \u00e0 surmonter les peurs archa\u00efques, profondes et ancestrales, qui sont ancr\u00e9es dans le corps et qui influencent nos croyances profondes sur lesquelles reposent nos relations avec la vie. Facilite l\u2019expression des \u00e9motions li\u00e9es \u00e0 ces peurs primitives qui, non trait\u00e9es, sont susceptibles de se transformer en processus d\u00e9g\u00e9n\u00e9ratifs sur le plan physique. Aide \u00e0 reprendre un contr\u00f4le conscient sur ces processus. Favorise l\u2019ancrage \u00e0 la terre en \u00e9quilibrant la circulation \u00e9nerg\u00e9tique du dos et en corrigeant la posture.<\/p>\n","protected":false},"excerpt":{"rendered":"<p><strong>QUINTRAL <\/strong>Tristerix tetrandrus<\/p>\n<p>Peurs ancestrales, acceptation et compr\u00e9hension de nos croyances. Aide \u00e0 surmonter les peurs archa\u00efques, profondes et ancestrales, qui sont ancr\u00e9es dans le corps et qui influencent nos croyances profondes<\/p>\n","protected":false},"featured_media":4069,"template":"","meta":[],"product_brand":[],"product_cat":[104],"product_tag":[],"class_list":{"0":"post-4068","1":"product","2":"type-product","3":"status-publish","4":"has-post-thumbnail","6":"product_cat-les-fleurs-andines","8":"first","9":"instock","10":"taxable","11":"shipping-taxable","12":"purchasable","13":"product-type-variable"},"etheme_brands":{"errors":{"invalid_taxonomy":["Taxonomie non valide."]},"error_data":[]},"jetpack_sharing_enabled":true,"jetpack-related-posts":[{"id":4072,"url":"https:\/\/artstella-elixirs-floraux.com\/fr_fr\/produit\/toloache-15-ml-sylfos\/","url_meta":{"origin":4068,"position":0},"title":"TOLOACHE \/ TROMPETTE DU JUGEMENT DERNIER SYLFOS","author":"eveapprill","date":"9 mars 2025","format":false,"excerpt":"TOLOACHE Datura arborea Courage, foi. Aide \u00e0 surmonter la peur de la mort et la peur de l\u2019inconnu. Pour accepter le d\u00e9part d\u2019un \u00eatre cher avec compr\u00e9hension et compassion, en se lib\u00e9rant des attachements \u00e9motionnels...","rel":"","context":"Article similaire","block_context":{"text":"Article similaire","link":""},"img":{"alt_text":"","src":"","width":0,"height":0},"classes":[]},{"id":4034,"url":"https:\/\/artstella-elixirs-floraux.com\/fr_fr\/produit\/don-diego-de-noche-15-ml-sylfos\/","url_meta":{"origin":4068,"position":1},"title":"DON DIEGO DE NOCHE \/ ONAGRE SYLFOS","author":"eveapprill","date":"9 mars 2025","format":false,"excerpt":"DONDIEGO DE NOCHE Oenothera affinis Equilibre affectif. Aide \u00e0 r\u00e9soudre les traumatismes de la petite enfance dont l\u2019origine se trouve dans le v\u00e9cu maternel de douleurs \u00e9motionnelles","rel":"","context":"Article similaire","block_context":{"text":"Article similaire","link":""},"img":{"alt_text":"","src":"","width":0,"height":0},"classes":[]},{"id":4005,"url":"https:\/\/artstella-elixirs-floraux.com\/fr_fr\/produit\/bougainvillee-sylfos-15-ml\/","url_meta":{"origin":4068,"position":2},"title":"BOUGAINVILLEA \/ BOUGAINVILLEE SYLFOS","author":"eveapprill","date":"9 mars 2025","format":false,"excerpt":"BOUGAINVILLEA Bougainvillea glabra Compr\u00e9hension et int\u00e9gration du pass\u00e9 ancestral, renaissance Pour prendre conscience et int\u00e9grer pleinement l\u2019h\u00e9ritage ancestral...","rel":"","context":"Article similaire","block_context":{"text":"Article similaire","link":""},"img":{"alt_text":"","src":"","width":0,"height":0},"classes":[]},{"id":3984,"url":"https:\/\/artstella-elixirs-floraux.com\/fr_fr\/produit\/amancay-15-ml-sylfos\/","url_meta":{"origin":4068,"position":3},"title":"AMANCAY \/ LYS DES INCAS SYLFOS","author":"eveapprill","date":"9 mars 2025","format":false,"excerpt":"AMANCAY Alstroemeria ligtu ssp. Simsii Lib\u00e9ration des croyances anciennes et des conflits non r\u00e9solu.","rel":"","context":"Article similaire","block_context":{"text":"Article similaire","link":""},"img":{"alt_text":"","src":"","width":0,"height":0},"classes":[]},{"id":5958,"url":"https:\/\/artstella-elixirs-floraux.com\/fr_fr\/produit\/tremble-15ml-deva\/","url_meta":{"origin":4068,"position":4},"title":"Tremble 15ml DEVA","author":"eveapprill","date":"9 mars 2025","format":false,"excerpt":"Tremble - Aspen Populus tremula Compr\u00e9hension et acceptation de l\u2019inconnu Apporte le courage pour faire face \u00e0 l'inconnu. Pour surmonter les peurs d'origine inconnue, les peurs vagues, irraisonn\u00e9es et inexplicables.","rel":"","context":"Article similaire","block_context":{"text":"Article similaire","link":""},"img":{"alt_text":"","src":"","width":0,"height":0},"classes":[]},{"id":4119,"url":"https:\/\/artstella-elixirs-floraux.com\/fr_fr\/produit\/almirante-rojo-sylfos-15-ml\/","url_meta":{"origin":4068,"position":5},"title":"ALMIRANTE ROJO SYLFOS 15 ML","author":"eveapprill","date":"9 mars 2025","format":false,"excerpt":"ALMIRANTE ROJO Vanessa atalanta Autorit\u00e9 \u2013 Fermet\u00e9 . Un \u00e9lixir qui nous permet de nous affirmer sur nos propres croyances et nos objectifs de vie.","rel":"","context":"Article similaire","block_context":{"text":"Article similaire","link":""},"img":{"alt_text":"","src":"","width":0,"height":0},"classes":[]}],"_links":{"self":[{"href":"https:\/\/artstella-elixirs-floraux.com\/fr_fr\/wp-json\/wp\/v2\/product\/4068","targetHints":{"allow":["GET"]}}],"collection":[{"href":"https:\/\/artstella-elixirs-floraux.com\/fr_fr\/wp-json\/wp\/v2\/product"}],"about":[{"href":"https:\/\/artstella-elixirs-floraux.com\/fr_fr\/wp-json\/wp\/v2\/types\/product"}],"version-history":[{"count":2,"href":"https:\/\/artstella-elixirs-floraux.com\/fr_fr\/wp-json\/wp\/v2\/product\/4068\/revisions"}],"predecessor-version":[{"id":11126,"href":"https:\/\/artstella-elixirs-floraux.com\/fr_fr\/wp-json\/wp\/v2\/product\/4068\/revisions\/11126"}],"wp:featuredmedia":[{"embeddable":true,"href":"https:\/\/artstella-elixirs-floraux.com\/fr_fr\/wp-json\/wp\/v2\/media\/4069"}],"wp:attachment":[{"href":"https:\/\/artstella-elixirs-floraux.com\/fr_fr\/wp-json\/wp\/v2\/media?parent=4068"}],"wp:term":[{"taxonomy":"product_brand","embeddable":true,"href":"https:\/\/artstella-elixirs-floraux.com\/fr_fr\/wp-json\/wp\/v2\/product_brand?post=4068"},{"taxonomy":"product_cat","embeddable":true,"href":"https:\/\/artstella-elixirs-floraux.com\/fr_fr\/wp-json\/wp\/v2\/product_cat?post=4068"},{"taxonomy":"product_tag","embeddable":true,"href":"https:\/\/artstella-elixirs-floraux.com\/fr_fr\/wp-json\/wp\/v2\/product_tag?post=4068"}],"curies":[{"name":"wp","href":"https:\/\/api.w.org\/{rel}","templated":true}]}}