{"id":4076,"date":"2025-03-09T13:20:44","date_gmt":"2025-03-09T13:20:44","guid":{"rendered":"https:\/\/artstella-elixirs-floraux.com\/product\/yerba-mate-15-ml-sylfos\/"},"modified":"2025-08-06T16:47:26","modified_gmt":"2025-08-06T16:47:26","slug":"yerba-mate-15-ml-sylfos","status":"publish","type":"product","link":"https:\/\/artstella-elixirs-floraux.com\/fr_fr\/produit\/yerba-mate-15-ml-sylfos\/","title":{"rendered":"YERBA MATE \/ MATE SYLFOS"},"content":{"rendered":"<div class=\"WordSection1\">\n<p><strong>YERBA MATE <\/strong>Ilex paraguariensis<\/p>\n<p>Equilibre mental, pr\u00e9sence. Aide \u00e0 \u00eatre pr\u00e9sent, dans \u201cl\u2019ici et maintenant\u201d, libre des influences diverses qui ne sont plus utiles mais qui continuent d\u2019interf\u00e9rer dans la vie quotidienne et sur l\u2019\u00e9tat de sant\u00e9 en g\u00e9n\u00e9ral. Aide \u00e0 rompre les liens non d\u00e9sir\u00e9s, aussi bien avec les personnes vivantes qu\u2019avec celles de vies pass\u00e9es. Am\u00e9liore la m\u00e9moire, la visualisation et d\u00e9veloppe la pr\u00e9sence d\u2019esprit.<\/p>\n<\/div>\n","protected":false},"excerpt":{"rendered":"<p><strong>YERBA MATE <\/strong>Ilex paraguariensis<\/p>\n<p>Equilibre mental, pr\u00e9sence. Aide \u00e0 \u00eatre pr\u00e9sent, dans \u201cl\u2019ici et maintenant\u201d, libre des influences diverses qui ne sont plus utiles&#8230;<\/p>\n","protected":false},"featured_media":4077,"template":"","meta":[],"product_brand":[],"product_cat":[104],"product_tag":[],"class_list":{"0":"post-4076","1":"product","2":"type-product","3":"status-publish","4":"has-post-thumbnail","6":"product_cat-les-fleurs-andines","8":"first","9":"instock","10":"taxable","11":"shipping-taxable","12":"purchasable","13":"product-type-variable"},"etheme_brands":{"errors":{"invalid_taxonomy":["Taxonomie non valide."]},"error_data":[]},"jetpack_sharing_enabled":true,"jetpack-related-posts":[{"id":6290,"url":"https:\/\/artstella-elixirs-floraux.com\/fr_fr\/produit\/yerba-santa-sylfos-15ml\/","url_meta":{"origin":4076,"position":0},"title":"YERBA SANTA SYLFOS 15ML","author":"eveapprill","date":"9 mars 2025","format":false,"excerpt":"YERBA SANTA (Eriodictyoncalifornicum) \u00a0Lib\u00e9ration - \u00a0Ouverture -\u00a0 Conscience facilite la lib\u00e9ration des traumatismes et des impuret\u00e9s \u00e9motionnelles, souvent profond\u00e9ment refoul\u00e9es. Pour ceux, confront\u00e9s \u00e0 un chagrin profond, comme la perte d'un parent ou d'un \u00eatre cher, d\u00e8s le d\u00e9but de sa vie, il restaure progressivement le temple du c\u0153ur, le\u2026","rel":"","context":"Article similaire","block_context":{"text":"Article similaire","link":""},"img":{"alt_text":"","src":"https:\/\/i0.wp.com\/artstella-elixirs-floraux.com\/wp-content\/uploads\/2025\/03\/wp-image2233.png?resize=350%2C200&ssl=1","width":350,"height":200},"classes":[]},{"id":6288,"url":"https:\/\/artstella-elixirs-floraux.com\/fr_fr\/produit\/tomillo-thym-sylfos-15ml\/","url_meta":{"origin":4076,"position":1},"title":"TOMILLO THYM SYLFOS 15ML","author":"eveapprill","date":"9 mars 2025","format":false,"excerpt":"TOMILLO \/ Thym\u00a0(Thymus vulgaris) Pr\u00e9sence \u2013 l\u2019Elixir du Temps Aide \u00e0 dissoudre les sentiments d\u2019urgence et de manque de temps permettant de g\u00e9rer les \u00e9v\u00e9nements quotidiens de la vie de fa\u00e7on plus d\u00e9tendue. Il am\u00e9liore la concentration, augmente l'\u00e9nergie, et aide ceux qui s'adaptent aux changements de saison.","rel":"","context":"Article similaire","block_context":{"text":"Article similaire","link":""},"img":{"alt_text":"","src":"https:\/\/i0.wp.com\/artstella-elixirs-floraux.com\/wp-content\/uploads\/2025\/03\/wp-image2232.png?resize=350%2C200&ssl=1","width":350,"height":200},"classes":[]},{"id":5134,"url":"https:\/\/artstella-elixirs-floraux.com\/fr_fr\/produit\/mater\/","url_meta":{"origin":4076,"position":2},"title":"MATER","author":"eveapprill","date":"9 mars 2025","format":false,"excerpt":"MATER Pour se reconnecter au sch\u00e9ma \u00e9motionnel de la \" M\u00e8re Int\u00e9rieur \".\u00a0Aide \u00e0 clarifier la lign\u00e9e maternelle, aussi bien ascendante que descendante. Apporte soutien et sensibilit\u00e9 physique et psychique \u00e0 la m\u00e8re et d\u00e9veloppe \u00a0l'union et la r\u00e9conciliation m\u00e8re\/enfant. Permet une relation saine \u00e0 l\u2019aspect nourricier aussi bien aux\u2026","rel":"","context":"Article similaire","block_context":{"text":"Article similaire","link":""},"img":{"alt_text":"","src":"https:\/\/i0.wp.com\/artstella-elixirs-floraux.com\/wp-content\/uploads\/2025\/03\/a6cfe814-5c3a-4495-93cc-4857c3bf04fb.jpg?resize=350%2C200&ssl=1","width":350,"height":200,"srcset":"https:\/\/i0.wp.com\/artstella-elixirs-floraux.com\/wp-content\/uploads\/2025\/03\/a6cfe814-5c3a-4495-93cc-4857c3bf04fb.jpg?resize=350%2C200&ssl=1 1x, https:\/\/i0.wp.com\/artstella-elixirs-floraux.com\/wp-content\/uploads\/2025\/03\/a6cfe814-5c3a-4495-93cc-4857c3bf04fb.jpg?resize=525%2C300&ssl=1 1.5x, https:\/\/i0.wp.com\/artstella-elixirs-floraux.com\/wp-content\/uploads\/2025\/03\/a6cfe814-5c3a-4495-93cc-4857c3bf04fb.jpg?resize=700%2C400&ssl=1 2x"},"classes":[]},{"id":6163,"url":"https:\/\/artstella-elixirs-floraux.com\/fr_fr\/produit\/duo-pater-mater-sylfos-30-ml\/","url_meta":{"origin":4076,"position":3},"title":"DUO PATER MATER SYLFOS 30 ML","author":"eveapprill","date":"9 mars 2025","format":false,"excerpt":"Pack duo Sylfos : Pater Mater Pour se reconnecter au sch\u00e9ma \u00e9motionnel de la \" M\u00e8re ou du P\u00e8re Int\u00e9rieur \".\u00a0Aide \u00e0 clarifier la lign\u00e9e maternelle et\/ou paternelle, aussi bien ascendante que descendante.","rel":"","context":"Article similaire","block_context":{"text":"Article similaire","link":""},"img":{"alt_text":"","src":"https:\/\/i0.wp.com\/artstella-elixirs-floraux.com\/wp-content\/uploads\/2025\/03\/9f2a5b36-2fcd-415e-a491-6b478fd29eaa.jpg?resize=350%2C200&ssl=1","width":350,"height":200,"srcset":"https:\/\/i0.wp.com\/artstella-elixirs-floraux.com\/wp-content\/uploads\/2025\/03\/9f2a5b36-2fcd-415e-a491-6b478fd29eaa.jpg?resize=350%2C200&ssl=1 1x, https:\/\/i0.wp.com\/artstella-elixirs-floraux.com\/wp-content\/uploads\/2025\/03\/9f2a5b36-2fcd-415e-a491-6b478fd29eaa.jpg?resize=525%2C300&ssl=1 1.5x, https:\/\/i0.wp.com\/artstella-elixirs-floraux.com\/wp-content\/uploads\/2025\/03\/9f2a5b36-2fcd-415e-a491-6b478fd29eaa.jpg?resize=700%2C400&ssl=1 2x"},"classes":[]},{"id":5452,"url":"https:\/\/artstella-elixirs-floraux.com\/fr_fr\/produit\/digitale-foxglove-vingerhoedskruid-10ml\/","url_meta":{"origin":4076,"position":4},"title":"Digitale &#8211; Foxglove- VINGERHOEDSKRUID 10ml","author":"eveapprill","date":"9 mars 2025","format":false,"excerpt":"Digitale \/ Digitalis purpurea (foxglove) Pour d\u00e9passer le mental. Facilite les processus mentaux et permet de recontacter le c\u0153ur. Nous aide \u00e0 nous lib\u00e9rer de sch\u00e9mas de comportements que nous pensons devoir avoir.","rel":"","context":"Article similaire","block_context":{"text":"Article similaire","link":""},"img":{"alt_text":"","src":"","width":0,"height":0},"classes":[]},{"id":3479,"url":"https:\/\/artstella-elixirs-floraux.com\/fr_fr\/produit\/being-present-ltoe-15-ml\/","url_meta":{"origin":4076,"position":5},"title":"BEING PRESENT LTOE 15 ML","author":"eveapprill","date":"9 mars 2025","format":false,"excerpt":"Pr\u00e9sence attentive\/Being Present Compos\u00e9 de Pieds sur terre et de Harmonisation horaire, ce complexe aide \u00e0 \u00eatre totalement pr\u00e9sent l\u00e0 o\u00f9 on se trouve. Tr\u00e8s b\u00e9n\u00e9fique apr\u00e8s un long voyage, il invite toutes les parties du corps et de l\u2019esprit \u00e0 arriver \u00e0 destination. De plus, il apporte courage pour\u2026","rel":"","context":"Article similaire","block_context":{"text":"Article similaire","link":""},"img":{"alt_text":"","src":"https:\/\/i0.wp.com\/artstella-elixirs-floraux.com\/wp-content\/uploads\/2025\/03\/3f568360-2413-47a3-8175-c6c4ab682b96.jpg?resize=350%2C200&ssl=1","width":350,"height":200,"srcset":"https:\/\/i0.wp.com\/artstella-elixirs-floraux.com\/wp-content\/uploads\/2025\/03\/3f568360-2413-47a3-8175-c6c4ab682b96.jpg?resize=350%2C200&ssl=1 1x, https:\/\/i0.wp.com\/artstella-elixirs-floraux.com\/wp-content\/uploads\/2025\/03\/3f568360-2413-47a3-8175-c6c4ab682b96.jpg?resize=525%2C300&ssl=1 1.5x, https:\/\/i0.wp.com\/artstella-elixirs-floraux.com\/wp-content\/uploads\/2025\/03\/3f568360-2413-47a3-8175-c6c4ab682b96.jpg?resize=700%2C400&ssl=1 2x"},"classes":[]}],"_links":{"self":[{"href":"https:\/\/artstella-elixirs-floraux.com\/fr_fr\/wp-json\/wp\/v2\/product\/4076","targetHints":{"allow":["GET"]}}],"collection":[{"href":"https:\/\/artstella-elixirs-floraux.com\/fr_fr\/wp-json\/wp\/v2\/product"}],"about":[{"href":"https:\/\/artstella-elixirs-floraux.com\/fr_fr\/wp-json\/wp\/v2\/types\/product"}],"version-history":[{"count":4,"href":"https:\/\/artstella-elixirs-floraux.com\/fr_fr\/wp-json\/wp\/v2\/product\/4076\/revisions"}],"predecessor-version":[{"id":11124,"href":"https:\/\/artstella-elixirs-floraux.com\/fr_fr\/wp-json\/wp\/v2\/product\/4076\/revisions\/11124"}],"wp:featuredmedia":[{"embeddable":true,"href":"https:\/\/artstella-elixirs-floraux.com\/fr_fr\/wp-json\/wp\/v2\/media\/4077"}],"wp:attachment":[{"href":"https:\/\/artstella-elixirs-floraux.com\/fr_fr\/wp-json\/wp\/v2\/media?parent=4076"}],"wp:term":[{"taxonomy":"product_brand","embeddable":true,"href":"https:\/\/artstella-elixirs-floraux.com\/fr_fr\/wp-json\/wp\/v2\/product_brand?post=4076"},{"taxonomy":"product_cat","embeddable":true,"href":"https:\/\/artstella-elixirs-floraux.com\/fr_fr\/wp-json\/wp\/v2\/product_cat?post=4076"},{"taxonomy":"product_tag","embeddable":true,"href":"https:\/\/artstella-elixirs-floraux.com\/fr_fr\/wp-json\/wp\/v2\/product_tag?post=4076"}],"curies":[{"name":"wp","href":"https:\/\/api.w.org\/{rel}","templated":true}]}}