{"id":4080,"date":"2025-03-09T13:20:48","date_gmt":"2025-03-09T13:20:48","guid":{"rendered":"https:\/\/artstella-elixirs-floraux.com\/product\/luz-lumiere-15-ml-sylfos\/"},"modified":"2025-04-30T20:35:12","modified_gmt":"2025-04-30T20:35:12","slug":"luz-lumiere-15-ml-sylfos","status":"publish","type":"product","link":"https:\/\/artstella-elixirs-floraux.com\/fr_fr\/produit\/luz-lumiere-15-ml-sylfos\/","title":{"rendered":"LUZ \/ LUMIERE 15 ML SYLFOS"},"content":{"rendered":"","protected":false},"excerpt":{"rendered":"<p>Aide \u00e0 maintenir les pieds sur terre, et apaise les \u00e9motions. Apporte de la \u00ab\u00a0 lumi\u00e8re\u00a0\u00bb dans une phase de sombre, voire\u00a0 \u00e0 tendance d\u00e9pressive. Permet de retrouver clart\u00e9 et objectivit\u00e9, notamment face au trop plein d\u2019information n\u00e9gatives, voire manipulatrices.<\/p>\n","protected":false},"featured_media":7753,"template":"","meta":[],"product_brand":[],"product_cat":[138],"product_tag":[],"class_list":{"0":"post-4080","1":"product","2":"type-product","3":"status-publish","4":"has-post-thumbnail","6":"product_cat-les-composes-des-fleurs-andines","8":"first","9":"instock","10":"taxable","11":"shipping-taxable","12":"purchasable","13":"product-type-variable"},"etheme_brands":{"errors":{"invalid_taxonomy":["Taxonomie non valide."]},"error_data":[]},"jetpack_sharing_enabled":true,"jetpack-related-posts":[{"id":3615,"url":"https:\/\/artstella-elixirs-floraux.com\/fr_fr\/produit\/33-light-of-my-eye-15-ml\/","url_meta":{"origin":4080,"position":0},"title":"33. LIGHT OF MY EYE 15 ML","author":"eveapprill","date":"9 mars 2025","format":false,"excerpt":"Light of My Eye\/ \u00c9toile filante Selon la tradition am\u00e9rindienne, la Grenouille regarde vers les \u00e9toiles et le Grand Manitou la couvre de lumi\u00e8re c\u00e9leste (les grenouilles captent la lumi\u00e8re des \u00e9toiles","rel":"","context":"Article similaire","block_context":{"text":"Article similaire","link":""},"img":{"alt_text":"33. LIGHT OF MY EYE 15 ML","src":"https:\/\/i0.wp.com\/artstella-elixirs-floraux.com\/wp-content\/uploads\/2025\/03\/009eab9c-bfae-4b17-aa75-d7c293c51d7c.jpg?resize=350%2C200&ssl=1","width":350,"height":200,"srcset":"https:\/\/i0.wp.com\/artstella-elixirs-floraux.com\/wp-content\/uploads\/2025\/03\/009eab9c-bfae-4b17-aa75-d7c293c51d7c.jpg?resize=350%2C200&ssl=1 1x, https:\/\/i0.wp.com\/artstella-elixirs-floraux.com\/wp-content\/uploads\/2025\/03\/009eab9c-bfae-4b17-aa75-d7c293c51d7c.jpg?resize=525%2C300&ssl=1 1.5x, https:\/\/i0.wp.com\/artstella-elixirs-floraux.com\/wp-content\/uploads\/2025\/03\/009eab9c-bfae-4b17-aa75-d7c293c51d7c.jpg?resize=700%2C400&ssl=1 2x"},"classes":[]},{"id":2883,"url":"https:\/\/artstella-elixirs-floraux.com\/fr_fr\/produit\/sweet-chestnut-15ml-phi\/","url_meta":{"origin":4080,"position":1},"title":"SWEET CHESTNUT 15ML PHI","author":"eveapprill","date":"9 mars 2025","format":false,"excerpt":"Sweet chestnut (Castanea sativa) (Ch\u00e2taignier) Renouvelle l'espoir dans des situations qui semblent insurmontables. Pour voir la lumi\u00e8re \u00e0 l'autre bout du tunnel.","rel":"","context":"Article similaire","block_context":{"text":"Article similaire","link":""},"img":{"alt_text":"","src":"https:\/\/i0.wp.com\/artstella-elixirs-floraux.com\/wp-content\/uploads\/2025\/03\/wp-image1097.png?resize=350%2C200&ssl=1","width":350,"height":200},"classes":[]},{"id":3135,"url":"https:\/\/artstella-elixirs-floraux.com\/fr_fr\/produit\/narcisse-bul-afrique-phi-15-ml\/","url_meta":{"origin":4080,"position":2},"title":"NARCISSE BUL AFRIQUE PHI 15 ML","author":"eveapprill","date":"9 mars 2025","format":false,"excerpt":"Narcisse bulbocodium (Narcissus tazetta) (Reifrocknarzisse) Dans les moments de grande obscurit\u00e9, cet \u00e9lixir nous aide \u00e0 voir la lumi\u00e8re au bout du tunnel. Pour retrouver l'espoir et rayonner la joie.","rel":"","context":"Article similaire","block_context":{"text":"Article similaire","link":""},"img":{"alt_text":"","src":"https:\/\/i0.wp.com\/artstella-elixirs-floraux.com\/wp-content\/uploads\/2025\/03\/wp-image423.png?resize=350%2C200&ssl=1","width":350,"height":200},"classes":[]},{"id":3583,"url":"https:\/\/artstella-elixirs-floraux.com\/fr_fr\/produit\/lumiere-radieuse-15-ml-ltoe\/","url_meta":{"origin":4080,"position":3},"title":"Lumi\u00e8re radieuse 15 ml LTOE","author":"eveapprill","date":"9 mars 2025","format":false,"excerpt":"Lumi\u00e8re radieuse\/Golden Radiance (Phragmipedium St. Ouen) De tous les \u00e9lixirs LT, cet \u00e9lixir est probablement celui dont l\u2019application est la plus universelle.","rel":"","context":"Article similaire","block_context":{"text":"Article similaire","link":""},"img":{"alt_text":"","src":"https:\/\/i0.wp.com\/artstella-elixirs-floraux.com\/wp-content\/uploads\/2025\/03\/686926e2-541a-4130-9bbd-8516aee47a7e.jpg?resize=350%2C200&ssl=1","width":350,"height":200,"srcset":"https:\/\/i0.wp.com\/artstella-elixirs-floraux.com\/wp-content\/uploads\/2025\/03\/686926e2-541a-4130-9bbd-8516aee47a7e.jpg?resize=350%2C200&ssl=1 1x, https:\/\/i0.wp.com\/artstella-elixirs-floraux.com\/wp-content\/uploads\/2025\/03\/686926e2-541a-4130-9bbd-8516aee47a7e.jpg?resize=525%2C300&ssl=1 1.5x, https:\/\/i0.wp.com\/artstella-elixirs-floraux.com\/wp-content\/uploads\/2025\/03\/686926e2-541a-4130-9bbd-8516aee47a7e.jpg?resize=700%2C400&ssl=1 2x"},"classes":[]},{"id":5396,"url":"https:\/\/artstella-elixirs-floraux.com\/fr_fr\/produit\/ojo-de-macho-sylfos-15ml-pap\/","url_meta":{"origin":4080,"position":4},"title":"OJO DE MACHO SYLFOS 15ML PAP","author":"eveapprill","date":"9 mars 2025","format":false,"excerpt":"34 - OJO DE MACHO\/ PAPILLON OCELL\u00c9 Junonia coenia\u00a0\u00a0 Vision - Conscience- Evolution Cet \u00e9lixir nous permet de transformer la n\u00e9gativit\u00e9 afin de pouvoir voire la v\u00e9rit\u00e9. Il nous permet de voire plus clairement la situation afin de nous aider \u00e0 voire et \u00e0 aller directement au centre du probl\u00e8me","rel":"","context":"Article similaire","block_context":{"text":"Article similaire","link":""},"img":{"alt_text":"","src":"https:\/\/i0.wp.com\/artstella-elixirs-floraux.com\/wp-content\/uploads\/2025\/03\/599dbec6-a0ba-4dd0-b4c6-380b343e864f.jpg?resize=350%2C200&ssl=1","width":350,"height":200,"srcset":"https:\/\/i0.wp.com\/artstella-elixirs-floraux.com\/wp-content\/uploads\/2025\/03\/599dbec6-a0ba-4dd0-b4c6-380b343e864f.jpg?resize=350%2C200&ssl=1 1x, https:\/\/i0.wp.com\/artstella-elixirs-floraux.com\/wp-content\/uploads\/2025\/03\/599dbec6-a0ba-4dd0-b4c6-380b343e864f.jpg?resize=525%2C300&ssl=1 1.5x, https:\/\/i0.wp.com\/artstella-elixirs-floraux.com\/wp-content\/uploads\/2025\/03\/599dbec6-a0ba-4dd0-b4c6-380b343e864f.jpg?resize=700%2C400&ssl=1 2x"},"classes":[]},{"id":11324,"url":"https:\/\/artstella-elixirs-floraux.com\/fr_fr\/produit\/lighten-up-lumiere-energie-spray\/","url_meta":{"origin":4080,"position":5},"title":"Lighten Up (Lumi\u00e8re\/Energie) &#8211; Spray","author":"eveapprill","date":"31 ao\u00fbt 2025","format":false,"excerpt":"Lighten Up est un complexe destin\u00e9 \u00e0 amplifier notre capacit\u00e9 \u00e0 incarner la lumi\u00e8re. Il a un effet fortifiant, \u00e9nergisant, inspirateur, nourricier et all\u00e9geant. Il a \u00e9t\u00e9 cr\u00e9\u00e9 sp\u00e9cifiquement pour ceux qui souffrent du manque de lumi\u00e8re, soit en raison de leur situation g\u00e9ographique (latitudes extr\u00eame nord ou sud), de\u2026","rel":"","context":"Article similaire","block_context":{"text":"Article similaire","link":""},"img":{"alt_text":"","src":"https:\/\/i0.wp.com\/artstella-elixirs-floraux.com\/wp-content\/uploads\/2025\/08\/lighten-up.jpg?resize=350%2C200&ssl=1","width":350,"height":200},"classes":[]}],"_links":{"self":[{"href":"https:\/\/artstella-elixirs-floraux.com\/fr_fr\/wp-json\/wp\/v2\/product\/4080","targetHints":{"allow":["GET"]}}],"collection":[{"href":"https:\/\/artstella-elixirs-floraux.com\/fr_fr\/wp-json\/wp\/v2\/product"}],"about":[{"href":"https:\/\/artstella-elixirs-floraux.com\/fr_fr\/wp-json\/wp\/v2\/types\/product"}],"version-history":[{"count":0,"href":"https:\/\/artstella-elixirs-floraux.com\/fr_fr\/wp-json\/wp\/v2\/product\/4080\/revisions"}],"wp:featuredmedia":[{"embeddable":true,"href":"https:\/\/artstella-elixirs-floraux.com\/fr_fr\/wp-json\/wp\/v2\/media\/7753"}],"wp:attachment":[{"href":"https:\/\/artstella-elixirs-floraux.com\/fr_fr\/wp-json\/wp\/v2\/media?parent=4080"}],"wp:term":[{"taxonomy":"product_brand","embeddable":true,"href":"https:\/\/artstella-elixirs-floraux.com\/fr_fr\/wp-json\/wp\/v2\/product_brand?post=4080"},{"taxonomy":"product_cat","embeddable":true,"href":"https:\/\/artstella-elixirs-floraux.com\/fr_fr\/wp-json\/wp\/v2\/product_cat?post=4080"},{"taxonomy":"product_tag","embeddable":true,"href":"https:\/\/artstella-elixirs-floraux.com\/fr_fr\/wp-json\/wp\/v2\/product_tag?post=4080"}],"curies":[{"name":"wp","href":"https:\/\/api.w.org\/{rel}","templated":true}]}}