{"id":4088,"date":"2025-03-09T13:20:55","date_gmt":"2025-03-09T13:20:55","guid":{"rendered":"https:\/\/artstella-elixirs-floraux.com\/product\/arbol-de-mariposa-fleur-sylfos-15ml\/"},"modified":"2025-04-30T20:51:35","modified_gmt":"2025-04-30T20:51:35","slug":"arbol-de-mariposa-fleur-sylfos-15ml","status":"publish","type":"product","link":"https:\/\/artstella-elixirs-floraux.com\/fr_fr\/produit\/arbol-de-mariposa-fleur-sylfos-15ml\/","title":{"rendered":"ARBOL DE MARIPOSA FLEUR SYLFOS 15ML"},"content":{"rendered":"<p><strong>ARBRE\u00a0 AUX PAPILLONS \/ ARBOL DE MARIPOSAS Butterfly-Bush\u00a0\u00a0\u00a0\u00a0<\/strong><em>Buddleja davidii<\/em><strong><\/strong><\/p>\n<p>Pour ceux qui ont besoin de faire un changement dans leur vie et qui reconnaissent avoir besoin d\u2019une aide spirituelle. Recommand\u00e9 pour les personnes qui n\u2019arrivent pas \u00e0 avancer \u00e0 cause de l\u2019orgueil ou qui r\u00e9agissent de fa\u00e7on n\u00e9gative face aux changements.<\/p>\n<p>Cet \u00e9lixir aide \u00e0 fa\u00e7onner nos id\u00e9es, il augmente la cr\u00e9ativit\u00e9 ainsi que la clart\u00e9 de la pens\u00e9 et\u00a0 du raisonnement.<\/p>\n<p>Cet \u00e9lixir aide \u00e0 fa\u00e7onner nos id\u00e9es, il augmente la cr\u00e9ativit\u00e9 ainsi que la clart\u00e9 de la pens\u00e9 et\u00a0 du raisonnement.<\/p>\n","protected":false},"excerpt":{"rendered":"<p><strong>ARBRE\u00a0 AUX PAPILLONS \/ ARBOL DE MARIPOSAS Butterfly-Bush\u00a0\u00a0\u00a0\u00a0<\/strong><em>Buddleja davidii<\/em><strong><\/strong><\/p>\n<p>Pour ceux qui ont besoin de faire un changement dans leur vie et qui reconnaissent avoir besoin d\u2019une aide spirituelle. Recommand\u00e9 pour les personnes qui n\u2019arrivent pas \u00e0 avancer \u00e0 cause de l\u2019orgueil ou qui r\u00e9agissent de fa\u00e7on n\u00e9gative face aux changements.<\/p>\n","protected":false},"featured_media":4089,"template":"","meta":[],"product_brand":[],"product_cat":[139],"product_tag":[],"class_list":{"0":"post-4088","1":"product","2":"type-product","3":"status-publish","4":"has-post-thumbnail","6":"product_cat-les-fleurs-andiness-upplementaires-compose","8":"first","9":"instock","10":"taxable","11":"shipping-taxable","12":"purchasable","13":"product-type-simple"},"etheme_brands":{"errors":{"invalid_taxonomy":["Taxonomie non valide."]},"error_data":[]},"jetpack_sharing_enabled":true,"jetpack-related-posts":[{"id":4163,"url":"https:\/\/artstella-elixirs-floraux.com\/fr_fr\/produit\/papillon-mariposa-el-chamaniques-15ml\/","url_meta":{"origin":4088,"position":0},"title":"PAPILLON \/ MARIPOSA EL CHAMANIQUES 15ML","author":"eveapprill","date":"9 mars 2025","format":false,"excerpt":"MARIPOSA \/ PAPILLON Transformation, espoir, cr\u00e9ativit\u00e9 Cet \u00e9lixir est vraiment celui de la transformation, pour passer de la chenille au papillon, transformer les ins\u00e9curit\u00e9s, les manques de confiance et les doutes en s\u00e9curit\u00e9, estime de soi et espoir.","rel":"","context":"Article similaire","block_context":{"text":"Article similaire","link":""},"img":{"alt_text":"","src":"","width":0,"height":0},"classes":[]},{"id":6270,"url":"https:\/\/artstella-elixirs-floraux.com\/fr_fr\/produit\/arbol-santo-sylfos-15ml\/","url_meta":{"origin":4088,"position":1},"title":"ARBOL SANTO SYLFOS 15ML","author":"eveapprill","date":"9 mars 2025","format":false,"excerpt":"ARBOL SANTO \/ Lilas de Perse(Melia azedarach) \u00a0 Compr\u00e9hension, Compassion C'est l\u2019\u00e9lixir m\u00eame de la charit\u00e9, de l'amour et du don. Il apporte le changement et la compr\u00e9hension, et nous aide \u00e0 comprendre du fond du c\u0153ur les processus du donner et du recevoir.","rel":"","context":"Article similaire","block_context":{"text":"Article similaire","link":""},"img":{"alt_text":"","src":"https:\/\/i0.wp.com\/artstella-elixirs-floraux.com\/wp-content\/uploads\/2025\/03\/wp-image2225.png?resize=350%2C200&ssl=1","width":350,"height":200},"classes":[]},{"id":3993,"url":"https:\/\/artstella-elixirs-floraux.com\/fr_fr\/produit\/arbol-del-peru-poivre-15-ml-sylfos\/","url_meta":{"origin":4088,"position":2},"title":"ARBOL DEL PERU\/POIVRE D&rsquo;AMERIQUE SYLFOS","author":"eveapprill","date":"9 mars 2025","format":false,"excerpt":"ARBOL DEL PER\u00da Schinus molle Flexibilit\u00e9, communication. Favorise la communication sans pr\u00e9jug\u00e9s, \u00e0 partir de l\u2019ouverture du coeur.","rel":"","context":"Article similaire","block_context":{"text":"Article similaire","link":""},"img":{"alt_text":"","src":"https:\/\/i0.wp.com\/artstella-elixirs-floraux.com\/wp-content\/uploads\/2025\/03\/wp-image741.png?resize=350%2C200&ssl=1","width":350,"height":200},"classes":[]},{"id":3746,"url":"https:\/\/artstella-elixirs-floraux.com\/fr_fr\/produit\/lady-butterfly-cuba-15-ml-phi\/","url_meta":{"origin":4088,"position":3},"title":"LADY BUTTERFLY (CUBA) 15 ML PHI","author":"eveapprill","date":"9 mars 2025","format":false,"excerpt":"LADY BUTTERFLYPsichosys papilo\u00a0\u00ab\u00a0Mademoiselle Papillon\u00a0\u00bb\u00a0\u00a0Est une tr\u00e8s belle orchid\u00e9e color\u00e9e, dont la forme rappelle un papillon. Elle est originaire d\u2019Am\u00e9rique du Sud. L\u2019\u00e9lixir\u00a0: Aide \u00e0 pouvoir exprimer sa beaut\u00e9 int\u00e9rieure, \u00e0 prendre les choses plus \u00e0 la l\u00e9g\u00e8re, \u00e0 traverser la vie avec plus d\u2019assurance.","rel":"","context":"Article similaire","block_context":{"text":"Article similaire","link":""},"img":{"alt_text":"","src":"","width":0,"height":0},"classes":[]},{"id":6266,"url":"https:\/\/artstella-elixirs-floraux.com\/fr_fr\/produit\/arbol-de-josue-15-ml-sylfos\/","url_meta":{"origin":4088,"position":4},"title":"ARBOL DE JOSUE 15 ML SYLFOS","author":"eveapprill","date":"9 mars 2025","format":false,"excerpt":"Arbre de Josue Lib\u00e9ration des sch\u00e9mas h\u00e9rit\u00e9s - Karma g\u00e9n\u00e9rationnel Gu\u00e9rir son propre arbre g\u00e9n\u00e9rationnel, se lib\u00e9rer des sch\u00e9mas h\u00e9rit\u00e9s g\u00e9n\u00e9ration apr\u00e8s g\u00e9n\u00e9ration, sans renier ses origines. Permet d'int\u00e9grer l'h\u00e9ritage, la lign\u00e9e, sans \u00eatre esclave des traditions familiales.","rel":"","context":"Article similaire","block_context":{"text":"Article similaire","link":""},"img":{"alt_text":"","src":"https:\/\/i0.wp.com\/artstella-elixirs-floraux.com\/wp-content\/uploads\/2025\/03\/wp-image2223.png?resize=350%2C200&ssl=1","width":350,"height":200},"classes":[]},{"id":5406,"url":"https:\/\/artstella-elixirs-floraux.com\/fr_fr\/produit\/mazarina-azul-sylfos\/","url_meta":{"origin":4088,"position":5},"title":"MAZARINA AZUL SYLFOS","author":"eveapprill","date":"9 mars 2025","format":false,"excerpt":"40 \u2013 MAZARINA AZUL\/ MAZARINE BLEUE \u00a0\u00a0Cyaniris semiargus Conscience \u2013 Cause et Effet Cet \u00e9lixir nous aide \u00e0 \u00eatre plus conscients, non seulement de ce \u00e0 quoi nous pensons, mais aussi avec qui nous sommes en connexion pour la cause de ce dont nous pensons.","rel":"","context":"Article similaire","block_context":{"text":"Article similaire","link":""},"img":{"alt_text":"","src":"","width":0,"height":0},"classes":[]}],"_links":{"self":[{"href":"https:\/\/artstella-elixirs-floraux.com\/fr_fr\/wp-json\/wp\/v2\/product\/4088","targetHints":{"allow":["GET"]}}],"collection":[{"href":"https:\/\/artstella-elixirs-floraux.com\/fr_fr\/wp-json\/wp\/v2\/product"}],"about":[{"href":"https:\/\/artstella-elixirs-floraux.com\/fr_fr\/wp-json\/wp\/v2\/types\/product"}],"version-history":[{"count":0,"href":"https:\/\/artstella-elixirs-floraux.com\/fr_fr\/wp-json\/wp\/v2\/product\/4088\/revisions"}],"wp:featuredmedia":[{"embeddable":true,"href":"https:\/\/artstella-elixirs-floraux.com\/fr_fr\/wp-json\/wp\/v2\/media\/4089"}],"wp:attachment":[{"href":"https:\/\/artstella-elixirs-floraux.com\/fr_fr\/wp-json\/wp\/v2\/media?parent=4088"}],"wp:term":[{"taxonomy":"product_brand","embeddable":true,"href":"https:\/\/artstella-elixirs-floraux.com\/fr_fr\/wp-json\/wp\/v2\/product_brand?post=4088"},{"taxonomy":"product_cat","embeddable":true,"href":"https:\/\/artstella-elixirs-floraux.com\/fr_fr\/wp-json\/wp\/v2\/product_cat?post=4088"},{"taxonomy":"product_tag","embeddable":true,"href":"https:\/\/artstella-elixirs-floraux.com\/fr_fr\/wp-json\/wp\/v2\/product_tag?post=4088"}],"curies":[{"name":"wp","href":"https:\/\/api.w.org\/{rel}","templated":true}]}}