{"id":4094,"date":"2025-03-09T13:20:59","date_gmt":"2025-03-09T13:20:59","guid":{"rendered":"https:\/\/artstella-elixirs-floraux.com\/product\/lin-15ml-fleur-sylfos\/"},"modified":"2025-04-30T20:50:59","modified_gmt":"2025-04-30T20:50:59","slug":"lin-15ml-fleur-sylfos","status":"publish","type":"product","link":"https:\/\/artstella-elixirs-floraux.com\/fr_fr\/produit\/lin-15ml-fleur-sylfos\/","title":{"rendered":"LIN 15ML FLEUR SYLFOS"},"content":{"rendered":"<div>\n<table cellspacing=\"0\" cellpadding=\"0\" align=\"left\">\n<tbody>\n<tr>\n<td align=\"left\" valign=\"top\">\n<p style=\"text-align: left\"><strong>LIN \/ LINO\u00a0\u00a0\u00a0\u00a0 Blue Flax\u00a0<\/strong>\u00a0\u00a0\u00a0<em>Linum usitatissimum<\/em><em>\u00a0<\/em><strong>\u00a0<\/strong><\/p>\n<p style=\"text-align: left\">\u00a0<\/p>\n<p style=\"text-align: left\">Pour \u00e9quilibrer le stress \u00e9motionnel et rel\u00e2cher les attitudes rigides, les acc\u00e8s de col\u00e8re, les fixations. Apporte clart\u00e9 et discernement et permet de reconnaitre ses propres forces int\u00e9rieures, ce qui favorise la protection du Moi. Aide \u00e0 assimiler l\u2019information et am\u00e9liore la m\u00e9moire.<strong><\/strong><\/p>\n<\/td>\n<\/tr>\n<\/tbody>\n<\/table>\n<\/div>\n<p style=\"text-align: left\">Il s\u2019agit d\u2019un excellent nettoyant des m\u00e9ridiens, ce qui sera appr\u00e9ci\u00e9 en acupuncture.<\/p>\n","protected":false},"excerpt":{"rendered":"<div>\n<table cellspacing=\"0\" cellpadding=\"0\" align=\"left\">\n<tbody>\n<tr>\n<td align=\"left\" valign=\"top\">\n<p style=\"text-align: left\"><strong>LIN \/ LINO\u00a0\u00a0\u00a0\u00a0 Blue Flax <\/strong>\u00a0\u00a0\u00a0<em>Linum usitatissimum<\/em><em> <\/em><strong>\u00a0<\/strong><\/p>\n<p style=\"text-align: left\">\u00a0<\/p>\n<p style=\"text-align: left\">Pour \u00e9quilibrer le stress \u00e9motionnel et rel\u00e2cher les attitudes rigides, les acc\u00e8s de col\u00e8re,\u00a0<\/p>\n<\/td>\n<\/tr>\n<\/tbody>\n<\/table>\n<\/div>\n","protected":false},"featured_media":4095,"template":"","meta":[],"product_brand":[],"product_cat":[139],"product_tag":[],"class_list":{"0":"post-4094","1":"product","2":"type-product","3":"status-publish","4":"has-post-thumbnail","6":"product_cat-les-fleurs-andiness-upplementaires-compose","8":"first","9":"instock","10":"taxable","11":"shipping-taxable","12":"purchasable","13":"product-type-simple"},"etheme_brands":{"errors":{"invalid_taxonomy":["Taxonomie non valide."]},"error_data":[]},"jetpack_sharing_enabled":true,"jetpack-related-posts":[{"id":2141,"url":"https:\/\/artstella-elixirs-floraux.com\/fr_fr\/produit\/dandelion-alaska\/","url_meta":{"origin":4094,"position":0},"title":"DANDELION ALASKA","author":"eveapprill","date":"9 mars 2025","format":false,"excerpt":"DANDELION ALASKA Manque de consciences par rapport \u00e0 des attitudes mentales qui ont conduit \u00e0 des tensions musculaires chroniques ; difficult\u00e9 \u00e0 rel\u00e2cher l'\u00e9nergie \u00e9motionnelle accumul\u00e9e dans le corps. Permet gr\u00e2ce \u00e0 la compr\u00e9hension et \u00e0 une meilleure connexion entre le corps et l'esprit de rel\u00e2cher les tensions \u00e9motionnelles des\u2026","rel":"","context":"Article similaire","block_context":{"text":"Article similaire","link":""},"img":{"alt_text":"","src":"https:\/\/i0.wp.com\/artstella-elixirs-floraux.com\/wp-content\/uploads\/2025\/03\/wp-image558.png?resize=350%2C200&ssl=1","width":350,"height":200},"classes":[]},{"id":2094,"url":"https:\/\/artstella-elixirs-floraux.com\/fr_fr\/produit\/blue-elf-viola-alaskan\/","url_meta":{"origin":4094,"position":1},"title":"Blue Elf Viola Alaskan","author":"eveapprill","date":"9 mars 2025","format":false,"excerpt":"Blue Elf Viola Pour ceux qui sont incapables d'exprimer leur col\u00e8re d'une mani\u00e8re claire et non-violente, plus sp\u00e9cialement dans les groupes. Permet de dissoudre l'\u00e9nergie protectrice autour de votre col\u00e8re, rage ou frustrations et facilite la compr\u00e9hension de la racine de ces \u00e9motions de fa\u00e7on \u00e0 ce qu'elle puisse \u00eatre\u2026","rel":"","context":"Article similaire","block_context":{"text":"Article similaire","link":""},"img":{"alt_text":"","src":"https:\/\/i0.wp.com\/artstella-elixirs-floraux.com\/wp-content\/uploads\/2025\/03\/wp-image43.png?resize=350%2C200&ssl=1","width":350,"height":200},"classes":[]},{"id":5032,"url":"https:\/\/artstella-elixirs-floraux.com\/fr_fr\/produit\/amazonite-7-5-ml-alas-gem-sup\/","url_meta":{"origin":4094,"position":2},"title":"AMAZONITE 7.5 ML ALAS GEM SUP","author":"eveapprill","date":"9 mars 2025","format":false,"excerpt":"Amazonite \u00a0 Indications : congestion \u00e9motionnelle ; traitement des difficult\u00e9s et en lib\u00e9rant les \u00e9motions d'un pass\u00e9 lointain ; attitude d\u00e9faitiste ; sentiment accabl\u00e9 par la vie.","rel":"","context":"Article similaire","block_context":{"text":"Article similaire","link":""},"img":{"alt_text":"","src":"https:\/\/i0.wp.com\/artstella-elixirs-floraux.com\/wp-content\/uploads\/2025\/03\/wp-image1370.png?resize=350%2C200&ssl=1","width":350,"height":200},"classes":[]},{"id":12282,"url":"https:\/\/artstella-elixirs-floraux.com\/fr_fr\/produit\/13-orchidee-equilibre-et-stabilite-habenella-petalodes-sylfos\/","url_meta":{"origin":4094,"position":3},"title":"13. ORCHID\u00c9E \u00c9QUILIBRE ET STABILIT\u00c9 Habenella petalodes Sylfos","author":"eveapprill","date":"13 mars 2026","format":false,"excerpt":"\u00c9lixir d\u2019ancrage et de stabilisation \u00e9motionnelle. Aide \u00e0 retrouver son centre, \u00e0 calmer l\u2019anxi\u00e9t\u00e9 et \u00e0 aligner les corps \u00e9nerg\u00e9tiques en p\u00e9riode de stress ou de crise","rel":"","context":"Article similaire","block_context":{"text":"Article similaire","link":""},"img":{"alt_text":"","src":"https:\/\/i0.wp.com\/artstella-elixirs-floraux.com\/wp-content\/uploads\/2026\/03\/habenella.jpeg?resize=350%2C200&ssl=1","width":350,"height":200,"srcset":"https:\/\/i0.wp.com\/artstella-elixirs-floraux.com\/wp-content\/uploads\/2026\/03\/habenella.jpeg?resize=350%2C200&ssl=1 1x, https:\/\/i0.wp.com\/artstella-elixirs-floraux.com\/wp-content\/uploads\/2026\/03\/habenella.jpeg?resize=525%2C300&ssl=1 1.5x, https:\/\/i0.wp.com\/artstella-elixirs-floraux.com\/wp-content\/uploads\/2026\/03\/habenella.jpeg?resize=700%2C400&ssl=1 2x, https:\/\/i0.wp.com\/artstella-elixirs-floraux.com\/wp-content\/uploads\/2026\/03\/habenella.jpeg?resize=1050%2C600&ssl=1 3x"},"classes":[]},{"id":4179,"url":"https:\/\/artstella-elixirs-floraux.com\/fr_fr\/produit\/zadkiel-messagers-sylfos-15ml\/","url_meta":{"origin":4094,"position":4},"title":"ZADKIEL (MESSAGERS) SYLFOS 15ML","author":"eveapprill","date":"9 mars 2025","format":false,"excerpt":"ZADKIEL Pardon, Mis\u00e9ricorde, Compassion, Amour, Transmutation, Transformation. Permet de trouver le pardon pour soi-m\u00eame comme pour les autres, de se lib\u00e9rer de la col\u00e8re","rel":"","context":"Article similaire","block_context":{"text":"Article similaire","link":""},"img":{"alt_text":"","src":"","width":0,"height":0},"classes":[]},{"id":6187,"url":"https:\/\/artstella-elixirs-floraux.com\/fr_fr\/produit\/blue-angel-15ml-ltoe\/","url_meta":{"origin":4094,"position":5},"title":"BLUE ANGEL 15ML LTOE","author":"eveapprill","date":"9 mars 2025","format":false,"excerpt":"Blue Angel - Ange bleu Vanda Gomalco's Blue Magic Aide \u00e0 nous reconnecter avec l\u2019origine de notre \u00e2me et son but. Il tr\u00e8s \u00ab\u00a0r\u00e9fl\u00e9chissant\u00a0\u00bb\u00a0: regarder vers notre origine comme au fond d\u2019un lac clair dont les rayons lumineux p\u00e9n\u00e8trent en scintillant les profondeurs de l\u2019eau.","rel":"","context":"Article similaire","block_context":{"text":"Article similaire","link":""},"img":{"alt_text":"","src":"https:\/\/i0.wp.com\/artstella-elixirs-floraux.com\/wp-content\/uploads\/2025\/03\/39e0c487-06be-494b-86ff-3351cba6818c.jpg?resize=350%2C200&ssl=1","width":350,"height":200,"srcset":"https:\/\/i0.wp.com\/artstella-elixirs-floraux.com\/wp-content\/uploads\/2025\/03\/39e0c487-06be-494b-86ff-3351cba6818c.jpg?resize=350%2C200&ssl=1 1x, https:\/\/i0.wp.com\/artstella-elixirs-floraux.com\/wp-content\/uploads\/2025\/03\/39e0c487-06be-494b-86ff-3351cba6818c.jpg?resize=525%2C300&ssl=1 1.5x, https:\/\/i0.wp.com\/artstella-elixirs-floraux.com\/wp-content\/uploads\/2025\/03\/39e0c487-06be-494b-86ff-3351cba6818c.jpg?resize=700%2C400&ssl=1 2x"},"classes":[]}],"_links":{"self":[{"href":"https:\/\/artstella-elixirs-floraux.com\/fr_fr\/wp-json\/wp\/v2\/product\/4094","targetHints":{"allow":["GET"]}}],"collection":[{"href":"https:\/\/artstella-elixirs-floraux.com\/fr_fr\/wp-json\/wp\/v2\/product"}],"about":[{"href":"https:\/\/artstella-elixirs-floraux.com\/fr_fr\/wp-json\/wp\/v2\/types\/product"}],"version-history":[{"count":0,"href":"https:\/\/artstella-elixirs-floraux.com\/fr_fr\/wp-json\/wp\/v2\/product\/4094\/revisions"}],"wp:featuredmedia":[{"embeddable":true,"href":"https:\/\/artstella-elixirs-floraux.com\/fr_fr\/wp-json\/wp\/v2\/media\/4095"}],"wp:attachment":[{"href":"https:\/\/artstella-elixirs-floraux.com\/fr_fr\/wp-json\/wp\/v2\/media?parent=4094"}],"wp:term":[{"taxonomy":"product_brand","embeddable":true,"href":"https:\/\/artstella-elixirs-floraux.com\/fr_fr\/wp-json\/wp\/v2\/product_brand?post=4094"},{"taxonomy":"product_cat","embeddable":true,"href":"https:\/\/artstella-elixirs-floraux.com\/fr_fr\/wp-json\/wp\/v2\/product_cat?post=4094"},{"taxonomy":"product_tag","embeddable":true,"href":"https:\/\/artstella-elixirs-floraux.com\/fr_fr\/wp-json\/wp\/v2\/product_tag?post=4094"}],"curies":[{"name":"wp","href":"https:\/\/api.w.org\/{rel}","templated":true}]}}