{"id":4096,"date":"2025-03-09T13:21:00","date_gmt":"2025-03-09T13:21:00","guid":{"rendered":"https:\/\/artstella-elixirs-floraux.com\/product\/condor-el-chamaniques-15ml\/"},"modified":"2025-07-21T15:06:35","modified_gmt":"2025-07-21T15:06:35","slug":"condor-el-chamaniques-15ml","status":"publish","type":"product","link":"https:\/\/artstella-elixirs-floraux.com\/fr_fr\/produit\/condor-el-chamaniques-15ml\/","title":{"rendered":"CONDOR EL CHAMANIQUES 15ML"},"content":{"rendered":"<p><strong>CONDOR<\/strong><strong>\u00a0\u00a0\u00a0\u00a0 <em>Le Roi Inca \u2013 Vision &#8211; Renaissance<\/em><\/strong><\/p>\n<p>Le Condor cherche les plus hautes altitudes afin de communiquer avec les dieux. Il ouvre \u00e0 la recherche du sens de notre vie et permet d\u2019en\u00a0 voir les d\u00e9fis, en sachant que les solutions ne sont pas toujours \u00e0 notre port\u00e9e. Pour r\u00e9tablir le contact avec l\u2019esprit et donner une nouvelle vision tout en purifiant. Eveille intelligence et sagesse int\u00e9rieure.<\/p>\n","protected":false},"excerpt":{"rendered":"<p><strong>CONDOR<\/strong><strong>\u00a0\u00a0 <em>Le Roi Inca \u2013 Vision &#8211; Renaissance<\/em><\/strong><\/p>\n<p>Le Condor cherche les plus hautes altitudes afin de communiquer avec les dieux.<\/p>\n","protected":false},"featured_media":4097,"template":"","meta":[],"product_brand":[],"product_cat":[140],"product_tag":[],"class_list":{"0":"post-4096","1":"product","2":"type-product","3":"status-publish","4":"has-post-thumbnail","6":"product_cat-les-elixirs-d-animaux-chamanique","8":"first","9":"instock","10":"taxable","11":"shipping-taxable","12":"purchasable","13":"product-type-simple"},"etheme_brands":{"errors":{"invalid_taxonomy":["Taxonomie non valide."]},"error_data":[]},"jetpack_sharing_enabled":true,"jetpack-related-posts":[{"id":6173,"url":"https:\/\/artstella-elixirs-floraux.com\/fr_fr\/produit\/corona-del-inca-sylfos-15ml\/","url_meta":{"origin":4096,"position":0},"title":"CORONA DEL INCA SYLFOS 15ML","author":"eveapprill","date":"9 mars 2025","format":false,"excerpt":"\u00a0CORONA DEL INCA \/ Poinsettia Euphorbiapulcherrima Amour et Espoir Cet \u00e9lixir permet de d\u00e9passer les barri\u00e8res de l\u2019amour, pour pouvoir s\u2019ouvrir vers le prochain, vers l\u2019humanit\u00e9 enti\u00e8re, ce qui permet de trouver sa place dans l\u2019humanit\u00e9. Sera de grande utilit\u00e9 pour recomposer les relations interpersonnelles dans un groupe ou au\u2026","rel":"","context":"Article similaire","block_context":{"text":"Article similaire","link":""},"img":{"alt_text":"","src":"https:\/\/i0.wp.com\/artstella-elixirs-floraux.com\/wp-content\/uploads\/2025\/03\/wp-image2178.png?resize=350%2C200&ssl=1","width":350,"height":200},"classes":[]},{"id":5396,"url":"https:\/\/artstella-elixirs-floraux.com\/fr_fr\/produit\/ojo-de-macho-sylfos-15ml-pap\/","url_meta":{"origin":4096,"position":1},"title":"OJO DE MACHO SYLFOS 15ML PAP","author":"eveapprill","date":"9 mars 2025","format":false,"excerpt":"34 - OJO DE MACHO\/ PAPILLON OCELL\u00c9 Junonia coenia\u00a0\u00a0 Vision - Conscience- Evolution Cet \u00e9lixir nous permet de transformer la n\u00e9gativit\u00e9 afin de pouvoir voire la v\u00e9rit\u00e9. Il nous permet de voire plus clairement la situation afin de nous aider \u00e0 voire et \u00e0 aller directement au centre du probl\u00e8me","rel":"","context":"Article similaire","block_context":{"text":"Article similaire","link":""},"img":{"alt_text":"","src":"https:\/\/i0.wp.com\/artstella-elixirs-floraux.com\/wp-content\/uploads\/2025\/03\/599dbec6-a0ba-4dd0-b4c6-380b343e864f.jpg?resize=350%2C200&ssl=1","width":350,"height":200,"srcset":"https:\/\/i0.wp.com\/artstella-elixirs-floraux.com\/wp-content\/uploads\/2025\/03\/599dbec6-a0ba-4dd0-b4c6-380b343e864f.jpg?resize=350%2C200&ssl=1 1x, https:\/\/i0.wp.com\/artstella-elixirs-floraux.com\/wp-content\/uploads\/2025\/03\/599dbec6-a0ba-4dd0-b4c6-380b343e864f.jpg?resize=525%2C300&ssl=1 1.5x, https:\/\/i0.wp.com\/artstella-elixirs-floraux.com\/wp-content\/uploads\/2025\/03\/599dbec6-a0ba-4dd0-b4c6-380b343e864f.jpg?resize=700%2C400&ssl=1 2x"},"classes":[]},{"id":5877,"url":"https:\/\/artstella-elixirs-floraux.com\/fr_fr\/produit\/compose-n19-renaissance-deva-30ml\/","url_meta":{"origin":4096,"position":2},"title":"Compos\u00e9 n\u00b019 RENAISSANCE DEVA 30ml","author":"eveapprill","date":"9 mars 2025","format":false,"excerpt":"Compos\u00e9 n\u00b019 Renaissance DEVA 30ml Aide \u00e0 retrouver une paix profonde et sa pleine int\u00e9grit\u00e9 physique, mentale et \u00e9motionnelle apr\u00e8s une situation d'\u00e9puisement total.","rel":"","context":"Article similaire","block_context":{"text":"Article similaire","link":""},"img":{"alt_text":"","src":"https:\/\/i0.wp.com\/artstella-elixirs-floraux.com\/wp-content\/uploads\/2025\/03\/367f6051-abea-4271-a4de-e0b28fe2b56e.jpg?resize=350%2C200&ssl=1","width":350,"height":200,"srcset":"https:\/\/i0.wp.com\/artstella-elixirs-floraux.com\/wp-content\/uploads\/2025\/03\/367f6051-abea-4271-a4de-e0b28fe2b56e.jpg?resize=350%2C200&ssl=1 1x, https:\/\/i0.wp.com\/artstella-elixirs-floraux.com\/wp-content\/uploads\/2025\/03\/367f6051-abea-4271-a4de-e0b28fe2b56e.jpg?resize=525%2C300&ssl=1 1.5x, https:\/\/i0.wp.com\/artstella-elixirs-floraux.com\/wp-content\/uploads\/2025\/03\/367f6051-abea-4271-a4de-e0b28fe2b56e.jpg?resize=700%2C400&ssl=1 2x"},"classes":[]},{"id":3577,"url":"https:\/\/artstella-elixirs-floraux.com\/fr_fr\/produit\/16-direct-vision-ltoe-15-ml\/","url_meta":{"origin":4096,"position":3},"title":"16. DIRECT VISION LTOE 15 ML","author":"eveapprill","date":"9 mars 2025","format":false,"excerpt":"Direct Vision \/Vision directe : Permet d'exp\u00e9rimenter le 3eme \u0152il. L'\u00e9lixir peut \u00eatre utile dans une qu\u00eate de vision.","rel":"","context":"Article similaire","block_context":{"text":"Article similaire","link":""},"img":{"alt_text":"","src":"https:\/\/i0.wp.com\/artstella-elixirs-floraux.com\/wp-content\/uploads\/2025\/03\/5dba4f93-ea81-4db0-9d9e-51f896a3ffba.jpg?resize=350%2C200&ssl=1","width":350,"height":200,"srcset":"https:\/\/i0.wp.com\/artstella-elixirs-floraux.com\/wp-content\/uploads\/2025\/03\/5dba4f93-ea81-4db0-9d9e-51f896a3ffba.jpg?resize=350%2C200&ssl=1 1x, https:\/\/i0.wp.com\/artstella-elixirs-floraux.com\/wp-content\/uploads\/2025\/03\/5dba4f93-ea81-4db0-9d9e-51f896a3ffba.jpg?resize=525%2C300&ssl=1 1.5x, https:\/\/i0.wp.com\/artstella-elixirs-floraux.com\/wp-content\/uploads\/2025\/03\/5dba4f93-ea81-4db0-9d9e-51f896a3ffba.jpg?resize=700%2C400&ssl=1 2x"},"classes":[]},{"id":4892,"url":"https:\/\/artstella-elixirs-floraux.com\/fr_fr\/produit\/cloudberry-alaskan-f-sup\/","url_meta":{"origin":4096,"position":4},"title":"CLOUDBERRY ALASKAN F SUP","author":"eveapprill","date":"9 mars 2025","format":false,"excerpt":"CLOUDBERRY Indications : trouble vision int\u00e9rieure ; vous cherchez \u00e0 l'ext\u00e9rieur de nous-m\u00eames insight et r\u00e9ponses ; toujours d\u00e9bord\u00e9s avec pr\u00e9cision ; obs\u00e9d\u00e9 par essayer de comprendre les choses.","rel":"","context":"Article similaire","block_context":{"text":"Article similaire","link":""},"img":{"alt_text":"","src":"https:\/\/i0.wp.com\/artstella-elixirs-floraux.com\/wp-content\/uploads\/2025\/03\/wp-image1378.png?resize=350%2C200&ssl=1","width":350,"height":200},"classes":[]},{"id":4249,"url":"https:\/\/artstella-elixirs-floraux.com\/fr_fr\/produit\/owl-hibou-wea-30-ml\/","url_meta":{"origin":4096,"position":5},"title":"OWL\/HIBOU WEA 30 ML","author":"eveapprill","date":"9 mars 2025","format":false,"excerpt":"Owl (hibou) Pour acc\u00e9der \u00e0 et agir selon sa plus haute sagesse. Pour voir clairement \u00e0 travers sa propre obscurit\u00e9. Favorise la clart\u00e9 d\u2019esprit, l\u2019intuition et la vision et l\u2019expression de la v\u00e9rit\u00e9","rel":"","context":"Article similaire","block_context":{"text":"Article similaire","link":""},"img":{"alt_text":"","src":"https:\/\/i0.wp.com\/artstella-elixirs-floraux.com\/wp-content\/uploads\/2025\/03\/wp-image2269.png?resize=350%2C200&ssl=1","width":350,"height":200,"srcset":"https:\/\/i0.wp.com\/artstella-elixirs-floraux.com\/wp-content\/uploads\/2025\/03\/wp-image2269.png?resize=350%2C200&ssl=1 1x, https:\/\/i0.wp.com\/artstella-elixirs-floraux.com\/wp-content\/uploads\/2025\/03\/wp-image2269.png?resize=525%2C300&ssl=1 1.5x, https:\/\/i0.wp.com\/artstella-elixirs-floraux.com\/wp-content\/uploads\/2025\/03\/wp-image2269.png?resize=700%2C400&ssl=1 2x, https:\/\/i0.wp.com\/artstella-elixirs-floraux.com\/wp-content\/uploads\/2025\/03\/wp-image2269.png?resize=1050%2C600&ssl=1 3x, https:\/\/i0.wp.com\/artstella-elixirs-floraux.com\/wp-content\/uploads\/2025\/03\/wp-image2269.png?resize=1400%2C800&ssl=1 4x"},"classes":[]}],"_links":{"self":[{"href":"https:\/\/artstella-elixirs-floraux.com\/fr_fr\/wp-json\/wp\/v2\/product\/4096","targetHints":{"allow":["GET"]}}],"collection":[{"href":"https:\/\/artstella-elixirs-floraux.com\/fr_fr\/wp-json\/wp\/v2\/product"}],"about":[{"href":"https:\/\/artstella-elixirs-floraux.com\/fr_fr\/wp-json\/wp\/v2\/types\/product"}],"version-history":[{"count":1,"href":"https:\/\/artstella-elixirs-floraux.com\/fr_fr\/wp-json\/wp\/v2\/product\/4096\/revisions"}],"predecessor-version":[{"id":11060,"href":"https:\/\/artstella-elixirs-floraux.com\/fr_fr\/wp-json\/wp\/v2\/product\/4096\/revisions\/11060"}],"wp:featuredmedia":[{"embeddable":true,"href":"https:\/\/artstella-elixirs-floraux.com\/fr_fr\/wp-json\/wp\/v2\/media\/4097"}],"wp:attachment":[{"href":"https:\/\/artstella-elixirs-floraux.com\/fr_fr\/wp-json\/wp\/v2\/media?parent=4096"}],"wp:term":[{"taxonomy":"product_brand","embeddable":true,"href":"https:\/\/artstella-elixirs-floraux.com\/fr_fr\/wp-json\/wp\/v2\/product_brand?post=4096"},{"taxonomy":"product_cat","embeddable":true,"href":"https:\/\/artstella-elixirs-floraux.com\/fr_fr\/wp-json\/wp\/v2\/product_cat?post=4096"},{"taxonomy":"product_tag","embeddable":true,"href":"https:\/\/artstella-elixirs-floraux.com\/fr_fr\/wp-json\/wp\/v2\/product_tag?post=4096"}],"curies":[{"name":"wp","href":"https:\/\/api.w.org\/{rel}","templated":true}]}}