{"id":4121,"date":"2025-03-09T13:21:15","date_gmt":"2025-03-09T13:21:15","guid":{"rendered":"https:\/\/artstella-elixirs-floraux.com\/product\/argante-damasco-sylfos-15ml\/"},"modified":"2025-06-08T12:51:48","modified_gmt":"2025-06-08T12:51:48","slug":"argante-damasco-sylfos-15ml","status":"publish","type":"product","link":"https:\/\/artstella-elixirs-floraux.com\/fr_fr\/produit\/argante-damasco-sylfos-15ml\/","title":{"rendered":"ARGANTE DAMASCO SYLFOS 15ML"},"content":{"rendered":"","protected":false},"excerpt":{"rendered":"<p><strong>ARGANTE DAMASCO<\/strong> <em>Phoebis argante<\/em> <br \/>Sexualit\u00e9 harmonieuse Cet \u00e9lixir renforce les aspects agr\u00e9ables et de plaisir de l\u2019amour physique, en augmentant l\u2019\u00e9nergie sexuelle. Cela permet d\u2019exp\u00e9rimenter l\u2019acte de l\u2019amour comme \u00e9tant une c\u00e9l\u00e9bration totale de la cr\u00e9ation de l\u2019univers.<\/p>\n","protected":false},"featured_media":4122,"template":"","meta":[],"product_brand":[],"product_cat":[142],"product_tag":[],"class_list":{"0":"post-4121","1":"product","2":"type-product","3":"status-publish","4":"has-post-thumbnail","6":"product_cat-papillons-coffrets-1-2","8":"first","9":"instock","10":"taxable","11":"shipping-taxable","12":"purchasable","13":"product-type-simple"},"etheme_brands":{"errors":{"invalid_taxonomy":["Taxonomie non valide."]},"error_data":[]},"jetpack_sharing_enabled":true,"jetpack-related-posts":[{"id":5578,"url":"https:\/\/artstella-elixirs-floraux.com\/fr_fr\/produit\/mutt-corniaud-amour-inconditionnel-30ml\/","url_meta":{"origin":4121,"position":0},"title":"Mutt (Corniaud) \/ amour inconditionnel 30ml","author":"eveapprill","date":"9 mars 2025","format":false,"excerpt":"Mutt (Corniaud) \/ amour inconditionnel Pour ouvrir le c\u0153ur et sentir et exprimer l\u2019amour inconditionnel. Encourage notre capacit\u00e9 d\u2019avoir plus d\u2019amour pour nous-m\u00eames et les autres. Nous aide \u00e0 exprimer l\u2019affection. Cultive notre capacit\u00e9 de vivre de notre c\u0153ur doux et tendre et de partager notre amour avec le monde\u2026","rel":"","context":"Article similaire","block_context":{"text":"Article similaire","link":""},"img":{"alt_text":"","src":"https:\/\/i0.wp.com\/artstella-elixirs-floraux.com\/wp-content\/uploads\/2025\/03\/a70f0032-e7e7-458b-8de5-e37cddbe602d.jpg?resize=350%2C200&ssl=1","width":350,"height":200,"srcset":"https:\/\/i0.wp.com\/artstella-elixirs-floraux.com\/wp-content\/uploads\/2025\/03\/a70f0032-e7e7-458b-8de5-e37cddbe602d.jpg?resize=350%2C200&ssl=1 1x, https:\/\/i0.wp.com\/artstella-elixirs-floraux.com\/wp-content\/uploads\/2025\/03\/a70f0032-e7e7-458b-8de5-e37cddbe602d.jpg?resize=525%2C300&ssl=1 1.5x, https:\/\/i0.wp.com\/artstella-elixirs-floraux.com\/wp-content\/uploads\/2025\/03\/a70f0032-e7e7-458b-8de5-e37cddbe602d.jpg?resize=700%2C400&ssl=1 2x"},"classes":[]},{"id":4412,"url":"https:\/\/artstella-elixirs-floraux.com\/fr_fr\/produit\/loving-child-lamour-enfantin\/","url_meta":{"origin":4121,"position":1},"title":"Loving Child &#8211; L&rsquo;amour enfantin WEAE 30ml","author":"eveapprill","date":"9 mars 2025","format":false,"excerpt":"Loving Child (l'amour enfantin) L'amour Enfantin est une ressource unique con\u00e7ue pour aider les enfants \u00e0 ressentir et \u00e0 exprimer l'amour dans tous les aspects de leur vie.","rel":"","context":"Article similaire","block_context":{"text":"Article similaire","link":""},"img":{"alt_text":"","src":"https:\/\/i0.wp.com\/artstella-elixirs-floraux.com\/wp-content\/uploads\/2025\/03\/092b058c-0517-4bc8-8049-d757b3d14f3e.webp?resize=350%2C200&ssl=1","width":350,"height":200,"srcset":"https:\/\/i0.wp.com\/artstella-elixirs-floraux.com\/wp-content\/uploads\/2025\/03\/092b058c-0517-4bc8-8049-d757b3d14f3e.webp?resize=350%2C200&ssl=1 1x, https:\/\/i0.wp.com\/artstella-elixirs-floraux.com\/wp-content\/uploads\/2025\/03\/092b058c-0517-4bc8-8049-d757b3d14f3e.webp?resize=525%2C300&ssl=1 1.5x, https:\/\/i0.wp.com\/artstella-elixirs-floraux.com\/wp-content\/uploads\/2025\/03\/092b058c-0517-4bc8-8049-d757b3d14f3e.webp?resize=700%2C400&ssl=1 2x"},"classes":[]},{"id":4146,"url":"https:\/\/artstella-elixirs-floraux.com\/fr_fr\/produit\/papilio-de-las-especias-sylfos-15ml\/","url_meta":{"origin":4121,"position":2},"title":"PAPILIO DE LAS ESPECIAS SYLFOS 15ML","author":"eveapprill","date":"9 mars 2025","format":false,"excerpt":"PAPILIO DE LAS ESPECIAS Papilio troilus Renouveau \u2013 Amour \u2013 Sexualit\u00e9 Amour \u00e9rotique et passion pour trouver votre partenaire. Renouveau de la vie amoureuse lorsque les choses se trouvent bloqu\u00e9es. Cet \u00e9lixir r\u00e9active le feu au sein d\u2019une relation amoureuse et cr\u00e9ative et efface l\u2019\u00e9loignement qu\u2019impose le temps. R\u00e9novation de\u2026","rel":"","context":"Article similaire","block_context":{"text":"Article similaire","link":""},"img":{"alt_text":"","src":"https:\/\/i0.wp.com\/artstella-elixirs-floraux.com\/wp-content\/uploads\/2025\/03\/1cdcbbd7-1b9c-4b5e-8f40-4daeedac09c5.jpg?resize=350%2C200&ssl=1","width":350,"height":200,"srcset":"https:\/\/i0.wp.com\/artstella-elixirs-floraux.com\/wp-content\/uploads\/2025\/03\/1cdcbbd7-1b9c-4b5e-8f40-4daeedac09c5.jpg?resize=350%2C200&ssl=1 1x, https:\/\/i0.wp.com\/artstella-elixirs-floraux.com\/wp-content\/uploads\/2025\/03\/1cdcbbd7-1b9c-4b5e-8f40-4daeedac09c5.jpg?resize=525%2C300&ssl=1 1.5x, https:\/\/i0.wp.com\/artstella-elixirs-floraux.com\/wp-content\/uploads\/2025\/03\/1cdcbbd7-1b9c-4b5e-8f40-4daeedac09c5.jpg?resize=700%2C400&ssl=1 2x"},"classes":[]},{"id":4397,"url":"https:\/\/artstella-elixirs-floraux.com\/fr_fr\/produit\/loving-parent-30-ml-wea\/","url_meta":{"origin":4121,"position":3},"title":"LOVING PARENT 30 ML WEA","author":"eveapprill","date":"9 mars 2025","format":false,"excerpt":"Loving Parent (l'amour parental) Favorise l\u2019amour parental envers soi et ses enfants.","rel":"","context":"Article similaire","block_context":{"text":"Article similaire","link":""},"img":{"alt_text":"","src":"","width":0,"height":0},"classes":[]},{"id":4399,"url":"https:\/\/artstella-elixirs-floraux.com\/fr_fr\/produit\/loving-relation-30-ml-wea\/","url_meta":{"origin":4121,"position":4},"title":"LOVING RELATION 30 ML WEA","author":"eveapprill","date":"9 mars 2025","format":false,"excerpt":"Loving Relationship (la relation amoureuse) \u00a0 Profond soutien pour cr\u00e9er, renforcer et approfondir les liens amoureux dans le couple.","rel":"","context":"Article similaire","block_context":{"text":"Article similaire","link":""},"img":{"alt_text":"","src":"","width":0,"height":0},"classes":[]},{"id":2186,"url":"https:\/\/artstella-elixirs-floraux.com\/fr_fr\/produit\/harebell-alaskan\/","url_meta":{"origin":4121,"position":5},"title":"Harebell Alaskan","author":"eveapprill","date":"9 mars 2025","format":false,"excerpt":"Harebell. Campanula lasiocarpa. Campanule Ne se sent pas aim\u00e9 et coup\u00e9 de la Source ; \u00e0 la recherche de l\u2019amour \u00e0 l'ext\u00e9rieur.","rel":"","context":"Article similaire","block_context":{"text":"Article similaire","link":""},"img":{"alt_text":"","src":"https:\/\/i0.wp.com\/artstella-elixirs-floraux.com\/wp-content\/uploads\/2025\/03\/wp-image542.png?resize=350%2C200&ssl=1","width":350,"height":200},"classes":[]}],"_links":{"self":[{"href":"https:\/\/artstella-elixirs-floraux.com\/fr_fr\/wp-json\/wp\/v2\/product\/4121","targetHints":{"allow":["GET"]}}],"collection":[{"href":"https:\/\/artstella-elixirs-floraux.com\/fr_fr\/wp-json\/wp\/v2\/product"}],"about":[{"href":"https:\/\/artstella-elixirs-floraux.com\/fr_fr\/wp-json\/wp\/v2\/types\/product"}],"version-history":[{"count":0,"href":"https:\/\/artstella-elixirs-floraux.com\/fr_fr\/wp-json\/wp\/v2\/product\/4121\/revisions"}],"wp:featuredmedia":[{"embeddable":true,"href":"https:\/\/artstella-elixirs-floraux.com\/fr_fr\/wp-json\/wp\/v2\/media\/4122"}],"wp:attachment":[{"href":"https:\/\/artstella-elixirs-floraux.com\/fr_fr\/wp-json\/wp\/v2\/media?parent=4121"}],"wp:term":[{"taxonomy":"product_brand","embeddable":true,"href":"https:\/\/artstella-elixirs-floraux.com\/fr_fr\/wp-json\/wp\/v2\/product_brand?post=4121"},{"taxonomy":"product_cat","embeddable":true,"href":"https:\/\/artstella-elixirs-floraux.com\/fr_fr\/wp-json\/wp\/v2\/product_cat?post=4121"},{"taxonomy":"product_tag","embeddable":true,"href":"https:\/\/artstella-elixirs-floraux.com\/fr_fr\/wp-json\/wp\/v2\/product_tag?post=4121"}],"curies":[{"name":"wp","href":"https:\/\/api.w.org\/{rel}","templated":true}]}}