{"id":4123,"date":"2025-03-09T13:21:16","date_gmt":"2025-03-09T13:21:16","guid":{"rendered":"https:\/\/artstella-elixirs-floraux.com\/product\/artemis-manchado-sylfos-15ml-pap\/"},"modified":"2025-04-30T21:28:35","modified_gmt":"2025-04-30T21:28:35","slug":"artemis-manchado-sylfos-15ml-pap","status":"publish","type":"product","link":"https:\/\/artstella-elixirs-floraux.com\/fr_fr\/produit\/artemis-manchado-sylfos-15ml-pap\/","title":{"rendered":"ARTEMIS MANCHADO SYLFOS 15ML PAP"},"content":{"rendered":"","protected":false},"excerpt":{"rendered":"<p><strong>ARTEMIS MANCHADO<\/strong> <em> Limenitis arthemis astyanax<\/em> <br \/>Manifestation<\/p>\n<p>Cet \u00e9lixir relie le chakra racine avec le chakra de la couronne, ouvrant ainsi les portes vers le 8\u00e8me, 9\u00e8me et 10\u00e8me chakra. Il permet la MANIFESTATION. De plus, il nous apporte protection contre la n\u00e9gativit\u00e9 de par l\u2019\u00e9l\u00e9vation de notre niveau de vibration.<\/p>\n","protected":false},"featured_media":4124,"template":"","meta":[],"product_brand":[],"product_cat":[142],"product_tag":[],"class_list":{"0":"post-4123","1":"product","2":"type-product","3":"status-publish","4":"has-post-thumbnail","6":"product_cat-papillons-coffrets-1-2","8":"first","9":"instock","10":"taxable","11":"shipping-taxable","12":"purchasable","13":"product-type-simple"},"etheme_brands":{"errors":{"invalid_taxonomy":["Taxonomie non valide."]},"error_data":[]},"jetpack_sharing_enabled":true,"jetpack-related-posts":[{"id":2311,"url":"https:\/\/artstella-elixirs-floraux.com\/fr_fr\/produit\/sweetgale-alaskan\/","url_meta":{"origin":4123,"position":0},"title":"Sweetgale Alaskan","author":"eveapprill","date":"9 mars 2025","format":false,"excerpt":"Sweetgale. Myrica gale \u00c9motions bloqu\u00e9es dans les chakras de base ; communication avec les autres sur le mode de la d\u00e9fensive, manque de clart\u00e9 qui se manifeste par le conflit, la critique et\/ou la culpabilit\u00e9.","rel":"","context":"Article similaire","block_context":{"text":"Article similaire","link":""},"img":{"alt_text":"","src":"https:\/\/i0.wp.com\/artstella-elixirs-floraux.com\/wp-content\/uploads\/2025\/03\/wp-image591.png?resize=350%2C200&ssl=1","width":350,"height":200},"classes":[]},{"id":6321,"url":"https:\/\/artstella-elixirs-floraux.com\/fr_fr\/produit\/cinquieme-chakra-weae-30ml\/","url_meta":{"origin":4123,"position":1},"title":"CINQUIEME CHAKRA WEAE 30ML","author":"eveapprill","date":"9 mars 2025","format":false,"excerpt":"Fifth Chakra Essence fournit un soutien pour recevoir les dons du cinqui\u00e8me chakra, y compris: la communication, l\u2019expression de soi confiante, l\u2019expression cr\u00e9ative, dire la v\u00e9rit\u00e9. \u00a0 \u00a0","rel":"","context":"Article similaire","block_context":{"text":"Article similaire","link":""},"img":{"alt_text":"","src":"https:\/\/i0.wp.com\/artstella-elixirs-floraux.com\/wp-content\/uploads\/2025\/03\/61805dda-b41e-4abe-9b1e-b0483d6e4efb.jpg?resize=350%2C200&ssl=1","width":350,"height":200,"srcset":"https:\/\/i0.wp.com\/artstella-elixirs-floraux.com\/wp-content\/uploads\/2025\/03\/61805dda-b41e-4abe-9b1e-b0483d6e4efb.jpg?resize=350%2C200&ssl=1 1x, https:\/\/i0.wp.com\/artstella-elixirs-floraux.com\/wp-content\/uploads\/2025\/03\/61805dda-b41e-4abe-9b1e-b0483d6e4efb.jpg?resize=525%2C300&ssl=1 1.5x, https:\/\/i0.wp.com\/artstella-elixirs-floraux.com\/wp-content\/uploads\/2025\/03\/61805dda-b41e-4abe-9b1e-b0483d6e4efb.jpg?resize=700%2C400&ssl=1 2x"},"classes":[]},{"id":6315,"url":"https:\/\/artstella-elixirs-floraux.com\/fr_fr\/produit\/second-chakra-weae-30ml\/","url_meta":{"origin":4123,"position":2},"title":"SECOND CHAKRA WEAE 30ML","author":"eveapprill","date":"9 mars 2025","format":false,"excerpt":"Second Chakra Essence fournit un soutien pour recevoir les cadeaux du deuxi\u00e8me chakra, y compris: ressentir profond\u00e9ment, accepter sa vie \u00e9motionnelle, sa sexualit\u00e9, sa cr\u00e9ativit\u00e9, sa digestion.","rel":"","context":"Article similaire","block_context":{"text":"Article similaire","link":""},"img":{"alt_text":"","src":"https:\/\/i0.wp.com\/artstella-elixirs-floraux.com\/wp-content\/uploads\/2025\/03\/0c616d60-16b2-47e1-8d25-f8ccdc3e3a26.jpg?resize=350%2C200&ssl=1","width":350,"height":200,"srcset":"https:\/\/i0.wp.com\/artstella-elixirs-floraux.com\/wp-content\/uploads\/2025\/03\/0c616d60-16b2-47e1-8d25-f8ccdc3e3a26.jpg?resize=350%2C200&ssl=1 1x, https:\/\/i0.wp.com\/artstella-elixirs-floraux.com\/wp-content\/uploads\/2025\/03\/0c616d60-16b2-47e1-8d25-f8ccdc3e3a26.jpg?resize=525%2C300&ssl=1 1.5x, https:\/\/i0.wp.com\/artstella-elixirs-floraux.com\/wp-content\/uploads\/2025\/03\/0c616d60-16b2-47e1-8d25-f8ccdc3e3a26.jpg?resize=700%2C400&ssl=1 2x"},"classes":[]},{"id":6317,"url":"https:\/\/artstella-elixirs-floraux.com\/fr_fr\/produit\/troisieme-chakra-weae-30ml\/","url_meta":{"origin":4123,"position":3},"title":"TROISIEME CHAKRA WEAE 30ML","author":"eveapprill","date":"9 mars 2025","format":false,"excerpt":"Third Chakra Essence fournit un soutien pour recevoir les cadeaux du troisi\u00e8me chakra, y compris: revendiquer et exprimer notre pouvoir personnel sain, renforcer et \u00e9quilibrer notre corps mental, agir dans le monde avec d\u00e9termination et engagement. \u00a0 \u00a0","rel":"","context":"Article similaire","block_context":{"text":"Article similaire","link":""},"img":{"alt_text":"","src":"https:\/\/i0.wp.com\/artstella-elixirs-floraux.com\/wp-content\/uploads\/2025\/03\/916895f6-2f0a-436e-958b-2cb102cd33c3.jpg?resize=350%2C200&ssl=1","width":350,"height":200,"srcset":"https:\/\/i0.wp.com\/artstella-elixirs-floraux.com\/wp-content\/uploads\/2025\/03\/916895f6-2f0a-436e-958b-2cb102cd33c3.jpg?resize=350%2C200&ssl=1 1x, https:\/\/i0.wp.com\/artstella-elixirs-floraux.com\/wp-content\/uploads\/2025\/03\/916895f6-2f0a-436e-958b-2cb102cd33c3.jpg?resize=525%2C300&ssl=1 1.5x, https:\/\/i0.wp.com\/artstella-elixirs-floraux.com\/wp-content\/uploads\/2025\/03\/916895f6-2f0a-436e-958b-2cb102cd33c3.jpg?resize=700%2C400&ssl=1 2x"},"classes":[]},{"id":6319,"url":"https:\/\/artstella-elixirs-floraux.com\/fr_fr\/produit\/quatrieme-chakra-weae-30ml\/","url_meta":{"origin":4123,"position":4},"title":"QUATRIEME CHAKRA WEAE 30ML","author":"eveapprill","date":"9 mars 2025","format":false,"excerpt":"Fourth Chakra Essence fournit un soutien pour recevoir les cadeaux du quatri\u00e8me chakra, notamment: ressentir et exprimer l'amour et la compassion, la paix, l'amour divin, la gu\u00e9rison du c\u0153ur. \u00a0 \u00a0","rel":"","context":"Article similaire","block_context":{"text":"Article similaire","link":""},"img":{"alt_text":"","src":"https:\/\/i0.wp.com\/artstella-elixirs-floraux.com\/wp-content\/uploads\/2025\/03\/07c03158-dfd3-4f57-9f61-011751f60e74.jpg?resize=350%2C200&ssl=1","width":350,"height":200,"srcset":"https:\/\/i0.wp.com\/artstella-elixirs-floraux.com\/wp-content\/uploads\/2025\/03\/07c03158-dfd3-4f57-9f61-011751f60e74.jpg?resize=350%2C200&ssl=1 1x, https:\/\/i0.wp.com\/artstella-elixirs-floraux.com\/wp-content\/uploads\/2025\/03\/07c03158-dfd3-4f57-9f61-011751f60e74.jpg?resize=525%2C300&ssl=1 1.5x, https:\/\/i0.wp.com\/artstella-elixirs-floraux.com\/wp-content\/uploads\/2025\/03\/07c03158-dfd3-4f57-9f61-011751f60e74.jpg?resize=700%2C400&ssl=1 2x"},"classes":[]},{"id":6323,"url":"https:\/\/artstella-elixirs-floraux.com\/fr_fr\/produit\/sixieme-chakra-weae-30ml\/","url_meta":{"origin":4123,"position":5},"title":"SIXIEME CHAKRA WEAE 30ML","author":"eveapprill","date":"9 mars 2025","format":false,"excerpt":"Sixth Chakra Essence fournit un soutien pour recevoir les dons du sixi\u00e8me chakra, y compris: la vision spirituelle, l\u2019intuition, l\u2019imagination, la sagesse du troisi\u00e8me \u0153il, la perspective spirituelle au-del\u00e0 du monde 3D. \u00a0 \u00a0","rel":"","context":"Article similaire","block_context":{"text":"Article similaire","link":""},"img":{"alt_text":"","src":"https:\/\/i0.wp.com\/artstella-elixirs-floraux.com\/wp-content\/uploads\/2025\/03\/7a3ca3fb-056a-43c8-879b-aedd4bd1e7be.jpg?resize=350%2C200&ssl=1","width":350,"height":200,"srcset":"https:\/\/i0.wp.com\/artstella-elixirs-floraux.com\/wp-content\/uploads\/2025\/03\/7a3ca3fb-056a-43c8-879b-aedd4bd1e7be.jpg?resize=350%2C200&ssl=1 1x, https:\/\/i0.wp.com\/artstella-elixirs-floraux.com\/wp-content\/uploads\/2025\/03\/7a3ca3fb-056a-43c8-879b-aedd4bd1e7be.jpg?resize=525%2C300&ssl=1 1.5x, https:\/\/i0.wp.com\/artstella-elixirs-floraux.com\/wp-content\/uploads\/2025\/03\/7a3ca3fb-056a-43c8-879b-aedd4bd1e7be.jpg?resize=700%2C400&ssl=1 2x"},"classes":[]}],"_links":{"self":[{"href":"https:\/\/artstella-elixirs-floraux.com\/fr_fr\/wp-json\/wp\/v2\/product\/4123","targetHints":{"allow":["GET"]}}],"collection":[{"href":"https:\/\/artstella-elixirs-floraux.com\/fr_fr\/wp-json\/wp\/v2\/product"}],"about":[{"href":"https:\/\/artstella-elixirs-floraux.com\/fr_fr\/wp-json\/wp\/v2\/types\/product"}],"version-history":[{"count":0,"href":"https:\/\/artstella-elixirs-floraux.com\/fr_fr\/wp-json\/wp\/v2\/product\/4123\/revisions"}],"wp:featuredmedia":[{"embeddable":true,"href":"https:\/\/artstella-elixirs-floraux.com\/fr_fr\/wp-json\/wp\/v2\/media\/4124"}],"wp:attachment":[{"href":"https:\/\/artstella-elixirs-floraux.com\/fr_fr\/wp-json\/wp\/v2\/media?parent=4123"}],"wp:term":[{"taxonomy":"product_brand","embeddable":true,"href":"https:\/\/artstella-elixirs-floraux.com\/fr_fr\/wp-json\/wp\/v2\/product_brand?post=4123"},{"taxonomy":"product_cat","embeddable":true,"href":"https:\/\/artstella-elixirs-floraux.com\/fr_fr\/wp-json\/wp\/v2\/product_cat?post=4123"},{"taxonomy":"product_tag","embeddable":true,"href":"https:\/\/artstella-elixirs-floraux.com\/fr_fr\/wp-json\/wp\/v2\/product_tag?post=4123"}],"curies":[{"name":"wp","href":"https:\/\/api.w.org\/{rel}","templated":true}]}}