{"id":4128,"date":"2025-03-09T13:21:19","date_gmt":"2025-03-09T13:21:19","guid":{"rendered":"https:\/\/artstella-elixirs-floraux.com\/product\/capuccino-sylfos-15ml-pap\/"},"modified":"2025-04-30T21:28:35","modified_gmt":"2025-04-30T21:28:35","slug":"capuccino-sylfos-15ml-pap","status":"publish","type":"product","link":"https:\/\/artstella-elixirs-floraux.com\/fr_fr\/produit\/capuccino-sylfos-15ml-pap\/","title":{"rendered":"CAPUCCINO SYLFOS 15ML PAP"},"content":{"rendered":"<p><strong>CAPUCCINO<\/strong> <em>Siproeta stelenes<\/em>\u00a0\u00a0 Force &#8211; Objectifs<\/p>\n<p>Un \u00e9lixir pour effacer les obstacles qui sont dans notre trajectoire de croissance, nous permettant ainsi de surpasser les excuses que nous nous donnons pour ne pas faire ce que nous devons faire car nous pensons qu\u2019il s\u2019agit d\u2019objectifs trop lointains ou trop difficiles \u00e0 atteindre. Cet \u00e9lixir nous permet de nettoyer le chemin que nous devons suivre, en nous donnant la force et la s\u00e9curit\u00e9 n\u00e9cessaire pour atteindre notre \u00e9volution, sans nous cacher derri\u00e8res de faux pr\u00e9textes.<\/p>\n","protected":false},"excerpt":{"rendered":"<p><strong>CAPUCCINO<\/strong> <em>Siproeta stelenes<\/em>Force &#8211; Objectifs<\/p>\n<p>Un \u00e9lixir pour effacer les obstacles qui sont dans notre trajectoire de croissance, nous permettant ainsi de surpasser les excuses que nous nous donnons pour ne pas faire ce que nous devons faire car nous pensons qu\u2019il s\u2019agit d\u2019objectifs trop lointains ou trop difficiles \u00e0 atteindre.<\/p>\n","protected":false},"featured_media":7738,"template":"","meta":[],"product_brand":[],"product_cat":[142],"product_tag":[],"class_list":{"0":"post-4128","1":"product","2":"type-product","3":"status-publish","4":"has-post-thumbnail","6":"product_cat-papillons-coffrets-1-2","8":"first","9":"instock","10":"taxable","11":"shipping-taxable","12":"purchasable","13":"product-type-simple"},"etheme_brands":{"errors":{"invalid_taxonomy":["Taxonomie non valide."]},"error_data":[]},"jetpack_sharing_enabled":true,"jetpack-related-posts":[{"id":4150,"url":"https:\/\/artstella-elixirs-floraux.com\/fr_fr\/produit\/verde-pequena-sylfos-15ml-pap\/","url_meta":{"origin":4128,"position":0},"title":"VERDE PEQUENA SYLFOS 15ML PAP","author":"eveapprill","date":"9 mars 2025","format":false,"excerpt":"VERDE PEQUE\u00d1A Callophrys rubi Abondance - prosp\u00e9rit\u00e9 Afin d\u2019atteindre les situations de prosp\u00e9rit\u00e9 et d\u2019abondance. Cet \u00e9lixir permet que cette \u00e9nergie nous arrive au lieu de ressentir que nous devons la poursuivre lorsque nous pensons qu\u2019elle essaye de nous \u00e9chapper...","rel":"","context":"Article similaire","block_context":{"text":"Article similaire","link":""},"img":{"alt_text":"","src":"https:\/\/i0.wp.com\/artstella-elixirs-floraux.com\/wp-content\/uploads\/2025\/03\/verde-pequena-.jpg?resize=350%2C200&ssl=1","width":350,"height":200},"classes":[]},{"id":5990,"url":"https:\/\/artstella-elixirs-floraux.com\/fr_fr\/produit\/tulipier-sylfos-15-ml\/","url_meta":{"origin":4128,"position":1},"title":"TULIPIER SYLFOS 15 ML","author":"eveapprill","date":"9 mars 2025","format":false,"excerpt":"TULIPERO \/ TULIPIER\u00a0 Liriodendrontulipifera\u00a0 Reconnexion spirituelle\u00a0 C'est une \"nourriture\" spirituelle, surtout pour ceux qui se sentent agit\u00e9s et insatisfaits ou qui ont des tendances addictives. L\u2019\u00e9lixir nous permettra de trouver des d\u00e9bouch\u00e9s positifs et d'atteindre nos nouveaux objectifs avec \u00e9nergie.","rel":"","context":"Article similaire","block_context":{"text":"Article similaire","link":""},"img":{"alt_text":"","src":"https:\/\/i0.wp.com\/artstella-elixirs-floraux.com\/wp-content\/uploads\/2025\/03\/wp-image2014.png?resize=350%2C200&ssl=1","width":350,"height":200,"srcset":"https:\/\/i0.wp.com\/artstella-elixirs-floraux.com\/wp-content\/uploads\/2025\/03\/wp-image2014.png?resize=350%2C200&ssl=1 1x, https:\/\/i0.wp.com\/artstella-elixirs-floraux.com\/wp-content\/uploads\/2025\/03\/wp-image2014.png?resize=525%2C300&ssl=1 1.5x"},"classes":[]},{"id":4140,"url":"https:\/\/artstella-elixirs-floraux.com\/fr_fr\/produit\/filodice-sylfos-15ml-pap\/","url_meta":{"origin":4128,"position":2},"title":"FILODICE SYLFOS 15ML PAP","author":"eveapprill","date":"9 mars 2025","format":false,"excerpt":"FILODICE Colias philodice L\u00e2cher-prise \u2013 Confiance \u2013 Respect . Cet \u00e9lixir permet de nous \u00e9lever et nous apporte l\u2019inspiration. Il nous aide \u00e0 comprendre que toutes choses \u00e0 une base spirituelle et que nous ne devons pas avoir peur...","rel":"","context":"Article similaire","block_context":{"text":"Article similaire","link":""},"img":{"alt_text":"","src":"","width":0,"height":0},"classes":[]},{"id":5220,"url":"https:\/\/artstella-elixirs-floraux.com\/fr_fr\/produit\/beluga\/","url_meta":{"origin":4128,"position":3},"title":"Beluga","author":"eveapprill","date":"9 mars 2025","format":false,"excerpt":"Cet \u00e9lixir nous rappelle la joie et la l\u00e9g\u00e8ret\u00e9 enfantine. Il nous apprend \u00e0 ne pas prendre la vie trop au s\u00e9rieux et \u00e0 rester enjou\u00e9","rel":"","context":"Article similaire","block_context":{"text":"Article similaire","link":""},"img":{"alt_text":"","src":"https:\/\/i0.wp.com\/artstella-elixirs-floraux.com\/wp-content\/uploads\/2025\/03\/wp-image1501.png?resize=350%2C200&ssl=1","width":350,"height":200},"classes":[]},{"id":5510,"url":"https:\/\/artstella-elixirs-floraux.com\/fr_fr\/produit\/beluga-2\/","url_meta":{"origin":4128,"position":4},"title":"BELUGA","author":"eveapprill","date":"9 mars 2025","format":false,"excerpt":"BELUGA \u00a0- Wei\u00dfwal \u00a0\u00a0(Delphinapterus leucas) Cet \u00e9lixir nous rappelle la joie et la l\u00e9g\u00e8ret\u00e9 enfantine. Il nous apprend \u00e0 ne pas prendre la vie trop au s\u00e9rieux et \u00e0 rester enjou\u00e9. L\u2019\u00e9lixir aide \u00e9motionnellement les personnes qui ont souffert de blocages, de chocs ou d\u2019\u00e9motions n\u00e9gatives pendant la vie f\u0153tale\u2026","rel":"","context":"Article similaire","block_context":{"text":"Article similaire","link":""},"img":{"alt_text":"","src":"https:\/\/i0.wp.com\/artstella-elixirs-floraux.com\/wp-content\/uploads\/2025\/03\/wp-image1750.png?resize=350%2C200&ssl=1","width":350,"height":200},"classes":[]},{"id":4119,"url":"https:\/\/artstella-elixirs-floraux.com\/fr_fr\/produit\/almirante-rojo-sylfos-15-ml\/","url_meta":{"origin":4128,"position":5},"title":"ALMIRANTE ROJO SYLFOS 15 ML","author":"eveapprill","date":"9 mars 2025","format":false,"excerpt":"ALMIRANTE ROJO Vanessa atalanta Autorit\u00e9 \u2013 Fermet\u00e9 . Un \u00e9lixir qui nous permet de nous affirmer sur nos propres croyances et nos objectifs de vie.","rel":"","context":"Article similaire","block_context":{"text":"Article similaire","link":""},"img":{"alt_text":"","src":"","width":0,"height":0},"classes":[]}],"_links":{"self":[{"href":"https:\/\/artstella-elixirs-floraux.com\/fr_fr\/wp-json\/wp\/v2\/product\/4128","targetHints":{"allow":["GET"]}}],"collection":[{"href":"https:\/\/artstella-elixirs-floraux.com\/fr_fr\/wp-json\/wp\/v2\/product"}],"about":[{"href":"https:\/\/artstella-elixirs-floraux.com\/fr_fr\/wp-json\/wp\/v2\/types\/product"}],"version-history":[{"count":0,"href":"https:\/\/artstella-elixirs-floraux.com\/fr_fr\/wp-json\/wp\/v2\/product\/4128\/revisions"}],"wp:featuredmedia":[{"embeddable":true,"href":"https:\/\/artstella-elixirs-floraux.com\/fr_fr\/wp-json\/wp\/v2\/media\/7738"}],"wp:attachment":[{"href":"https:\/\/artstella-elixirs-floraux.com\/fr_fr\/wp-json\/wp\/v2\/media?parent=4128"}],"wp:term":[{"taxonomy":"product_brand","embeddable":true,"href":"https:\/\/artstella-elixirs-floraux.com\/fr_fr\/wp-json\/wp\/v2\/product_brand?post=4128"},{"taxonomy":"product_cat","embeddable":true,"href":"https:\/\/artstella-elixirs-floraux.com\/fr_fr\/wp-json\/wp\/v2\/product_cat?post=4128"},{"taxonomy":"product_tag","embeddable":true,"href":"https:\/\/artstella-elixirs-floraux.com\/fr_fr\/wp-json\/wp\/v2\/product_tag?post=4128"}],"curies":[{"name":"wp","href":"https:\/\/api.w.org\/{rel}","templated":true}]}}