{"id":4130,"date":"2025-03-09T13:21:21","date_gmt":"2025-03-09T13:21:21","guid":{"rendered":"https:\/\/artstella-elixirs-floraux.com\/product\/ceranus-azul-sylfos-15ml-pap\/"},"modified":"2025-04-30T21:28:35","modified_gmt":"2025-04-30T21:28:35","slug":"ceranus-azul-sylfos-15ml-pap","status":"publish","type":"product","link":"https:\/\/artstella-elixirs-floraux.com\/fr_fr\/produit\/ceranus-azul-sylfos-15ml-pap\/","title":{"rendered":"CERANUS AZUL SYLFOS 15ML PAP"},"content":{"rendered":"<p><strong>CERANUS AZUL<\/strong> <em>Hemiargus ceraunus<\/em> <br \/>Gu\u00e9rison \u2013 Evolution<\/p>\n<p>Cet \u00e9lixir est un v\u00e9ritable Gu\u00e9risseur vibrationnel pour \u00e9lever les vibrations physiques du corps de fa\u00e7on \u00e0 pouvoir affronter l\u2019\u00e9volution de d\u00e9veloppement sans avoir \u00e0 souffrir des d\u00e9sordres de sant\u00e9 qui accompagnent souvent ces processus de changement. Acc\u00e9l\u00e8re les processus de gu\u00e9rison lors des crises d\u2019\u00e9volution.<\/p>\n","protected":false},"excerpt":{"rendered":"<p><strong>CERANUS AZUL<\/strong> <em>Hemiargus ceraunus<\/em> <br \/>Gu\u00e9rison \u2013 Evolution<\/p>\n<p>Cet \u00e9lixir est un v\u00e9ritable Gu\u00e9risseur vibrationnel pour \u00e9lever les vibrations physiques du corps de fa\u00e7on \u00e0 pouvoir affronter l\u2019\u00e9volution de d\u00e9veloppement&#8230;<\/p>\n","protected":false},"featured_media":7739,"template":"","meta":[],"product_brand":[],"product_cat":[142],"product_tag":[],"class_list":{"0":"post-4130","1":"product","2":"type-product","3":"status-publish","4":"has-post-thumbnail","6":"product_cat-papillons-coffrets-1-2","8":"first","9":"instock","10":"taxable","11":"shipping-taxable","12":"purchasable","13":"product-type-simple"},"etheme_brands":{"errors":{"invalid_taxonomy":["Taxonomie non valide."]},"error_data":[]},"jetpack_sharing_enabled":true,"jetpack-related-posts":[{"id":4136,"url":"https:\/\/artstella-elixirs-floraux.com\/fr_fr\/produit\/doctor-azul-sylfos-15ml-pap\/","url_meta":{"origin":4130,"position":0},"title":"DOCTOR AZUL SYLFOS 15ML PAP","author":"eveapprill","date":"9 mars 2025","format":false,"excerpt":"DOCTOR AZUL Rhetus dysonii Gu\u00e9rison \u2013 Nettoyage \u2013 Cr\u00e9ativit\u00e9 Un \u00e9lixir particuli\u00e8rement gu\u00e9risseur, qui nous apporte le calme et la tranquillit\u00e9 permettant l\u2019\u00e9claircissement des blocages des chakras sup\u00e9rieurs, de fa\u00e7on \u00e0 ce que les hautes \u00e9nergies puissent circuler librement jusqu\u2019au deuxi\u00e8me chakra afin d\u2019obtenir une cr\u00e9ativit\u00e9 majeure. Il sera utile\u2026","rel":"","context":"Article similaire","block_context":{"text":"Article similaire","link":""},"img":{"alt_text":"","src":"https:\/\/i0.wp.com\/artstella-elixirs-floraux.com\/wp-content\/uploads\/2025\/03\/f028d6ef-6157-4365-9c5c-1ad8e0f913a1.jpg?resize=350%2C200&ssl=1","width":350,"height":200,"srcset":"https:\/\/i0.wp.com\/artstella-elixirs-floraux.com\/wp-content\/uploads\/2025\/03\/f028d6ef-6157-4365-9c5c-1ad8e0f913a1.jpg?resize=350%2C200&ssl=1 1x, https:\/\/i0.wp.com\/artstella-elixirs-floraux.com\/wp-content\/uploads\/2025\/03\/f028d6ef-6157-4365-9c5c-1ad8e0f913a1.jpg?resize=525%2C300&ssl=1 1.5x, https:\/\/i0.wp.com\/artstella-elixirs-floraux.com\/wp-content\/uploads\/2025\/03\/f028d6ef-6157-4365-9c5c-1ad8e0f913a1.jpg?resize=700%2C400&ssl=1 2x"},"classes":[]},{"id":5406,"url":"https:\/\/artstella-elixirs-floraux.com\/fr_fr\/produit\/mazarina-azul-sylfos\/","url_meta":{"origin":4130,"position":1},"title":"MAZARINA AZUL SYLFOS","author":"eveapprill","date":"9 mars 2025","format":false,"excerpt":"40 \u2013 MAZARINA AZUL\/ MAZARINE BLEUE \u00a0\u00a0Cyaniris semiargus Conscience \u2013 Cause et Effet Cet \u00e9lixir nous aide \u00e0 \u00eatre plus conscients, non seulement de ce \u00e0 quoi nous pensons, mais aussi avec qui nous sommes en connexion pour la cause de ce dont nous pensons.","rel":"","context":"Article similaire","block_context":{"text":"Article similaire","link":""},"img":{"alt_text":"","src":"","width":0,"height":0},"classes":[]},{"id":4151,"url":"https:\/\/artstella-elixirs-floraux.com\/fr_fr\/produit\/xerces-azul-sylfos-15ml-pap\/","url_meta":{"origin":4130,"position":2},"title":"XERCES AZUL SYLFOS 15ML PAP","author":"eveapprill","date":"9 mars 2025","format":false,"excerpt":"XERCES AZUL Glaucopsyche xerces Nettoyage du karma Un autre \u00e9lixir fondamental de la gamme. Il nous permet de nous lib\u00e9rer des formes de pens\u00e9es et des implants n\u00e9gatifs que nous avons depuis nos vies ant\u00e9rieures. Il permet le nettoyage au niveau de l\u2019\u00e2me, afin d\u2019affronter la r\u00e9alit\u00e9 de notre mission\u2026","rel":"","context":"Article similaire","block_context":{"text":"Article similaire","link":""},"img":{"alt_text":"","src":"https:\/\/i0.wp.com\/artstella-elixirs-floraux.com\/wp-content\/uploads\/2025\/03\/769e6b04-2a25-49e2-9552-c0d5e36f7a40.jpg?resize=350%2C200&ssl=1","width":350,"height":200,"srcset":"https:\/\/i0.wp.com\/artstella-elixirs-floraux.com\/wp-content\/uploads\/2025\/03\/769e6b04-2a25-49e2-9552-c0d5e36f7a40.jpg?resize=350%2C200&ssl=1 1x, https:\/\/i0.wp.com\/artstella-elixirs-floraux.com\/wp-content\/uploads\/2025\/03\/769e6b04-2a25-49e2-9552-c0d5e36f7a40.jpg?resize=525%2C300&ssl=1 1.5x, https:\/\/i0.wp.com\/artstella-elixirs-floraux.com\/wp-content\/uploads\/2025\/03\/769e6b04-2a25-49e2-9552-c0d5e36f7a40.jpg?resize=700%2C400&ssl=1 2x"},"classes":[]},{"id":3752,"url":"https:\/\/artstella-elixirs-floraux.com\/fr_fr\/produit\/power-orchid-cuba-15ml-phi\/","url_meta":{"origin":4130,"position":3},"title":"POWER ORCHID (CUBA) 15ML PHI","author":"eveapprill","date":"9 mars 2025","format":false,"excerpt":"POWER ORCHID Cirrhopetalum ornatissimum\u00a0\u00ab\u00a0Orchid\u00e9e de pouvoir\u00a0\u00bb\u00a0Cette orchid\u00e9e est originaire d\u2019Asie. L\u2019\u00e9lixir\u00a0: quand dans notre vie, nous sommes arriv\u00e9s \u00e0 un point o\u00f9 nous d\u00e9sirons nous d\u00e9velopper int\u00e9rieurement.","rel":"","context":"Article similaire","block_context":{"text":"Article similaire","link":""},"img":{"alt_text":"","src":"","width":0,"height":0},"classes":[]},{"id":5392,"url":"https:\/\/artstella-elixirs-floraux.com\/fr_fr\/produit\/mexicano-azul-sylfos-15-ml-pap\/","url_meta":{"origin":4130,"position":4},"title":"MEXICANO AZUL SYLFOS 15 ML PAP","author":"eveapprill","date":"9 mars 2025","format":false,"excerpt":"32 - MEXICANO AZUL\/ MEXICAIN BLEU \u00a0Myscelia ethusa\u00a0\u00a0 \u00catre soi-m\u00eame - Compr\u00e9hension Pour comprendre les familles avec des probl\u00e8mes, les sch\u00e9mas culturels et l\u2019impact que cela a dans nos vies, et dans la n\u00f4tre en particulier. En rompant avec les\u00a0 attentes culturelles et sociales des autres,\u00a0","rel":"","context":"Article similaire","block_context":{"text":"Article similaire","link":""},"img":{"alt_text":"","src":"","width":0,"height":0},"classes":[]},{"id":5404,"url":"https:\/\/artstella-elixirs-floraux.com\/fr_fr\/produit\/purpura-grande-sylfos\/","url_meta":{"origin":4130,"position":5},"title":"PURPURA GRANDE SYLFOS","author":"eveapprill","date":"9 mars 2025","format":false,"excerpt":"38 - P\u00daRPURA GRANDE\/ GRANDE POURPRE Atlides halesus Evolution \u2013 Prise de conscience Cet \u00e9lixir nous enseigne que toutes les choses arrivent pour le d\u00e9veloppement et la croissance de notre Esprit, et que nous pouvons nous l\u00e2cher afin de pouvoir \u00e9voluer librement et naturellement.","rel":"","context":"Article similaire","block_context":{"text":"Article similaire","link":""},"img":{"alt_text":"","src":"","width":0,"height":0},"classes":[]}],"_links":{"self":[{"href":"https:\/\/artstella-elixirs-floraux.com\/fr_fr\/wp-json\/wp\/v2\/product\/4130","targetHints":{"allow":["GET"]}}],"collection":[{"href":"https:\/\/artstella-elixirs-floraux.com\/fr_fr\/wp-json\/wp\/v2\/product"}],"about":[{"href":"https:\/\/artstella-elixirs-floraux.com\/fr_fr\/wp-json\/wp\/v2\/types\/product"}],"version-history":[{"count":0,"href":"https:\/\/artstella-elixirs-floraux.com\/fr_fr\/wp-json\/wp\/v2\/product\/4130\/revisions"}],"wp:featuredmedia":[{"embeddable":true,"href":"https:\/\/artstella-elixirs-floraux.com\/fr_fr\/wp-json\/wp\/v2\/media\/7739"}],"wp:attachment":[{"href":"https:\/\/artstella-elixirs-floraux.com\/fr_fr\/wp-json\/wp\/v2\/media?parent=4130"}],"wp:term":[{"taxonomy":"product_brand","embeddable":true,"href":"https:\/\/artstella-elixirs-floraux.com\/fr_fr\/wp-json\/wp\/v2\/product_brand?post=4130"},{"taxonomy":"product_cat","embeddable":true,"href":"https:\/\/artstella-elixirs-floraux.com\/fr_fr\/wp-json\/wp\/v2\/product_cat?post=4130"},{"taxonomy":"product_tag","embeddable":true,"href":"https:\/\/artstella-elixirs-floraux.com\/fr_fr\/wp-json\/wp\/v2\/product_tag?post=4130"}],"curies":[{"name":"wp","href":"https:\/\/api.w.org\/{rel}","templated":true}]}}