{"id":4148,"date":"2025-03-09T13:21:33","date_gmt":"2025-03-09T13:21:33","guid":{"rendered":"https:\/\/artstella-elixirs-floraux.com\/product\/pruna-sylfos-15ml-pap\/"},"modified":"2025-04-30T21:28:34","modified_gmt":"2025-04-30T21:28:34","slug":"pruna-sylfos-15ml-pap","status":"publish","type":"product","link":"https:\/\/artstella-elixirs-floraux.com\/fr_fr\/produit\/pruna-sylfos-15ml-pap\/","title":{"rendered":"PRUNA SYLFOS 15ML PAP"},"content":{"rendered":"<p><strong>PRUNA<\/strong> <em>Satyrium pruni<\/em> <br \/>Rem\u00e8de d\u2019urgence<\/p>\n<p>Il s\u2019agit l\u00e0 d\u2019un autre \u00e9lixir fondamental pour toutes les situations de crises et d\u2019urgences, afin d\u2019adoucir les traumatismes car il suspend la douleur \u00e9motionnelle, ce qui permet de se centrer de nouveau afin de pouvoir prendre, accepter et recevoir les aides n\u00e9cessaires, tant au niveau physique que dans les plans sup\u00e9rieurs. Il est recommand\u00e9 dans toutes les situations de crises et de traumatisme, particuli\u00e8rement lorsque les influx inf\u00e9rieurs apparaissent (tendance au suicide p.e.).<\/p>\n","protected":false},"excerpt":{"rendered":"<p><strong>PRUNA<\/strong> <em>Satyrium pruni<\/em> <br \/>\u00a0Rem\u00e8de d\u2019urgence<\/p>\n<p>Il s\u2019agit l\u00e0 d\u2019un autre \u00e9lixir fondamental pour toutes les situations de crises et d\u2019urgences, afin d\u2019adoucir les traumatismes car il suspend la douleur \u00e9motionnelle, ce qui permet de se centrer de nouveau afin de pouvoir prendre&#8230;<\/p>\n","protected":false},"featured_media":7744,"template":"","meta":[],"product_brand":[],"product_cat":[142],"product_tag":[],"class_list":{"0":"post-4148","1":"product","2":"type-product","3":"status-publish","4":"has-post-thumbnail","6":"product_cat-papillons-coffrets-1-2","8":"first","9":"instock","10":"taxable","11":"shipping-taxable","12":"purchasable","13":"product-type-simple"},"etheme_brands":{"errors":{"invalid_taxonomy":["Taxonomie non valide."]},"error_data":[]},"jetpack_sharing_enabled":true,"jetpack-related-posts":[{"id":2709,"url":"https:\/\/artstella-elixirs-floraux.com\/fr_fr\/produit\/soul-support-alaska\/","url_meta":{"origin":4148,"position":0},"title":"SOUL SUPPORT ALASKA","author":"eveapprill","date":"9 mars 2025","format":false,"excerpt":"Soul support (Support de l\u2019\u00e2me) existe en spray Contient : Cattell Pollen. Chalice well. Cotton Grass. Firenze. Labrador Tema. Malachite. River Beauty. Tuby. White Firenze.. Correspond \u00e0 la pr\u00e9paration d\u2019urgence. Elle peut \u00eatre utilis\u00e9e pour maintenir force et stabilit\u00e9 et \u00e9quilibre dans toute situation de stress ou de traumatisme","rel":"","context":"Article similaire","block_context":{"text":"Article similaire","link":""},"img":{"alt_text":"","src":"https:\/\/i0.wp.com\/artstella-elixirs-floraux.com\/wp-content\/uploads\/2025\/03\/ca7328c6-de94-4934-a288-a35ba1678624.jpg?resize=350%2C200&ssl=1","width":350,"height":200,"srcset":"https:\/\/i0.wp.com\/artstella-elixirs-floraux.com\/wp-content\/uploads\/2025\/03\/ca7328c6-de94-4934-a288-a35ba1678624.jpg?resize=350%2C200&ssl=1 1x, https:\/\/i0.wp.com\/artstella-elixirs-floraux.com\/wp-content\/uploads\/2025\/03\/ca7328c6-de94-4934-a288-a35ba1678624.jpg?resize=525%2C300&ssl=1 1.5x, https:\/\/i0.wp.com\/artstella-elixirs-floraux.com\/wp-content\/uploads\/2025\/03\/ca7328c6-de94-4934-a288-a35ba1678624.jpg?resize=700%2C400&ssl=1 2x"},"classes":[]},{"id":5474,"url":"https:\/\/artstella-elixirs-floraux.com\/fr_fr\/produit\/terra-bloesem-30ml\/","url_meta":{"origin":4148,"position":1},"title":"TERRA BLOESEM 30ML","author":"eveapprill","date":"9 mars 2025","format":false,"excerpt":"Terra, (Ang\u00e9lique, Cl\u00e9matite, Mycena, Cephalanth\u00e8re rouge, , Yeloow star tulip) Combinaison d\u2019urgence. Il am\u00e9liore l\u2019ancrage dans\u00a0 les moments difficiles, dans les cas de peurs, d\u2019examens, d\u2019accidents, de choc, de traumatisme, ou les moments de changements d\u2019humeur","rel":"","context":"Article similaire","block_context":{"text":"Article similaire","link":""},"img":{"alt_text":"","src":"","width":0,"height":0},"classes":[]},{"id":12378,"url":"https:\/\/artstella-elixirs-floraux.com\/fr_fr\/produit\/remede-mineral-rescate-mineral\/","url_meta":{"origin":4148,"position":2},"title":"REMEDE MINERAL &#8211; RESCATE MINERAL","author":"eveapprill","date":"16 mars 2026","format":false,"excerpt":"Dans les situations de crise ou d'urgence, il apporte calme et tranquillit\u00e9 en cas de troubles psychiques ou physiques graves. Il aide \u00e0 retrouver harmonieusement les sens et la structure de l'\u00eatre","rel":"","context":"Article similaire","block_context":{"text":"Article similaire","link":""},"img":{"alt_text":"","src":"https:\/\/i0.wp.com\/artstella-elixirs-floraux.com\/wp-content\/uploads\/2026\/03\/zRescateMineral_1.png?resize=350%2C200&ssl=1","width":350,"height":200},"classes":[]},{"id":5875,"url":"https:\/\/artstella-elixirs-floraux.com\/fr_fr\/produit\/soul-support-spray-120ml\/","url_meta":{"origin":4148,"position":3},"title":"SOUL SUPPORT SPRAY ALASKA","author":"eveapprill","date":"9 mars 2025","format":false,"excerpt":"Soul support (Soutien de l\u2019\u00e2me) Correspond \u00e0 la pr\u00e9paration d\u2019urgence.","rel":"","context":"Article similaire","block_context":{"text":"Article similaire","link":""},"img":{"alt_text":"Sprays","src":"https:\/\/i0.wp.com\/artstella-elixirs-floraux.com\/wp-content\/uploads\/2025\/03\/7691d083-6c4b-4693-8449-eb757c5320ed.jpg?resize=350%2C200&ssl=1","width":350,"height":200,"srcset":"https:\/\/i0.wp.com\/artstella-elixirs-floraux.com\/wp-content\/uploads\/2025\/03\/7691d083-6c4b-4693-8449-eb757c5320ed.jpg?resize=350%2C200&ssl=1 1x, https:\/\/i0.wp.com\/artstella-elixirs-floraux.com\/wp-content\/uploads\/2025\/03\/7691d083-6c4b-4693-8449-eb757c5320ed.jpg?resize=525%2C300&ssl=1 1.5x, https:\/\/i0.wp.com\/artstella-elixirs-floraux.com\/wp-content\/uploads\/2025\/03\/7691d083-6c4b-4693-8449-eb757c5320ed.jpg?resize=700%2C400&ssl=1 2x"},"classes":[]},{"id":5472,"url":"https:\/\/artstella-elixirs-floraux.com\/fr_fr\/produit\/terra-bloesem-10-ml\/","url_meta":{"origin":4148,"position":4},"title":"TERRA BLOESEM 10 ML","author":"eveapprill","date":"9 mars 2025","format":false,"excerpt":"Terra, (Ang\u00e9lique, Cl\u00e9matite, Mycena, Cephalanth\u00e8re rouge, , Yeloow star tulip) Combinaison d\u2019urgence.","rel":"","context":"Article similaire","block_context":{"text":"Article similaire","link":""},"img":{"alt_text":"","src":"","width":0,"height":0},"classes":[]},{"id":5396,"url":"https:\/\/artstella-elixirs-floraux.com\/fr_fr\/produit\/ojo-de-macho-sylfos-15ml-pap\/","url_meta":{"origin":4148,"position":5},"title":"OJO DE MACHO SYLFOS 15ML PAP","author":"eveapprill","date":"9 mars 2025","format":false,"excerpt":"34 - OJO DE MACHO\/ PAPILLON OCELL\u00c9 Junonia coenia\u00a0\u00a0 Vision - Conscience- Evolution Cet \u00e9lixir nous permet de transformer la n\u00e9gativit\u00e9 afin de pouvoir voire la v\u00e9rit\u00e9. Il nous permet de voire plus clairement la situation afin de nous aider \u00e0 voire et \u00e0 aller directement au centre du probl\u00e8me","rel":"","context":"Article similaire","block_context":{"text":"Article similaire","link":""},"img":{"alt_text":"","src":"https:\/\/i0.wp.com\/artstella-elixirs-floraux.com\/wp-content\/uploads\/2025\/03\/599dbec6-a0ba-4dd0-b4c6-380b343e864f.jpg?resize=350%2C200&ssl=1","width":350,"height":200,"srcset":"https:\/\/i0.wp.com\/artstella-elixirs-floraux.com\/wp-content\/uploads\/2025\/03\/599dbec6-a0ba-4dd0-b4c6-380b343e864f.jpg?resize=350%2C200&ssl=1 1x, https:\/\/i0.wp.com\/artstella-elixirs-floraux.com\/wp-content\/uploads\/2025\/03\/599dbec6-a0ba-4dd0-b4c6-380b343e864f.jpg?resize=525%2C300&ssl=1 1.5x, https:\/\/i0.wp.com\/artstella-elixirs-floraux.com\/wp-content\/uploads\/2025\/03\/599dbec6-a0ba-4dd0-b4c6-380b343e864f.jpg?resize=700%2C400&ssl=1 2x"},"classes":[]}],"_links":{"self":[{"href":"https:\/\/artstella-elixirs-floraux.com\/fr_fr\/wp-json\/wp\/v2\/product\/4148","targetHints":{"allow":["GET"]}}],"collection":[{"href":"https:\/\/artstella-elixirs-floraux.com\/fr_fr\/wp-json\/wp\/v2\/product"}],"about":[{"href":"https:\/\/artstella-elixirs-floraux.com\/fr_fr\/wp-json\/wp\/v2\/types\/product"}],"version-history":[{"count":0,"href":"https:\/\/artstella-elixirs-floraux.com\/fr_fr\/wp-json\/wp\/v2\/product\/4148\/revisions"}],"wp:featuredmedia":[{"embeddable":true,"href":"https:\/\/artstella-elixirs-floraux.com\/fr_fr\/wp-json\/wp\/v2\/media\/7744"}],"wp:attachment":[{"href":"https:\/\/artstella-elixirs-floraux.com\/fr_fr\/wp-json\/wp\/v2\/media?parent=4148"}],"wp:term":[{"taxonomy":"product_brand","embeddable":true,"href":"https:\/\/artstella-elixirs-floraux.com\/fr_fr\/wp-json\/wp\/v2\/product_brand?post=4148"},{"taxonomy":"product_cat","embeddable":true,"href":"https:\/\/artstella-elixirs-floraux.com\/fr_fr\/wp-json\/wp\/v2\/product_cat?post=4148"},{"taxonomy":"product_tag","embeddable":true,"href":"https:\/\/artstella-elixirs-floraux.com\/fr_fr\/wp-json\/wp\/v2\/product_tag?post=4148"}],"curies":[{"name":"wp","href":"https:\/\/api.w.org\/{rel}","templated":true}]}}