{"id":4157,"date":"2025-03-09T13:21:38","date_gmt":"2025-03-09T13:21:38","guid":{"rendered":"https:\/\/artstella-elixirs-floraux.com\/product\/coffret-10-animaux-chamaniques-15ml\/"},"modified":"2025-07-23T15:24:37","modified_gmt":"2025-07-23T15:24:37","slug":"coffret-10-animaux-chamaniques-15ml","status":"publish","type":"product","link":"https:\/\/artstella-elixirs-floraux.com\/fr_fr\/produit\/coffret-10-animaux-chamaniques-15ml\/","title":{"rendered":"COFFRET 10 ANIMAUX CHAMANIQUES 15ML"},"content":{"rendered":"","protected":false},"excerpt":{"rendered":"<p>Contient les 10 animaux chamaniques Sylfos en 15ml<\/p>\n","protected":false},"featured_media":4158,"template":"","meta":[],"product_brand":[],"product_cat":[143],"product_tag":[],"class_list":{"0":"post-4157","1":"product","2":"type-product","3":"status-publish","4":"has-post-thumbnail","6":"product_cat-les-coffrets-sylfos","8":"first","9":"instock","10":"taxable","11":"shipping-taxable","12":"purchasable","13":"product-type-simple"},"etheme_brands":{"errors":{"invalid_taxonomy":["Taxonomie non valide."]},"error_data":[]},"jetpack_sharing_enabled":true,"jetpack-related-posts":[{"id":5532,"url":"https:\/\/artstella-elixirs-floraux.com\/fr_fr\/produit\/coffret-10-animaux-n2-phi-15ml\/","url_meta":{"origin":4157,"position":0},"title":"COFFRET 10 ANIMAUX N\u00b02 PHI 15ML","author":"eveapprill","date":"9 mars 2025","format":false,"excerpt":"Coffret n\u00b0 2 10 \u00e9lixirs d'animaux Contient : Alligator, Lamantin, Anaconda, Fourmi, Abeille, Chameau, Flamant rouge, Gibbon, Girafe, Gorille.","rel":"","context":"Article similaire","block_context":{"text":"Article similaire","link":""},"img":{"alt_text":"","src":"https:\/\/i0.wp.com\/artstella-elixirs-floraux.com\/wp-content\/uploads\/2025\/03\/wp-image1761.png?resize=350%2C200&ssl=1","width":350,"height":200},"classes":[]},{"id":5536,"url":"https:\/\/artstella-elixirs-floraux.com\/fr_fr\/produit\/coffret-10-elixirs-d-animaux-n4-15ml\/","url_meta":{"origin":4157,"position":1},"title":"COFFRET 10 \u00e9lixirs d&rsquo; ANIMAUX N\u00b04 15ML","author":"","date":"9 mars 2025","format":false,"excerpt":"Coffret n\u00b0 4 10 \u00e9lixirs d'animaux : contient : Tarentule, Tigre, Tortue, Baleine \u00e0 bosse, Baleine franche australe, Cachalot, Rorqual commun, Papillon Morpho, Papillon grand cuivr\u00e9, Dauphin rose","rel":"","context":"Article similaire","block_context":{"text":"Article similaire","link":""},"img":{"alt_text":"","src":"https:\/\/i0.wp.com\/artstella-elixirs-floraux.com\/wp-content\/uploads\/2025\/03\/wp-image1763.png?resize=350%2C200&ssl=1","width":350,"height":200},"classes":[]},{"id":5534,"url":"https:\/\/artstella-elixirs-floraux.com\/fr_fr\/produit\/coffret-10-elixirs-danimaux-n-3-15ml\/","url_meta":{"origin":4157,"position":2},"title":"COFFRET 10 \u00e9lixirs d&rsquo;ANIMAUX N\u00b0 3 15ML","author":"","date":"9 mars 2025","format":false,"excerpt":"Coffret 10 \u00e9lixirs d'animaux 15ml : Colibri, Lama, L\u00e9zard, pandan, Perroquet, Pingouin, Scorpion, Paresseux \u00e0 2 doigts, L\u00e9opard des neiges, Ours \u00e0 lunettes","rel":"","context":"Article similaire","block_context":{"text":"Article similaire","link":""},"img":{"alt_text":"","src":"https:\/\/i0.wp.com\/artstella-elixirs-floraux.com\/wp-content\/uploads\/2025\/03\/wp-image1762.png?resize=350%2C200&ssl=1","width":350,"height":200},"classes":[]},{"id":4533,"url":"https:\/\/artstella-elixirs-floraux.com\/fr_fr\/produit\/coffret-110-elixirs-de-la-mer-15ml-phi\/","url_meta":{"origin":4157,"position":3},"title":"COFFRET (1)10 Elixirs de la MER 15ML PHI","author":"eveapprill","date":"9 mars 2025","format":false,"excerpt":"Les Elixirs de la Mer Coffret 1 : contient\u00a0Algue, Delph, Crabe, Gal\u00e8re portuguaise, Blennie, An\u00e9mone de mer, Oursin, Aplysie, Etoile de mer, Baleine","rel":"","context":"Article similaire","block_context":{"text":"Article similaire","link":""},"img":{"alt_text":"","src":"https:\/\/i0.wp.com\/artstella-elixirs-floraux.com\/wp-content\/uploads\/2025\/03\/wp-image1150.png?resize=350%2C200&ssl=1","width":350,"height":200,"srcset":"https:\/\/i0.wp.com\/artstella-elixirs-floraux.com\/wp-content\/uploads\/2025\/03\/wp-image1150.png?resize=350%2C200&ssl=1 1x, https:\/\/i0.wp.com\/artstella-elixirs-floraux.com\/wp-content\/uploads\/2025\/03\/wp-image1150.png?resize=525%2C300&ssl=1 1.5x, https:\/\/i0.wp.com\/artstella-elixirs-floraux.com\/wp-content\/uploads\/2025\/03\/wp-image1150.png?resize=700%2C400&ssl=1 2x"},"classes":[]},{"id":4096,"url":"https:\/\/artstella-elixirs-floraux.com\/fr_fr\/produit\/condor-el-chamaniques-15ml\/","url_meta":{"origin":4157,"position":4},"title":"CONDOR EL CHAMANIQUES 15ML","author":"eveapprill","date":"9 mars 2025","format":false,"excerpt":"CONDOR\u00a0\u00a0 Le Roi Inca \u2013 Vision - Renaissance Le Condor cherche les plus hautes altitudes afin de communiquer avec les dieux.","rel":"","context":"Article similaire","block_context":{"text":"Article similaire","link":""},"img":{"alt_text":"","src":"https:\/\/i0.wp.com\/artstella-elixirs-floraux.com\/wp-content\/uploads\/2025\/03\/wp-image762.png?resize=350%2C200&ssl=1","width":350,"height":200},"classes":[]},{"id":4115,"url":"https:\/\/artstella-elixirs-floraux.com\/fr_fr\/produit\/saumon-sylfos-15ml\/","url_meta":{"origin":4157,"position":5},"title":"SAUMON SYLFOS 15ML","author":"eveapprill","date":"9 mars 2025","format":false,"excerpt":"SALM\u00d3N \/ SAUMON\u00a0\u00a0 Connaissance de la Vie \u2013 Confiance \u2013 Libert\u00e9. En voyageur vers le Divin, le saumon\u00a0 aide \u00e0 trouver la signification et l\u2019objectif spirituel de notre vie.","rel":"","context":"Article similaire","block_context":{"text":"Article similaire","link":""},"img":{"alt_text":"","src":"","width":0,"height":0},"classes":[]}],"_links":{"self":[{"href":"https:\/\/artstella-elixirs-floraux.com\/fr_fr\/wp-json\/wp\/v2\/product\/4157","targetHints":{"allow":["GET"]}}],"collection":[{"href":"https:\/\/artstella-elixirs-floraux.com\/fr_fr\/wp-json\/wp\/v2\/product"}],"about":[{"href":"https:\/\/artstella-elixirs-floraux.com\/fr_fr\/wp-json\/wp\/v2\/types\/product"}],"version-history":[{"count":2,"href":"https:\/\/artstella-elixirs-floraux.com\/fr_fr\/wp-json\/wp\/v2\/product\/4157\/revisions"}],"predecessor-version":[{"id":11079,"href":"https:\/\/artstella-elixirs-floraux.com\/fr_fr\/wp-json\/wp\/v2\/product\/4157\/revisions\/11079"}],"wp:featuredmedia":[{"embeddable":true,"href":"https:\/\/artstella-elixirs-floraux.com\/fr_fr\/wp-json\/wp\/v2\/media\/4158"}],"wp:attachment":[{"href":"https:\/\/artstella-elixirs-floraux.com\/fr_fr\/wp-json\/wp\/v2\/media?parent=4157"}],"wp:term":[{"taxonomy":"product_brand","embeddable":true,"href":"https:\/\/artstella-elixirs-floraux.com\/fr_fr\/wp-json\/wp\/v2\/product_brand?post=4157"},{"taxonomy":"product_cat","embeddable":true,"href":"https:\/\/artstella-elixirs-floraux.com\/fr_fr\/wp-json\/wp\/v2\/product_cat?post=4157"},{"taxonomy":"product_tag","embeddable":true,"href":"https:\/\/artstella-elixirs-floraux.com\/fr_fr\/wp-json\/wp\/v2\/product_tag?post=4157"}],"curies":[{"name":"wp","href":"https:\/\/api.w.org\/{rel}","templated":true}]}}