{"id":4179,"date":"2025-03-09T13:22:09","date_gmt":"2025-03-09T13:22:09","guid":{"rendered":"https:\/\/artstella-elixirs-floraux.com\/product\/zadkiel-messagers-sylfos-15ml\/"},"modified":"2025-04-30T20:39:07","modified_gmt":"2025-04-30T20:39:07","slug":"zadkiel-messagers-sylfos-15ml","status":"publish","type":"product","link":"https:\/\/artstella-elixirs-floraux.com\/fr_fr\/produit\/zadkiel-messagers-sylfos-15ml\/","title":{"rendered":"ZADKIEL (MESSAGERS) SYLFOS 15ML"},"content":{"rendered":"<p><strong>ZADKIEL<\/strong> <em>Pardon, Mis\u00e9ricorde, Compassion, Amour, Transmutation, Transformation. <\/em><\/p>\n<p>Permet de trouver le pardon pour soi-m\u00eame comme pour les autres, de se lib\u00e9rer de la col\u00e8re et du ressentiment, d\u2019attitudes criminelles, d\u2019actes de violence envers soi ou autrui. Pour prendre ses responsabilit\u00e9s. Aide \u00e0\u00a0 s\u2019ouvrir et \u00e0 d\u00e9velopper les capacit\u00e9s spirituelles<\/p>\n","protected":false},"excerpt":{"rendered":"<p><strong>ZADKIEL<\/strong> <em>Pardon, Mis\u00e9ricorde, Compassion, Amour, Transmutation, Transformation. <\/em><\/p>\n<p>Permet de trouver le pardon pour soi-m\u00eame comme pour les autres, de se lib\u00e9rer de la col\u00e8re<\/p>\n","protected":false},"featured_media":4180,"template":"","meta":[],"product_brand":[],"product_cat":[144],"product_tag":[],"class_list":{"0":"post-4179","1":"product","2":"type-product","3":"status-publish","4":"has-post-thumbnail","6":"product_cat-les-elixirs-de-messagers","8":"first","9":"instock","10":"taxable","11":"shipping-taxable","12":"purchasable","13":"product-type-simple"},"etheme_brands":{"errors":{"invalid_taxonomy":["Taxonomie non valide."]},"error_data":[]},"jetpack_sharing_enabled":true,"jetpack-related-posts":[{"id":2231,"url":"https:\/\/artstella-elixirs-floraux.com\/fr_fr\/produit\/mountain-wormwood-alaskan\/","url_meta":{"origin":4179,"position":0},"title":"Mountain wormwood Alaskan","author":"eveapprill","date":"9 mars 2025","format":false,"excerpt":"Mountain wormwood. Artemisia tilesii Col\u00e8re et ressentiment non r\u00e9solus ; ne r\u00e9ussit pas \u00e0 se pardonner soi-m\u00eame ou les autres pour des actes pass\u00e9s sans tenir compte de l'intention qui les motivait.","rel":"","context":"Article similaire","block_context":{"text":"Article similaire","link":""},"img":{"alt_text":"","src":"https:\/\/i0.wp.com\/artstella-elixirs-floraux.com\/wp-content\/uploads\/2025\/03\/wp-image567.png?resize=350%2C200&ssl=1","width":350,"height":200},"classes":[]},{"id":5560,"url":"https:\/\/artstella-elixirs-floraux.com\/fr_fr\/produit\/petite-oseille-sylfos-15-ml\/","url_meta":{"origin":4179,"position":1},"title":"PETITE OSEILLE SYLFOS 15 ML","author":"eveapprill","date":"9 mars 2025","format":false,"excerpt":"PETITE OSEILLE\u00a0Rumex acetosella Pardon, Compassion, nettoyant du karma \u00a0 \u00a0 Permet d\u2019affronter les situations \u00e9motionnelles \u00e9prouvantes en gardant la t\u00eate froide.","rel":"","context":"Article similaire","block_context":{"text":"Article similaire","link":""},"img":{"alt_text":"","src":"","width":0,"height":0},"classes":[]},{"id":4433,"url":"https:\/\/artstella-elixirs-floraux.com\/fr_fr\/produit\/mountain-devil-15-ml-bush\/","url_meta":{"origin":4179,"position":2},"title":"MOUNTAIN DEVIL 15 ML BUSH","author":"eveapprill","date":"9 mars 2025","format":false,"excerpt":"Mountain Devil Haine, col\u00e8re, jalousie, rancune, soup\u00e7on. Amour inconditionnel, bonheur, pardon, paix int\u00e9rieure.","rel":"","context":"Article similaire","block_context":{"text":"Article similaire","link":""},"img":{"alt_text":"","src":"https:\/\/i0.wp.com\/artstella-elixirs-floraux.com\/wp-content\/uploads\/2025\/03\/wp-image1044.png?resize=350%2C200&ssl=1","width":350,"height":200},"classes":[]},{"id":4101,"url":"https:\/\/artstella-elixirs-floraux.com\/fr_fr\/produit\/serpiente-serpent-transmutation-15ml\/","url_meta":{"origin":4179,"position":3},"title":"SERPIENTE \/ SERPENT Transmutation 15ML","author":"eveapprill","date":"9 mars 2025","format":false,"excerpt":"SERPIENTE \/ SERPENT Transmutation \u2013 Force de Vie \u2013 R\u00e9g\u00e9n\u00e9ration. Le Serpent accompagne les mues r\u00e9guli\u00e8res n\u00e9cessaires, mais aussi les grandes transformations qui impliquent de laisser le \u00ab\u00a0vieux\u00a0\u00bb pour acc\u00e9der au \u00ab\u00a0nouveau\u00a0\u00bb.","rel":"","context":"Article similaire","block_context":{"text":"Article similaire","link":""},"img":{"alt_text":"","src":"","width":0,"height":0},"classes":[]},{"id":4395,"url":"https:\/\/artstella-elixirs-floraux.com\/fr_fr\/produit\/loving-compassion-30-ml-wea\/","url_meta":{"origin":4179,"position":4},"title":"LOVING COMPASSION 30 ML WEA","author":"eveapprill","date":"9 mars 2025","format":false,"excerpt":"Loving Compassion (l'amour compassionnel) Aide \u00e0 ressentir et exprimer une profonde compassion pour soi et les autres.","rel":"","context":"Article similaire","block_context":{"text":"Article similaire","link":""},"img":{"alt_text":"","src":"","width":0,"height":0},"classes":[]},{"id":5704,"url":"https:\/\/artstella-elixirs-floraux.com\/fr_fr\/produit\/hysope-15-ml-deva\/","url_meta":{"origin":4179,"position":5},"title":"Hysope 15 ml DEVA","author":"eveapprill","date":"9 mars 2025","format":false,"excerpt":"Hysope Repentir, pardon. Pour surmonter le sentiment de culpabilit\u00e9. Aide \u00e0 retrouver son identit\u00e9 propre, lib\u00e9r\u00e9 des besoins de conformit\u00e9. Permet de d\u00e9passer un sentiment de culpabilit\u00e9 pour se confronter activement aux pens\u00e9es, actes, comportements \u00e0 leur origine et faciliter ainsi la lib\u00e9ration des \u00e9motions qui y sont\u00a0 li\u00e9es.","rel":"","context":"Article similaire","block_context":{"text":"Article similaire","link":""},"img":{"alt_text":"","src":"https:\/\/i0.wp.com\/artstella-elixirs-floraux.com\/wp-content\/uploads\/2025\/03\/wp-image2409.png?resize=350%2C200&ssl=1","width":350,"height":200},"classes":[]}],"_links":{"self":[{"href":"https:\/\/artstella-elixirs-floraux.com\/fr_fr\/wp-json\/wp\/v2\/product\/4179","targetHints":{"allow":["GET"]}}],"collection":[{"href":"https:\/\/artstella-elixirs-floraux.com\/fr_fr\/wp-json\/wp\/v2\/product"}],"about":[{"href":"https:\/\/artstella-elixirs-floraux.com\/fr_fr\/wp-json\/wp\/v2\/types\/product"}],"version-history":[{"count":0,"href":"https:\/\/artstella-elixirs-floraux.com\/fr_fr\/wp-json\/wp\/v2\/product\/4179\/revisions"}],"wp:featuredmedia":[{"embeddable":true,"href":"https:\/\/artstella-elixirs-floraux.com\/fr_fr\/wp-json\/wp\/v2\/media\/4180"}],"wp:attachment":[{"href":"https:\/\/artstella-elixirs-floraux.com\/fr_fr\/wp-json\/wp\/v2\/media?parent=4179"}],"wp:term":[{"taxonomy":"product_brand","embeddable":true,"href":"https:\/\/artstella-elixirs-floraux.com\/fr_fr\/wp-json\/wp\/v2\/product_brand?post=4179"},{"taxonomy":"product_cat","embeddable":true,"href":"https:\/\/artstella-elixirs-floraux.com\/fr_fr\/wp-json\/wp\/v2\/product_cat?post=4179"},{"taxonomy":"product_tag","embeddable":true,"href":"https:\/\/artstella-elixirs-floraux.com\/fr_fr\/wp-json\/wp\/v2\/product_tag?post=4179"}],"curies":[{"name":"wp","href":"https:\/\/api.w.org\/{rel}","templated":true}]}}