{"id":4187,"date":"2025-03-09T13:22:16","date_gmt":"2025-03-09T13:22:16","guid":{"rendered":"https:\/\/artstella-elixirs-floraux.com\/product\/grieving-heart-wea-30-ml\/"},"modified":"2025-05-05T12:31:50","modified_gmt":"2025-05-05T12:31:50","slug":"grieving-heart-wea-30-ml","status":"publish","type":"product","link":"https:\/\/artstella-elixirs-floraux.com\/fr_fr\/produit\/grieving-heart-wea-30-ml\/","title":{"rendered":"GRIEVING HEART WEA 30 ML"},"content":{"rendered":"","protected":false},"excerpt":{"rendered":"<p><strong><em>Grieving Heart (chagrin de coeur)<\/em><\/strong><\/p>\n<p>Aide \u00e0 se lib\u00e9rer de la souffrance \u00e9motionnelle et des larmes qui doivent \u00eatre vers\u00e9es pour pouvoir aller de l\u2019avant.<\/p>\n","protected":false},"featured_media":4188,"template":"","meta":[],"product_brand":[],"product_cat":[147],"product_tag":[],"class_list":{"0":"post-4187","1":"product","2":"type-product","3":"status-publish","4":"has-post-thumbnail","6":"product_cat-les-composes-chemin-de-guerison","8":"first","9":"instock","10":"taxable","11":"shipping-taxable","12":"purchasable","13":"product-type-simple"},"etheme_brands":{"errors":{"invalid_taxonomy":["Taxonomie non valide."]},"error_data":[]},"jetpack_sharing_enabled":true,"jetpack-related-posts":[{"id":4529,"url":"https:\/\/artstella-elixirs-floraux.com\/fr_fr\/produit\/collier-coeur-heart-phi\/","url_meta":{"origin":4187,"position":0},"title":"COLLIER COEUR\/HEART PHI","author":"eveapprill","date":"9 mars 2025","format":false,"excerpt":"Le pendentif \u00ab\u00a0Heart\u00a0\u00bb\u00a0: Equilibre du c\u0153ur En verre souffl\u00e9 transparent avec une perle de quartz rose","rel":"","context":"Article similaire","block_context":{"text":"Article similaire","link":""},"img":{"alt_text":"","src":"","width":0,"height":0},"classes":[]},{"id":3798,"url":"https:\/\/artstella-elixirs-floraux.com\/fr_fr\/produit\/heart-orchid-phi\/","url_meta":{"origin":4187,"position":1},"title":"HEART ORCHID PHI","author":"eveapprill","date":"9 mars 2025","format":false,"excerpt":"Heart orchid (Laeliocattleya hybride) Cet \u00e9lixir \u00e9quilibre les \u00e9nergies au niveau du plexus solaire et les qualit\u00e9s du c\u0153ur. Il soutient et harmonise le chakra du c\u0153ur.","rel":"","context":"Article similaire","block_context":{"text":"Article similaire","link":""},"img":{"alt_text":"","src":"https:\/\/i0.wp.com\/artstella-elixirs-floraux.com\/wp-content\/uploads\/2025\/03\/wp-image510.png?resize=350%2C200&ssl=1","width":350,"height":200},"classes":[]},{"id":4852,"url":"https:\/\/artstella-elixirs-floraux.com\/fr_fr\/produit\/pendentif-passionate-heart\/","url_meta":{"origin":4187,"position":2},"title":"Pendentif \u00ab\u00a0Passionate heart\u00a0\u00bb","author":"eveapprill","date":"9 mars 2025","format":false,"excerpt":"Pendentif \u00ab Passionate Heart\u00bb Pendentif de verre souffl\u00e9 en forme de coeur couleur rouge, rempli avec les \u00e9lixirs bush gardenia, flannel flower, little flannel flower, wedding bush et wisteria.","rel":"","context":"Article similaire","block_context":{"text":"Article similaire","link":""},"img":{"alt_text":"","src":"","width":0,"height":0},"classes":[]},{"id":3411,"url":"https:\/\/artstella-elixirs-floraux.com\/fr_fr\/produit\/noble-heart-cactus-15ml-phi\/","url_meta":{"origin":4187,"position":3},"title":"NOBLE HEART CACTUS 15ML PHI","author":"eveapprill","date":"9 mars 2025","format":false,"excerpt":"Noble heart cactus (Stenocereus marginatus) favorise la droiture int\u00e9rieure. Cette attitude apporte un soutient \u00e9nerg\u00e9tique \u00e0 la colonne vert\u00e9brale et aide \u00e0 une ouverture du c\u0153ur juste et sinc\u00e8re.","rel":"","context":"Article similaire","block_context":{"text":"Article similaire","link":""},"img":{"alt_text":"","src":"https:\/\/i0.wp.com\/artstella-elixirs-floraux.com\/wp-content\/uploads\/2025\/03\/wp-image376.png?resize=350%2C200&ssl=1","width":350,"height":200},"classes":[]},{"id":3673,"url":"https:\/\/artstella-elixirs-floraux.com\/fr_fr\/produit\/62-spirit-of-the-higher-heart-lto\/","url_meta":{"origin":4187,"position":4},"title":"62. SPIRIT OF THE HIGHER HEART LTO","author":"eveapprill","date":"9 mars 2025","format":false,"excerpt":"Spirit of the Higher Heart \/ Esprit du Coeur profond : l'\u00e9lixir est fait avec la m\u00eame fleur que Healing the Higher Heart sans l'\u00e9lixir d'or. Il permet une fusion douce du chakra sup\u00e9rieur du c\u0153ur et de la chambre haute spirituelle. Son effet est plus subtil. Il favorise l'expansion\u2026","rel":"","context":"Article similaire","block_context":{"text":"Article similaire","link":""},"img":{"alt_text":"","src":"https:\/\/i0.wp.com\/artstella-elixirs-floraux.com\/wp-content\/uploads\/2025\/03\/f9f2d0e9-e8bb-4732-941c-162c66c9a9e7.jpg?resize=350%2C200&ssl=1","width":350,"height":200,"srcset":"https:\/\/i0.wp.com\/artstella-elixirs-floraux.com\/wp-content\/uploads\/2025\/03\/f9f2d0e9-e8bb-4732-941c-162c66c9a9e7.jpg?resize=350%2C200&ssl=1 1x, https:\/\/i0.wp.com\/artstella-elixirs-floraux.com\/wp-content\/uploads\/2025\/03\/f9f2d0e9-e8bb-4732-941c-162c66c9a9e7.jpg?resize=525%2C300&ssl=1 1.5x, https:\/\/i0.wp.com\/artstella-elixirs-floraux.com\/wp-content\/uploads\/2025\/03\/f9f2d0e9-e8bb-4732-941c-162c66c9a9e7.jpg?resize=700%2C400&ssl=1 2x"},"classes":[]},{"id":4876,"url":"https:\/\/artstella-elixirs-floraux.com\/fr_fr\/produit\/bleeding-heart-alaskan\/","url_meta":{"origin":4187,"position":5},"title":"BLEEDING HEART ALASKAN","author":"eveapprill","date":"9 mars 2025","format":false,"excerpt":"BLEEDING HEART Indications : sentiment rejet\u00e9 par l'individu ; coeur ferm\u00e9 aux autres ; manque de compassion pour nous-m\u00eames et les autres ; divisions dans nos relations.","rel":"","context":"Article similaire","block_context":{"text":"Article similaire","link":""},"img":{"alt_text":"","src":"https:\/\/i0.wp.com\/artstella-elixirs-floraux.com\/wp-content\/uploads\/2025\/03\/wp-image1374.png?resize=350%2C200&ssl=1","width":350,"height":200},"classes":[]}],"_links":{"self":[{"href":"https:\/\/artstella-elixirs-floraux.com\/fr_fr\/wp-json\/wp\/v2\/product\/4187","targetHints":{"allow":["GET"]}}],"collection":[{"href":"https:\/\/artstella-elixirs-floraux.com\/fr_fr\/wp-json\/wp\/v2\/product"}],"about":[{"href":"https:\/\/artstella-elixirs-floraux.com\/fr_fr\/wp-json\/wp\/v2\/types\/product"}],"version-history":[{"count":0,"href":"https:\/\/artstella-elixirs-floraux.com\/fr_fr\/wp-json\/wp\/v2\/product\/4187\/revisions"}],"wp:featuredmedia":[{"embeddable":true,"href":"https:\/\/artstella-elixirs-floraux.com\/fr_fr\/wp-json\/wp\/v2\/media\/4188"}],"wp:attachment":[{"href":"https:\/\/artstella-elixirs-floraux.com\/fr_fr\/wp-json\/wp\/v2\/media?parent=4187"}],"wp:term":[{"taxonomy":"product_brand","embeddable":true,"href":"https:\/\/artstella-elixirs-floraux.com\/fr_fr\/wp-json\/wp\/v2\/product_brand?post=4187"},{"taxonomy":"product_cat","embeddable":true,"href":"https:\/\/artstella-elixirs-floraux.com\/fr_fr\/wp-json\/wp\/v2\/product_cat?post=4187"},{"taxonomy":"product_tag","embeddable":true,"href":"https:\/\/artstella-elixirs-floraux.com\/fr_fr\/wp-json\/wp\/v2\/product_tag?post=4187"}],"curies":[{"name":"wp","href":"https:\/\/api.w.org\/{rel}","templated":true}]}}