{"id":4199,"date":"2025-03-09T13:22:24","date_gmt":"2025-03-09T13:22:24","guid":{"rendered":"https:\/\/artstella-elixirs-floraux.com\/product\/bat-chauve-souris-wea-30-ml\/"},"modified":"2025-05-05T12:50:22","modified_gmt":"2025-05-05T12:50:22","slug":"bat-chauve-souris-wea-30-ml","status":"publish","type":"product","link":"https:\/\/artstella-elixirs-floraux.com\/fr_fr\/produit\/bat-chauve-souris-wea-30-ml\/","title":{"rendered":"BAT\/CHAUVE-SOURIS WEA 30 ML"},"content":{"rendered":"","protected":false},"excerpt":{"rendered":"<p><strong><em>Bat (chauve-souris)<\/em><\/strong><\/p>\n<p>Nous aide \u00e0 voir et \u00e0 naviguer \u00e0 travers notre propre obscurit\u00e9 Apporte la confiance n\u00e9cessaire pour faire face aux probl\u00e8mes non r\u00e9solus et les gu\u00e9rir. Nous aide \u00e0 savoir qui et o\u00f9 nous sommes.<\/p>\n","protected":false},"featured_media":4200,"template":"","meta":[],"product_brand":[],"product_cat":[145],"product_tag":[],"class_list":{"0":"post-4199","1":"product","2":"type-product","3":"status-publish","4":"has-post-thumbnail","6":"product_cat-les-elixirs-d-animaux","8":"first","9":"instock","10":"taxable","11":"shipping-taxable","12":"purchasable","13":"product-type-simple"},"etheme_brands":{"errors":{"invalid_taxonomy":["Taxonomie non valide."]},"error_data":[]},"jetpack_sharing_enabled":true,"jetpack-related-posts":[{"id":4376,"url":"https:\/\/artstella-elixirs-floraux.com\/fr_fr\/produit\/bat-pup-chauve-souriceau-30ml-wea\/","url_meta":{"origin":4199,"position":0},"title":"BAT PUP \/ CHAUVE SOURICEAU 30ML WEA","author":"eveapprill","date":"27 mai 2025","format":false,"excerpt":"","rel":"","context":"Article similaire","block_context":{"text":"Article similaire","link":""},"img":{"alt_text":"","src":"https:\/\/i0.wp.com\/artstella-elixirs-floraux.com\/wp-content\/uploads\/2025\/03\/wp-image1426.png?resize=350%2C200&ssl=1","width":350,"height":200,"srcset":"https:\/\/i0.wp.com\/artstella-elixirs-floraux.com\/wp-content\/uploads\/2025\/03\/wp-image1426.png?resize=350%2C200&ssl=1 1x, https:\/\/i0.wp.com\/artstella-elixirs-floraux.com\/wp-content\/uploads\/2025\/03\/wp-image1426.png?resize=525%2C300&ssl=1 1.5x"},"classes":[]},{"id":1964,"url":"https:\/\/artstella-elixirs-floraux.com\/fr_fr\/produit\/inner-child-healing-30-ml-wea\/","url_meta":{"origin":4199,"position":1},"title":"INNER CHILD HEALING 30 ML WEA","author":"eveapprill","date":"27 mai 2025","format":false,"excerpt":"Ce complexe comprend les 6 \u00e9lixirs de b\u00e9b\u00e9s animaux suivants\u00a0: Hippopotamus Calf \u2013 aide \u00e0 ressentir profond\u00e9ment. Wild Foal \u2013aide \u00e0 se lib\u00e9rer du chagrin profond. Badger Cub \u2013 pour embrasser et exprimer la col\u00e8re. Robin Chick \u2013 pour recevoir l\u2019amour et la chaleur nourrici\u00e8re. Bat Pup \u2013 pour faire\u2026","rel":"","context":"Article similaire","block_context":{"text":"Article similaire","link":""},"img":{"alt_text":"","src":"https:\/\/i0.wp.com\/artstella-elixirs-floraux.com\/wp-content\/uploads\/2025\/05\/InnerChildHealing.png?resize=350%2C200&ssl=1","width":350,"height":200},"classes":[]},{"id":6095,"url":"https:\/\/artstella-elixirs-floraux.com\/fr_fr\/produit\/collier-beauty\/","url_meta":{"origin":4199,"position":2},"title":"COLLIER \u00ab\u00a0BEAUTY\u00a0\u00bb","author":"eveapprill","date":"9 mars 2025","format":false,"excerpt":"La \u00ab beaut\u00e9 de la cr\u00e9ation \u00bb Le grand Tout se b\u00e2tit \u00e0 partir de la plus petite structure. Tout advient selon le plan divin. La Formation nous rappelle l\u2019\u00e9tincelle divine en nous et que tout est reli\u00e9. La Lumi\u00e8re rayonne \u00e0 partir du c\u0153ur dans chaque cellule. Avec une\u2026","rel":"","context":"Article similaire","block_context":{"text":"Article similaire","link":""},"img":{"alt_text":"","src":"https:\/\/i0.wp.com\/artstella-elixirs-floraux.com\/wp-content\/uploads\/2025\/03\/wp-image2129.png?resize=350%2C200&ssl=1","width":350,"height":200,"srcset":"https:\/\/i0.wp.com\/artstella-elixirs-floraux.com\/wp-content\/uploads\/2025\/03\/wp-image2129.png?resize=350%2C200&ssl=1 1x, https:\/\/i0.wp.com\/artstella-elixirs-floraux.com\/wp-content\/uploads\/2025\/03\/wp-image2129.png?resize=525%2C300&ssl=1 1.5x, https:\/\/i0.wp.com\/artstella-elixirs-floraux.com\/wp-content\/uploads\/2025\/03\/wp-image2129.png?resize=700%2C400&ssl=1 2x"},"classes":[]},{"id":3976,"url":"https:\/\/artstella-elixirs-floraux.com\/fr_fr\/produit\/elephant-15-ml-phi\/","url_meta":{"origin":4199,"position":3},"title":"ELEPHANT 15 ML PHI","author":"eveapprill","date":"9 mars 2025","format":false,"excerpt":"\u00c9l\u00e9phant (Loxodonta africana) aide les personnes sensibles qui hyper-r\u00e9agissent face \u00e0 leur environnement, \u00e0 mieux se prot\u00e9ger et d\u00e9fendre leurs limites. Il aide \u00e0 avoir la \u00ab\u00a0peau \u00e9paisse\u00a0\u00bb.","rel":"","context":"Article similaire","block_context":{"text":"Article similaire","link":""},"img":{"alt_text":"","src":"","width":0,"height":0},"classes":[]},{"id":5452,"url":"https:\/\/artstella-elixirs-floraux.com\/fr_fr\/produit\/digitale-foxglove-vingerhoedskruid-10ml\/","url_meta":{"origin":4199,"position":4},"title":"Digitale &#8211; Foxglove- VINGERHOEDSKRUID 10ml","author":"eveapprill","date":"9 mars 2025","format":false,"excerpt":"Digitale \/ Digitalis purpurea (foxglove) Pour d\u00e9passer le mental. Facilite les processus mentaux et permet de recontacter le c\u0153ur. Nous aide \u00e0 nous lib\u00e9rer de sch\u00e9mas de comportements que nous pensons devoir avoir.","rel":"","context":"Article similaire","block_context":{"text":"Article similaire","link":""},"img":{"alt_text":"","src":"","width":0,"height":0},"classes":[]},{"id":3644,"url":"https:\/\/artstella-elixirs-floraux.com\/fr_fr\/produit\/47-redemption-dream-lto-15-ml\/","url_meta":{"origin":4199,"position":5},"title":"47. REDEMPTION DREAM LTO 15 ML","author":"eveapprill","date":"9 mars 2025","format":false,"excerpt":"Redemption dream \/ R\u00eave de r\u00e9demption : Nous aide \u00e0 entrer en contact avec des couches profondes de culpabilit\u00e9 ou de honte, permettant \u00e0 la conscience de les r\u00e9soudre, consciemment ou inconsciemment.","rel":"","context":"Article similaire","block_context":{"text":"Article similaire","link":""},"img":{"alt_text":"","src":"https:\/\/i0.wp.com\/artstella-elixirs-floraux.com\/wp-content\/uploads\/2025\/03\/c06df7e9-ffe1-4f58-a720-122549177628.jpg?resize=350%2C200&ssl=1","width":350,"height":200,"srcset":"https:\/\/i0.wp.com\/artstella-elixirs-floraux.com\/wp-content\/uploads\/2025\/03\/c06df7e9-ffe1-4f58-a720-122549177628.jpg?resize=350%2C200&ssl=1 1x, https:\/\/i0.wp.com\/artstella-elixirs-floraux.com\/wp-content\/uploads\/2025\/03\/c06df7e9-ffe1-4f58-a720-122549177628.jpg?resize=525%2C300&ssl=1 1.5x, https:\/\/i0.wp.com\/artstella-elixirs-floraux.com\/wp-content\/uploads\/2025\/03\/c06df7e9-ffe1-4f58-a720-122549177628.jpg?resize=700%2C400&ssl=1 2x"},"classes":[]}],"_links":{"self":[{"href":"https:\/\/artstella-elixirs-floraux.com\/fr_fr\/wp-json\/wp\/v2\/product\/4199","targetHints":{"allow":["GET"]}}],"collection":[{"href":"https:\/\/artstella-elixirs-floraux.com\/fr_fr\/wp-json\/wp\/v2\/product"}],"about":[{"href":"https:\/\/artstella-elixirs-floraux.com\/fr_fr\/wp-json\/wp\/v2\/types\/product"}],"version-history":[{"count":0,"href":"https:\/\/artstella-elixirs-floraux.com\/fr_fr\/wp-json\/wp\/v2\/product\/4199\/revisions"}],"wp:featuredmedia":[{"embeddable":true,"href":"https:\/\/artstella-elixirs-floraux.com\/fr_fr\/wp-json\/wp\/v2\/media\/4200"}],"wp:attachment":[{"href":"https:\/\/artstella-elixirs-floraux.com\/fr_fr\/wp-json\/wp\/v2\/media?parent=4199"}],"wp:term":[{"taxonomy":"product_brand","embeddable":true,"href":"https:\/\/artstella-elixirs-floraux.com\/fr_fr\/wp-json\/wp\/v2\/product_brand?post=4199"},{"taxonomy":"product_cat","embeddable":true,"href":"https:\/\/artstella-elixirs-floraux.com\/fr_fr\/wp-json\/wp\/v2\/product_cat?post=4199"},{"taxonomy":"product_tag","embeddable":true,"href":"https:\/\/artstella-elixirs-floraux.com\/fr_fr\/wp-json\/wp\/v2\/product_tag?post=4199"}],"curies":[{"name":"wp","href":"https:\/\/api.w.org\/{rel}","templated":true}]}}