{"id":4217,"date":"2025-03-09T13:22:43","date_gmt":"2025-03-09T13:22:43","guid":{"rendered":"https:\/\/artstella-elixirs-floraux.com\/product\/deer-daim-wea-30-ml\/"},"modified":"2025-05-05T12:48:50","modified_gmt":"2025-05-05T12:48:50","slug":"deer-daim-wea-30-ml","status":"publish","type":"product","link":"https:\/\/artstella-elixirs-floraux.com\/fr_fr\/produit\/deer-daim-wea-30-ml\/","title":{"rendered":"DEER\/DAIM WEA 30 ML"},"content":{"rendered":"","protected":false},"excerpt":{"rendered":"<p><strong><em>Deer (daim) <\/em><\/strong><\/p>\n<p>Favorise la conscience et le calme, ainsi que la douceur et la paix. Pour voir avec la cart\u00e9 ce qui se passe autour et \u00e0 l\u2019int\u00e9rieur de soi. Pour cultiver en douceur l\u2019humilit\u00e9 et la confiance.<\/p>\n","protected":false},"featured_media":4218,"template":"","meta":[],"product_brand":[],"product_cat":[145],"product_tag":[],"class_list":{"0":"post-4217","1":"product","2":"type-product","3":"status-publish","4":"has-post-thumbnail","6":"product_cat-les-elixirs-d-animaux","8":"first","9":"instock","10":"taxable","11":"shipping-taxable","12":"purchasable","13":"product-type-simple"},"etheme_brands":{"errors":{"invalid_taxonomy":["Taxonomie non valide."]},"error_data":[]},"jetpack_sharing_enabled":true,"jetpack-related-posts":[{"id":3910,"url":"https:\/\/artstella-elixirs-floraux.com\/fr_fr\/produit\/salamandre-a-e-15-ml-phi\/","url_meta":{"origin":4217,"position":0},"title":"SALAMANDRE A.E 15 ML PHI","author":"eveapprill","date":"9 mars 2025","format":false,"excerpt":"Salamandre (Salamandra maculosa) Feuersalamander nous ram\u00e8ne en douceur vers notre pass\u00e9 et nous aide \u00e0 retrouver des \u00e9v\u00e9nements anciens que nous pouvons int\u00e9grer.","rel":"","context":"Article similaire","block_context":{"text":"Article similaire","link":""},"img":{"alt_text":"","src":"","width":0,"height":0},"classes":[]},{"id":1963,"url":"https:\/\/artstella-elixirs-floraux.com\/fr_fr\/produit\/wild-horse-foal-poulain-30ml-wea\/","url_meta":{"origin":4217,"position":1},"title":"WILD HORSE FOAL POULAIN 30ML WEA","author":"eveapprill","date":"27 mai 2025","format":false,"excerpt":"Wild Horse Foal (poulain sauvage) apporte le soutien n\u00e9cessaire pour embrasser et se lib\u00e9rer des larmes de chagrins non r\u00e9solus depuis l\u2019enfance. Favorise la sinc\u00e9rit\u00e9 et la douceur. Pour embrasser le c\u0153ur tendre et pur de l\u2019enfant en nous, encourageant la douceur et le sentiment d\u2019appartenance. Pour approfondir le ressenti\u2026","rel":"","context":"Article similaire","block_context":{"text":"Article similaire","link":""},"img":{"alt_text":"","src":"https:\/\/i0.wp.com\/artstella-elixirs-floraux.com\/wp-content\/uploads\/2025\/05\/foal.jpg?resize=350%2C200&ssl=1","width":350,"height":200,"srcset":"https:\/\/i0.wp.com\/artstella-elixirs-floraux.com\/wp-content\/uploads\/2025\/05\/foal.jpg?resize=350%2C200&ssl=1 1x, https:\/\/i0.wp.com\/artstella-elixirs-floraux.com\/wp-content\/uploads\/2025\/05\/foal.jpg?resize=525%2C300&ssl=1 1.5x, https:\/\/i0.wp.com\/artstella-elixirs-floraux.com\/wp-content\/uploads\/2025\/05\/foal.jpg?resize=700%2C400&ssl=1 2x"},"classes":[]},{"id":5930,"url":"https:\/\/artstella-elixirs-floraux.com\/fr_fr\/produit\/impatience-15ml-deva\/","url_meta":{"origin":4217,"position":2},"title":"Impatience 15ml DEVA","author":"eveapprill","date":"9 mars 2025","format":false,"excerpt":"Impatiente - Impatiens Impatiens glandulifera Douceur, patience, indulgence Pour \u00e9liminer l'impatience, l'irritabilit\u00e9 et le surmenage. Pour ceux qui sont press\u00e9s, actifs et qui ne supportent pas les contraintes.","rel":"","context":"Article similaire","block_context":{"text":"Article similaire","link":""},"img":{"alt_text":"","src":"","width":0,"height":0},"classes":[]},{"id":6333,"url":"https:\/\/artstella-elixirs-floraux.com\/fr_fr\/produit\/hyperactivite-n22-comp-deva-30-ml\/","url_meta":{"origin":4217,"position":3},"title":"Hyperactivit\u00e9 N\u00b022 Comp Deva 30 ml","author":"eveapprill","date":"9 mars 2025","format":false,"excerpt":"e compos\u00e9 floral Deva HYPERACTIVIT\u00c9 stabilise humeur, attention et activit\u00e9 chez l'enfant et l'adulte hypersensibles et hyper\u00e9motifs. Apaise les tensions li\u00e9es \u00e0 l'impulsivit\u00e9. Renforce l'estime de soi, l'\u00e9coute, la concentration. Apporte douceur, confiance et protection.","rel":"","context":"Article similaire","block_context":{"text":"Article similaire","link":""},"img":{"alt_text":"","src":"https:\/\/i0.wp.com\/artstella-elixirs-floraux.com\/wp-content\/uploads\/2025\/03\/wp-image2341.png?resize=350%2C200&ssl=1","width":350,"height":200,"srcset":"https:\/\/i0.wp.com\/artstella-elixirs-floraux.com\/wp-content\/uploads\/2025\/03\/wp-image2341.png?resize=350%2C200&ssl=1 1x, https:\/\/i0.wp.com\/artstella-elixirs-floraux.com\/wp-content\/uploads\/2025\/03\/wp-image2341.png?resize=525%2C300&ssl=1 1.5x, https:\/\/i0.wp.com\/artstella-elixirs-floraux.com\/wp-content\/uploads\/2025\/03\/wp-image2341.png?resize=700%2C400&ssl=1 2x"},"classes":[]},{"id":4366,"url":"https:\/\/artstella-elixirs-floraux.com\/fr_fr\/produit\/fawn-faon-wea-30-ml\/","url_meta":{"origin":4217,"position":4},"title":"FAWN\/FAON WEA 30 ML","author":"eveapprill","date":"9 mars 2025","format":false,"excerpt":"Fawn (faon) Favorise l\u2019exp\u00e9rience de la douceur, l\u2019innocence, la puret\u00e9, la paix, le calme et un \u00e9tat de gr\u00e2ce enfantin.","rel":"","context":"Article similaire","block_context":{"text":"Article similaire","link":""},"img":{"alt_text":"","src":"https:\/\/i0.wp.com\/artstella-elixirs-floraux.com\/wp-content\/uploads\/2025\/03\/wp-image2321.png?resize=350%2C200&ssl=1","width":350,"height":200,"srcset":"https:\/\/i0.wp.com\/artstella-elixirs-floraux.com\/wp-content\/uploads\/2025\/03\/wp-image2321.png?resize=350%2C200&ssl=1 1x, https:\/\/i0.wp.com\/artstella-elixirs-floraux.com\/wp-content\/uploads\/2025\/03\/wp-image2321.png?resize=525%2C300&ssl=1 1.5x, https:\/\/i0.wp.com\/artstella-elixirs-floraux.com\/wp-content\/uploads\/2025\/03\/wp-image2321.png?resize=700%2C400&ssl=1 2x, https:\/\/i0.wp.com\/artstella-elixirs-floraux.com\/wp-content\/uploads\/2025\/03\/wp-image2321.png?resize=1050%2C600&ssl=1 3x"},"classes":[]},{"id":3072,"url":"https:\/\/artstella-elixirs-floraux.com\/fr_fr\/produit\/neptune-planete-phi-15ml\/","url_meta":{"origin":4217,"position":5},"title":"NEPTUNE PLANETE PHI 15ML","author":"eveapprill","date":"9 mars 2025","format":false,"excerpt":"Neptune Cet \u00e9lixir contribue avec douceur et comme dans un r\u00eave \u00e0 notre harmonie int\u00e9rieure et met en mouvement notre \u00e9nergie vitale, ce qui permet d'\u00e9liminer sans heurts nos blocages \u00e9nerg\u00e9tiques.","rel":"","context":"Article similaire","block_context":{"text":"Article similaire","link":""},"img":{"alt_text":"","src":"","width":0,"height":0},"classes":[]}],"_links":{"self":[{"href":"https:\/\/artstella-elixirs-floraux.com\/fr_fr\/wp-json\/wp\/v2\/product\/4217","targetHints":{"allow":["GET"]}}],"collection":[{"href":"https:\/\/artstella-elixirs-floraux.com\/fr_fr\/wp-json\/wp\/v2\/product"}],"about":[{"href":"https:\/\/artstella-elixirs-floraux.com\/fr_fr\/wp-json\/wp\/v2\/types\/product"}],"version-history":[{"count":0,"href":"https:\/\/artstella-elixirs-floraux.com\/fr_fr\/wp-json\/wp\/v2\/product\/4217\/revisions"}],"wp:featuredmedia":[{"embeddable":true,"href":"https:\/\/artstella-elixirs-floraux.com\/fr_fr\/wp-json\/wp\/v2\/media\/4218"}],"wp:attachment":[{"href":"https:\/\/artstella-elixirs-floraux.com\/fr_fr\/wp-json\/wp\/v2\/media?parent=4217"}],"wp:term":[{"taxonomy":"product_brand","embeddable":true,"href":"https:\/\/artstella-elixirs-floraux.com\/fr_fr\/wp-json\/wp\/v2\/product_brand?post=4217"},{"taxonomy":"product_cat","embeddable":true,"href":"https:\/\/artstella-elixirs-floraux.com\/fr_fr\/wp-json\/wp\/v2\/product_cat?post=4217"},{"taxonomy":"product_tag","embeddable":true,"href":"https:\/\/artstella-elixirs-floraux.com\/fr_fr\/wp-json\/wp\/v2\/product_tag?post=4217"}],"curies":[{"name":"wp","href":"https:\/\/api.w.org\/{rel}","templated":true}]}}