{"id":4219,"date":"2025-03-09T13:22:44","date_gmt":"2025-03-09T13:22:44","guid":{"rendered":"https:\/\/artstella-elixirs-floraux.com\/product\/dolphin-dauphin-wea-30-ml\/"},"modified":"2025-05-05T12:48:50","modified_gmt":"2025-05-05T12:48:50","slug":"dolphin-dauphin-wea-30-ml","status":"publish","type":"product","link":"https:\/\/artstella-elixirs-floraux.com\/fr_fr\/produit\/dolphin-dauphin-wea-30-ml\/","title":{"rendered":"DOLPHIN\/DAUPHIN WEA 30 ML"},"content":{"rendered":"","protected":false},"excerpt":{"rendered":"<p><strong><em>Dolphin (dauphin)<\/em><\/strong><\/p>\n<p>En grand Ma\u00eetre du jeu et de l\u2019amour inconditionnel, cet \u00e9lixir favorise les sentiments de joie, le rire et le bonheur, de m\u00eame que la compassion pour soi et les autres. Il aide \u00e0 se souvenir de ses r\u00eaves et soutient le d\u00e9veloppement psychique.<\/p>\n","protected":false},"featured_media":4220,"template":"","meta":[],"product_brand":[],"product_cat":[145],"product_tag":[],"class_list":{"0":"post-4219","1":"product","2":"type-product","3":"status-publish","4":"has-post-thumbnail","6":"product_cat-les-elixirs-d-animaux","8":"first","9":"instock","10":"taxable","11":"shipping-taxable","12":"purchasable","13":"product-type-simple"},"etheme_brands":{"errors":{"invalid_taxonomy":["Taxonomie non valide."]},"error_data":[]},"jetpack_sharing_enabled":true,"jetpack-related-posts":[{"id":5844,"url":"https:\/\/artstella-elixirs-floraux.com\/fr_fr\/produit\/dauphin-de-lamazone-amazone-dolphin-inia-geoffrensis-15ml-phi\/","url_meta":{"origin":4219,"position":0},"title":"Dauphin de l\u2019Amazone (Amazone Dolphin) (Inia geoffrensis) 15ml PHI","author":"eveapprill","date":"9 mars 2025","format":false,"excerpt":"Dauphin de l\u2019Amazone (Amazone Dolphin) (Inia geoffrensis) Cet \u00e9lixir nous aide \u00e0 nous connecter \u00e0 notre coeur et \u00e0 pouvoir \u201cvoir\u201d ainsi par le coeur. Il nous met en relation avec la Nature et la sagesse profonde que tout est connect\u00e9. Le Mananti nous apprend \u00e0 mettre de la joie\u2026","rel":"","context":"Article similaire","block_context":{"text":"Article similaire","link":""},"img":{"alt_text":"","src":"","width":0,"height":0},"classes":[]},{"id":4362,"url":"https:\/\/artstella-elixirs-floraux.com\/fr_fr\/produit\/dolphin-calf-delphineau-wea-30-ml\/","url_meta":{"origin":4219,"position":1},"title":"DOLPHIN CALF\/DELPHINEAU WEA 30 ML","author":"eveapprill","date":"9 mars 2025","format":false,"excerpt":"Dolphin Calf (delphineau) Favorise l\u2019approfondissement des liens enfant - parent, le contact et l\u2019intimit\u00e9, la communication, l\u2019harmonie et l\u2019unit\u00e9.","rel":"","context":"Article similaire","block_context":{"text":"Article similaire","link":""},"img":{"alt_text":"","src":"https:\/\/i0.wp.com\/artstella-elixirs-floraux.com\/wp-content\/uploads\/2025\/03\/wp-image2319.png?resize=350%2C200&ssl=1","width":350,"height":200,"srcset":"https:\/\/i0.wp.com\/artstella-elixirs-floraux.com\/wp-content\/uploads\/2025\/03\/wp-image2319.png?resize=350%2C200&ssl=1 1x, https:\/\/i0.wp.com\/artstella-elixirs-floraux.com\/wp-content\/uploads\/2025\/03\/wp-image2319.png?resize=525%2C300&ssl=1 1.5x"},"classes":[]},{"id":4403,"url":"https:\/\/artstella-elixirs-floraux.com\/fr_fr\/produit\/sharing-love-wea-30-ml\/","url_meta":{"origin":4219,"position":2},"title":"SHARING LOVE WEA 30 ML","author":"eveapprill","date":"9 mars 2025","format":false,"excerpt":"Sharing Love\u00a0(partager l'amour)\u00a0\u00a0 Profond soutien dans les relations avec les autres, et le partage de l\u2019amour dans tous les domaines de sa vie. Ce complexe comprend : ....","rel":"","context":"Article similaire","block_context":{"text":"Article similaire","link":""},"img":{"alt_text":"","src":"","width":0,"height":0},"classes":[]},{"id":3843,"url":"https:\/\/artstella-elixirs-floraux.com\/fr_fr\/produit\/delph-dauphin-15-ml-phi\/","url_meta":{"origin":4219,"position":3},"title":"DELPH Elixir des Dauphins PHI","author":"eveapprill","date":"9 mars 2025","format":false,"excerpt":"Delph (Tursiops truncatus) Delph est un \u00e9lixir \u00e0 part. Il a pu \u00eatre r\u00e9alis\u00e9 avec l\u2019aide des dauphins dans la mer. existe aussi en spray, en cr\u00e8me et en pendentif","rel":"","context":"Article similaire","block_context":{"text":"Article similaire","link":""},"img":{"alt_text":"","src":"","width":0,"height":0},"classes":[]},{"id":4525,"url":"https:\/\/artstella-elixirs-floraux.com\/fr_fr\/produit\/collier-dauphin-rose-phi\/","url_meta":{"origin":4219,"position":4},"title":"COLLIER DAUPHIN ROSE PHI","author":"eveapprill","date":"9 mars 2025","format":false,"excerpt":"Le pendentif \"Dauphin Rose\" En verre souffl\u00e9 rouge.Apporte une \u00e9nergie de douceur et de tendresse envers soi-m\u00eame. Harmonise les blessures \u00e9motionnelles en soutenant l\u2019\u00e9nergie f\u00e9minine. Il am\u00e9liore le contact avec la nature.","rel":"","context":"Article similaire","block_context":{"text":"Article similaire","link":""},"img":{"alt_text":"","src":"https:\/\/i0.wp.com\/artstella-elixirs-floraux.com\/wp-content\/uploads\/2025\/03\/wp-image1146.png?resize=350%2C200&ssl=1","width":350,"height":200},"classes":[]},{"id":5237,"url":"https:\/\/artstella-elixirs-floraux.com\/fr_fr\/produit\/creme-delph-a-lenergie-des-dauphins\/","url_meta":{"origin":4219,"position":5},"title":"Cr\u00e8me DELPH, \u00e0 l&rsquo;\u00e9nergie des dauphins","author":"eveapprill","date":"9 mars 2025","format":false,"excerpt":"Cr\u00e8me DELPH, \u00e0 l'\u00e9nergie des dauphins La Cr\u00e8me DELPH, \u00e0 l\u2019\u00e9nergie des dauphins. Elle \u00e9quilibre \u00e9nerg\u00e9tiquement la peau et, par son action d\u2019ouverture du c\u0153ur, favorise le bien-\u00eatre. Elle est particuli\u00e8rement recommand\u00e9e pour appliquer un choix d\u2019\u00e9lixirs personnel ou d\u2019huiles essentielles, et comme cr\u00e8me de massage pendant la grossesse.","rel":"","context":"Article similaire","block_context":{"text":"Article similaire","link":""},"img":{"alt_text":"","src":"https:\/\/i0.wp.com\/artstella-elixirs-floraux.com\/wp-content\/uploads\/2025\/03\/cf5e58c7-45d9-4f51-9ba7-60a61f4188bd.jpg?resize=350%2C200&ssl=1","width":350,"height":200,"srcset":"https:\/\/i0.wp.com\/artstella-elixirs-floraux.com\/wp-content\/uploads\/2025\/03\/cf5e58c7-45d9-4f51-9ba7-60a61f4188bd.jpg?resize=350%2C200&ssl=1 1x, https:\/\/i0.wp.com\/artstella-elixirs-floraux.com\/wp-content\/uploads\/2025\/03\/cf5e58c7-45d9-4f51-9ba7-60a61f4188bd.jpg?resize=525%2C300&ssl=1 1.5x, https:\/\/i0.wp.com\/artstella-elixirs-floraux.com\/wp-content\/uploads\/2025\/03\/cf5e58c7-45d9-4f51-9ba7-60a61f4188bd.jpg?resize=700%2C400&ssl=1 2x"},"classes":[]}],"_links":{"self":[{"href":"https:\/\/artstella-elixirs-floraux.com\/fr_fr\/wp-json\/wp\/v2\/product\/4219","targetHints":{"allow":["GET"]}}],"collection":[{"href":"https:\/\/artstella-elixirs-floraux.com\/fr_fr\/wp-json\/wp\/v2\/product"}],"about":[{"href":"https:\/\/artstella-elixirs-floraux.com\/fr_fr\/wp-json\/wp\/v2\/types\/product"}],"version-history":[{"count":0,"href":"https:\/\/artstella-elixirs-floraux.com\/fr_fr\/wp-json\/wp\/v2\/product\/4219\/revisions"}],"wp:featuredmedia":[{"embeddable":true,"href":"https:\/\/artstella-elixirs-floraux.com\/fr_fr\/wp-json\/wp\/v2\/media\/4220"}],"wp:attachment":[{"href":"https:\/\/artstella-elixirs-floraux.com\/fr_fr\/wp-json\/wp\/v2\/media?parent=4219"}],"wp:term":[{"taxonomy":"product_brand","embeddable":true,"href":"https:\/\/artstella-elixirs-floraux.com\/fr_fr\/wp-json\/wp\/v2\/product_brand?post=4219"},{"taxonomy":"product_cat","embeddable":true,"href":"https:\/\/artstella-elixirs-floraux.com\/fr_fr\/wp-json\/wp\/v2\/product_cat?post=4219"},{"taxonomy":"product_tag","embeddable":true,"href":"https:\/\/artstella-elixirs-floraux.com\/fr_fr\/wp-json\/wp\/v2\/product_tag?post=4219"}],"curies":[{"name":"wp","href":"https:\/\/api.w.org\/{rel}","templated":true}]}}