{"id":4223,"date":"2025-03-09T13:22:48","date_gmt":"2025-03-09T13:22:48","guid":{"rendered":"https:\/\/artstella-elixirs-floraux.com\/product\/dragonfly-libellule-wea-30-ml\/"},"modified":"2025-05-05T12:48:39","modified_gmt":"2025-05-05T12:48:39","slug":"dragonfly-libellule-wea-30-ml","status":"publish","type":"product","link":"https:\/\/artstella-elixirs-floraux.com\/fr_fr\/produit\/dragonfly-libellule-wea-30-ml\/","title":{"rendered":"DRAGONFLY\/LIBELLULE WEA 30 ML"},"content":{"rendered":"","protected":false},"excerpt":{"rendered":"<p><strong><em>Dragonfly (libellule)<\/em><\/strong><\/p>\n<p>En Ma\u00eetre de l\u2019illusion, cet \u00e9lixir aide \u00e0 voyager entre les diff\u00e9rentes dimensions et \u00e0 s\u2019ouvrir aux \u00e9nergies spirituelles. Pour se r\u00e9veiller de ses illusions personnelles. Pour la relaxation et le repos apr\u00e8s les p\u00e9riodes charg\u00e9es.<\/p>\n","protected":false},"featured_media":4224,"template":"","meta":[],"product_brand":[],"product_cat":[145],"product_tag":[],"class_list":{"0":"post-4223","1":"product","2":"type-product","3":"status-publish","4":"has-post-thumbnail","6":"product_cat-les-elixirs-d-animaux","8":"first","9":"instock","10":"taxable","11":"shipping-taxable","12":"purchasable","13":"product-type-simple"},"etheme_brands":{"errors":{"invalid_taxonomy":["Taxonomie non valide."]},"error_data":[]},"jetpack_sharing_enabled":true,"jetpack-related-posts":[{"id":3914,"url":"https:\/\/artstella-elixirs-floraux.com\/fr_fr\/produit\/libellule-a-e-phi-15-ml\/","url_meta":{"origin":4223,"position":0},"title":"LIBELLULE A.E PHI 15 ML","author":"eveapprill","date":"9 mars 2025","format":false,"excerpt":"Libellule (Odonata) Libelle Pour voir plus clair dans le mar\u00e9cage de nos sentiments, quand nous ne savons pas ce que nous voulons et sommes comme dans l\u2019eau trouble.","rel":"","context":"Article similaire","block_context":{"text":"Article similaire","link":""},"img":{"alt_text":"","src":"","width":0,"height":0},"classes":[]},{"id":4561,"url":"https:\/\/artstella-elixirs-floraux.com\/fr_fr\/produit\/coffret-20-elixirs-danimaux-europeens\/","url_meta":{"origin":4223,"position":1},"title":"COFFRET 20 \u00e9lixirs d&rsquo;ANIMAUX EUROPEENS","author":"eveapprill","date":"9 mars 2025","format":false,"excerpt":"Contient 20 \u00e9lixirs d'animaux europ\u00e9ens. Ours, Salamandre, Grenouille, Lapin, Libellule, Papillon de Nuit, Paon, Cheval, Chevreuil, Boeuf, Mouton, Papillon, Cygne, Phoque, Araign\u00e9e, Bouquetin, Cigogne, Grand duc, Bison, Loup","rel":"","context":"Article similaire","block_context":{"text":"Article similaire","link":""},"img":{"alt_text":"","src":"https:\/\/i0.wp.com\/artstella-elixirs-floraux.com\/wp-content\/uploads\/2025\/03\/wp-image1163.png?resize=350%2C200&ssl=1","width":350,"height":200,"srcset":"https:\/\/i0.wp.com\/artstella-elixirs-floraux.com\/wp-content\/uploads\/2025\/03\/wp-image1163.png?resize=350%2C200&ssl=1 1x, https:\/\/i0.wp.com\/artstella-elixirs-floraux.com\/wp-content\/uploads\/2025\/03\/wp-image1163.png?resize=525%2C300&ssl=1 1.5x, https:\/\/i0.wp.com\/artstella-elixirs-floraux.com\/wp-content\/uploads\/2025\/03\/wp-image1163.png?resize=700%2C400&ssl=1 2x"},"classes":[]},{"id":2086,"url":"https:\/\/artstella-elixirs-floraux.com\/fr_fr\/produit\/bladder-wort-alaskan\/","url_meta":{"origin":4223,"position":2},"title":"Bladder Wort Alaskan","author":"eveapprill","date":"9 mars 2025","format":false,"excerpt":"Bladder Wort Alaska Pi\u00e9g\u00e9 dans l'illusion, incapacit\u00e9 \u00e0 prendre des d\u00e9cisions pour notre plus grand bien ; manque de discernement, souvent d\u00e9\u00e7u ou roul\u00e9.Pour voir \u00e0 travers l'illusion gr\u00e2ce \u00e0 la connaissance int\u00e9rieur, soutient le discernement face \u00e0 la malhonn\u00eatet\u00e9 d'autrui. Renforce notre capacit\u00e9 \u00e0 percevoir la v\u00e9rit\u00e9 malgr\u00e9 la\u2026","rel":"","context":"Article similaire","block_context":{"text":"Article similaire","link":""},"img":{"alt_text":"","src":"https:\/\/i0.wp.com\/artstella-elixirs-floraux.com\/wp-content\/uploads\/2025\/03\/wp-image41.webp?resize=350%2C200&ssl=1","width":350,"height":200},"classes":[]},{"id":6081,"url":"https:\/\/artstella-elixirs-floraux.com\/fr_fr\/produit\/dauphin-de-patagonie\/","url_meta":{"origin":4223,"position":3},"title":"DAUPHIN DE PATAGONIE","author":"eveapprill","date":"9 mars 2025","format":false,"excerpt":"ELIXIR DE DAUPHIN DE PATAGONIE\u00a0: Il est un Ma\u00eetre accompagnant notre cheminement spirituel. Il permet de voir le chemin parcouru. Avec compassion, mais de fa\u00e7on implacable, il met face \u00e0 la r\u00e9alit\u00e9, nous \u00f4tant nos illusions. Lorsque l\u2019on est sinc\u00e8rement dans l\u2019accomplissement et la r\u00e9solution, il nous permet d\u2019\u00e9quilibrer la\u2026","rel":"","context":"Article similaire","block_context":{"text":"Article similaire","link":""},"img":{"alt_text":"","src":"","width":0,"height":0},"classes":[]},{"id":5854,"url":"https:\/\/artstella-elixirs-floraux.com\/fr_fr\/produit\/baleine-franche-glattwal-southern-right-whale-phi\/","url_meta":{"origin":4223,"position":4},"title":"Baleine franche &#8211; Glattwal (Southern Right Whale) PHI","author":"eveapprill","date":"9 mars 2025","format":false,"excerpt":"Baleine franche - Glattwal (Southern Right Whale) Cette baleine \u00e9met des sons sur un tr\u00e8s large spectre. Elle nous ouvre \u00e0 une exp\u00e9rience de la quatri\u00e8me et la cinqui\u00e8me dimension. Nous comprenons que nous sommes tous connect\u00e9s et que la s\u00e9paration est illusion. Accompagne les m\u00e9ditations et les exp\u00e9riences transpersonnelles.\u2026","rel":"","context":"Article similaire","block_context":{"text":"Article similaire","link":""},"img":{"alt_text":"","src":"","width":0,"height":0},"classes":[]},{"id":4215,"url":"https:\/\/artstella-elixirs-floraux.com\/fr_fr\/produit\/crow-corbeau-wea-30-ml\/","url_meta":{"origin":4223,"position":5},"title":"CROW\/CORBEAU WEA 30 ML","author":"eveapprill","date":"9 mars 2025","format":false,"excerpt":"Crow (corbeau\/corneille) Favorise le d\u00e9veloppement des capacit\u00e9s intuitives et du pouvoir chamanique. Pour se d\u00e9placer entre les diff\u00e9rents royaumes, pour transpercer l\u2019illusion. \u00ab\u00a0Ouvrez vos yeux, ouvrez vos oreilles, car tout n\u2019est pas comme il para\u00eet\u00a0\u00bb.","rel":"","context":"Article similaire","block_context":{"text":"Article similaire","link":""},"img":{"alt_text":"","src":"https:\/\/i0.wp.com\/artstella-elixirs-floraux.com\/wp-content\/uploads\/2025\/03\/wp-image2252.png?resize=350%2C200&ssl=1","width":350,"height":200,"srcset":"https:\/\/i0.wp.com\/artstella-elixirs-floraux.com\/wp-content\/uploads\/2025\/03\/wp-image2252.png?resize=350%2C200&ssl=1 1x, https:\/\/i0.wp.com\/artstella-elixirs-floraux.com\/wp-content\/uploads\/2025\/03\/wp-image2252.png?resize=525%2C300&ssl=1 1.5x"},"classes":[]}],"_links":{"self":[{"href":"https:\/\/artstella-elixirs-floraux.com\/fr_fr\/wp-json\/wp\/v2\/product\/4223","targetHints":{"allow":["GET"]}}],"collection":[{"href":"https:\/\/artstella-elixirs-floraux.com\/fr_fr\/wp-json\/wp\/v2\/product"}],"about":[{"href":"https:\/\/artstella-elixirs-floraux.com\/fr_fr\/wp-json\/wp\/v2\/types\/product"}],"version-history":[{"count":0,"href":"https:\/\/artstella-elixirs-floraux.com\/fr_fr\/wp-json\/wp\/v2\/product\/4223\/revisions"}],"wp:featuredmedia":[{"embeddable":true,"href":"https:\/\/artstella-elixirs-floraux.com\/fr_fr\/wp-json\/wp\/v2\/media\/4224"}],"wp:attachment":[{"href":"https:\/\/artstella-elixirs-floraux.com\/fr_fr\/wp-json\/wp\/v2\/media?parent=4223"}],"wp:term":[{"taxonomy":"product_brand","embeddable":true,"href":"https:\/\/artstella-elixirs-floraux.com\/fr_fr\/wp-json\/wp\/v2\/product_brand?post=4223"},{"taxonomy":"product_cat","embeddable":true,"href":"https:\/\/artstella-elixirs-floraux.com\/fr_fr\/wp-json\/wp\/v2\/product_cat?post=4223"},{"taxonomy":"product_tag","embeddable":true,"href":"https:\/\/artstella-elixirs-floraux.com\/fr_fr\/wp-json\/wp\/v2\/product_tag?post=4223"}],"curies":[{"name":"wp","href":"https:\/\/api.w.org\/{rel}","templated":true}]}}