{"id":4225,"date":"2025-03-09T13:22:51","date_gmt":"2025-03-09T13:22:51","guid":{"rendered":"https:\/\/artstella-elixirs-floraux.com\/product\/eagle-aigle-wea-30-ml\/"},"modified":"2025-05-05T12:48:25","modified_gmt":"2025-05-05T12:48:25","slug":"eagle-aigle-wea-30-ml","status":"publish","type":"product","link":"https:\/\/artstella-elixirs-floraux.com\/fr_fr\/produit\/eagle-aigle-wea-30-ml\/","title":{"rendered":"EAGLE\/AIGLE WEA 30 ML"},"content":{"rendered":"","protected":false},"excerpt":{"rendered":"<p><strong><em>Eagle (aigle)<\/em><\/strong><\/p>\n<p>Pour s\u2019envoler au-dessus des probl\u00e8mes terrestres et gagner en perspective et en clart\u00e9. Favorise la vision spirituelle et cr\u00e9ative. Aide \u00e0 s\u2019ouvrir au Divin pour l\u2019inspiration cr\u00e9atrice et la direction. Pour voler majestueusement avec le Grand Esprit.<\/p>\n","protected":false},"featured_media":4226,"template":"","meta":[],"product_brand":[],"product_cat":[145],"product_tag":[],"class_list":{"0":"post-4225","1":"product","2":"type-product","3":"status-publish","4":"has-post-thumbnail","6":"product_cat-les-elixirs-d-animaux","8":"first","9":"instock","10":"taxable","11":"shipping-taxable","12":"purchasable","13":"product-type-simple"},"etheme_brands":{"errors":{"invalid_taxonomy":["Taxonomie non valide."]},"error_data":[]},"jetpack_sharing_enabled":true,"jetpack-related-posts":[{"id":3962,"url":"https:\/\/artstella-elixirs-floraux.com\/fr_fr\/produit\/aigle-a-tete-blanche-15-ml-phi\/","url_meta":{"origin":4225,"position":0},"title":"AIGLE A TETE BLANCHE 15 ML PHI","author":"eveapprill","date":"9 mars 2025","format":false,"excerpt":"Aigle \u00e0 t\u00eate blanche (Haliaetus leucocephalus) (Weisskopfseeadler) Il \u00e9tablit une clart\u00e9 de l\u2019esprit, renforce une vision plus large des choses,","rel":"","context":"Article similaire","block_context":{"text":"Article similaire","link":""},"img":{"alt_text":"","src":"","width":0,"height":0},"classes":[]},{"id":4563,"url":"https:\/\/artstella-elixirs-floraux.com\/fr_fr\/produit\/coffret-10-elixirs-danimaux-dafrique\/","url_meta":{"origin":4225,"position":1},"title":"COFFRET 10 \u00e9lixirs d&rsquo;ANIMAUX D&rsquo;AFRIQUE","author":"eveapprill","date":"9 mars 2025","format":false,"excerpt":"Contient 10 flacon d'\u00e9liixirs d'animaux d'Afrique : Singe, El\u00e9phant, Hippopotame, Gnou, L\u00e9opard, Lion, Rhinoc\u00e9ros, Autruche, Aigle \u00e0 t\u00ebte blanche, Serpent.","rel":"","context":"Article similaire","block_context":{"text":"Article similaire","link":""},"img":{"alt_text":"","src":"https:\/\/i0.wp.com\/artstella-elixirs-floraux.com\/wp-content\/uploads\/2025\/03\/wp-image1164.png?resize=350%2C200&ssl=1","width":350,"height":200,"srcset":"https:\/\/i0.wp.com\/artstella-elixirs-floraux.com\/wp-content\/uploads\/2025\/03\/wp-image1164.png?resize=350%2C200&ssl=1 1x, https:\/\/i0.wp.com\/artstella-elixirs-floraux.com\/wp-content\/uploads\/2025\/03\/wp-image1164.png?resize=525%2C300&ssl=1 1.5x, https:\/\/i0.wp.com\/artstella-elixirs-floraux.com\/wp-content\/uploads\/2025\/03\/wp-image1164.png?resize=700%2C400&ssl=1 2x"},"classes":[]},{"id":6325,"url":"https:\/\/artstella-elixirs-floraux.com\/fr_fr\/produit\/septieme-chakra-weae-30ml\/","url_meta":{"origin":4225,"position":2},"title":"SEPTIEME CHAKRA WEAE 30 ml","author":"eveapprill","date":"9 mars 2025","format":false,"excerpt":"Seventh Chakra Essence fournit un soutien pour recevoir les dons du septi\u00e8me chakra, y compris: \u00eatre en unit\u00e9 avec l'esprit, recevoir des conseils sup\u00e9rieurs, la connexion divine.","rel":"","context":"Article similaire","block_context":{"text":"Article similaire","link":""},"img":{"alt_text":"","src":"https:\/\/i0.wp.com\/artstella-elixirs-floraux.com\/wp-content\/uploads\/2025\/03\/1f748c53-28aa-4d2b-a2a4-484c606e5bf4.jpg?resize=350%2C200&ssl=1","width":350,"height":200,"srcset":"https:\/\/i0.wp.com\/artstella-elixirs-floraux.com\/wp-content\/uploads\/2025\/03\/1f748c53-28aa-4d2b-a2a4-484c606e5bf4.jpg?resize=350%2C200&ssl=1 1x, https:\/\/i0.wp.com\/artstella-elixirs-floraux.com\/wp-content\/uploads\/2025\/03\/1f748c53-28aa-4d2b-a2a4-484c606e5bf4.jpg?resize=525%2C300&ssl=1 1.5x, https:\/\/i0.wp.com\/artstella-elixirs-floraux.com\/wp-content\/uploads\/2025\/03\/1f748c53-28aa-4d2b-a2a4-484c606e5bf4.jpg?resize=700%2C400&ssl=1 2x"},"classes":[]},{"id":6341,"url":"https:\/\/artstella-elixirs-floraux.com\/fr_fr\/produit\/shadow-facing-15ml-ltoe\/","url_meta":{"origin":4225,"position":3},"title":"Shadow Facing 15ml LTOE","author":"eveapprill","date":"9 mars 2025","format":false,"excerpt":"800x600 Normal 0 21 false false false FR X-NONE X-NONE MicrosoftInternetExplorer4 \/* Style Definitions *\/ table.MsoNormalTable {mso-style-name:\"Tableau Normal\"; mso-tstyle-rowband-size:0; mso-tstyle-colband-size:0; mso-style-noshow:yes; mso-style-priority:99; mso-style-parent:\"\"; mso-padding-alt:0cm 5.4pt 0cm 5.4pt; mso-para-margin:0cm; mso-para-margin-bottom:.0001pt; mso-pagination:widow-orphan; font-size:10.0pt; font-family:\"Times New Roman\",serif;} Shadow Facing\u00a0 ou Sound of Thunder\u2013 Face \u00e0 l\u2019ombre ou Tonnerre Dracula chimaera (Columbia) Connecte avec\u2026","rel":"","context":"Article similaire","block_context":{"text":"Article similaire","link":""},"img":{"alt_text":"","src":"https:\/\/i0.wp.com\/artstella-elixirs-floraux.com\/wp-content\/uploads\/2025\/03\/wp-image2345.png?resize=350%2C200&ssl=1","width":350,"height":200},"classes":[]}],"_links":{"self":[{"href":"https:\/\/artstella-elixirs-floraux.com\/fr_fr\/wp-json\/wp\/v2\/product\/4225","targetHints":{"allow":["GET"]}}],"collection":[{"href":"https:\/\/artstella-elixirs-floraux.com\/fr_fr\/wp-json\/wp\/v2\/product"}],"about":[{"href":"https:\/\/artstella-elixirs-floraux.com\/fr_fr\/wp-json\/wp\/v2\/types\/product"}],"version-history":[{"count":0,"href":"https:\/\/artstella-elixirs-floraux.com\/fr_fr\/wp-json\/wp\/v2\/product\/4225\/revisions"}],"wp:featuredmedia":[{"embeddable":true,"href":"https:\/\/artstella-elixirs-floraux.com\/fr_fr\/wp-json\/wp\/v2\/media\/4226"}],"wp:attachment":[{"href":"https:\/\/artstella-elixirs-floraux.com\/fr_fr\/wp-json\/wp\/v2\/media?parent=4225"}],"wp:term":[{"taxonomy":"product_brand","embeddable":true,"href":"https:\/\/artstella-elixirs-floraux.com\/fr_fr\/wp-json\/wp\/v2\/product_brand?post=4225"},{"taxonomy":"product_cat","embeddable":true,"href":"https:\/\/artstella-elixirs-floraux.com\/fr_fr\/wp-json\/wp\/v2\/product_cat?post=4225"},{"taxonomy":"product_tag","embeddable":true,"href":"https:\/\/artstella-elixirs-floraux.com\/fr_fr\/wp-json\/wp\/v2\/product_tag?post=4225"}],"curies":[{"name":"wp","href":"https:\/\/api.w.org\/{rel}","templated":true}]}}