{"id":4233,"date":"2025-03-09T13:23:01","date_gmt":"2025-03-09T13:23:01","guid":{"rendered":"https:\/\/artstella-elixirs-floraux.com\/product\/gazelle-wea-30-ml\/"},"modified":"2025-05-05T12:48:22","modified_gmt":"2025-05-05T12:48:22","slug":"gazelle-wea-30-ml","status":"publish","type":"product","link":"https:\/\/artstella-elixirs-floraux.com\/fr_fr\/produit\/gazelle-wea-30-ml\/","title":{"rendered":"GAZELLE WEA 30 ML"},"content":{"rendered":"","protected":false},"excerpt":{"rendered":"<p><strong><em>Gazelle <\/em><\/strong><\/p>\n<p>Aide \u00e0 faire face \u00e0 sa propre vuln\u00e9rabilit\u00e9 et \u00e0 apprendre la force d\u2019une saine vuln\u00e9rabilit\u00e9. Pour \u00eatre en s\u00e9curit\u00e9 dans le monde. Aide \u00e0 d\u00e9velopper un fort sens de vigilance et de conscience<\/p>\n","protected":false},"featured_media":4234,"template":"","meta":[],"product_brand":[],"product_cat":[145],"product_tag":[],"class_list":{"0":"post-4233","1":"product","2":"type-product","3":"status-publish","4":"has-post-thumbnail","6":"product_cat-les-elixirs-d-animaux","8":"first","9":"instock","10":"taxable","11":"shipping-taxable","12":"purchasable","13":"product-type-simple"},"etheme_brands":{"errors":{"invalid_taxonomy":["Taxonomie non valide."]},"error_data":[]},"jetpack_sharing_enabled":true,"jetpack-related-posts":[{"id":6337,"url":"https:\/\/artstella-elixirs-floraux.com\/fr_fr\/produit\/espinillo-mimosa-du-chili-15-ml-sylfos\/","url_meta":{"origin":4233,"position":0},"title":"ESPINILLO \u2013 MIMOSA DU CHILI 15 ml SYLFOS","author":"eveapprill","date":"9 mars 2025","format":false,"excerpt":"ESPINILLO \u2013 MIMOSA DU CHILI\u00a0 Vachellia caven Amertume, vuln\u00e9rabilit\u00e9, incapacit\u00e9 \u00e0 se pardonner, sensibilit\u00e9 excessive. Le Mimosa du Chili agit comme un antid\u00e9presseur et poss\u00e8de une action \u00e9nergisante naturelle. Il sera recommand\u00e9 en cas d'incapacit\u00e9 \u00e0 se pardonner et lorsque la personne a besoin d'\u00eatre surla d\u00e9fensive face \u00e0 toute\u2026","rel":"","context":"Article similaire","block_context":{"text":"Article similaire","link":""},"img":{"alt_text":"","src":"https:\/\/i0.wp.com\/artstella-elixirs-floraux.com\/wp-content\/uploads\/2025\/03\/ESPINILLO.jpg?resize=350%2C200&ssl=1","width":350,"height":200},"classes":[]},{"id":12362,"url":"https:\/\/artstella-elixirs-floraux.com\/fr_fr\/produit\/pierre-de-croix-piedra-cruz-15ml-sylfos\/","url_meta":{"origin":4233,"position":1},"title":"PIERRE DE CROIX- PIEDRA CRUZ 15ml Sylfos","author":"eveapprill","date":"16 mars 2026","format":false,"excerpt":"La Pierre de la Croix prot\u00e8ge et apporte de la stabilit\u00e9 dans les moments de crise ou de vuln\u00e9rabilit\u00e9. Elle aide \u00e0 maintenir son centre int\u00e9rieur face \u00e0 la peur ou \u00e0 la d\u00e9sorientation. Elle est utile dans les processus difficiles ou les transformations profondes. Son \u00e9nergie renforce la confiance\u2026","rel":"","context":"Article similaire","block_context":{"text":"Article similaire","link":""},"img":{"alt_text":"","src":"https:\/\/i0.wp.com\/artstella-elixirs-floraux.com\/wp-content\/uploads\/2026\/03\/PiedraCruz_1.png?resize=350%2C200&ssl=1","width":350,"height":200},"classes":[]},{"id":5424,"url":"https:\/\/artstella-elixirs-floraux.com\/fr_fr\/produit\/coquelicot-rouge-red-poppy\/","url_meta":{"origin":4233,"position":2},"title":"Coquelicot rouge &#8211; RED POPPY","author":"eveapprill","date":"9 mars 2025","format":false,"excerpt":"Papaver rhoeas(Coquelicot rouge) Apporte chaleur et force \u00e0 ceux qui se sentent vuln\u00e9rables et d\u00e9munis. En soutenant\u00a0\u00a0la \u00ab\u00a0femme int\u00e9rieure\u00a0\u00bb, cet \u00e9lixir donne la force de transformer sa vuln\u00e9rabilit\u00e9 gr\u00e2ce \u00e0 une connexion avec le f\u00e9minin de la Terre. Augmente la qualit\u00e9 int\u00e9rieure de l\u2019amour.","rel":"","context":"Article similaire","block_context":{"text":"Article similaire","link":""},"img":{"alt_text":"","src":"","width":0,"height":0},"classes":[]},{"id":4207,"url":"https:\/\/artstella-elixirs-floraux.com\/fr_fr\/produit\/butterfly-papillon-wea-30-ml\/","url_meta":{"origin":4233,"position":3},"title":"BUTTERFLY\/PAPILLON WEA 30 ML","author":"eveapprill","date":"9 mars 2025","format":false,"excerpt":"Butterfly (papillon) Catalyseur de transformation, cet \u00e9lixir apporte le soutien dans les moments de transition \u00e9motionnelle et spirituelle. Pour l\u00e2cher prise et aller de l\u2019avant. D\u00e9veloppe la l\u00e9g\u00e8ret\u00e9, la gr\u00e2ce, et l\u2019\u00e9quilibre entre la vuln\u00e9rabilit\u00e9 et la force.","rel":"","context":"Article similaire","block_context":{"text":"Article similaire","link":""},"img":{"alt_text":"","src":"","width":0,"height":0},"classes":[]},{"id":3976,"url":"https:\/\/artstella-elixirs-floraux.com\/fr_fr\/produit\/elephant-15-ml-phi\/","url_meta":{"origin":4233,"position":4},"title":"ELEPHANT 15 ML PHI","author":"eveapprill","date":"9 mars 2025","format":false,"excerpt":"\u00c9l\u00e9phant (Loxodonta africana) aide les personnes sensibles qui hyper-r\u00e9agissent face \u00e0 leur environnement, \u00e0 mieux se prot\u00e9ger et d\u00e9fendre leurs limites. Il aide \u00e0 avoir la \u00ab\u00a0peau \u00e9paisse\u00a0\u00bb.","rel":"","context":"Article similaire","block_context":{"text":"Article similaire","link":""},"img":{"alt_text":"","src":"","width":0,"height":0},"classes":[]},{"id":5452,"url":"https:\/\/artstella-elixirs-floraux.com\/fr_fr\/produit\/digitale-foxglove-vingerhoedskruid-10ml\/","url_meta":{"origin":4233,"position":5},"title":"Digitale &#8211; Foxglove- VINGERHOEDSKRUID 10ml","author":"eveapprill","date":"9 mars 2025","format":false,"excerpt":"Digitale \/ Digitalis purpurea (foxglove) Pour d\u00e9passer le mental. Facilite les processus mentaux et permet de recontacter le c\u0153ur. Nous aide \u00e0 nous lib\u00e9rer de sch\u00e9mas de comportements que nous pensons devoir avoir.","rel":"","context":"Article similaire","block_context":{"text":"Article similaire","link":""},"img":{"alt_text":"","src":"","width":0,"height":0},"classes":[]}],"_links":{"self":[{"href":"https:\/\/artstella-elixirs-floraux.com\/fr_fr\/wp-json\/wp\/v2\/product\/4233","targetHints":{"allow":["GET"]}}],"collection":[{"href":"https:\/\/artstella-elixirs-floraux.com\/fr_fr\/wp-json\/wp\/v2\/product"}],"about":[{"href":"https:\/\/artstella-elixirs-floraux.com\/fr_fr\/wp-json\/wp\/v2\/types\/product"}],"version-history":[{"count":0,"href":"https:\/\/artstella-elixirs-floraux.com\/fr_fr\/wp-json\/wp\/v2\/product\/4233\/revisions"}],"wp:featuredmedia":[{"embeddable":true,"href":"https:\/\/artstella-elixirs-floraux.com\/fr_fr\/wp-json\/wp\/v2\/media\/4234"}],"wp:attachment":[{"href":"https:\/\/artstella-elixirs-floraux.com\/fr_fr\/wp-json\/wp\/v2\/media?parent=4233"}],"wp:term":[{"taxonomy":"product_brand","embeddable":true,"href":"https:\/\/artstella-elixirs-floraux.com\/fr_fr\/wp-json\/wp\/v2\/product_brand?post=4233"},{"taxonomy":"product_cat","embeddable":true,"href":"https:\/\/artstella-elixirs-floraux.com\/fr_fr\/wp-json\/wp\/v2\/product_cat?post=4233"},{"taxonomy":"product_tag","embeddable":true,"href":"https:\/\/artstella-elixirs-floraux.com\/fr_fr\/wp-json\/wp\/v2\/product_tag?post=4233"}],"curies":[{"name":"wp","href":"https:\/\/api.w.org\/{rel}","templated":true}]}}