{"id":4235,"date":"2025-03-09T13:23:03","date_gmt":"2025-03-09T13:23:03","guid":{"rendered":"https:\/\/artstella-elixirs-floraux.com\/product\/girafe-wea-30-ml\/"},"modified":"2025-05-05T12:48:21","modified_gmt":"2025-05-05T12:48:21","slug":"girafe-wea-30-ml","status":"publish","type":"product","link":"https:\/\/artstella-elixirs-floraux.com\/fr_fr\/produit\/girafe-wea-30-ml\/","title":{"rendered":"GIRAFE WEA 30 ML"},"content":{"rendered":"","protected":false},"excerpt":{"rendered":"<p><strong><em>Giraffe (girafe) <\/em><\/strong><\/p>\n<p>Pour d\u00e9velopper la capacit\u00e9 \u00e0 voir le terrain de sa vie sous une plus grande et plus Claire perspective. Pour l\u2019expansion et la vision spirituelles, tout en restant bien ancr\u00e9.<\/p>\n","protected":false},"featured_media":4236,"template":"","meta":[],"product_brand":[],"product_cat":[145],"product_tag":[],"class_list":{"0":"post-4235","1":"product","2":"type-product","3":"status-publish","4":"has-post-thumbnail","6":"product_cat-les-elixirs-d-animaux","8":"first","9":"instock","10":"taxable","11":"shipping-taxable","12":"purchasable","13":"product-type-simple"},"etheme_brands":{"errors":{"invalid_taxonomy":["Taxonomie non valide."]},"error_data":[]},"jetpack_sharing_enabled":true,"jetpack-related-posts":[{"id":5868,"url":"https:\/\/artstella-elixirs-floraux.com\/fr_fr\/produit\/giraffe-giraffa-camelopardalis-15ml-phi\/","url_meta":{"origin":4235,"position":0},"title":"Giraffe (Giraffa camelopardalis) 15ml PHI","author":"eveapprill","date":"9 mars 2025","format":false,"excerpt":"Girafe - Giraffe (Giraffa camelopardalis) Cet \u00e9lixir nous aide \u00e0 renforcer \u00e9nerg\u00e9tiquement nos muscles dorsaux, conjointement avec des exercices. Nous apprenons \u00e0 nous relaxer et \u00e0 avoir une vision large sur la vie. Nous pouvons nous sentir plus confiants et plus en s\u00e9curit\u00e9.","rel":"","context":"Article similaire","block_context":{"text":"Article similaire","link":""},"img":{"alt_text":"","src":"","width":0,"height":0},"classes":[]},{"id":5532,"url":"https:\/\/artstella-elixirs-floraux.com\/fr_fr\/produit\/coffret-10-animaux-n2-phi-15ml\/","url_meta":{"origin":4235,"position":1},"title":"COFFRET 10 ANIMAUX N\u00b02 PHI 15ML","author":"eveapprill","date":"9 mars 2025","format":false,"excerpt":"Coffret n\u00b0 2 10 \u00e9lixirs d'animaux Contient : Alligator, Lamantin, Anaconda, Fourmi, Abeille, Chameau, Flamant rouge, Gibbon, Girafe, Gorille.","rel":"","context":"Article similaire","block_context":{"text":"Article similaire","link":""},"img":{"alt_text":"","src":"https:\/\/i0.wp.com\/artstella-elixirs-floraux.com\/wp-content\/uploads\/2025\/03\/wp-image1761.png?resize=350%2C200&ssl=1","width":350,"height":200},"classes":[]},{"id":4142,"url":"https:\/\/artstella-elixirs-floraux.com\/fr_fr\/produit\/icaro-sylfos-15ml-pap\/","url_meta":{"origin":4235,"position":2},"title":"ICARO SYLFOS 15ML PAP","author":"eveapprill","date":"9 mars 2025","format":false,"excerpt":"ICARO Polymmatus icarus Auto valorisation \u2013 Cr\u00e9ativit\u00e9 positive. Cet \u00e9lixir est particuli\u00e8rement adapt\u00e9 aux personnes qui croient que les autres ont plus de talent, ont plus \u00e0 offrir et \u00e0 donner, sont plus \u00e9l\u00e9gants, plus cr\u00e9atifs, mieux lotis qu\u2019eux...","rel":"","context":"Article similaire","block_context":{"text":"Article similaire","link":""},"img":{"alt_text":"","src":"","width":0,"height":0},"classes":[]},{"id":5828,"url":"https:\/\/artstella-elixirs-floraux.com\/fr_fr\/produit\/lama-lama-lama-glama-15-ml-phi\/","url_meta":{"origin":4235,"position":3},"title":"Lama &#8211; Lama (Lama glama) 15 ml PHI","author":"eveapprill","date":"9 mars 2025","format":false,"excerpt":"\u00a0 Lama - Lama (Lama glama)\u00a0 Cet \u00e9lixir nous aide \u00e0 devenir plus doux et plus sensible aux besoins de chacun. Il peut am\u00e9liorer la sensation de groupe, car il aide \u00e0 y \u00eatre plus chaleureux et plus en s\u00e9curit\u00e9. Il peut aider les personnes qui se sentent froide \u00e0\u2026","rel":"","context":"Article similaire","block_context":{"text":"Article similaire","link":""},"img":{"alt_text":"","src":"","width":0,"height":0},"classes":[]},{"id":6066,"url":"https:\/\/artstella-elixirs-floraux.com\/fr_fr\/produit\/elixir-ocean-n19-phi-15ml\/","url_meta":{"origin":4235,"position":4},"title":"ELIXIR OCEAN N\u00b019 PHI 15ML","author":"eveapprill","date":"9 mars 2025","format":false,"excerpt":"L\u2019\u00e9lixir stimule \u00e9nerg\u00e9tiquement le m\u00e9tabolisme et les processus internes. Sur le plan \u00e9motionnel, l\u2019\u00e9lixir apporte une lib\u00e9ration int\u00e9rieure, il aide \u00e0 l\u00e2cher consciemment l\u2019ancien et des \u00e9motions de fa\u00e7on \u00e0 laisser la place \u00e0 de nouvelles id\u00e9es et suggestions.","rel":"","context":"Article similaire","block_context":{"text":"Article similaire","link":""},"img":{"alt_text":"","src":"https:\/\/i0.wp.com\/artstella-elixirs-floraux.com\/wp-content\/uploads\/2025\/03\/wp-image2057.png?resize=350%2C200&ssl=1","width":350,"height":200},"classes":[]},{"id":6062,"url":"https:\/\/artstella-elixirs-floraux.com\/fr_fr\/produit\/elixir-ocean-n17-phi-15ml\/","url_meta":{"origin":4235,"position":5},"title":"ELIXIR OCEAN N\u00b017 PHI 15ML","author":"eveapprill","date":"9 mars 2025","format":false,"excerpt":"L\u2019\u00e9lixir agit sur les blocages tr\u00e8s profond\u00e9ment ancr\u00e9s dans le subconscient. Les sentiments tels la peur et la honte peuvent \u00eatre lib\u00e9r\u00e9s. Il aide \u00e0 d\u00e9velopper une clart\u00e9 int\u00e9rieure et am\u00e9liore l\u2019estime de soi.e.","rel":"","context":"Article similaire","block_context":{"text":"Article similaire","link":""},"img":{"alt_text":"","src":"","width":0,"height":0},"classes":[]}],"_links":{"self":[{"href":"https:\/\/artstella-elixirs-floraux.com\/fr_fr\/wp-json\/wp\/v2\/product\/4235","targetHints":{"allow":["GET"]}}],"collection":[{"href":"https:\/\/artstella-elixirs-floraux.com\/fr_fr\/wp-json\/wp\/v2\/product"}],"about":[{"href":"https:\/\/artstella-elixirs-floraux.com\/fr_fr\/wp-json\/wp\/v2\/types\/product"}],"version-history":[{"count":0,"href":"https:\/\/artstella-elixirs-floraux.com\/fr_fr\/wp-json\/wp\/v2\/product\/4235\/revisions"}],"wp:featuredmedia":[{"embeddable":true,"href":"https:\/\/artstella-elixirs-floraux.com\/fr_fr\/wp-json\/wp\/v2\/media\/4236"}],"wp:attachment":[{"href":"https:\/\/artstella-elixirs-floraux.com\/fr_fr\/wp-json\/wp\/v2\/media?parent=4235"}],"wp:term":[{"taxonomy":"product_brand","embeddable":true,"href":"https:\/\/artstella-elixirs-floraux.com\/fr_fr\/wp-json\/wp\/v2\/product_brand?post=4235"},{"taxonomy":"product_cat","embeddable":true,"href":"https:\/\/artstella-elixirs-floraux.com\/fr_fr\/wp-json\/wp\/v2\/product_cat?post=4235"},{"taxonomy":"product_tag","embeddable":true,"href":"https:\/\/artstella-elixirs-floraux.com\/fr_fr\/wp-json\/wp\/v2\/product_tag?post=4235"}],"curies":[{"name":"wp","href":"https:\/\/api.w.org\/{rel}","templated":true}]}}