{"id":4237,"date":"2025-03-09T13:23:05","date_gmt":"2025-03-09T13:23:05","guid":{"rendered":"https:\/\/artstella-elixirs-floraux.com\/product\/hippopotame-wea-30-ml\/"},"modified":"2025-05-05T12:48:04","modified_gmt":"2025-05-05T12:48:04","slug":"hippopotame-wea-30-ml","status":"publish","type":"product","link":"https:\/\/artstella-elixirs-floraux.com\/fr_fr\/produit\/hippopotame-wea-30-ml\/","title":{"rendered":"HIPPOPOTAME WEA 30 ML"},"content":{"rendered":"","protected":false},"excerpt":{"rendered":"<p><strong><em>Hippopotamus (hippopotame) <\/em><\/strong><\/p>\n<p>Apporte un ancrage et un soutien profonds et aide \u00e0 faire face aux probl\u00e8mes \u00e9motionnels non r\u00e9solus. Aide ceux qui ont besoin d\u2019apprendre \u00e0 comprendre et vivre en accord avec leurs sentiments. Favorise l\u2019int\u00e9gration des exp\u00e9riences physiques et \u00e9motionnelles.<\/p>\n","protected":false},"featured_media":4238,"template":"","meta":[],"product_brand":[],"product_cat":[145],"product_tag":[],"class_list":{"0":"post-4237","1":"product","2":"type-product","3":"status-publish","4":"has-post-thumbnail","6":"product_cat-les-elixirs-d-animaux","8":"first","9":"instock","10":"taxable","11":"shipping-taxable","12":"purchasable","13":"product-type-simple"},"etheme_brands":{"errors":{"invalid_taxonomy":["Taxonomie non valide."]},"error_data":[]},"jetpack_sharing_enabled":true,"jetpack-related-posts":[{"id":6315,"url":"https:\/\/artstella-elixirs-floraux.com\/fr_fr\/produit\/second-chakra-weae-30ml\/","url_meta":{"origin":4237,"position":0},"title":"SECOND CHAKRA WEAE 30ML","author":"eveapprill","date":"9 mars 2025","format":false,"excerpt":"Second Chakra Essence fournit un soutien pour recevoir les cadeaux du deuxi\u00e8me chakra, y compris: ressentir profond\u00e9ment, accepter sa vie \u00e9motionnelle, sa sexualit\u00e9, sa cr\u00e9ativit\u00e9, sa digestion.","rel":"","context":"Article similaire","block_context":{"text":"Article similaire","link":""},"img":{"alt_text":"","src":"https:\/\/i0.wp.com\/artstella-elixirs-floraux.com\/wp-content\/uploads\/2025\/03\/0c616d60-16b2-47e1-8d25-f8ccdc3e3a26.jpg?resize=350%2C200&ssl=1","width":350,"height":200,"srcset":"https:\/\/i0.wp.com\/artstella-elixirs-floraux.com\/wp-content\/uploads\/2025\/03\/0c616d60-16b2-47e1-8d25-f8ccdc3e3a26.jpg?resize=350%2C200&ssl=1 1x, https:\/\/i0.wp.com\/artstella-elixirs-floraux.com\/wp-content\/uploads\/2025\/03\/0c616d60-16b2-47e1-8d25-f8ccdc3e3a26.jpg?resize=525%2C300&ssl=1 1.5x, https:\/\/i0.wp.com\/artstella-elixirs-floraux.com\/wp-content\/uploads\/2025\/03\/0c616d60-16b2-47e1-8d25-f8ccdc3e3a26.jpg?resize=700%2C400&ssl=1 2x"},"classes":[]},{"id":3946,"url":"https:\/\/artstella-elixirs-floraux.com\/fr_fr\/produit\/hippopotame-15-ml-phi\/","url_meta":{"origin":4237,"position":1},"title":"HIPPOPOTAME 15 ML PHI","author":"eveapprill","date":"9 mars 2025","format":false,"excerpt":"Hippopotame (Hippopotamus amphibius) Pour \u00eatre s\u00fbr de soi. L\u2019\u00e9lixir am\u00e9liore la paix int\u00e9rieure. Pour se laisser aller dans ses sentiments et \u00eatre authentique.","rel":"","context":"Article similaire","block_context":{"text":"Article similaire","link":""},"img":{"alt_text":"","src":"","width":0,"height":0},"classes":[]},{"id":1961,"url":"https:\/\/artstella-elixirs-floraux.com\/fr_fr\/produit\/hippopotamus-calf-30ml-wea\/","url_meta":{"origin":4237,"position":2},"title":"HIPPOPOTAMUS CALF 30ML WEA","author":"eveapprill","date":"9 septembre 2025","format":false,"excerpt":"Hippopotamus Calf (b\u00e9b\u00e9 hippopotame) apporte la chaleur nourrici\u00e8re n\u00e9cessaire pour ressentir et exprimer les sentiments cach\u00e9s au fond de nous suite aux blessures de l\u2019enfance. Nous aide \u00e0 nous connecter avec, ressentir et exprimer les sentiments r\u00e9prim\u00e9s suite \u00e0 des blessures\/traumatismes du pass\u00e9 qui doivent \u00eatre lib\u00e9r\u00e9s pour que la\u2026","rel":"","context":"Article similaire","block_context":{"text":"Article similaire","link":""},"img":{"alt_text":"","src":"https:\/\/i0.wp.com\/artstella-elixirs-floraux.com\/wp-content\/uploads\/2025\/05\/Hippocalf.jpg?resize=350%2C200&ssl=1","width":350,"height":200,"srcset":"https:\/\/i0.wp.com\/artstella-elixirs-floraux.com\/wp-content\/uploads\/2025\/05\/Hippocalf.jpg?resize=350%2C200&ssl=1 1x, https:\/\/i0.wp.com\/artstella-elixirs-floraux.com\/wp-content\/uploads\/2025\/05\/Hippocalf.jpg?resize=525%2C300&ssl=1 1.5x, https:\/\/i0.wp.com\/artstella-elixirs-floraux.com\/wp-content\/uploads\/2025\/05\/Hippocalf.jpg?resize=700%2C400&ssl=1 2x"},"classes":[]},{"id":4563,"url":"https:\/\/artstella-elixirs-floraux.com\/fr_fr\/produit\/coffret-10-elixirs-danimaux-dafrique\/","url_meta":{"origin":4237,"position":3},"title":"COFFRET 10 \u00e9lixirs d&rsquo;ANIMAUX D&rsquo;AFRIQUE","author":"eveapprill","date":"9 mars 2025","format":false,"excerpt":"Contient 10 flacon d'\u00e9liixirs d'animaux d'Afrique : Singe, El\u00e9phant, Hippopotame, Gnou, L\u00e9opard, Lion, Rhinoc\u00e9ros, Autruche, Aigle \u00e0 t\u00ebte blanche, Serpent.","rel":"","context":"Article similaire","block_context":{"text":"Article similaire","link":""},"img":{"alt_text":"","src":"https:\/\/i0.wp.com\/artstella-elixirs-floraux.com\/wp-content\/uploads\/2025\/03\/wp-image1164.png?resize=350%2C200&ssl=1","width":350,"height":200,"srcset":"https:\/\/i0.wp.com\/artstella-elixirs-floraux.com\/wp-content\/uploads\/2025\/03\/wp-image1164.png?resize=350%2C200&ssl=1 1x, https:\/\/i0.wp.com\/artstella-elixirs-floraux.com\/wp-content\/uploads\/2025\/03\/wp-image1164.png?resize=525%2C300&ssl=1 1.5x, https:\/\/i0.wp.com\/artstella-elixirs-floraux.com\/wp-content\/uploads\/2025\/03\/wp-image1164.png?resize=700%2C400&ssl=1 2x"},"classes":[]},{"id":2536,"url":"https:\/\/artstella-elixirs-floraux.com\/fr_fr\/produit\/hematite\/","url_meta":{"origin":4237,"position":4},"title":"HEMATITE","author":"eveapprill","date":"9 mars 2025","format":false,"excerpt":"HEMATITE Renforce les fronti\u00e8res dans le corps \u00e9motionnel ; soutient l\u2019ind\u00e9pendance \u00e9motionnelle plut\u00f4t que la d\u00e9pendance ; aide \u00e0 maintenir un d\u00e9tachement compassionn\u00e9 en observant des \u00e9motions intenses chez les autres ; aide \u00e0 contenir nos propres \u00e9motions de fa\u00e7on responsable.","rel":"","context":"Article similaire","block_context":{"text":"Article similaire","link":""},"img":{"alt_text":"","src":"https:\/\/i0.wp.com\/artstella-elixirs-floraux.com\/wp-content\/uploads\/2025\/03\/wp-image208.png?resize=350%2C200&ssl=1","width":350,"height":200,"srcset":"https:\/\/i0.wp.com\/artstella-elixirs-floraux.com\/wp-content\/uploads\/2025\/03\/wp-image208.png?resize=350%2C200&ssl=1 1x, https:\/\/i0.wp.com\/artstella-elixirs-floraux.com\/wp-content\/uploads\/2025\/03\/wp-image208.png?resize=525%2C300&ssl=1 1.5x"},"classes":[]},{"id":4046,"url":"https:\/\/artstella-elixirs-floraux.com\/fr_fr\/produit\/mayu-genet-15-ml-sylfos\/","url_meta":{"origin":4237,"position":5},"title":"MAYU \/ GENET DE NOUVELLE ZELANDE SYLFOS","author":"eveapprill","date":"9 mars 2025","format":false,"excerpt":"MAY\u00da Sophora macrocarpa Communication, concentration, \u00e9quilibre \u00e9motionnel Aide \u00e0 verbaliser les \u00e9motions.","rel":"","context":"Article similaire","block_context":{"text":"Article similaire","link":""},"img":{"alt_text":"","src":"","width":0,"height":0},"classes":[]}],"_links":{"self":[{"href":"https:\/\/artstella-elixirs-floraux.com\/fr_fr\/wp-json\/wp\/v2\/product\/4237","targetHints":{"allow":["GET"]}}],"collection":[{"href":"https:\/\/artstella-elixirs-floraux.com\/fr_fr\/wp-json\/wp\/v2\/product"}],"about":[{"href":"https:\/\/artstella-elixirs-floraux.com\/fr_fr\/wp-json\/wp\/v2\/types\/product"}],"version-history":[{"count":0,"href":"https:\/\/artstella-elixirs-floraux.com\/fr_fr\/wp-json\/wp\/v2\/product\/4237\/revisions"}],"wp:featuredmedia":[{"embeddable":true,"href":"https:\/\/artstella-elixirs-floraux.com\/fr_fr\/wp-json\/wp\/v2\/media\/4238"}],"wp:attachment":[{"href":"https:\/\/artstella-elixirs-floraux.com\/fr_fr\/wp-json\/wp\/v2\/media?parent=4237"}],"wp:term":[{"taxonomy":"product_brand","embeddable":true,"href":"https:\/\/artstella-elixirs-floraux.com\/fr_fr\/wp-json\/wp\/v2\/product_brand?post=4237"},{"taxonomy":"product_cat","embeddable":true,"href":"https:\/\/artstella-elixirs-floraux.com\/fr_fr\/wp-json\/wp\/v2\/product_cat?post=4237"},{"taxonomy":"product_tag","embeddable":true,"href":"https:\/\/artstella-elixirs-floraux.com\/fr_fr\/wp-json\/wp\/v2\/product_tag?post=4237"}],"curies":[{"name":"wp","href":"https:\/\/api.w.org\/{rel}","templated":true}]}}