{"id":4271,"date":"2025-03-09T13:23:53","date_gmt":"2025-03-09T13:23:53","guid":{"rendered":"https:\/\/artstella-elixirs-floraux.com\/product\/spider-araignee-wea-30-ml\/"},"modified":"2025-05-05T12:41:48","modified_gmt":"2025-05-05T12:41:48","slug":"spider-araignee-wea-30-ml","status":"publish","type":"product","link":"https:\/\/artstella-elixirs-floraux.com\/fr_fr\/produit\/spider-araignee-wea-30-ml\/","title":{"rendered":"SPIDER\/ARAIGNEE WEA 30 ML"},"content":{"rendered":"","protected":false},"excerpt":{"rendered":"<p><strong><em>Spider (araign\u00e9e)<\/em><\/strong><\/p>\n<p>En \u00ab\u00a0tisseur de toile\u00a0\u00bb, Spider facilite la connexion et l\u2019int\u00e9gration int\u00e9rieures. Il d\u00e9veloppe un sens d\u2019appartenance, de connexion et de compl\u00e9tude. Pour lier les divers aspects de soi.<\/p>\n","protected":false},"featured_media":4272,"template":"","meta":[],"product_brand":[],"product_cat":[145],"product_tag":[],"class_list":{"0":"post-4271","1":"product","2":"type-product","3":"status-publish","4":"has-post-thumbnail","6":"product_cat-les-elixirs-d-animaux","8":"first","9":"instock","10":"taxable","11":"shipping-taxable","12":"purchasable","13":"product-type-simple"},"etheme_brands":{"errors":{"invalid_taxonomy":["Taxonomie non valide."]},"error_data":[]},"jetpack_sharing_enabled":true,"jetpack-related-posts":[{"id":4269,"url":"https:\/\/artstella-elixirs-floraux.com\/fr_fr\/produit\/snake-serpent-wea-30-ml\/","url_meta":{"origin":4271,"position":0},"title":"SNAKE\/SERPENT WEA 30 ML","author":"eveapprill","date":"9 mars 2025","format":false,"excerpt":"Snake (serpent) En Ma\u00eetre chamanique, Snake facilite l\u2019initiation aux royaumes les plus profonds et transpersonnels de la psych\u00e9. Il est un puissant soutien pour la transformation aux niveaux les plus profonds. Pour s\u2019\u00e9veiller aux myst\u00e8res les plus profonds. Spider (araign\u00e9e)","rel":"","context":"Article similaire","block_context":{"text":"Article similaire","link":""},"img":{"alt_text":"","src":"https:\/\/i0.wp.com\/artstella-elixirs-floraux.com\/wp-content\/uploads\/2025\/03\/wp-image2275.png?resize=350%2C200&ssl=1","width":350,"height":200,"srcset":"https:\/\/i0.wp.com\/artstella-elixirs-floraux.com\/wp-content\/uploads\/2025\/03\/wp-image2275.png?resize=350%2C200&ssl=1 1x, https:\/\/i0.wp.com\/artstella-elixirs-floraux.com\/wp-content\/uploads\/2025\/03\/wp-image2275.png?resize=525%2C300&ssl=1 1.5x, https:\/\/i0.wp.com\/artstella-elixirs-floraux.com\/wp-content\/uploads\/2025\/03\/wp-image2275.png?resize=700%2C400&ssl=1 2x, https:\/\/i0.wp.com\/artstella-elixirs-floraux.com\/wp-content\/uploads\/2025\/03\/wp-image2275.png?resize=1050%2C600&ssl=1 3x"},"classes":[]},{"id":4416,"url":"https:\/\/artstella-elixirs-floraux.com\/fr_fr\/produit\/green-spider-orchid-15-ml-bush\/","url_meta":{"origin":4271,"position":1},"title":"GREEN SPIDER ORCHID 15 ML BUSH","author":"eveapprill","date":"9 mars 2025","format":false,"excerpt":"Green Spider orchid Cauchemars et phobies dus aux vies ant\u00e9rieures, ne pas supporter la vie du sang. Apprendre \u00e0 ne pas divulguer certaines informations, communication t\u00e9l\u00e9pathique, \u00eatre en harmonie.","rel":"","context":"Article similaire","block_context":{"text":"Article similaire","link":""},"img":{"alt_text":"","src":"https:\/\/i0.wp.com\/artstella-elixirs-floraux.com\/wp-content\/uploads\/2025\/03\/wp-image1029.png?resize=350%2C200&ssl=1","width":350,"height":200},"classes":[]},{"id":2657,"url":"https:\/\/artstella-elixirs-floraux.com\/fr_fr\/produit\/grey-spider-flower-15-ml-bush\/","url_meta":{"origin":4271,"position":2},"title":"GREY SPIDER FLOWER 15 ML BUSH","author":"eveapprill","date":"9 mars 2025","format":false,"excerpt":"Green Spider Flower Cauchemars et phobies dus aux vies ant\u00e9rieures, ne pas supporter la vie du sang. Apprendre \u00e0 ne pas divulguer certaines informations, communication t\u00e9l\u00e9pathique, \u00eatre en harmonie.","rel":"","context":"Article similaire","block_context":{"text":"Article similaire","link":""},"img":{"alt_text":"","src":"https:\/\/i0.wp.com\/artstella-elixirs-floraux.com\/wp-content\/uploads\/2025\/03\/wp-image606.png?resize=350%2C200&ssl=1","width":350,"height":200},"classes":[]},{"id":4414,"url":"https:\/\/artstella-elixirs-floraux.com\/fr_fr\/produit\/green-essence-15-ml-bush\/","url_meta":{"origin":4271,"position":3},"title":"GREEN ESSENCE 15 ML BUSH","author":"eveapprill","date":"27 mai 2025","format":false,"excerpt":"Green Spider Flower Cauchemars et phobies dus aux vies ant\u00e9rieures, ne pas supporter la vie du sang. Apprendre \u00e0 ne pas divulguer certaines informations, communication t\u00e9l\u00e9pathique, \u00eatre en harmonie.","rel":"","context":"Article similaire","block_context":{"text":"Article similaire","link":""},"img":{"alt_text":"","src":"","width":0,"height":0},"classes":[]},{"id":3926,"url":"https:\/\/artstella-elixirs-floraux.com\/fr_fr\/produit\/araignee-a-e-15-ml-phi\/","url_meta":{"origin":4271,"position":4},"title":"ARAIGNEE A.E 15 ML PHI","author":"eveapprill","date":"9 mars 2025","format":false,"excerpt":"Araign\u00e9e (Araneus didematus) Spinne am\u00e9liore les perceptions de notre milieu.","rel":"","context":"Article similaire","block_context":{"text":"Article similaire","link":""},"img":{"alt_text":"","src":"","width":0,"height":0},"classes":[]},{"id":2733,"url":"https:\/\/artstella-elixirs-floraux.com\/fr_fr\/produit\/emergency-urgence-bush-30ml\/","url_meta":{"origin":4271,"position":5},"title":"EMERGENCY \u00ab\u00a0Urgence\u00a0\u00bb BUSH 30ml","author":"eveapprill","date":"9 mars 2025","format":false,"excerpt":"Emergency -\u00a0Urgence Ce compos\u00e9 a une action calmante et rassurante.","rel":"","context":"Article similaire","block_context":{"text":"Article similaire","link":""},"img":{"alt_text":"","src":"https:\/\/i0.wp.com\/artstella-elixirs-floraux.com\/wp-content\/uploads\/2025\/03\/e2a8e2ab-de62-4b3d-ab75-01b6f4b749db.jpg?resize=350%2C200&ssl=1","width":350,"height":200,"srcset":"https:\/\/i0.wp.com\/artstella-elixirs-floraux.com\/wp-content\/uploads\/2025\/03\/e2a8e2ab-de62-4b3d-ab75-01b6f4b749db.jpg?resize=350%2C200&ssl=1 1x, https:\/\/i0.wp.com\/artstella-elixirs-floraux.com\/wp-content\/uploads\/2025\/03\/e2a8e2ab-de62-4b3d-ab75-01b6f4b749db.jpg?resize=525%2C300&ssl=1 1.5x, https:\/\/i0.wp.com\/artstella-elixirs-floraux.com\/wp-content\/uploads\/2025\/03\/e2a8e2ab-de62-4b3d-ab75-01b6f4b749db.jpg?resize=700%2C400&ssl=1 2x"},"classes":[]}],"_links":{"self":[{"href":"https:\/\/artstella-elixirs-floraux.com\/fr_fr\/wp-json\/wp\/v2\/product\/4271","targetHints":{"allow":["GET"]}}],"collection":[{"href":"https:\/\/artstella-elixirs-floraux.com\/fr_fr\/wp-json\/wp\/v2\/product"}],"about":[{"href":"https:\/\/artstella-elixirs-floraux.com\/fr_fr\/wp-json\/wp\/v2\/types\/product"}],"version-history":[{"count":0,"href":"https:\/\/artstella-elixirs-floraux.com\/fr_fr\/wp-json\/wp\/v2\/product\/4271\/revisions"}],"wp:featuredmedia":[{"embeddable":true,"href":"https:\/\/artstella-elixirs-floraux.com\/fr_fr\/wp-json\/wp\/v2\/media\/4272"}],"wp:attachment":[{"href":"https:\/\/artstella-elixirs-floraux.com\/fr_fr\/wp-json\/wp\/v2\/media?parent=4271"}],"wp:term":[{"taxonomy":"product_brand","embeddable":true,"href":"https:\/\/artstella-elixirs-floraux.com\/fr_fr\/wp-json\/wp\/v2\/product_brand?post=4271"},{"taxonomy":"product_cat","embeddable":true,"href":"https:\/\/artstella-elixirs-floraux.com\/fr_fr\/wp-json\/wp\/v2\/product_cat?post=4271"},{"taxonomy":"product_tag","embeddable":true,"href":"https:\/\/artstella-elixirs-floraux.com\/fr_fr\/wp-json\/wp\/v2\/product_tag?post=4271"}],"curies":[{"name":"wp","href":"https:\/\/api.w.org\/{rel}","templated":true}]}}