{"id":4285,"date":"2025-03-09T13:24:08","date_gmt":"2025-03-09T13:24:08","guid":{"rendered":"https:\/\/artstella-elixirs-floraux.com\/product\/wolf-loup-wea-30-ml\/"},"modified":"2025-05-05T12:41:25","modified_gmt":"2025-05-05T12:41:25","slug":"wolf-loup-wea-30-ml","status":"publish","type":"product","link":"https:\/\/artstella-elixirs-floraux.com\/fr_fr\/produit\/wolf-loup-wea-30-ml\/","title":{"rendered":"WOLF\/LOUP WEA 30 ML"},"content":{"rendered":"","protected":false},"excerpt":{"rendered":"<p><strong><em>Wolf (loup)<\/em><\/strong><\/p>\n<p>Aide \u00e0 d\u00e9finir les relations et \u00e0 fixer des limites saines avec autrui. Favorise la sociabilit\u00e9 et la communaut\u00e9. Pour conna\u00eetre et agir selon la v\u00e9rit\u00e9. D\u00e9veloppe l\u2019int\u00e9grit\u00e9 et le respect des engagements de la vie.<\/p>\n","protected":false},"featured_media":4286,"template":"","meta":[],"product_brand":[],"product_cat":[145],"product_tag":[],"class_list":{"0":"post-4285","1":"product","2":"type-product","3":"status-publish","4":"has-post-thumbnail","6":"product_cat-les-elixirs-d-animaux","8":"first","9":"instock","10":"taxable","11":"shipping-taxable","12":"purchasable","13":"product-type-simple"},"etheme_brands":{"errors":{"invalid_taxonomy":["Taxonomie non valide."]},"error_data":[]},"jetpack_sharing_enabled":true,"jetpack-related-posts":[{"id":5584,"url":"https:\/\/artstella-elixirs-floraux.com\/fr_fr\/produit\/wolf-dog-hybrid-hybride-loup-chien-30ml\/","url_meta":{"origin":4285,"position":0},"title":"Wolf-dog Hybrid (Hybride loup-chien) 30ML","author":"eveapprill","date":"9 mars 2025","format":false,"excerpt":"Wolf-dog Hybrid (Hybride loup-chien) \/ sauvagerie saine Pour rester connect\u00e9 avec la nature dans la vie moderne. Apporte un \u00e9quilibre entre le sauvage et l\u2019apprivois\u00e9 en nous. Pour rester en contact avec son c\u00f4t\u00e9 sauvage mais sain. Pour se sentir une appartenance sociale avec sa \u00ab meute \u00bb et le\u2026","rel":"","context":"Article similaire","block_context":{"text":"Article similaire","link":""},"img":{"alt_text":"","src":"https:\/\/i0.wp.com\/artstella-elixirs-floraux.com\/wp-content\/uploads\/2025\/03\/e5130010-8c56-43f9-acf4-6dee43f9f3c1.jpg?resize=350%2C200&ssl=1","width":350,"height":200,"srcset":"https:\/\/i0.wp.com\/artstella-elixirs-floraux.com\/wp-content\/uploads\/2025\/03\/e5130010-8c56-43f9-acf4-6dee43f9f3c1.jpg?resize=350%2C200&ssl=1 1x, https:\/\/i0.wp.com\/artstella-elixirs-floraux.com\/wp-content\/uploads\/2025\/03\/e5130010-8c56-43f9-acf4-6dee43f9f3c1.jpg?resize=525%2C300&ssl=1 1.5x, https:\/\/i0.wp.com\/artstella-elixirs-floraux.com\/wp-content\/uploads\/2025\/03\/e5130010-8c56-43f9-acf4-6dee43f9f3c1.jpg?resize=700%2C400&ssl=1 2x"},"classes":[]},{"id":3936,"url":"https:\/\/artstella-elixirs-floraux.com\/fr_fr\/produit\/loup-a-e-15-ml-phi\/","url_meta":{"origin":4285,"position":1},"title":"LOUP A.E 15 ML PHI","author":"eveapprill","date":"9 mars 2025","format":false,"excerpt":"Loup (Canis lupus) Wolf\u00a0 renforce les perceptions de nos sens et notre vigilance. Il renforce notre conscience du groupe et de sa dynamique.","rel":"","context":"Article similaire","block_context":{"text":"Article similaire","link":""},"img":{"alt_text":"","src":"","width":0,"height":0},"classes":[]},{"id":6321,"url":"https:\/\/artstella-elixirs-floraux.com\/fr_fr\/produit\/cinquieme-chakra-weae-30ml\/","url_meta":{"origin":4285,"position":2},"title":"CINQUIEME CHAKRA WEAE 30ML","author":"eveapprill","date":"9 mars 2025","format":false,"excerpt":"Fifth Chakra Essence fournit un soutien pour recevoir les dons du cinqui\u00e8me chakra, y compris: la communication, l\u2019expression de soi confiante, l\u2019expression cr\u00e9ative, dire la v\u00e9rit\u00e9. \u00a0 \u00a0","rel":"","context":"Article similaire","block_context":{"text":"Article similaire","link":""},"img":{"alt_text":"","src":"https:\/\/i0.wp.com\/artstella-elixirs-floraux.com\/wp-content\/uploads\/2025\/03\/61805dda-b41e-4abe-9b1e-b0483d6e4efb.jpg?resize=350%2C200&ssl=1","width":350,"height":200,"srcset":"https:\/\/i0.wp.com\/artstella-elixirs-floraux.com\/wp-content\/uploads\/2025\/03\/61805dda-b41e-4abe-9b1e-b0483d6e4efb.jpg?resize=350%2C200&ssl=1 1x, https:\/\/i0.wp.com\/artstella-elixirs-floraux.com\/wp-content\/uploads\/2025\/03\/61805dda-b41e-4abe-9b1e-b0483d6e4efb.jpg?resize=525%2C300&ssl=1 1.5x, https:\/\/i0.wp.com\/artstella-elixirs-floraux.com\/wp-content\/uploads\/2025\/03\/61805dda-b41e-4abe-9b1e-b0483d6e4efb.jpg?resize=700%2C400&ssl=1 2x"},"classes":[]},{"id":4403,"url":"https:\/\/artstella-elixirs-floraux.com\/fr_fr\/produit\/sharing-love-wea-30-ml\/","url_meta":{"origin":4285,"position":3},"title":"SHARING LOVE WEA 30 ML","author":"eveapprill","date":"9 mars 2025","format":false,"excerpt":"Sharing Love\u00a0(partager l'amour)\u00a0\u00a0 Profond soutien dans les relations avec les autres, et le partage de l\u2019amour dans tous les domaines de sa vie. Ce complexe comprend : ....","rel":"","context":"Article similaire","block_context":{"text":"Article similaire","link":""},"img":{"alt_text":"","src":"","width":0,"height":0},"classes":[]},{"id":4370,"url":"https:\/\/artstella-elixirs-floraux.com\/fr_fr\/produit\/wolf-pup-louveteau-wea-30-ml\/","url_meta":{"origin":4285,"position":4},"title":"WOLF PUP\/LOUVETEAU WEA 30 ML","author":"eveapprill","date":"9 mars 2025","format":false,"excerpt":"Wolf Pup (louveteau) Favorise un profond sentiment d\u2019appartenance, d\u2019int\u00e9gration, la conscience de notre importance et de notre place dans le monde","rel":"","context":"Article similaire","block_context":{"text":"Article similaire","link":""},"img":{"alt_text":"","src":"https:\/\/i0.wp.com\/artstella-elixirs-floraux.com\/wp-content\/uploads\/2025\/03\/wp-image2323.png?resize=350%2C200&ssl=1","width":350,"height":200,"srcset":"https:\/\/i0.wp.com\/artstella-elixirs-floraux.com\/wp-content\/uploads\/2025\/03\/wp-image2323.png?resize=350%2C200&ssl=1 1x, https:\/\/i0.wp.com\/artstella-elixirs-floraux.com\/wp-content\/uploads\/2025\/03\/wp-image2323.png?resize=525%2C300&ssl=1 1.5x"},"classes":[]},{"id":5700,"url":"https:\/\/artstella-elixirs-floraux.com\/fr_fr\/produit\/gueule-de-loup-15ml-deva\/","url_meta":{"origin":4285,"position":5},"title":"Gueule de Loup 15ml DEVA","author":"eveapprill","date":"9 mars 2025","format":false,"excerpt":"Gueule de Loup Expression de la parole vraie, l\u00e2cher-prise. Permet de se lib\u00e9rer des \u00e9motions r\u00e9prim\u00e9es et favorise le l\u00e2cher-prise \u00e0 travers l\u2019expression verbale.","rel":"","context":"Article similaire","block_context":{"text":"Article similaire","link":""},"img":{"alt_text":"","src":"https:\/\/i0.wp.com\/artstella-elixirs-floraux.com\/wp-content\/uploads\/2025\/03\/wp-image2407.png?resize=350%2C200&ssl=1","width":350,"height":200},"classes":[]}],"_links":{"self":[{"href":"https:\/\/artstella-elixirs-floraux.com\/fr_fr\/wp-json\/wp\/v2\/product\/4285","targetHints":{"allow":["GET"]}}],"collection":[{"href":"https:\/\/artstella-elixirs-floraux.com\/fr_fr\/wp-json\/wp\/v2\/product"}],"about":[{"href":"https:\/\/artstella-elixirs-floraux.com\/fr_fr\/wp-json\/wp\/v2\/types\/product"}],"version-history":[{"count":0,"href":"https:\/\/artstella-elixirs-floraux.com\/fr_fr\/wp-json\/wp\/v2\/product\/4285\/revisions"}],"wp:featuredmedia":[{"embeddable":true,"href":"https:\/\/artstella-elixirs-floraux.com\/fr_fr\/wp-json\/wp\/v2\/media\/4286"}],"wp:attachment":[{"href":"https:\/\/artstella-elixirs-floraux.com\/fr_fr\/wp-json\/wp\/v2\/media?parent=4285"}],"wp:term":[{"taxonomy":"product_brand","embeddable":true,"href":"https:\/\/artstella-elixirs-floraux.com\/fr_fr\/wp-json\/wp\/v2\/product_brand?post=4285"},{"taxonomy":"product_cat","embeddable":true,"href":"https:\/\/artstella-elixirs-floraux.com\/fr_fr\/wp-json\/wp\/v2\/product_cat?post=4285"},{"taxonomy":"product_tag","embeddable":true,"href":"https:\/\/artstella-elixirs-floraux.com\/fr_fr\/wp-json\/wp\/v2\/product_tag?post=4285"}],"curies":[{"name":"wp","href":"https:\/\/api.w.org\/{rel}","templated":true}]}}