{"id":4290,"date":"2025-03-09T13:24:12","date_gmt":"2025-03-09T13:24:12","guid":{"rendered":"https:\/\/artstella-elixirs-floraux.com\/product\/alligator-aligator-wea-30-ml\/"},"modified":"2025-05-05T12:55:44","modified_gmt":"2025-05-05T12:55:44","slug":"alligator-aligator-wea-30-ml","status":"publish","type":"product","link":"https:\/\/artstella-elixirs-floraux.com\/fr_fr\/produit\/alligator-aligator-wea-30-ml\/","title":{"rendered":"ALLIGATOR\/ALIGATOR WEA 30 ML"},"content":{"rendered":"","protected":false},"excerpt":{"rendered":"<p><strong><em>Alligator (alligator)<\/em><\/strong><\/p>\n<p>Patiente absolue\u00a0; choix du moment propice pour agir\u00a0; divinit\u00e9 de l\u2019attente\u00a0; sagesse du marais.<\/p>\n","protected":false},"featured_media":4291,"template":"","meta":[],"product_brand":[],"product_cat":[150],"product_tag":[],"class_list":{"0":"post-4290","1":"product","2":"type-product","3":"status-publish","4":"has-post-thumbnail","6":"product_cat-les-elixirs-d-animaux-complementaires","8":"first","9":"instock","10":"taxable","11":"shipping-taxable","12":"purchasable","13":"product-type-simple"},"etheme_brands":{"errors":{"invalid_taxonomy":["Taxonomie non valide."]},"error_data":[]},"jetpack_sharing_enabled":true,"jetpack-related-posts":[{"id":3904,"url":"https:\/\/artstella-elixirs-floraux.com\/fr_fr\/produit\/alligator-15-ml-phi\/","url_meta":{"origin":4290,"position":0},"title":"ALLIGATOR 15 ML PHI","author":"eveapprill","date":"27 mai 2025","format":false,"excerpt":"Alligator (Crocodylus Acutus) permet de transformer les vieux sch\u00e9mas pour nous en s\u00e9parer. Quand nous sentons que ces anciens sch\u00e9mas et traditions ne nous correspondent plus et handicapent notre d\u00e9veloppement.","rel":"","context":"Article similaire","block_context":{"text":"Article similaire","link":""},"img":{"alt_text":"","src":"https:\/\/i0.wp.com\/artstella-elixirs-floraux.com\/wp-content\/uploads\/2025\/03\/wp-image731.png?resize=350%2C200&ssl=1","width":350,"height":200},"classes":[]},{"id":5812,"url":"https:\/\/artstella-elixirs-floraux.com\/fr_fr\/produit\/alligator-crocodylus-acutus-15-ml-phi\/","url_meta":{"origin":4290,"position":1},"title":"Alligator (Crocodylus Acutus) 15 ml PHI","author":"eveapprill","date":"9 mars 2025","format":false,"excerpt":"Alligator (Crocodylus Acutus) Cet \u00e9lixir permet de transformer les vieux sch\u00e9mas pour nous en s\u00e9parer. Quand nous sentons que ces anciens sch\u00e9mas et traditions ne nous correspondent plus et handicapent notre d\u00e9veloppement... Pour les personnes grin\u00e7ant des dents.","rel":"","context":"Article similaire","block_context":{"text":"Article similaire","link":""},"img":{"alt_text":"","src":"","width":0,"height":0},"classes":[]},{"id":1919,"url":"https:\/\/artstella-elixirs-floraux.com\/fr_fr\/produit\/alligator-a-a-phi-30-ml\/","url_meta":{"origin":4290,"position":2},"title":"ALLIGATOR A.A PHI 30 ML","author":"eveapprill","date":"23 avril 2025","format":false,"excerpt":"","rel":"","context":"Article similaire","block_context":{"text":"Article similaire","link":""},"img":{"alt_text":"","src":"","width":0,"height":0},"classes":[]},{"id":5532,"url":"https:\/\/artstella-elixirs-floraux.com\/fr_fr\/produit\/coffret-10-animaux-n2-phi-15ml\/","url_meta":{"origin":4290,"position":3},"title":"COFFRET 10 ANIMAUX N\u00b02 PHI 15ML","author":"eveapprill","date":"9 mars 2025","format":false,"excerpt":"Coffret n\u00b0 2 10 \u00e9lixirs d'animaux Contient : Alligator, Lamantin, Anaconda, Fourmi, Abeille, Chameau, Flamant rouge, Gibbon, Girafe, Gorille.","rel":"","context":"Article similaire","block_context":{"text":"Article similaire","link":""},"img":{"alt_text":"","src":"https:\/\/i0.wp.com\/artstella-elixirs-floraux.com\/wp-content\/uploads\/2025\/03\/wp-image1761.png?resize=350%2C200&ssl=1","width":350,"height":200},"classes":[]}],"_links":{"self":[{"href":"https:\/\/artstella-elixirs-floraux.com\/fr_fr\/wp-json\/wp\/v2\/product\/4290","targetHints":{"allow":["GET"]}}],"collection":[{"href":"https:\/\/artstella-elixirs-floraux.com\/fr_fr\/wp-json\/wp\/v2\/product"}],"about":[{"href":"https:\/\/artstella-elixirs-floraux.com\/fr_fr\/wp-json\/wp\/v2\/types\/product"}],"version-history":[{"count":0,"href":"https:\/\/artstella-elixirs-floraux.com\/fr_fr\/wp-json\/wp\/v2\/product\/4290\/revisions"}],"wp:featuredmedia":[{"embeddable":true,"href":"https:\/\/artstella-elixirs-floraux.com\/fr_fr\/wp-json\/wp\/v2\/media\/4291"}],"wp:attachment":[{"href":"https:\/\/artstella-elixirs-floraux.com\/fr_fr\/wp-json\/wp\/v2\/media?parent=4290"}],"wp:term":[{"taxonomy":"product_brand","embeddable":true,"href":"https:\/\/artstella-elixirs-floraux.com\/fr_fr\/wp-json\/wp\/v2\/product_brand?post=4290"},{"taxonomy":"product_cat","embeddable":true,"href":"https:\/\/artstella-elixirs-floraux.com\/fr_fr\/wp-json\/wp\/v2\/product_cat?post=4290"},{"taxonomy":"product_tag","embeddable":true,"href":"https:\/\/artstella-elixirs-floraux.com\/fr_fr\/wp-json\/wp\/v2\/product_tag?post=4290"}],"curies":[{"name":"wp","href":"https:\/\/api.w.org\/{rel}","templated":true}]}}